{"id":185,"date":"2021-05-04T08:04:46","date_gmt":"2021-05-04T08:04:46","guid":{"rendered":"https:\/\/svenskanu.fi\/laromaterial\/aland\/?page_id=185"},"modified":"2021-09-28T07:20:13","modified_gmt":"2021-09-28T07:20:13","slug":"mitt-aland","status":"publish","type":"page","link":"https:\/\/svenskanu.fi\/laromaterial\/aland\/mitt-aland\/","title":{"rendered":"MITT \u00c5LAND"},"content":{"rendered":"\t\t<div data-elementor-type=\"wp-page\" data-elementor-id=\"185\" class=\"elementor elementor-185\" data-elementor-post-type=\"page\">\n\t\t\t\t\t\t<section class=\"elementor-section elementor-top-section elementor-element elementor-element-89811ee elementor-section-boxed elementor-section-height-default elementor-section-height-default parallax_section_no qode_elementor_container_no\" data-id=\"89811ee\" data-element_type=\"section\" data-e-type=\"section\">\n\t\t\t\t\t\t<div class=\"elementor-container elementor-column-gap-default\">\n\t\t\t\t\t<div class=\"elementor-column elementor-col-16 elementor-top-column elementor-element elementor-element-4930746\" data-id=\"4930746\" data-element_type=\"column\" data-e-type=\"column\">\n\t\t\t<div class=\"elementor-widget-wrap\">\n\t\t\t\t\t\t\t<\/div>\n\t\t<\/div>\n\t\t\t\t<div class=\"elementor-column elementor-col-66 elementor-top-column elementor-element elementor-element-0d0ee79\" data-id=\"0d0ee79\" data-element_type=\"column\" data-e-type=\"column\">\n\t\t\t<div class=\"elementor-widget-wrap elementor-element-populated\">\n\t\t\t\t\t\t<div class=\"elementor-element elementor-element-f54b4b1 elementor-widget elementor-widget-video\" data-id=\"f54b4b1\" data-element_type=\"widget\" data-e-type=\"widget\" data-settings=\"{&quot;youtube_url&quot;:&quot;https:\\\/\\\/youtu.be\\\/iFoQtapT8ns&quot;,&quot;video_type&quot;:&quot;youtube&quot;,&quot;controls&quot;:&quot;yes&quot;}\" data-widget_type=\"video.default\">\n\t\t\t\t<div class=\"elementor-widget-container\">\n\t\t\t\t\t\t\t<div class=\"elementor-wrapper elementor-open-inline\">\n\t\t\t<div class=\"elementor-video\"><\/div>\t\t<\/div>\n\t\t\t\t\t\t<\/div>\n\t\t\t\t<\/div>\n\t\t\t\t<div class=\"elementor-element elementor-element-b15dad1 elementor-widget elementor-widget-spacer\" data-id=\"b15dad1\" data-element_type=\"widget\" data-e-type=\"widget\" data-widget_type=\"spacer.default\">\n\t\t\t\t<div class=\"elementor-widget-container\">\n\t\t\t\t\t\t\t<div class=\"elementor-spacer\">\n\t\t\t<div class=\"elementor-spacer-inner\"><\/div>\n\t\t<\/div>\n\t\t\t\t\t\t<\/div>\n\t\t\t\t<\/div>\n\t\t\t\t\t<\/div>\n\t\t<\/div>\n\t\t\t\t<div class=\"elementor-column elementor-col-16 elementor-top-column elementor-element elementor-element-3ba40af\" data-id=\"3ba40af\" data-element_type=\"column\" data-e-type=\"column\">\n\t\t\t<div class=\"elementor-widget-wrap\">\n\t\t\t\t\t\t\t<\/div>\n\t\t<\/div>\n\t\t\t\t\t<\/div>\n\t\t<\/section>\n\t\t\t\t<section class=\"elementor-section elementor-top-section elementor-element elementor-element-9045e40 elementor-section-boxed elementor-section-height-default elementor-section-height-default parallax_section_no qode_elementor_container_no\" data-id=\"9045e40\" data-element_type=\"section\" data-e-type=\"section\" data-settings=\"{&quot;background_background&quot;:&quot;classic&quot;}\">\n\t\t\t\t\t\t<div class=\"elementor-container elementor-column-gap-default\">\n\t\t\t\t\t<div class=\"elementor-column elementor-col-100 elementor-top-column elementor-element elementor-element-cfbcfa0\" data-id=\"cfbcfa0\" data-element_type=\"column\" data-e-type=\"column\">\n\t\t\t<div class=\"elementor-widget-wrap elementor-element-populated\">\n\t\t\t\t\t\t<div class=\"elementor-element elementor-element-e0e5756 elementor-widget elementor-widget-heading\" data-id=\"e0e5756\" data-element_type=\"widget\" data-e-type=\"widget\" data-widget_type=\"heading.default\">\n\t\t\t\t<div class=\"elementor-widget-container\">\n\t\t\t\t\t<h1 class=\"elementor-heading-title elementor-size-xxl\">MITT \u00c5LAND<\/h1>\t\t\t\t<\/div>\n\t\t\t\t<\/div>\n\t\t\t\t<div class=\"elementor-element elementor-element-ae8d7cf elementor-widget-divider--view-line elementor-widget elementor-widget-divider\" data-id=\"ae8d7cf\" data-element_type=\"widget\" data-e-type=\"widget\" data-widget_type=\"divider.default\">\n\t\t\t\t<div class=\"elementor-widget-container\">\n\t\t\t\t\t\t\t<div class=\"elementor-divider\">\n\t\t\t<span class=\"elementor-divider-separator\">\n\t\t\t\t\t\t<\/span>\n\t\t<\/div>\n\t\t\t\t\t\t<\/div>\n\t\t\t\t<\/div>\n\t\t\t\t<div class=\"elementor-element elementor-element-9f0b89a elementor-widget elementor-widget-text-editor\" data-id=\"9f0b89a\" data-element_type=\"widget\" data-e-type=\"widget\" data-widget_type=\"text-editor.default\">\n\t\t\t\t<div class=\"elementor-widget-container\">\n\t\t\t\t\t\t\t\t\t<ul><li>Se videon d\u00e4r n\u00e5gra \u00e5l\u00e4nningar ber\u00e4ttar om sig sj\u00e4lv och om \u00c5land.<br \/>Texten till videon finns ocks\u00e5 tillg\u00e4nglig som <a href=\"https:\/\/svenskanu.fi\/laromaterial\/aland\/wp-content\/uploads\/2021\/09\/Mitt-Aland_texten.pdf\">pdf<\/a>.<\/li><li>Ber\u00e4tta sedan om dig sj\u00e4lv med hj\u00e4lp av fr\u00e5gorna nedan.<\/li><li>Fr\u00e5gorna kan ocks\u00e5 skrivas ut och besvaras skriftligt (<a href=\"https:\/\/svenskanu.fi\/laromaterial\/aland\/wp-content\/uploads\/2021\/08\/Mitt_Aland.pdf\" target=\"_blank\" rel=\"noopener\">tryck h\u00e4r<\/a>).<\/li><\/ul>\t\t\t\t\t\t\t\t<\/div>\n\t\t\t\t<\/div>\n\t\t\t\t\t<\/div>\n\t\t<\/div>\n\t\t\t\t\t<\/div>\n\t\t<\/section>\n\t\t\t\t<section class=\"elementor-section elementor-top-section elementor-element elementor-element-f88ccf8 elementor-section-boxed elementor-section-height-default elementor-section-height-default parallax_section_no qode_elementor_container_no\" data-id=\"f88ccf8\" data-element_type=\"section\" data-e-type=\"section\">\n\t\t\t\t\t\t<div class=\"elementor-container elementor-column-gap-default\">\n\t\t\t\t\t<div class=\"elementor-column elementor-col-33 elementor-top-column elementor-element elementor-element-ac2d45a\" data-id=\"ac2d45a\" data-element_type=\"column\" data-e-type=\"column\">\n\t\t\t<div class=\"elementor-widget-wrap elementor-element-populated\">\n\t\t\t\t\t\t<div class=\"elementor-element elementor-element-b5db569 elementor-widget elementor-widget-image\" data-id=\"b5db569\" data-element_type=\"widget\" data-e-type=\"widget\" data-widget_type=\"image.default\">\n\t\t\t\t<div class=\"elementor-widget-container\">\n\t\t\t\t\t\t\t\t\t\t\t\t\t\t\t<img decoding=\"async\" src=\"https:\/\/svenskanu.fi\/laromaterial\/aland\/wp-content\/uploads\/elementor\/thumbs\/Jag_ar-p8b78iy9vazl3fvvijcxuzspkjyx49tq9vlz6vlhgw.png\" title=\"Jag_\u00e4r\" alt=\"Jag_\u00e4r\" loading=\"lazy\" \/>\t\t\t\t\t\t\t\t\t\t\t\t\t\t\t<\/div>\n\t\t\t\t<\/div>\n\t\t\t\t<div class=\"elementor-element elementor-element-deb2f48 elementor-widget elementor-widget-heading\" data-id=\"deb2f48\" data-element_type=\"widget\" data-e-type=\"widget\" data-widget_type=\"heading.default\">\n\t\t\t\t<div class=\"elementor-widget-container\">\n\t\t\t\t\t<h2 class=\"elementor-heading-title elementor-size-default\">Jag \u00e4r...<\/h2>\t\t\t\t<\/div>\n\t\t\t\t<\/div>\n\t\t\t\t<div class=\"elementor-element elementor-element-5d29e4d elementor-widget elementor-widget-text-editor\" data-id=\"5d29e4d\" data-element_type=\"widget\" data-e-type=\"widget\" data-widget_type=\"text-editor.default\">\n\t\t\t\t<div class=\"elementor-widget-container\">\n\t\t\t\t\t\t\t\t\t<p>Ber\u00e4tta vem du \u00e4r.<\/p><p>Du kan till exempel ber\u00e4tta vad du heter och hur gammal du \u00e4r.<\/p>\t\t\t\t\t\t\t\t<\/div>\n\t\t\t\t<\/div>\n\t\t\t\t\t<\/div>\n\t\t<\/div>\n\t\t\t\t<div class=\"elementor-column elementor-col-33 elementor-top-column elementor-element elementor-element-99f2294\" data-id=\"99f2294\" data-element_type=\"column\" data-e-type=\"column\">\n\t\t\t<div class=\"elementor-widget-wrap elementor-element-populated\">\n\t\t\t\t\t\t<div class=\"elementor-element elementor-element-79c0c85 elementor-widget elementor-widget-image\" data-id=\"79c0c85\" data-element_type=\"widget\" data-e-type=\"widget\" data-widget_type=\"image.default\">\n\t\t\t\t<div class=\"elementor-widget-container\">\n\t\t\t\t\t\t\t\t\t\t\t\t\t\t\t<img decoding=\"async\" src=\"https:\/\/svenskanu.fi\/laromaterial\/aland\/wp-content\/uploads\/elementor\/thumbs\/Jag_har_bott_i-p8b798bwztybswv0ecbv8be5lyhtw3mhdd835cjusw.png\" title=\"Jag_har_bott_i\" alt=\"Jag_har_bott_i\" loading=\"lazy\" \/>\t\t\t\t\t\t\t\t\t\t\t\t\t\t\t<\/div>\n\t\t\t\t<\/div>\n\t\t\t\t<div class=\"elementor-element elementor-element-b9b4113 elementor-widget elementor-widget-heading\" data-id=\"b9b4113\" data-element_type=\"widget\" data-e-type=\"widget\" data-widget_type=\"heading.default\">\n\t\t\t\t<div class=\"elementor-widget-container\">\n\t\t\t\t\t<h2 class=\"elementor-heading-title elementor-size-default\">Jag har bott i...<\/h2>\t\t\t\t<\/div>\n\t\t\t\t<\/div>\n\t\t\t\t<div class=\"elementor-element elementor-element-1fa5763 elementor-widget elementor-widget-text-editor\" data-id=\"1fa5763\" data-element_type=\"widget\" data-e-type=\"widget\" data-widget_type=\"text-editor.default\">\n\t\t\t\t<div class=\"elementor-widget-container\">\n\t\t\t\t\t\t\t\t\t<p>Ber\u00e4tta var du har bott under din livstid. Har du alltid bott p\u00e5 samma ort eller i samma land?<\/p>\t\t\t\t\t\t\t\t<\/div>\n\t\t\t\t<\/div>\n\t\t\t\t\t<\/div>\n\t\t<\/div>\n\t\t\t\t<div class=\"elementor-column elementor-col-33 elementor-top-column elementor-element elementor-element-436e174\" data-id=\"436e174\" data-element_type=\"column\" data-e-type=\"column\">\n\t\t\t<div class=\"elementor-widget-wrap elementor-element-populated\">\n\t\t\t\t\t\t<div class=\"elementor-element elementor-element-3d6468c elementor-widget elementor-widget-image\" data-id=\"3d6468c\" data-element_type=\"widget\" data-e-type=\"widget\" data-widget_type=\"image.default\">\n\t\t\t\t<div class=\"elementor-widget-container\">\n\t\t\t\t\t\t\t\t\t\t\t\t\t\t\t<img decoding=\"async\" src=\"https:\/\/svenskanu.fi\/laromaterial\/aland\/wp-content\/uploads\/elementor\/thumbs\/Mina_sprak-p8b79q6ulomrxi52i21s1ovwwa1sycldrtmb9ltdio.png\" title=\"Mina_spr\u00e5k\" alt=\"Mina_spr\u00e5k\" loading=\"lazy\" \/>\t\t\t\t\t\t\t\t\t\t\t\t\t\t\t<\/div>\n\t\t\t\t<\/div>\n\t\t\t\t<div class=\"elementor-element elementor-element-3f364a5 elementor-widget elementor-widget-heading\" data-id=\"3f364a5\" data-element_type=\"widget\" data-e-type=\"widget\" data-widget_type=\"heading.default\">\n\t\t\t\t<div class=\"elementor-widget-container\">\n\t\t\t\t\t<h2 class=\"elementor-heading-title elementor-size-default\">Mina spr\u00e5k \u00e4r...<\/h2>\t\t\t\t<\/div>\n\t\t\t\t<\/div>\n\t\t\t\t<div class=\"elementor-element elementor-element-dbb3f56 elementor-widget elementor-widget-text-editor\" data-id=\"dbb3f56\" data-element_type=\"widget\" data-e-type=\"widget\" data-widget_type=\"text-editor.default\">\n\t\t\t\t<div class=\"elementor-widget-container\">\n\t\t\t\t\t\t\t\t\t<p>Ber\u00e4tta vilka spr\u00e5k du talar. Har du ett eller flera modersm\u00e5l? Vilka spr\u00e5k har du l\u00e4rt dig i skolan? Kan du n\u00e5gra andra spr\u00e5k? Med vem talar du de olika spr\u00e5ken?<\/p>\t\t\t\t\t\t\t\t<\/div>\n\t\t\t\t<\/div>\n\t\t\t\t\t<\/div>\n\t\t<\/div>\n\t\t\t\t\t<\/div>\n\t\t<\/section>\n\t\t\t\t<section class=\"elementor-section elementor-top-section elementor-element elementor-element-d358d7b elementor-section-boxed elementor-section-height-default elementor-section-height-default parallax_section_no qode_elementor_container_no\" data-id=\"d358d7b\" data-element_type=\"section\" data-e-type=\"section\">\n\t\t\t\t\t\t<div class=\"elementor-container elementor-column-gap-default\">\n\t\t\t\t\t<div class=\"elementor-column elementor-col-33 elementor-top-column elementor-element elementor-element-ff376f3\" data-id=\"ff376f3\" data-element_type=\"column\" data-e-type=\"column\">\n\t\t\t<div class=\"elementor-widget-wrap elementor-element-populated\">\n\t\t\t\t\t\t<div class=\"elementor-element elementor-element-9e1aba0 elementor-widget elementor-widget-image\" data-id=\"9e1aba0\" data-element_type=\"widget\" data-e-type=\"widget\" data-widget_type=\"image.default\">\n\t\t\t\t<div class=\"elementor-widget-container\">\n\t\t\t\t\t\t\t\t\t\t\t\t\t\t\t<img decoding=\"async\" src=\"https:\/\/svenskanu.fi\/laromaterial\/aland\/wp-content\/uploads\/elementor\/thumbs\/Jag_har_familj_slakt-p8b7a3cl9d4sg1lyd7qk0lkd7o8xy41mhmr3zh9v3k.png\" title=\"Jag_har_familj_sl\u00e4kt\" alt=\"Jag_har_familj_sl\u00e4kt\" loading=\"lazy\" \/>\t\t\t\t\t\t\t\t\t\t\t\t\t\t\t<\/div>\n\t\t\t\t<\/div>\n\t\t\t\t<div class=\"elementor-element elementor-element-5584529 elementor-widget elementor-widget-heading\" data-id=\"5584529\" data-element_type=\"widget\" data-e-type=\"widget\" data-widget_type=\"heading.default\">\n\t\t\t\t<div class=\"elementor-widget-container\">\n\t\t\t\t\t<h2 class=\"elementor-heading-title elementor-size-default\">Jag har familj\/sl\u00e4kt i<\/h2>\t\t\t\t<\/div>\n\t\t\t\t<\/div>\n\t\t\t\t<div class=\"elementor-element elementor-element-59a563d elementor-widget elementor-widget-text-editor\" data-id=\"59a563d\" data-element_type=\"widget\" data-e-type=\"widget\" data-widget_type=\"text-editor.default\">\n\t\t\t\t<div class=\"elementor-widget-container\">\n\t\t\t\t\t\t\t\t\t<p>Ber\u00e4tta om dina familjmedlemmar och sl\u00e4ktingar. Har du sl\u00e4kt p\u00e5 andra orter i Finland eller utomlands?<\/p>\t\t\t\t\t\t\t\t<\/div>\n\t\t\t\t<\/div>\n\t\t\t\t\t<\/div>\n\t\t<\/div>\n\t\t\t\t<div class=\"elementor-column elementor-col-33 elementor-top-column elementor-element elementor-element-20b0d05\" data-id=\"20b0d05\" data-element_type=\"column\" data-e-type=\"column\">\n\t\t\t<div class=\"elementor-widget-wrap elementor-element-populated\">\n\t\t\t\t\t\t<div class=\"elementor-element elementor-element-40563ba elementor-widget elementor-widget-image\" data-id=\"40563ba\" data-element_type=\"widget\" data-e-type=\"widget\" data-widget_type=\"image.default\">\n\t\t\t\t<div class=\"elementor-widget-container\">\n\t\t\t\t\t\t\t\t\t\t\t\t\t\t\t<img decoding=\"async\" src=\"https:\/\/svenskanu.fi\/laromaterial\/aland\/wp-content\/uploads\/elementor\/thumbs\/Min_hemort-p8b7ahg63vo3a71h2vtyk00a4gbg5klljkje6moyi8.png\" title=\"Min_hemort\" alt=\"Min_hemort\" loading=\"lazy\" \/>\t\t\t\t\t\t\t\t\t\t\t\t\t\t\t<\/div>\n\t\t\t\t<\/div>\n\t\t\t\t<div class=\"elementor-element elementor-element-234f880 elementor-widget elementor-widget-heading\" data-id=\"234f880\" data-element_type=\"widget\" data-e-type=\"widget\" data-widget_type=\"heading.default\">\n\t\t\t\t<div class=\"elementor-widget-container\">\n\t\t\t\t\t<h2 class=\"elementor-heading-title elementor-size-default\">Min hemort med tre ord<\/h2>\t\t\t\t<\/div>\n\t\t\t\t<\/div>\n\t\t\t\t<div class=\"elementor-element elementor-element-f9743bb elementor-widget elementor-widget-text-editor\" data-id=\"f9743bb\" data-element_type=\"widget\" data-e-type=\"widget\" data-widget_type=\"text-editor.default\">\n\t\t\t\t<div class=\"elementor-widget-container\">\n\t\t\t\t\t\t\t\t\t<p>Vilka tre ord beskriver din hemort b\u00e4st?<\/p>\t\t\t\t\t\t\t\t<\/div>\n\t\t\t\t<\/div>\n\t\t\t\t\t<\/div>\n\t\t<\/div>\n\t\t\t\t<div class=\"elementor-column elementor-col-33 elementor-top-column elementor-element elementor-element-272417f\" data-id=\"272417f\" data-element_type=\"column\" data-e-type=\"column\">\n\t\t\t<div class=\"elementor-widget-wrap elementor-element-populated\">\n\t\t\t\t\t\t<div class=\"elementor-element elementor-element-b1e117c elementor-widget elementor-widget-image\" data-id=\"b1e117c\" data-element_type=\"widget\" data-e-type=\"widget\" data-widget_type=\"image.default\">\n\t\t\t\t<div class=\"elementor-widget-container\">\n\t\t\t\t\t\t\t\t\t\t\t\t\t\t\t<img decoding=\"async\" src=\"https:\/\/svenskanu.fi\/laromaterial\/aland\/wp-content\/uploads\/elementor\/thumbs\/Mitt_smultronstalle-p8b7awhl588ofyfmn2bznw7nmm9bkq9axmz5v22nqo.png\" title=\"Mitt_smultronst\u00e4lle\" alt=\"Mitt_smultronst\u00e4lle\" loading=\"lazy\" \/>\t\t\t\t\t\t\t\t\t\t\t\t\t\t\t<\/div>\n\t\t\t\t<\/div>\n\t\t\t\t<div class=\"elementor-element elementor-element-e83419d elementor-widget elementor-widget-heading\" data-id=\"e83419d\" data-element_type=\"widget\" data-e-type=\"widget\" data-widget_type=\"heading.default\">\n\t\t\t\t<div class=\"elementor-widget-container\">\n\t\t\t\t\t<h2 class=\"elementor-heading-title elementor-size-default\">Mitt smultronst\u00e4lle<\/h2>\t\t\t\t<\/div>\n\t\t\t\t<\/div>\n\t\t\t\t<div class=\"elementor-element elementor-element-5967092 elementor-widget elementor-widget-text-editor\" data-id=\"5967092\" data-element_type=\"widget\" data-e-type=\"widget\" data-widget_type=\"text-editor.default\">\n\t\t\t\t<div class=\"elementor-widget-container\">\n\t\t\t\t\t\t\t\t\t<p>Vilken \u00e4r din favoritplats p\u00e5 din hemort? Eller finns ditt smultronst\u00e4lle n\u00e5gon annanstans?<\/p>\t\t\t\t\t\t\t\t<\/div>\n\t\t\t\t<\/div>\n\t\t\t\t\t<\/div>\n\t\t<\/div>\n\t\t\t\t\t<\/div>\n\t\t<\/section>\n\t\t\t\t<\/div>\n\t\t","protected":false},"excerpt":{"rendered":"<p>MITT \u00c5LAND Se videon d\u00e4r n\u00e5gra \u00e5l\u00e4nningar ber\u00e4ttar om sig sj\u00e4lv och om \u00c5land.Texten till videon finns ocks\u00e5 tillg\u00e4nglig som pdf. Ber\u00e4tta sedan om dig sj\u00e4lv med hj\u00e4lp av fr\u00e5gorna nedan. Fr\u00e5gorna kan ocks\u00e5 skrivas ut och besvaras skriftligt (tryck h\u00e4r). Jag \u00e4r&#8230; Ber\u00e4tta vem&#8230;<\/p>\n","protected":false},"author":1,"featured_media":0,"parent":0,"menu_order":0,"comment_status":"closed","ping_status":"closed","template":"elementor_header_footer","meta":{"footnotes":""},"class_list":["post-185","page","type-page","status-publish","hentry"],"_links":{"self":[{"href":"https:\/\/svenskanu.fi\/laromaterial\/aland\/wp-json\/wp\/v2\/pages\/185","targetHints":{"allow":["GET"]}}],"collection":[{"href":"https:\/\/svenskanu.fi\/laromaterial\/aland\/wp-json\/wp\/v2\/pages"}],"about":[{"href":"https:\/\/svenskanu.fi\/laromaterial\/aland\/wp-json\/wp\/v2\/types\/page"}],"author":[{"embeddable":true,"href":"https:\/\/svenskanu.fi\/laromaterial\/aland\/wp-json\/wp\/v2\/users\/1"}],"replies":[{"embeddable":true,"href":"https:\/\/svenskanu.fi\/laromaterial\/aland\/wp-json\/wp\/v2\/comments?post=185"}],"version-history":[{"count":15,"href":"https:\/\/svenskanu.fi\/laromaterial\/aland\/wp-json\/wp\/v2\/pages\/185\/revisions"}],"predecessor-version":[{"id":2834,"href":"https:\/\/svenskanu.fi\/laromaterial\/aland\/wp-json\/wp\/v2\/pages\/185\/revisions\/2834"}],"wp:attachment":[{"href":"https:\/\/svenskanu.fi\/laromaterial\/aland\/wp-json\/wp\/v2\/media?parent=185"}],"curies":[{"name":"wp","href":"https:\/\/api.w.org\/{rel}","templated":true}]}}