{"id":1897,"date":"2021-06-07T11:20:14","date_gmt":"2021-06-07T11:20:14","guid":{"rendered":"https:\/\/svenskanu.fi\/laromaterial\/aland\/?page_id=1897"},"modified":"2021-11-23T07:00:50","modified_gmt":"2021-11-23T07:00:50","slug":"om-materialet","status":"publish","type":"page","link":"https:\/\/svenskanu.fi\/laromaterial\/aland\/om-materialet\/","title":{"rendered":"OM MATERIALET"},"content":{"rendered":"\t\t<div data-elementor-type=\"wp-page\" data-elementor-id=\"1897\" class=\"elementor elementor-1897\" data-elementor-post-type=\"page\">\n\t\t\t\t\t\t<section class=\"elementor-section elementor-top-section elementor-element elementor-element-c4602ca elementor-section-boxed elementor-section-height-default elementor-section-height-default parallax_section_no qode_elementor_container_no\" data-id=\"c4602ca\" data-element_type=\"section\" data-e-type=\"section\">\n\t\t\t\t\t\t<div class=\"elementor-container elementor-column-gap-default\">\n\t\t\t\t\t<div class=\"elementor-column elementor-col-100 elementor-top-column elementor-element elementor-element-8640707\" data-id=\"8640707\" data-element_type=\"column\" data-e-type=\"column\">\n\t\t\t<div class=\"elementor-widget-wrap elementor-element-populated\">\n\t\t\t\t\t\t<div class=\"elementor-element elementor-element-52cf442 elementor-widget elementor-widget-heading\" data-id=\"52cf442\" data-element_type=\"widget\" data-e-type=\"widget\" data-widget_type=\"heading.default\">\n\t\t\t\t<div class=\"elementor-widget-container\">\n\t\t\t\t\t<h2 class=\"elementor-heading-title elementor-size-default\">Om materialet<\/h2>\t\t\t\t<\/div>\n\t\t\t\t<\/div>\n\t\t\t\t\t<\/div>\n\t\t<\/div>\n\t\t\t\t\t<\/div>\n\t\t<\/section>\n\t\t\t\t<section class=\"elementor-section elementor-top-section elementor-element elementor-element-511231b elementor-section-boxed elementor-section-height-default elementor-section-height-default parallax_section_no qode_elementor_container_no\" data-id=\"511231b\" data-element_type=\"section\" data-e-type=\"section\">\n\t\t\t\t\t\t<div class=\"elementor-container elementor-column-gap-default\">\n\t\t\t\t\t<div class=\"elementor-column elementor-col-100 elementor-top-column elementor-element elementor-element-0fb3cb8\" data-id=\"0fb3cb8\" data-element_type=\"column\" data-e-type=\"column\">\n\t\t\t<div class=\"elementor-widget-wrap elementor-element-populated\">\n\t\t\t\t\t\t<div class=\"elementor-element elementor-element-d32df84 elementor-widget elementor-widget-text-editor\" data-id=\"d32df84\" data-element_type=\"widget\" data-e-type=\"widget\" data-widget_type=\"text-editor.default\">\n\t\t\t\t<div class=\"elementor-widget-container\">\n\t\t\t\t\t\t\t\t\t<p>\u00c5land, som ligger i \u00d6stersj\u00f6n mellan Sverige och Finland, \u00e4r en sj\u00e4lvstyrande del av republiken Finland. Sj\u00e4lvstyrelsen fyller 100 \u00e5r den 9 juni 2022. <\/p>\t\t\t\t\t\t\t\t<\/div>\n\t\t\t\t<\/div>\n\t\t\t\t<div class=\"elementor-element elementor-element-82792ac elementor-widget elementor-widget-text-editor\" data-id=\"82792ac\" data-element_type=\"widget\" data-e-type=\"widget\" data-widget_type=\"text-editor.default\">\n\t\t\t\t<div class=\"elementor-widget-container\">\n\t\t\t\t\t\t\t\t\t<p><span style=\"text-decoration: underline;\"><span style=\"color: #02a4ea; text-decoration: underline;\"><a style=\"color: #02a4ea; text-decoration: underline;\" href=\"https:\/\/svenskanu.fi\/natverket-svenska-nu\/\" target=\"_blank\" rel=\"noopener\">Svenska nu<\/a> <\/span><\/span>har producerat materialet <em>\u00c5land i sikte<\/em> f\u00f6r att uppm\u00e4rksamma 100 \u00e5r av \u00e5l\u00e4ndsk sj\u00e4lvstyre. Materialet belyser det \u00e5l\u00e4ndska samh\u00e4llet ur olika perspektiv i syfte att \u00f6ka elevernas kunskaper om \u00c5land och ge elever m\u00f6jlighet att utveckla och anv\u00e4nda sig av sina spr\u00e5kkunskaper.<\/p>\t\t\t\t\t\t\t\t<\/div>\n\t\t\t\t<\/div>\n\t\t\t\t<div class=\"elementor-element elementor-element-8667ce8 elementor-widget elementor-widget-spacer\" data-id=\"8667ce8\" data-element_type=\"widget\" data-e-type=\"widget\" data-widget_type=\"spacer.default\">\n\t\t\t\t<div class=\"elementor-widget-container\">\n\t\t\t\t\t\t\t<div class=\"elementor-spacer\">\n\t\t\t<div class=\"elementor-spacer-inner\"><\/div>\n\t\t<\/div>\n\t\t\t\t\t\t<\/div>\n\t\t\t\t<\/div>\n\t\t\t\t<div class=\"elementor-element elementor-element-18f7c48 elementor-widget elementor-widget-text-editor\" data-id=\"18f7c48\" data-element_type=\"widget\" data-e-type=\"widget\" data-widget_type=\"text-editor.default\">\n\t\t\t\t<div class=\"elementor-widget-container\">\n\t\t\t\t\t\t\t\t\t<p>Materialet best\u00e5r av sex olika delar:<\/p><ol><li><strong>Mitt \u00c5land<\/strong>: elever bekantar sig med \u00c5land genom \u00e5l\u00e4nningarnas \u00f6gon. De \u00f6var sig p\u00e5 att ber\u00e4tta om sig sj\u00e4lv och sin n\u00e4rmilj\u00f6.<\/li><li><strong>N\u00e4ringsliv<\/strong>: elever l\u00e4r sig om n\u00e4ringslivet och arbetsmarknaden p\u00e5 \u00c5land. De \u00f6var sig p\u00e5 att reflektera \u00f6ver sina arbetslivsf\u00e4rdigheter och att formulera arbetsans\u00f6kan och CV.<\/li><li><strong>Natur<\/strong>: utomhuspedagogiska \u00f6vningar som \u00e4r kombinerar svenskundervisning och \u00c5landskunskap. \u00d6vningarna g\u00f6r svenskan konkret och rolig f\u00f6r eleverna, samt inspirerar l\u00e4rare att anv\u00e4nda n\u00e4rmilj\u00f6n i spr\u00e5kundervisningen.<\/li><li><strong>Turism<\/strong>: elever bekantar sig med k\u00e4nda bes\u00f6ksm\u00e5l p\u00e5 \u00c5land. De \u00f6var sig p\u00e5 att skriva korta texter om sitt sommarlov eller semesterresa.<\/li><li><strong>Historia<\/strong>: elever bekantar sig med n\u00e5gra viktiga \u00e5rtal i \u00c5lands historia samt med den historiska sev\u00e4rdheten Bomarsunds f\u00e4stning.<\/li><li><strong>Spr\u00e5kdusch<\/strong>: material f\u00f6r nyb\u00f6rjarundervisning och spr\u00e5kduschar p\u00e5 daghem och f\u00f6rskolor<\/li><\/ol>\t\t\t\t\t\t\t\t<\/div>\n\t\t\t\t<\/div>\n\t\t\t\t<div class=\"elementor-element elementor-element-ee20a79 elementor-widget elementor-widget-spacer\" data-id=\"ee20a79\" data-element_type=\"widget\" data-e-type=\"widget\" data-widget_type=\"spacer.default\">\n\t\t\t\t<div class=\"elementor-widget-container\">\n\t\t\t\t\t\t\t<div class=\"elementor-spacer\">\n\t\t\t<div class=\"elementor-spacer-inner\"><\/div>\n\t\t<\/div>\n\t\t\t\t\t\t<\/div>\n\t\t\t\t<\/div>\n\t\t\t\t<div class=\"elementor-element elementor-element-b40aae8 elementor-widget elementor-widget-text-editor\" data-id=\"b40aae8\" data-element_type=\"widget\" data-e-type=\"widget\" data-widget_type=\"text-editor.default\">\n\t\t\t\t<div class=\"elementor-widget-container\">\n\t\t\t\t\t\t\t\t\t<p>Det pedagogiska materialet har producerats av <a href=\"https:\/\/svenskanu.fi\/natverket-svenska-nu\/\">Svenska nu<\/a> med st\u00f6d av <a href=\"https:\/\/www.sls.fi\/sv\">Svenska litteraturs\u00e4llskapet i Finland<\/a> och i samverkan med f\u00f6ljande producenter:<\/p><ul><li>Mitt \u00c5land &amp; Min aff\u00e4rsid\u00e9 -videor: produktionsbolag <a href=\"https:\/\/www.luvidfilm.com\/\">LUVIDFILM<\/a><\/li><li>N\u00e4ringsliv, Livet p\u00e5 landet och Bomarsund -videor, produktionsbolag <a href=\"http:\/\/clutch.fi\/\">Clutch Productions<\/a><\/li><li>Illustrationer och grafisk formgivning: Lotta Strandman\/<a href=\"https:\/\/www.studiostrandman.fi\/\">Studio Strandman<\/a><\/li><li>Naturskolmaterialen: <a href=\"https:\/\/www.naturochmiljo.fi\/naturskola\/vara-naturskolor\/alands-naturskola\/\">\u00c5lands naturskola<\/a>\/<a href=\"https:\/\/www.naturochmiljo.fi\/\" target=\"_blank\" rel=\"noopener\">Natur och Milj\u00f6<\/a><\/li><\/ul>\t\t\t\t\t\t\t\t<\/div>\n\t\t\t\t<\/div>\n\t\t\t\t\t<\/div>\n\t\t<\/div>\n\t\t\t\t\t<\/div>\n\t\t<\/section>\n\t\t\t\t<section class=\"elementor-section elementor-top-section elementor-element elementor-element-fc9000a elementor-section-boxed elementor-section-height-default elementor-section-height-default parallax_section_no qode_elementor_container_no\" data-id=\"fc9000a\" data-element_type=\"section\" data-e-type=\"section\">\n\t\t\t\t\t\t<div class=\"elementor-container elementor-column-gap-default\">\n\t\t\t\t\t<div class=\"elementor-column elementor-col-100 elementor-top-column elementor-element elementor-element-1a94f91\" data-id=\"1a94f91\" data-element_type=\"column\" data-e-type=\"column\">\n\t\t\t<div class=\"elementor-widget-wrap elementor-element-populated\">\n\t\t\t\t\t\t<div class=\"elementor-element elementor-element-cdffde5 elementor-widget elementor-widget-spacer\" data-id=\"cdffde5\" data-element_type=\"widget\" data-e-type=\"widget\" data-widget_type=\"spacer.default\">\n\t\t\t\t<div class=\"elementor-widget-container\">\n\t\t\t\t\t\t\t<div class=\"elementor-spacer\">\n\t\t\t<div class=\"elementor-spacer-inner\"><\/div>\n\t\t<\/div>\n\t\t\t\t\t\t<\/div>\n\t\t\t\t<\/div>\n\t\t\t\t<div class=\"elementor-element elementor-element-44d76bf elementor-widget-divider--view-line elementor-widget elementor-widget-divider\" data-id=\"44d76bf\" data-element_type=\"widget\" data-e-type=\"widget\" data-widget_type=\"divider.default\">\n\t\t\t\t<div class=\"elementor-widget-container\">\n\t\t\t\t\t\t\t<div class=\"elementor-divider\">\n\t\t\t<span class=\"elementor-divider-separator\">\n\t\t\t\t\t\t<\/span>\n\t\t<\/div>\n\t\t\t\t\t\t<\/div>\n\t\t\t\t<\/div>\n\t\t\t\t<div class=\"elementor-element elementor-element-43960b7 elementor-widget elementor-widget-text-editor\" data-id=\"43960b7\" data-element_type=\"widget\" data-e-type=\"widget\" data-widget_type=\"text-editor.default\">\n\t\t\t\t<div class=\"elementor-widget-container\">\n\t\t\t\t\t\t\t\t\t<p><span style=\"text-decoration: underline;\">K\u00e4llor:<\/span><\/p><p>N\u00e4ringslivet p\u00e5 \u00c5land<\/p><ul><li><a href=\"https:\/\/www.regeringen.ax\/naringsliv-foretagande\" target=\"_blank\" rel=\"noopener\">N\u00e4ringsliv och f\u00f6retagande \u2013 \u00c5lands landskapsregering<\/a><\/li><li><a href=\"https:\/\/www.mariehamn.ax\/bygga-och-bo\/naringsliv-och-foretagande\" target=\"_blank\" rel=\"noopener\">N\u00e4ringsliv och f\u00f6retagande \u2013 Mariehamns stad<\/a><\/li><li><a href=\"https:\/\/ec.europa.eu\/eures\/main.jsp?catId=7501&amp;acro=lmi&amp;mode=&amp;recordLang=sv&amp;lang=sv&amp;parentId=&amp;countryId=FI&amp;regionId=FI2\" target=\"_blank\" rel=\"noopener\">EURES \u2013 Arbetsmarknadsinformation \u2013 \u00c5land<\/a><\/li><li><a href=\"https:\/\/www.visitaland.com\/app\/uploads\/sites\/3\/2020\/02\/Turismrapport-2019_print-.pdf\" target=\"_blank\" rel=\"noopener\">Turismrapport 2019 \u2013 Visit \u00c5land<\/a><\/li><\/ul>\t\t\t\t\t\t\t\t<\/div>\n\t\t\t\t<\/div>\n\t\t\t\t\t<\/div>\n\t\t<\/div>\n\t\t\t\t\t<\/div>\n\t\t<\/section>\n\t\t\t\t<section class=\"elementor-section elementor-top-section elementor-element elementor-element-8dc13d9 elementor-section-boxed elementor-section-height-default elementor-section-height-default parallax_section_no qode_elementor_container_no\" data-id=\"8dc13d9\" data-element_type=\"section\" data-e-type=\"section\">\n\t\t\t\t\t\t<div class=\"elementor-container elementor-column-gap-default\">\n\t\t\t\t\t<div class=\"elementor-column elementor-col-100 elementor-top-column elementor-element elementor-element-03714c5\" data-id=\"03714c5\" data-element_type=\"column\" data-e-type=\"column\">\n\t\t\t<div class=\"elementor-widget-wrap elementor-element-populated\">\n\t\t\t\t\t\t<div class=\"elementor-element elementor-element-a443b16 elementor-widget elementor-widget-text-editor\" data-id=\"a443b16\" data-element_type=\"widget\" data-e-type=\"widget\" data-widget_type=\"text-editor.default\">\n\t\t\t\t<div class=\"elementor-widget-container\">\n\t\t\t\t\t\t\t\t\t<p>Livet p\u00e5 landet<\/p><ul><li><a href=\"https:\/\/issuu.com\/marthaforbundet\/docs\/frukttrad_issuu\" target=\"_blank\" rel=\"noopener\">Inhemska frukttr\u00e4d \u2013 Marthaf\u00f6rbundets matkulturmagasin 2018<\/a><\/li><li><a href=\"http:\/\/kurs01.strax.ax\/start.con?iPage=66&amp;m=91\" target=\"_blank\" rel=\"noopener\">Jordbruk och fiske \u2013 H\u00f6gskolan p\u00e5 \u00c5land<\/a><\/li><li><a href=\"https:\/\/landsbygd.ax\/wp-content\/uploads\/2019\/06\/Landsbygdsna%CC%88ringen-i-siffror-webb.pdf\" target=\"_blank\" rel=\"noopener\">LANTBRUK &#8211; LIVSMEDEL \u2013 SKOG &#8211; Landsbygdsn\u00e4ringarna p\u00e5 \u00c5land<\/a><\/li><li><a href=\"https:\/\/issuu.com\/marthaforbundet\/docs\/matkultur_webb\" target=\"_blank\" rel=\"noopener\">Potatis \u2013 Marthaf\u00f6rbundets matkulturmagasin 2015<\/a><\/li><li><a href=\"https:\/\/alandsradio.ax\/aland-idag\/yrkesfiskarna-riskerar-helt-fasas\" target=\"_blank\" rel=\"noopener\">Yrkesfiskarna riskerar att helt fasas ut \u2013 \u00c5lands Radio<\/a><\/li><\/ul>\t\t\t\t\t\t\t\t<\/div>\n\t\t\t\t<\/div>\n\t\t\t\t\t<\/div>\n\t\t<\/div>\n\t\t\t\t\t<\/div>\n\t\t<\/section>\n\t\t\t\t<section class=\"elementor-section elementor-top-section elementor-element elementor-element-383a515 elementor-section-boxed elementor-section-height-default elementor-section-height-default parallax_section_no qode_elementor_container_no\" data-id=\"383a515\" data-element_type=\"section\" data-e-type=\"section\">\n\t\t\t\t\t\t<div class=\"elementor-container elementor-column-gap-default\">\n\t\t\t\t\t<div class=\"elementor-column elementor-col-100 elementor-top-column elementor-element elementor-element-6651eef\" data-id=\"6651eef\" data-element_type=\"column\" data-e-type=\"column\">\n\t\t\t<div class=\"elementor-widget-wrap elementor-element-populated\">\n\t\t\t\t\t\t<div class=\"elementor-element elementor-element-56264ff elementor-widget elementor-widget-text-editor\" data-id=\"56264ff\" data-element_type=\"widget\" data-e-type=\"widget\" data-widget_type=\"text-editor.default\">\n\t\t\t\t<div class=\"elementor-widget-container\">\n\t\t\t\t\t\t\t\t\t<p>Bomarsund<\/p><ul><li><a href=\"https:\/\/uppslagsverket.fi\/sv\/sok\/view-170045-Bomarsund\" target=\"_blank\" rel=\"noopener\">Bomarsund \u2013 Uppslagsverket i Finland<\/a><\/li><li><a href=\"https:\/\/www.visitaland.com\/articles\/bomarsund\/\" target=\"_blank\" rel=\"noopener\">Bomarsund var stort p\u00e5 ryska tiden \u2013 Visit \u00c5land<\/a><\/li><\/ul>\t\t\t\t\t\t\t\t<\/div>\n\t\t\t\t<\/div>\n\t\t\t\t\t<\/div>\n\t\t<\/div>\n\t\t\t\t\t<\/div>\n\t\t<\/section>\n\t\t\t\t<section class=\"elementor-section elementor-top-section elementor-element elementor-element-529c337 elementor-section-boxed elementor-section-height-default elementor-section-height-default parallax_section_no qode_elementor_container_no\" data-id=\"529c337\" data-element_type=\"section\" data-e-type=\"section\">\n\t\t\t\t\t\t<div class=\"elementor-container elementor-column-gap-default\">\n\t\t\t\t\t<div class=\"elementor-column elementor-col-100 elementor-top-column elementor-element elementor-element-14c0a1a\" data-id=\"14c0a1a\" data-element_type=\"column\" data-e-type=\"column\">\n\t\t\t<div class=\"elementor-widget-wrap elementor-element-populated\">\n\t\t\t\t\t\t<div class=\"elementor-element elementor-element-5d91135 elementor-widget elementor-widget-text-editor\" data-id=\"5d91135\" data-element_type=\"widget\" data-e-type=\"widget\" data-widget_type=\"text-editor.default\">\n\t\t\t\t<div class=\"elementor-widget-container\">\n\t\t\t\t\t\t\t\t\t<p>Turism<\/p><div><ul><li><a tabindex=\"-1\" title=\"https:\/\/www.visitaland.com\/resa\/\" href=\"https:\/\/www.visitaland.com\/resa\/\" target=\"_blank\" rel=\"noreferrer noopener\">Resan till \u00c5land &#8211; Visit \u00c5land<\/a><\/li><li><a tabindex=\"-1\" title=\"https:\/\/www.pommern.ax\/\" href=\"https:\/\/www.pommern.ax\/\" target=\"_blank\" rel=\"noreferrer noopener\">Pommern<\/a><\/li><li><a tabindex=\"-1\" title=\"https:\/\/www.kastelholm.ax\/\" href=\"https:\/\/www.kastelholm.ax\/\" target=\"_blank\" rel=\"noreferrer noopener\">Kastelholms slott<\/a><\/li><li><a tabindex=\"-1\" title=\"https:\/\/www.visitaland.com\/articles\/kobbaklintar\/\" href=\"https:\/\/www.visitaland.com\/articles\/kobbaklintar\/\" target=\"_blank\" rel=\"noreferrer noopener\">Kobba klintar &#8211; Visit \u00c5land <\/a><\/li><li><a tabindex=\"-1\" title=\"https:\/\/www.visitaland.com\/bra-veta\/mariehamn\/\" href=\"https:\/\/www.visitaland.com\/bra-veta\/mariehamn\/\" target=\"_blank\" rel=\"noreferrer noopener\">Mariehamn &#8211; Visit \u00c5land<\/a><\/li><li><a tabindex=\"-1\" title=\"https:\/\/sv.taffel.fi\/\" href=\"https:\/\/sv.taffel.fi\/\" target=\"_blank\" rel=\"noreferrer noopener\">Taffel<\/a><\/li><li><a tabindex=\"-1\" title=\"https:\/\/sv.taffel.fi\/vart-ansvar\/potatis\/\" href=\"https:\/\/sv.taffel.fi\/vart-ansvar\/potatis\/\" target=\"_blank\" rel=\"noreferrer noopener\">Taffel &#8211; v\u00e5rt ansvar<\/a><\/li><li><a tabindex=\"-1\" title=\"https:\/\/www.kokar.ax\/\" href=\"https:\/\/www.kokar.ax\/\" target=\"_blank\" rel=\"noreferrer noopener\">K\u00f6kar &#8211; En magisk \u00f6v\u00e4rld l\u00e4ngst ut i havet<\/a><\/li><li>Ecker\u00f6 &#8211; Visit \u00c5land<\/li><li><a href=\"http:\/\/www.eckero.ax\/turistinfo\/sevardheter.html\">Ecker\u00f6 kommun &#8211; turistinfo<\/a><\/li><li><a href=\"https:\/\/www.postochtullhuset.ax\/historia\/\">Ecker\u00f6 post- och tullhus<\/a><\/li><li>Ecker\u00f6 &#8211; Granbergs viltsafari<\/li><\/ul><\/div>\t\t\t\t\t\t\t\t<\/div>\n\t\t\t\t<\/div>\n\t\t\t\t<div class=\"elementor-element elementor-element-5e30ae2 elementor-widget elementor-widget-spacer\" data-id=\"5e30ae2\" data-element_type=\"widget\" data-e-type=\"widget\" data-widget_type=\"spacer.default\">\n\t\t\t\t<div class=\"elementor-widget-container\">\n\t\t\t\t\t\t\t<div class=\"elementor-spacer\">\n\t\t\t<div class=\"elementor-spacer-inner\"><\/div>\n\t\t<\/div>\n\t\t\t\t\t\t<\/div>\n\t\t\t\t<\/div>\n\t\t\t\t\t<\/div>\n\t\t<\/div>\n\t\t\t\t\t<\/div>\n\t\t<\/section>\n\t\t\t\t<section class=\"elementor-section elementor-top-section elementor-element elementor-element-b77fd8d elementor-section-boxed elementor-section-height-default elementor-section-height-default parallax_section_no qode_elementor_container_no\" data-id=\"b77fd8d\" data-element_type=\"section\" data-e-type=\"section\">\n\t\t\t\t\t\t<div class=\"elementor-container elementor-column-gap-default\">\n\t\t\t\t\t<div class=\"elementor-column elementor-col-100 elementor-top-column elementor-element elementor-element-adc3a3a\" data-id=\"adc3a3a\" data-element_type=\"column\" data-e-type=\"column\">\n\t\t\t<div class=\"elementor-widget-wrap\">\n\t\t\t\t\t\t\t<\/div>\n\t\t<\/div>\n\t\t\t\t\t<\/div>\n\t\t<\/section>\n\t\t\t\t<\/div>\n\t\t","protected":false},"excerpt":{"rendered":"<p>Om materialet \u00c5land, som ligger i \u00d6stersj\u00f6n mellan Sverige och Finland, \u00e4r en sj\u00e4lvstyrande del av republiken Finland. Sj\u00e4lvstyrelsen fyller 100 \u00e5r den 9 juni 2022. Svenska nu har producerat materialet \u00c5land i sikte f\u00f6r att uppm\u00e4rksamma 100 \u00e5r av \u00e5l\u00e4ndsk sj\u00e4lvstyre. Materialet belyser det&#8230;<\/p>\n","protected":false},"author":2,"featured_media":0,"parent":0,"menu_order":0,"comment_status":"closed","ping_status":"closed","template":"elementor_header_footer","meta":{"footnotes":""},"class_list":["post-1897","page","type-page","status-publish","hentry"],"_links":{"self":[{"href":"https:\/\/svenskanu.fi\/laromaterial\/aland\/wp-json\/wp\/v2\/pages\/1897","targetHints":{"allow":["GET"]}}],"collection":[{"href":"https:\/\/svenskanu.fi\/laromaterial\/aland\/wp-json\/wp\/v2\/pages"}],"about":[{"href":"https:\/\/svenskanu.fi\/laromaterial\/aland\/wp-json\/wp\/v2\/types\/page"}],"author":[{"embeddable":true,"href":"https:\/\/svenskanu.fi\/laromaterial\/aland\/wp-json\/wp\/v2\/users\/2"}],"replies":[{"embeddable":true,"href":"https:\/\/svenskanu.fi\/laromaterial\/aland\/wp-json\/wp\/v2\/comments?post=1897"}],"version-history":[{"count":15,"href":"https:\/\/svenskanu.fi\/laromaterial\/aland\/wp-json\/wp\/v2\/pages\/1897\/revisions"}],"predecessor-version":[{"id":2922,"href":"https:\/\/svenskanu.fi\/laromaterial\/aland\/wp-json\/wp\/v2\/pages\/1897\/revisions\/2922"}],"wp:attachment":[{"href":"https:\/\/svenskanu.fi\/laromaterial\/aland\/wp-json\/wp\/v2\/media?parent=1897"}],"curies":[{"name":"wp","href":"https:\/\/api.w.org\/{rel}","templated":true}]}}