{"id":22,"date":"2021-05-03T12:03:46","date_gmt":"2021-05-03T12:03:46","guid":{"rendered":"https:\/\/svenskanu.fi\/laromaterial\/aland\/?page_id=22"},"modified":"2021-08-23T10:53:42","modified_gmt":"2021-08-23T10:53:42","slug":"framsida","status":"publish","type":"page","link":"https:\/\/svenskanu.fi\/laromaterial\/aland\/","title":{"rendered":"FRAMSIDA"},"content":{"rendered":"\t\t<div data-elementor-type=\"wp-page\" data-elementor-id=\"22\" class=\"elementor elementor-22\" data-elementor-post-type=\"page\">\n\t\t\t\t\t\t<section class=\"elementor-section elementor-top-section elementor-element elementor-element-c101c4c elementor-section-boxed elementor-section-height-default elementor-section-height-default parallax_section_no qode_elementor_container_no\" data-id=\"c101c4c\" data-element_type=\"section\" data-e-type=\"section\">\n\t\t\t\t\t\t<div class=\"elementor-container elementor-column-gap-default\">\n\t\t\t\t\t<div class=\"elementor-column elementor-col-33 elementor-top-column elementor-element elementor-element-7d92669\" data-id=\"7d92669\" data-element_type=\"column\" data-e-type=\"column\">\n\t\t\t<div class=\"elementor-widget-wrap elementor-element-populated\">\n\t\t\t\t\t\t<div class=\"elementor-element elementor-element-6459940 elementor-widget elementor-widget-image\" data-id=\"6459940\" data-element_type=\"widget\" data-e-type=\"widget\" data-widget_type=\"image.default\">\n\t\t\t\t<div class=\"elementor-widget-container\">\n\t\t\t\t\t\t\t\t\t\t\t\t\t\t\t\t<a href=\"https:\/\/svenskanu.fi\/laromaterial\/aland\/mitt-aland\/\">\n\t\t\t\t\t\t\t<img fetchpriority=\"high\" decoding=\"async\" width=\"1024\" height=\"682\" src=\"https:\/\/svenskanu.fi\/laromaterial\/aland\/wp-content\/uploads\/2021\/05\/mitt-aland-1-1024x682.jpg\" class=\"attachment-large size-large wp-image-1511\" alt=\"\" srcset=\"https:\/\/svenskanu.fi\/laromaterial\/aland\/wp-content\/uploads\/2021\/05\/mitt-aland-1-1024x682.jpg 1024w, https:\/\/svenskanu.fi\/laromaterial\/aland\/wp-content\/uploads\/2021\/05\/mitt-aland-1-300x200.jpg 300w, https:\/\/svenskanu.fi\/laromaterial\/aland\/wp-content\/uploads\/2021\/05\/mitt-aland-1-768x512.jpg 768w, https:\/\/svenskanu.fi\/laromaterial\/aland\/wp-content\/uploads\/2021\/05\/mitt-aland-1-1536x1023.jpg 1536w, https:\/\/svenskanu.fi\/laromaterial\/aland\/wp-content\/uploads\/2021\/05\/mitt-aland-1-2048x1364.jpg 2048w, https:\/\/svenskanu.fi\/laromaterial\/aland\/wp-content\/uploads\/2021\/05\/mitt-aland-1-700x466.jpg 700w\" sizes=\"(max-width: 1024px) 100vw, 1024px\" \/>\t\t\t\t\t\t\t\t<\/a>\n\t\t\t\t\t\t\t\t\t\t\t\t\t\t\t<\/div>\n\t\t\t\t<\/div>\n\t\t\t\t<div class=\"elementor-element elementor-element-13d2030 elementor-widget elementor-widget-qi_addons_for_elementor_button\" data-id=\"13d2030\" data-element_type=\"widget\" data-e-type=\"widget\" data-widget_type=\"qi_addons_for_elementor_button.default\">\n\t\t\t\t<div class=\"elementor-widget-container\">\n\t\t\t\t\t<a class=\"qodef-shortcode qodef-m qodef-qi-button qodef-html--link qodef-layout--textual qodef-icon--right qodef-hover--icon-move-horizontal-short\" href=\"https:\/\/svenskanu.fi\/laromaterial\/aland\/mitt-aland\/\" target=\"_self\">\n\t<span class=\"qodef-m-text\">MITT \u00c5LAND<\/span>\n\t<\/a>\n\t\t\t\t<\/div>\n\t\t\t\t<\/div>\n\t\t\t\t\t<\/div>\n\t\t<\/div>\n\t\t\t\t<div class=\"elementor-column elementor-col-33 elementor-top-column elementor-element elementor-element-0313fb7\" data-id=\"0313fb7\" data-element_type=\"column\" data-e-type=\"column\">\n\t\t\t<div class=\"elementor-widget-wrap elementor-element-populated\">\n\t\t\t\t\t\t<div class=\"elementor-element elementor-element-7b7b024 elementor-widget elementor-widget-image\" data-id=\"7b7b024\" data-element_type=\"widget\" data-e-type=\"widget\" data-widget_type=\"image.default\">\n\t\t\t\t<div class=\"elementor-widget-container\">\n\t\t\t\t\t\t\t\t\t\t\t\t\t\t\t\t<a href=\"https:\/\/svenskanu.fi\/laromaterial\/aland\/turism\/\">\n\t\t\t\t\t\t\t<img decoding=\"async\" width=\"1024\" height=\"683\" src=\"https:\/\/svenskanu.fi\/laromaterial\/aland\/wp-content\/uploads\/2021\/05\/turism-1024x683.jpg\" class=\"attachment-large size-large wp-image-1508\" alt=\"\" srcset=\"https:\/\/svenskanu.fi\/laromaterial\/aland\/wp-content\/uploads\/2021\/05\/turism-1024x683.jpg 1024w, https:\/\/svenskanu.fi\/laromaterial\/aland\/wp-content\/uploads\/2021\/05\/turism-300x200.jpg 300w, https:\/\/svenskanu.fi\/laromaterial\/aland\/wp-content\/uploads\/2021\/05\/turism-768x512.jpg 768w, https:\/\/svenskanu.fi\/laromaterial\/aland\/wp-content\/uploads\/2021\/05\/turism-1536x1024.jpg 1536w, https:\/\/svenskanu.fi\/laromaterial\/aland\/wp-content\/uploads\/2021\/05\/turism-2048x1366.jpg 2048w, https:\/\/svenskanu.fi\/laromaterial\/aland\/wp-content\/uploads\/2021\/05\/turism-700x467.jpg 700w\" sizes=\"(max-width: 1024px) 100vw, 1024px\" \/>\t\t\t\t\t\t\t\t<\/a>\n\t\t\t\t\t\t\t\t\t\t\t\t\t\t\t<\/div>\n\t\t\t\t<\/div>\n\t\t\t\t<div class=\"elementor-element elementor-element-119fea4 elementor-widget elementor-widget-qi_addons_for_elementor_button\" data-id=\"119fea4\" data-element_type=\"widget\" data-e-type=\"widget\" data-widget_type=\"qi_addons_for_elementor_button.default\">\n\t\t\t\t<div class=\"elementor-widget-container\">\n\t\t\t\t\t<a class=\"qodef-shortcode qodef-m qodef-qi-button qodef-html--link qodef-layout--textual qodef-icon--right qodef-hover--icon-move-horizontal-short\" href=\"https:\/\/svenskanu.fi\/laromaterial\/aland\/turism\/\" target=\"_self\">\n\t<span class=\"qodef-m-text\">TURISM<\/span>\n\t<\/a>\n\t\t\t\t<\/div>\n\t\t\t\t<\/div>\n\t\t\t\t\t<\/div>\n\t\t<\/div>\n\t\t\t\t<div class=\"elementor-column elementor-col-33 elementor-top-column elementor-element elementor-element-1453e2d\" data-id=\"1453e2d\" data-element_type=\"column\" data-e-type=\"column\">\n\t\t\t<div class=\"elementor-widget-wrap elementor-element-populated\">\n\t\t\t\t\t\t<div class=\"elementor-element elementor-element-57654cc elementor-widget elementor-widget-image\" data-id=\"57654cc\" data-element_type=\"widget\" data-e-type=\"widget\" data-widget_type=\"image.default\">\n\t\t\t\t<div class=\"elementor-widget-container\">\n\t\t\t\t\t\t\t\t\t\t\t\t\t\t\t\t<a href=\"https:\/\/svenskanu.fi\/laromaterial\/aland\/natur-pa-aland\/\">\n\t\t\t\t\t\t\t<img decoding=\"async\" src=\"https:\/\/svenskanu.fi\/laromaterial\/aland\/wp-content\/uploads\/elementor\/thumbs\/natur-1-scaled-p7e759bamvq00ml0b8vv0098kk3jypvbiuqacjasjm.jpg\" title=\"natur\" alt=\"natur\" loading=\"lazy\" \/>\t\t\t\t\t\t\t\t<\/a>\n\t\t\t\t\t\t\t\t\t\t\t\t\t\t\t<\/div>\n\t\t\t\t<\/div>\n\t\t\t\t<div class=\"elementor-element elementor-element-ea9742e elementor-widget elementor-widget-qi_addons_for_elementor_button\" data-id=\"ea9742e\" data-element_type=\"widget\" data-e-type=\"widget\" data-widget_type=\"qi_addons_for_elementor_button.default\">\n\t\t\t\t<div class=\"elementor-widget-container\">\n\t\t\t\t\t<a class=\"qodef-shortcode qodef-m qodef-qi-button qodef-html--link qodef-layout--textual qodef-icon--right qodef-hover--icon-move-horizontal-short\" href=\"https:\/\/svenskanu.fi\/laromaterial\/aland\/natur-pa-aland\/\" target=\"_self\">\n\t<span class=\"qodef-m-text\">NATUR<\/span>\n\t<\/a>\n\t\t\t\t<\/div>\n\t\t\t\t<\/div>\n\t\t\t\t\t<\/div>\n\t\t<\/div>\n\t\t\t\t\t<\/div>\n\t\t<\/section>\n\t\t\t\t<section class=\"elementor-section elementor-top-section elementor-element elementor-element-fdee0fa elementor-section-height-min-height elementor-section-boxed elementor-section-height-default elementor-section-items-middle parallax_section_no qode_elementor_container_no\" data-id=\"fdee0fa\" data-element_type=\"section\" data-e-type=\"section\" data-settings=\"{&quot;background_background&quot;:&quot;classic&quot;}\">\n\t\t\t\t\t\t<div class=\"elementor-container elementor-column-gap-default\">\n\t\t\t\t\t<div class=\"elementor-column elementor-col-100 elementor-top-column elementor-element elementor-element-2fd1390\" data-id=\"2fd1390\" data-element_type=\"column\" data-e-type=\"column\">\n\t\t\t<div class=\"elementor-widget-wrap elementor-element-populated\">\n\t\t\t\t\t\t<div class=\"elementor-element elementor-element-cb0ef38 elementor-widget elementor-widget-heading\" data-id=\"cb0ef38\" data-element_type=\"widget\" data-e-type=\"widget\" data-widget_type=\"heading.default\">\n\t\t\t\t<div class=\"elementor-widget-container\">\n\t\t\t\t\t<h2 class=\"elementor-heading-title elementor-size-xxl\">\u00c5LAND i sikte<\/h2>\t\t\t\t<\/div>\n\t\t\t\t<\/div>\n\t\t\t\t<div class=\"elementor-element elementor-element-ebde489 elementor-widget-divider--view-line elementor-widget elementor-widget-divider\" data-id=\"ebde489\" data-element_type=\"widget\" data-e-type=\"widget\" data-widget_type=\"divider.default\">\n\t\t\t\t<div class=\"elementor-widget-container\">\n\t\t\t\t\t\t\t<div class=\"elementor-divider\">\n\t\t\t<span class=\"elementor-divider-separator\">\n\t\t\t\t\t\t<\/span>\n\t\t<\/div>\n\t\t\t\t\t\t<\/div>\n\t\t\t\t<\/div>\n\t\t\t\t<div class=\"elementor-element elementor-element-872e2b0 elementor-widget elementor-widget-text-editor\" data-id=\"872e2b0\" data-element_type=\"widget\" data-e-type=\"widget\" data-widget_type=\"text-editor.default\">\n\t\t\t\t<div class=\"elementor-widget-container\">\n\t\t\t\t\t\t\t\t\t<p>BEKANTA DIG MED DET UNIKA \u00d6RIKET \u00c5LAND<\/p>\t\t\t\t\t\t\t\t<\/div>\n\t\t\t\t<\/div>\n\t\t\t\t\t<\/div>\n\t\t<\/div>\n\t\t\t\t\t<\/div>\n\t\t<\/section>\n\t\t\t\t<section class=\"elementor-section elementor-top-section elementor-element elementor-element-4d79849 elementor-section-boxed elementor-section-height-default elementor-section-height-default parallax_section_no qode_elementor_container_no\" data-id=\"4d79849\" data-element_type=\"section\" data-e-type=\"section\">\n\t\t\t\t\t\t<div class=\"elementor-container elementor-column-gap-default\">\n\t\t\t\t\t<div class=\"elementor-column elementor-col-33 elementor-top-column elementor-element elementor-element-c8c35f5\" data-id=\"c8c35f5\" data-element_type=\"column\" data-e-type=\"column\">\n\t\t\t<div class=\"elementor-widget-wrap elementor-element-populated\">\n\t\t\t\t\t\t<div class=\"elementor-element elementor-element-569bc61 elementor-widget elementor-widget-image\" data-id=\"569bc61\" data-element_type=\"widget\" data-e-type=\"widget\" data-widget_type=\"image.default\">\n\t\t\t\t<div class=\"elementor-widget-container\">\n\t\t\t\t\t\t\t\t\t\t\t\t\t\t\t\t<a href=\"https:\/\/svenskanu.fi\/laromaterial\/aland\/historia\/\">\n\t\t\t\t\t\t\t<img decoding=\"async\" width=\"1024\" height=\"683\" src=\"https:\/\/svenskanu.fi\/laromaterial\/aland\/wp-content\/uploads\/2021\/05\/historia-1024x683.jpg\" class=\"attachment-large size-large wp-image-1515\" alt=\"\" srcset=\"https:\/\/svenskanu.fi\/laromaterial\/aland\/wp-content\/uploads\/2021\/05\/historia-1024x683.jpg 1024w, https:\/\/svenskanu.fi\/laromaterial\/aland\/wp-content\/uploads\/2021\/05\/historia-300x200.jpg 300w, https:\/\/svenskanu.fi\/laromaterial\/aland\/wp-content\/uploads\/2021\/05\/historia-768x512.jpg 768w, https:\/\/svenskanu.fi\/laromaterial\/aland\/wp-content\/uploads\/2021\/05\/historia-1536x1024.jpg 1536w, https:\/\/svenskanu.fi\/laromaterial\/aland\/wp-content\/uploads\/2021\/05\/historia-2048x1365.jpg 2048w, https:\/\/svenskanu.fi\/laromaterial\/aland\/wp-content\/uploads\/2021\/05\/historia-700x467.jpg 700w\" sizes=\"(max-width: 1024px) 100vw, 1024px\" \/>\t\t\t\t\t\t\t\t<\/a>\n\t\t\t\t\t\t\t\t\t\t\t\t\t\t\t<\/div>\n\t\t\t\t<\/div>\n\t\t\t\t<div class=\"elementor-element elementor-element-d9dda7f elementor-widget elementor-widget-qi_addons_for_elementor_button\" data-id=\"d9dda7f\" data-element_type=\"widget\" data-e-type=\"widget\" data-widget_type=\"qi_addons_for_elementor_button.default\">\n\t\t\t\t<div class=\"elementor-widget-container\">\n\t\t\t\t\t<a class=\"qodef-shortcode qodef-m qodef-qi-button qodef-html--link qodef-layout--textual qodef-icon--right qodef-hover--icon-move-horizontal-short\" href=\"https:\/\/svenskanu.fi\/laromaterial\/aland\/historia\/\" target=\"_self\">\n\t<span class=\"qodef-m-text\">HISTORIA<\/span>\n\t<\/a>\n\t\t\t\t<\/div>\n\t\t\t\t<\/div>\n\t\t\t\t\t<\/div>\n\t\t<\/div>\n\t\t\t\t<div class=\"elementor-column elementor-col-33 elementor-top-column elementor-element elementor-element-40f32d8\" data-id=\"40f32d8\" data-element_type=\"column\" data-e-type=\"column\">\n\t\t\t<div class=\"elementor-widget-wrap elementor-element-populated\">\n\t\t\t\t\t\t<div class=\"elementor-element elementor-element-11990cb elementor-widget elementor-widget-image\" data-id=\"11990cb\" data-element_type=\"widget\" data-e-type=\"widget\" data-widget_type=\"image.default\">\n\t\t\t\t<div class=\"elementor-widget-container\">\n\t\t\t\t\t\t\t\t\t\t\t\t\t\t\t\t<a href=\"https:\/\/svenskanu.fi\/laromaterial\/aland\/naringsliv\/\">\n\t\t\t\t\t\t\t<img loading=\"lazy\" decoding=\"async\" width=\"1024\" height=\"683\" src=\"https:\/\/svenskanu.fi\/laromaterial\/aland\/wp-content\/uploads\/2021\/05\/naringsliv-1024x683.jpg\" class=\"attachment-large size-large wp-image-1514\" alt=\"\" srcset=\"https:\/\/svenskanu.fi\/laromaterial\/aland\/wp-content\/uploads\/2021\/05\/naringsliv-1024x683.jpg 1024w, https:\/\/svenskanu.fi\/laromaterial\/aland\/wp-content\/uploads\/2021\/05\/naringsliv-300x200.jpg 300w, https:\/\/svenskanu.fi\/laromaterial\/aland\/wp-content\/uploads\/2021\/05\/naringsliv-768x512.jpg 768w, https:\/\/svenskanu.fi\/laromaterial\/aland\/wp-content\/uploads\/2021\/05\/naringsliv-1536x1024.jpg 1536w, https:\/\/svenskanu.fi\/laromaterial\/aland\/wp-content\/uploads\/2021\/05\/naringsliv-2048x1365.jpg 2048w, https:\/\/svenskanu.fi\/laromaterial\/aland\/wp-content\/uploads\/2021\/05\/naringsliv-700x467.jpg 700w\" sizes=\"(max-width: 1024px) 100vw, 1024px\" \/>\t\t\t\t\t\t\t\t<\/a>\n\t\t\t\t\t\t\t\t\t\t\t\t\t\t\t<\/div>\n\t\t\t\t<\/div>\n\t\t\t\t<div class=\"elementor-element elementor-element-13d852b elementor-widget elementor-widget-qi_addons_for_elementor_button\" data-id=\"13d852b\" data-element_type=\"widget\" data-e-type=\"widget\" data-widget_type=\"qi_addons_for_elementor_button.default\">\n\t\t\t\t<div class=\"elementor-widget-container\">\n\t\t\t\t\t<a class=\"qodef-shortcode qodef-m qodef-qi-button qodef-html--link qodef-layout--textual qodef-icon--right qodef-hover--icon-move-horizontal-short\" href=\"https:\/\/svenskanu.fi\/laromaterial\/aland\/naringsliv\/\" target=\"_self\">\n\t<span class=\"qodef-m-text\">N\u00c4RINGSLIV<\/span>\n\t<\/a>\n\t\t\t\t<\/div>\n\t\t\t\t<\/div>\n\t\t\t\t\t<\/div>\n\t\t<\/div>\n\t\t\t\t<div class=\"elementor-column elementor-col-33 elementor-top-column elementor-element elementor-element-1b50d72\" data-id=\"1b50d72\" data-element_type=\"column\" data-e-type=\"column\">\n\t\t\t<div class=\"elementor-widget-wrap elementor-element-populated\">\n\t\t\t\t\t\t<div class=\"elementor-element elementor-element-ed21ab5 elementor-widget elementor-widget-image\" data-id=\"ed21ab5\" data-element_type=\"widget\" data-e-type=\"widget\" data-widget_type=\"image.default\">\n\t\t\t\t<div class=\"elementor-widget-container\">\n\t\t\t\t\t\t\t\t\t\t\t\t\t\t\t\t<a href=\"https:\/\/svenskanu.fi\/laromaterial\/aland\/sprakdusch\/\">\n\t\t\t\t\t\t\t<img loading=\"lazy\" decoding=\"async\" width=\"1024\" height=\"683\" src=\"https:\/\/svenskanu.fi\/laromaterial\/aland\/wp-content\/uploads\/2021\/05\/sprakdusch-1024x683.jpg\" class=\"attachment-large size-large wp-image-1516\" alt=\"\" srcset=\"https:\/\/svenskanu.fi\/laromaterial\/aland\/wp-content\/uploads\/2021\/05\/sprakdusch-1024x683.jpg 1024w, https:\/\/svenskanu.fi\/laromaterial\/aland\/wp-content\/uploads\/2021\/05\/sprakdusch-300x200.jpg 300w, https:\/\/svenskanu.fi\/laromaterial\/aland\/wp-content\/uploads\/2021\/05\/sprakdusch-768x512.jpg 768w, https:\/\/svenskanu.fi\/laromaterial\/aland\/wp-content\/uploads\/2021\/05\/sprakdusch-1536x1024.jpg 1536w, https:\/\/svenskanu.fi\/laromaterial\/aland\/wp-content\/uploads\/2021\/05\/sprakdusch-2048x1365.jpg 2048w, https:\/\/svenskanu.fi\/laromaterial\/aland\/wp-content\/uploads\/2021\/05\/sprakdusch-700x467.jpg 700w\" sizes=\"(max-width: 1024px) 100vw, 1024px\" \/>\t\t\t\t\t\t\t\t<\/a>\n\t\t\t\t\t\t\t\t\t\t\t\t\t\t\t<\/div>\n\t\t\t\t<\/div>\n\t\t\t\t<div class=\"elementor-element elementor-element-62088cc elementor-widget elementor-widget-qi_addons_for_elementor_button\" data-id=\"62088cc\" data-element_type=\"widget\" data-e-type=\"widget\" data-widget_type=\"qi_addons_for_elementor_button.default\">\n\t\t\t\t<div class=\"elementor-widget-container\">\n\t\t\t\t\t<a class=\"qodef-shortcode qodef-m qodef-qi-button qodef-html--link qodef-layout--textual qodef-icon--right qodef-hover--icon-move-horizontal-short\" href=\"https:\/\/svenskanu.fi\/laromaterial\/aland\/sprakdusch\/\" target=\"_self\">\n\t<span class=\"qodef-m-text\">SPR\u00c5KDUSCH<\/span>\n\t<\/a>\n\t\t\t\t<\/div>\n\t\t\t\t<\/div>\n\t\t\t\t\t<\/div>\n\t\t<\/div>\n\t\t\t\t\t<\/div>\n\t\t<\/section>\n\t\t\t\t<\/div>\n\t\t","protected":false},"excerpt":{"rendered":"<p>MITT \u00c5LAND TURISM NATUR \u00c5LAND i sikte BEKANTA DIG MED DET UNIKA \u00d6RIKET \u00c5LAND HISTORIA N\u00c4RINGSLIV SPR\u00c5KDUSCH<\/p>\n","protected":false},"author":1,"featured_media":0,"parent":0,"menu_order":0,"comment_status":"closed","ping_status":"closed","template":"elementor_header_footer","meta":{"footnotes":""},"class_list":["post-22","page","type-page","status-publish","hentry"],"_links":{"self":[{"href":"https:\/\/svenskanu.fi\/laromaterial\/aland\/wp-json\/wp\/v2\/pages\/22","targetHints":{"allow":["GET"]}}],"collection":[{"href":"https:\/\/svenskanu.fi\/laromaterial\/aland\/wp-json\/wp\/v2\/pages"}],"about":[{"href":"https:\/\/svenskanu.fi\/laromaterial\/aland\/wp-json\/wp\/v2\/types\/page"}],"author":[{"embeddable":true,"href":"https:\/\/svenskanu.fi\/laromaterial\/aland\/wp-json\/wp\/v2\/users\/1"}],"replies":[{"embeddable":true,"href":"https:\/\/svenskanu.fi\/laromaterial\/aland\/wp-json\/wp\/v2\/comments?post=22"}],"version-history":[{"count":0,"href":"https:\/\/svenskanu.fi\/laromaterial\/aland\/wp-json\/wp\/v2\/pages\/22\/revisions"}],"wp:attachment":[{"href":"https:\/\/svenskanu.fi\/laromaterial\/aland\/wp-json\/wp\/v2\/media?parent=22"}],"curies":[{"name":"wp","href":"https:\/\/api.w.org\/{rel}","templated":true}]}}