{"id":573,"date":"2020-01-03T10:45:59","date_gmt":"2020-01-03T08:45:59","guid":{"rendered":"https:\/\/svenskanu.fi\/laromaterial\/konstpark\/?page_id=573"},"modified":"2025-03-11T12:29:23","modified_gmt":"2025-03-11T10:29:23","slug":"lararhandledning","status":"publish","type":"page","link":"https:\/\/svenskanu.fi\/laromaterial\/konstpark\/index.php\/lararhandledning\/","title":{"rendered":"L\u00e4rarhandledning"},"content":{"rendered":"<section class=\"wpb-content-wrapper\">[vc_row css_animation=&#8221;&#8221; row_type=&#8221;row&#8221; use_row_as_full_screen_section=&#8221;no&#8221; type=&#8221;full_width&#8221; angled_section=&#8221;no&#8221; text_align=&#8221;left&#8221; background_image_as_pattern=&#8221;without_pattern&#8221; css=&#8221;.vc_custom_1578041157375{padding-top: 40px !important;}&#8221; z_index=&#8221;&#8221;][vc_column][vc_empty_space][vc_column_text]\n<h4><span style=\"color: #02a4ea;\">Hanaholmens Konstpark<\/span><\/h4>\n<p>&nbsp;<\/p>\n<p>Roligt att ni vill bekanta er med Hanaholmens Konstpark som visar nordisk samtidskonst i vacker sk\u00e4rg\u00e5rdsmilj\u00f6. Svenska nus material m\u00f6jligg\u00f6r b\u00e5de <strong>en virtuell rundvandring<\/strong> eller kan anv\u00e4ndas under <strong>en fysisk rundtur p\u00e5 Hanaholmen<\/strong>. <span class=\"TextRun SCXW1959045 BCX9\" lang=\"SV-SE\" xml:lang=\"SV-SE\" data-contrast=\"auto\"><span class=\"NormalTextRun SCXW1959045 BCX9\">Med hj\u00e4lp av materialet kan ni l\u00e4ra er mera om konst och f\u00e5 nya synvinklar till hur man kan betrakta samtida konstverk.<\/span><\/span><\/p>\n<p>&nbsp;<\/p>\n<p>Materalet inneh\u00e5ller korta texter om konstverken som kan b\u00e5de l\u00e4sas eller lyssnas p\u00e5 samt <span class=\"TextRun SCXW1959045 BCX9\" lang=\"SV-SE\" xml:lang=\"SV-SE\" data-contrast=\"auto\"><span class=\"NormalTextRun SCXW1959045 BCX9\">uppgifter<\/span><\/span><span class=\"TextRun SCXW1959045 BCX9\" lang=\"SV-SE\" xml:lang=\"SV-SE\" data-contrast=\"auto\"><span class=\"NormalTextRun SCXW1959045 BCX9\"> som \u00e4r <\/span><\/span><span class=\"TextRun SCXW1959045 BCX9\" lang=\"SV-SE\" xml:lang=\"SV-SE\" data-contrast=\"auto\"><span class=\"NormalTextRun SCXW1959045 BCX9\">inspirerade av sj\u00e4lva platsen och\u00a0<\/span><\/span><span class=\"TextRun SCXW1959045 BCX9\" lang=\"SV-SE\" xml:lang=\"SV-SE\" data-contrast=\"auto\"><span class=\"NormalTextRun SCXW1959045 BCX9\">av\u00a0<\/span><\/span><span class=\"TextRun SCXW1959045 BCX9\" lang=\"SV-SE\" xml:lang=\"SV-SE\" data-contrast=\"auto\"><span class=\"NormalTextRun SCXW1959045 BCX9\">konstverken. I materialet finns f\u00f6rslag p\u00e5 fr\u00e5gor, diskussioner och funderingar samt id\u00e9er till egna konstverk.<\/span><\/span><\/p>\n<p>&nbsp;<\/p>\n<p><span style=\"color: #ed008c;\"><strong><span class=\"TextRun SCXW1959045 BCX9\" lang=\"SV-SE\" xml:lang=\"SV-SE\" data-contrast=\"auto\"><span class=\"NormalTextRun SCXW1959045 BCX9\">Om ni t\u00e4nker bes\u00f6ka Hanaholmens Konstpark <\/span><\/span> under l\u00e4rarens ledning kontakta g\u00e4rna oss innan er planerad ankomst.<\/strong><\/span><\/p>\n<p>&nbsp;<\/p>\n<ul>\n<li><span data-teams=\"true\">Skicka ett mejl till\u00a0<a id=\"menurerq\" class=\"fui-Link ___1q1shib f2hkw1w f3rmtva f1ewtqcl fyind8e f1k6fduh f1w7gpdv fk6fouc fjoy568 figsok6 f1s184ao f1mk8lai fnbmjn9 f1o700av f13mvf36 f1cmlufx f9n3di6 f1ids18y f1tx3yz7 f1deo86v f1eh06m1 f1iescvh fhgqx19 f1olyrje f1p93eir f1nev41a f1h8hb77 f1lqvz6u f10aw75t fsle3fq f17ae5zn\" title=\"mailto:tyra.therman@hanaholmen.fi\" href=\"mailto:tyra.therman@hanaholmen.fi\" target=\"_blank\" rel=\"noreferrer noopener\" aria-label=\"Linkki tyra.therman@hanaholmen.fi\">tyra.therman@hanaholmen.fi<\/a> och ber\u00e4tta n\u00e4r ni har planerat komma s\u00e5 kan vi s\u00e4kra er ett trevligt bes\u00f6k. Vi vill erbjuda ett unikt bes\u00f6k och bjuda p\u00e5 material till alla grupper som bes\u00f6ker Hanaholmen.<\/span><\/li>\n<li><span class=\"TextRun SCXW1959045 BCX9\" lang=\"SV-SE\" xml:lang=\"SV-SE\" data-contrast=\"auto\"><span class=\"NormalTextRun SCXW1959045 BCX9\">Bekanta dig med <a href=\"https:\/\/svenskanu.fi\/laromaterial\/konstpark\/wp-content\/uploads\/2025\/03\/Praktisk-information-for-larare_2025-1.pdf\" target=\"_blank\" rel=\"noopener\">n\u00e5gra praktiska tips<\/a> inf\u00f6r ert bes\u00f6k.<\/span><\/span><\/li>\n<li><span class=\"TextRun SCXW1959045 BCX9\" lang=\"SV-SE\" xml:lang=\"SV-SE\" data-contrast=\"auto\"><span class=\"NormalTextRun SCXW1959045 BCX9\"><span class=\"TextRun BCX9 SCXW108646669\" lang=\"SV-SE\" xml:lang=\"SV-SE\" data-contrast=\"auto\"><span class=\"NormalTextRun BCX9 SCXW108646669\">L\u00e4raren kan <\/span><\/span><\/span><\/span><span class=\"TextRun SCXW1959045 BCX9\" lang=\"SV-SE\" xml:lang=\"SV-SE\" data-contrast=\"auto\"><span class=\"NormalTextRun SCXW1959045 BCX9\">planera en egen rundvandring med hj\u00e4lp av <a href=\"https:\/\/svenskanu.fi\/laromaterial\/konstpark\/\">det pedagogiska materialet<\/a> och v\u00e4lja hur m\u00e5nga och vilka konstverk och uppgifter eleverna jobbar med. <\/span><\/span><\/li>\n<li><strong>Konstskattjakt<\/strong> \u00e4r ett annat roligt s\u00e4tt att bekanta sig med Konstparken. Ladda ner en karta f\u00f6r <a href=\"https:\/\/cdn.sanity.io\/files\/qpbhkg5d\/production\/5496bfde2fa4ef3c45f00830babbcd02200ebc60.pdf\">Konstskattjakten<\/a> (pdf). Betrakta konstverken, ta bilder och fundera p\u00e5 vad konstverken vill ber\u00e4tta f\u00f6r er!<\/li>\n<li><span class=\"TextRun SCXW1959045 BCX9\" lang=\"SV-SE\" xml:lang=\"SV-SE\" data-contrast=\"auto\"><span class=\"NormalTextRun SCXW1959045 BCX9\">P\u00e5 Hanaholmen f\u00e5r ni<span class=\"TextRun BCX9 SCXW108646669\" lang=\"SV-SE\" xml:lang=\"SV-SE\" data-contrast=\"auto\"><span class=\"NormalTextRun BCX9 SCXW108646669\"> naturligtvis ocks\u00e5<\/span><\/span><span class=\"TextRun BCX9 SCXW108646669\" lang=\"SV-SE\" xml:lang=\"SV-SE\" data-contrast=\"auto\"><span class=\"NormalTextRun BCX9 SCXW108646669\">\u00a0g\u00f6ra egna uppgifter (<\/span><\/span><span class=\"TextRun BCX9 SCXW108646669\" lang=\"SV-SE\" xml:lang=\"SV-SE\" data-contrast=\"auto\"><span class=\"NormalTextRun BCX9 SCXW108646669\">m\u00e5la, teckna, fotografera osv). <\/span><\/span><\/span><\/span><\/li>\n<li><span class=\"TextRun SCXW1959045 BCX9\" lang=\"SV-SE\" xml:lang=\"SV-SE\" data-contrast=\"auto\"><span class=\"NormalTextRun SCXW1959045 BCX9\">Hela vandringen sker utomhus och l\u00e4raren avg\u00f6r sj\u00e4lv tids\u00e5tg\u00e5ngen.<\/span><\/span><\/li>\n<\/ul>\n<h4><\/h4>\n<p>&nbsp;<\/p>\n<h4><span style=\"color: #02a4ea;\">Varmt v\u00e4lkommen till Hanaholmen &#8211; fysiskt eller virtuellt!<\/span><\/h4>\n<h4><\/h4>\n<p>&nbsp;<\/p>\n<p>Fotografier: Hanaholmen &#8211; kulturcentrum f\u00f6r Sverige och Finland<br \/>\nInl\u00e4sning av materialet: Ole \u00d8wre<br \/>\nInspelning: Clutch Productions[\/vc_column_text][vc_empty_space][\/vc_column][\/vc_row]\n<\/section>","protected":false},"excerpt":{"rendered":"<p>[vc_row css_animation=&#8221;&#8221; row_type=&#8221;row&#8221; use_row_as_full_screen_section=&#8221;no&#8221; type=&#8221;full_width&#8221; angled_section=&#8221;no&#8221; text_align=&#8221;left&#8221; background_image_as_pattern=&#8221;without_pattern&#8221; css=&#8221;.vc_custom_1578041157375{padding-top: 40px !important;}&#8221; z_index=&#8221;&#8221;][vc_column][vc_empty_space][vc_column_text] Hanaholmens Konstpark &nbsp; Roligt att ni vill bekanta er med Hanaholmens Konstpark som visar nordisk samtidskonst i vacker sk\u00e4rg\u00e5rdsmilj\u00f6. Svenska nus material m\u00f6jligg\u00f6r b\u00e5de en virtuell rundvandring eller kan anv\u00e4ndas under en fysisk&#8230;<\/p>\n","protected":false},"author":1,"featured_media":0,"parent":0,"menu_order":0,"comment_status":"closed","ping_status":"closed","template":"","meta":{"footnotes":""},"_links":{"self":[{"href":"https:\/\/svenskanu.fi\/laromaterial\/konstpark\/index.php\/wp-json\/wp\/v2\/pages\/573"}],"collection":[{"href":"https:\/\/svenskanu.fi\/laromaterial\/konstpark\/index.php\/wp-json\/wp\/v2\/pages"}],"about":[{"href":"https:\/\/svenskanu.fi\/laromaterial\/konstpark\/index.php\/wp-json\/wp\/v2\/types\/page"}],"author":[{"embeddable":true,"href":"https:\/\/svenskanu.fi\/laromaterial\/konstpark\/index.php\/wp-json\/wp\/v2\/users\/1"}],"replies":[{"embeddable":true,"href":"https:\/\/svenskanu.fi\/laromaterial\/konstpark\/index.php\/wp-json\/wp\/v2\/comments?post=573"}],"version-history":[{"count":9,"href":"https:\/\/svenskanu.fi\/laromaterial\/konstpark\/index.php\/wp-json\/wp\/v2\/pages\/573\/revisions"}],"predecessor-version":[{"id":895,"href":"https:\/\/svenskanu.fi\/laromaterial\/konstpark\/index.php\/wp-json\/wp\/v2\/pages\/573\/revisions\/895"}],"wp:attachment":[{"href":"https:\/\/svenskanu.fi\/laromaterial\/konstpark\/index.php\/wp-json\/wp\/v2\/media?parent=573"}],"curies":[{"name":"wp","href":"https:\/\/api.w.org\/{rel}","templated":true}]}}