{"id":38,"date":"2018-12-10T13:53:06","date_gmt":"2018-12-10T13:53:06","guid":{"rendered":"http:\/\/svenskanu.fi\/laromaterial\/ll-bladet\/?page_id=38"},"modified":"2024-03-06T12:32:39","modified_gmt":"2024-03-06T12:32:39","slug":"lararhandledning","status":"publish","type":"page","link":"https:\/\/svenskanu.fi\/laromaterial\/ll-bladet\/lararhandledning\/","title":{"rendered":"L\u00e4rarhandledning"},"content":{"rendered":"<section class=\"wpb-content-wrapper\">[vc_row row_type=&#8221;row&#8221; use_row_as_full_screen_section=&#8221;no&#8221; type=&#8221;grid&#8221; angled_section=&#8221;no&#8221; text_align=&#8221;left&#8221; background_image_as_pattern=&#8221;without_pattern&#8221; z_index=&#8221;&#8221; css=&#8221;.vc_custom_1544449473398{padding-top: 160px !important;padding-bottom: 40px !important;}&#8221;][vc_column width=&#8221;1\/6&#8243; css=&#8221;.vc_custom_1709728197124{border-top-width: 2px !important;border-right-width: 2px !important;border-bottom-width: 2px !important;border-left-width: 2px !important;padding-top: 5% !important;padding-right: 5% !important;padding-bottom: 5% !important;padding-left: 5% !important;}&#8221;][\/vc_column][vc_column width=&#8221;2\/3&#8243; css=&#8221;.vc_custom_1709728347042{background-color: #ffffff !important;border-radius: 10px !important;}&#8221;][vc_empty_space][vc_column_text]\n<h1>L\u00c4RARHANDLEDNING<\/h1>\n[\/vc_column_text][vc_empty_space][vc_column_text]<span style=\"color: black;\">L\u00e4tta bladet \u00e4r en l\u00e4ttl\u00e4st, svenskspr\u00e5kig tidning som kommer ut varannan vecka. En stor del av L\u00e4tta bladets artiklar kan l\u00e4sas p\u00e5 tidningens\u00a0hemsida <a href=\"http:\/\/lattabladet.fi\/\"><strong> lattabladet.fi<\/strong><\/a>. <\/span><\/p>\n<p>&nbsp;<\/p>\n<p><span style=\"color: black;\">Svenska nu utarbetar \u00f6vningar till Latta bladets artiklar. Vi v\u00e4ljer intressanta artiklar med olika teman och i olika sv\u00e5righetsgrader. \u00d6vningarna \u00e4r avsedda f\u00f6r b\u00e5de h\u00f6gstadie- och gymnasieelever.<\/span><\/p>\n<p>&nbsp;<\/p>\n<p><span style=\"color: black;\">Du kan bl\u00e4ddra igenom de artiklar som vi har valt genom att \u00f6ppna Kategori-menyn i \u00f6vre balken eller p\u00e5 f\u00f6rsta sidan. V\u00e4lj den avdelning som du vill l\u00e4sa nyheter om. I listan som \u00f6ppnas ser du rubriker (med utgivningsdatum) till artiklar som h\u00f6r till denna avdelning.\u00a0 Du kan ocks\u00e5 anv\u00e4nda <a href=\"http:\/\/svenskanu.fi\/laromaterial\/ll-bladet\/\"><strong>s\u00f6kfunktionen<\/strong><\/a> p\u00e5 f\u00f6rsta sidan f\u00f6r att hitta intressanta artiklar. N\u00e4r du v\u00e4ljer kategorin <a href=\"http:\/\/svenskanu.fi\/laromaterial\/ll-bladet\/senaste-nummer\/\"><strong>Senaste nummer<\/strong><\/a> hittar du alltid de nyaste artiklarna och uppgifterna.<\/span><\/p>\n<p>&nbsp;<\/p>\n<p><span style=\"color: black;\">Varje artikel kommer med inneh\u00e5llsfr\u00e5gor och en\u00a0till\u00e4ggsuppgift som ger \u00f6vning i artikelns ordf\u00f6rr\u00e5d.\u00a0<\/span>[\/vc_column_text][vc_empty_space][vc_single_image image=&#8221;1696&#8243; alignment=&#8221;center&#8221; onclick=&#8221;custom_link&#8221; qode_css_animation=&#8221;&#8221; link=&#8221;https:\/\/ll-bladet.fi\/&#8221;][\/vc_column][vc_column width=&#8221;1\/6&#8243;][\/vc_column][\/vc_row]\n<\/section>","protected":false},"excerpt":{"rendered":"<p>[vc_row row_type=&#8221;row&#8221; use_row_as_full_screen_section=&#8221;no&#8221; type=&#8221;grid&#8221; angled_section=&#8221;no&#8221; text_align=&#8221;left&#8221; background_image_as_pattern=&#8221;without_pattern&#8221; z_index=&#8221;&#8221; css=&#8221;.vc_custom_1544449473398{padding-top: 160px !important;padding-bottom: 40px !important;}&#8221;][vc_column width=&#8221;1\/6&#8243; css=&#8221;.vc_custom_1709728197124{border-top-width: 2px !important;border-right-width: 2px !important;border-bottom-width: 2px !important;border-left-width: 2px !important;padding-top: 5% !important;padding-right: 5% !important;padding-bottom: 5% !important;padding-left: 5% !important;}&#8221;][\/vc_column][vc_column width=&#8221;2\/3&#8243; css=&#8221;.vc_custom_1709728347042{background-color: #ffffff !important;border-radius: 10px !important;}&#8221;][vc_empty_space][vc_column_text] L\u00c4RARHANDLEDNING [\/vc_column_text][vc_empty_space][vc_column_text]L\u00e4tta bladet \u00e4r en l\u00e4ttl\u00e4st, svenskspr\u00e5kig tidning&#8230;<\/p>\n","protected":false},"author":1,"featured_media":0,"parent":0,"menu_order":0,"comment_status":"closed","ping_status":"closed","template":"full_width.php","meta":[],"_links":{"self":[{"href":"https:\/\/svenskanu.fi\/laromaterial\/ll-bladet\/wp-json\/wp\/v2\/pages\/38"}],"collection":[{"href":"https:\/\/svenskanu.fi\/laromaterial\/ll-bladet\/wp-json\/wp\/v2\/pages"}],"about":[{"href":"https:\/\/svenskanu.fi\/laromaterial\/ll-bladet\/wp-json\/wp\/v2\/types\/page"}],"author":[{"embeddable":true,"href":"https:\/\/svenskanu.fi\/laromaterial\/ll-bladet\/wp-json\/wp\/v2\/users\/1"}],"replies":[{"embeddable":true,"href":"https:\/\/svenskanu.fi\/laromaterial\/ll-bladet\/wp-json\/wp\/v2\/comments?post=38"}],"version-history":[{"count":34,"href":"https:\/\/svenskanu.fi\/laromaterial\/ll-bladet\/wp-json\/wp\/v2\/pages\/38\/revisions"}],"predecessor-version":[{"id":2101,"href":"https:\/\/svenskanu.fi\/laromaterial\/ll-bladet\/wp-json\/wp\/v2\/pages\/38\/revisions\/2101"}],"wp:attachment":[{"href":"https:\/\/svenskanu.fi\/laromaterial\/ll-bladet\/wp-json\/wp\/v2\/media?parent=38"}],"curies":[{"name":"wp","href":"https:\/\/api.w.org\/{rel}","templated":true}]}}