{"id":18,"date":"2019-01-10T12:55:27","date_gmt":"2019-01-10T10:55:27","guid":{"rendered":"http:\/\/svenskanu.fi\/laromaterial\/minnacanth\/?page_id=18"},"modified":"2021-03-19T08:31:24","modified_gmt":"2021-03-19T06:31:24","slug":"avancerad","status":"publish","type":"page","link":"https:\/\/svenskanu.fi\/laromaterial\/minnacanth\/index.php\/avancerad\/","title":{"rendered":"Avancerad"},"content":{"rendered":"<section class=\"wpb-content-wrapper\">[vc_row css_animation=&#8221;&#8221; row_type=&#8221;row&#8221; use_row_as_full_screen_section=&#8221;no&#8221; type=&#8221;full_width&#8221; angled_section=&#8221;no&#8221; text_align=&#8221;left&#8221; background_image_as_pattern=&#8221;without_pattern&#8221;][vc_column][vc_video link=&#8221;https:\/\/youtu.be\/I63yAz1qkoU&#8221;][vc_column_text]\n<p style=\"text-align: right;\"><a href=\"\/laromaterial\/minnacanth\/wp-content\/uploads\/2019\/01\/Avancerad_A4_Inledning.pdf\" target=\"_blank\" rel=\"noopener\">Videons text som pdf<\/a><\/p>\n[\/vc_column_text][\/vc_column][\/vc_row][vc_row css_animation=&#8221;&#8221; row_type=&#8221;row&#8221; use_row_as_full_screen_section=&#8221;no&#8221; type=&#8221;full_width&#8221; angled_section=&#8221;no&#8221; text_align=&#8221;left&#8221; background_image_as_pattern=&#8221;without_pattern&#8221; css=&#8221;.vc_custom_1548239697902{padding-top: 40px !important;padding-bottom: 40px !important;}&#8221; z_index=&#8221;&#8221;][vc_column][vc_column_text]Minna Canth (1844\u20131897, f\u00f6dd Ulrika Wilhelmina Johnson) \u00e4r en ber\u00f6md f\u00f6rfattare och var en aktiv p\u00e5verkare i samh\u00e4lleliga fr\u00e5gor. Canth iakttog samh\u00e4llet hon levde i kritiskt,och tog som sin uppgift att f\u00f6rb\u00e4ttra situationen bland annat genom att fr\u00e4mja flickors m\u00f6jlighet att g\u00e5 i skola.<\/p>\n<p>&nbsp;<\/p>\n<p>Canth var tv\u00e5spr\u00e5kig och p\u00e5verkade kulturkretsar i hela Finland. I sin barndom bodde Canth i Tammerfors och Kuopio och flyttade sedan till Jyv\u00e4skyl\u00e4 f\u00f6r att studera p\u00e5 l\u00e4rarseminariet. I Jyv\u00e4skyl\u00e4 tr\u00e4ffade Canth sin make, Ferdinand Canth. Efter Ferdinands tidiga bortg\u00e5ng flyttade Canth tillbaka till Kuopio, d\u00e4r hon skrev sina mest <span class=\"tooltips \" style=\"\" title=\"Minna Canth skrev pj\u00e4ser och noveller. Bland hennes mest betydande verk finns pj\u00e4serna Ty\u00f6miehen vaimo (1885) och Papin perhe (1891) och novellerna K\u00f6yh\u00e4\u00e4 kansaa (1886) och Kauppa-Lopo (1889).\"><span style=\"color: #ed008c;\">betydande verk<\/span><\/span>. I Kuopio var hon ocks\u00e5 verksam som <span class=\"tooltips \" style=\"\" title=\"ut\u00f6ver att Canth talade svenska med sina syskon och i skolan, beh\u00f6vde hon svenska ocks\u00e5 som f\u00f6retagare eftersom alla aff\u00e4rsbrev skrevs p\u00e5 svenska\"><span style=\"color: #ed008c;\">entrepren\u00f6r<\/span><\/span>. Hon tog \u00f6ver sina f\u00f6r\u00e4ldrars tyg-och garnbutik och drev verksamheten framg\u00e5ngsrikt.<\/p>\n<p>&nbsp;<\/p>\n<p>Minna Canth var den f\u00f6rsta finskspr\u00e5kiga kvinnan som p\u00e5verkade b\u00e5de som f\u00f6rfattare och journalist. Hon \u00e4r en av de mest betydande f\u00f6rfattarna i Finland. Det har sagts att hon har p\u00e5verkat v\u00e5ra sociala f\u00f6rh\u00e5llanden mer \u00e4n n\u00e5gon annan finsk f\u00f6rfattare.<\/p>\n<p>&nbsp;<\/p>\n<p>J\u00e4mst\u00e4lldhet mellan m\u00e4n och kvinnor var viktigt f\u00f6r Minna Canth och hon k\u00e4mpade f\u00f6r kvinnornas r\u00e4ttigheter. Diskussionen om j\u00e4mst\u00e4lldhet p\u00e5 2000-talet, till exempel inkomstskillnader mellan m\u00e4n och kvinnor, f\u00f6rv\u00e4ntningar p\u00e5 m\u00e4n och kvinnor och senast #metoo-kampanjen, visar att Minna Canths arv fortfarande \u00e4r aktuellt. Minna Canths betydelse framg\u00e5r ocks\u00e5 av att flygbolaget Norwegian har avbildat henne p\u00e5 ett av sina flygplan. I dag \u00e4r Minna Canths f\u00f6delsedag den 19 mars en officiell flaggdag. Samma dag \u00e4r ocks\u00e5 den officiella dagen f\u00f6r j\u00e4mst\u00e4lldhet.[\/vc_column_text][vc_empty_space][vc_column_text]<span class=\"collapseomatic \" id=\"id69fb0aef38690\"  tabindex=\"0\" title=\"&lt;strong&gt;Ordlista&lt;\/strong&gt;\"    ><strong>Ordlista<\/strong><\/span><div id=\"target-id69fb0aef38690\" class=\"collapseomatic_content \">\n<table width=\"398\">\n<tbody>\n<tr>\n<td width=\"290\">ber\u00f6md, -t, -a<\/td>\n<td width=\"107\">kuuluisa<\/td>\n<\/tr>\n<tr>\n<td width=\"290\">en p\u00e5verkare, -en, -, -arna<\/td>\n<td width=\"107\">vaikuttaja<\/td>\n<\/tr>\n<tr>\n<td width=\"290\">samh\u00e4llelig, -t, -a<\/td>\n<td width=\"107\">yhteiskunnallinen<\/td>\n<\/tr>\n<tr>\n<td width=\"290\">iaktta, -ar, -tog, -tagit<\/td>\n<td width=\"107\">tarkkailla<\/td>\n<\/tr>\n<tr>\n<td width=\"290\">ett samh\u00e4lle, -t, -n, -na<\/td>\n<td width=\"107\">yhteiskunta<\/td>\n<\/tr>\n<tr>\n<td width=\"290\">f\u00f6rb\u00e4ttra, -ar, -ade, -at<\/td>\n<td width=\"107\">parantaa<\/td>\n<\/tr>\n<tr>\n<td width=\"290\">fr\u00e4mja, -ar, -ade, -at<\/td>\n<td width=\"107\">edist\u00e4\u00e4<\/td>\n<\/tr>\n<tr>\n<td width=\"290\">tv\u00e5spr\u00e5kig, -t, -a<\/td>\n<td width=\"107\">kaksikielinen<\/td>\n<\/tr>\n<tr>\n<td width=\"290\">en kulturkrets, -en , -ar, -arna<\/td>\n<td width=\"107\">kulttuuripiiri<\/td>\n<\/tr>\n<tr>\n<td width=\"290\">l\u00e4rarseminariet<\/td>\n<td width=\"107\">opettajaseminaari<\/td>\n<\/tr>\n<tr>\n<td width=\"290\">bortg\u00e5ng, -en<\/td>\n<td width=\"107\">poismeno<\/td>\n<\/tr>\n<tr>\n<td width=\"290\">betydande<\/td>\n<td width=\"107\">merkityksellinen<\/td>\n<\/tr>\n<tr>\n<td width=\"290\">ett verk, -et, -, -en<\/td>\n<td width=\"107\">teos<\/td>\n<\/tr>\n<tr>\n<td width=\"290\">vara verksam<\/td>\n<td width=\"107\">toimia<\/td>\n<\/tr>\n<tr>\n<td width=\"290\">en entrepren\u00f6r, -en , -er, -erna<\/td>\n<td width=\"107\">yritt\u00e4j\u00e4<\/td>\n<\/tr>\n<tr>\n<td width=\"290\">ta, tar, tog, tagit \u00f6ver<\/td>\n<td width=\"107\">ottaa haltuun<\/td>\n<\/tr>\n<tr>\n<td width=\"290\">driva, driver, drev, drivit<\/td>\n<td width=\"107\">johtaa<\/td>\n<\/tr>\n<tr>\n<td width=\"290\">framg\u00e5ngsrik, -t, -a<\/td>\n<td width=\"107\">menestyksek\u00e4s<\/td>\n<\/tr>\n<tr>\n<td width=\"290\">en journalist, -en, -er, -erna<\/td>\n<td width=\"107\">toimittaja<\/td>\n<\/tr>\n<tr>\n<td width=\"290\">betydande<\/td>\n<td width=\"107\">merkityksellinen<\/td>\n<\/tr>\n<tr>\n<td width=\"290\">ett f\u00f6rh\u00e5llande, -t, -n, -na<\/td>\n<td width=\"107\">olosuhde<\/td>\n<\/tr>\n<tr>\n<td width=\"290\">j\u00e4mst\u00e4lldhet, -en<\/td>\n<td width=\"107\">tasa-arvo<\/td>\n<\/tr>\n<tr>\n<td width=\"290\">k\u00e4mpa, -ar, -ade, -at<\/td>\n<td width=\"107\">taistella<\/td>\n<\/tr>\n<tr>\n<td width=\"290\">en r\u00e4ttighet, -en, -er, -erna<\/td>\n<td width=\"107\">oikeus<\/td>\n<\/tr>\n<tr>\n<td width=\"290\">inkomstskillnader<\/td>\n<td width=\"107\">tuloerot<\/td>\n<\/tr>\n<tr>\n<td width=\"290\">en f\u00f6rv\u00e4ntning, -en, -ar, -arna<\/td>\n<td width=\"107\">odotus<\/td>\n<\/tr>\n<tr>\n<td width=\"290\">ett arv, -et, -, -en<\/td>\n<td width=\"107\">perint\u00f6<\/td>\n<\/tr>\n<tr>\n<td width=\"290\">ett flygbolag, -et, -, -en<\/td>\n<td width=\"107\">lentoyhti\u00f6<\/td>\n<\/tr>\n<tr>\n<td width=\"290\">avbilda, -r, -de, -t<\/td>\n<td width=\"107\">kuvata<\/td>\n<\/tr>\n<tr>\n<td width=\"290\">en flaggdag, -en, -ar, -arna<\/td>\n<td width=\"107\">liputusp\u00e4iv\u00e4<\/td>\n<\/tr>\n<\/tbody>\n<\/table>\n<\/div>[\/vc_column_text][\/vc_column][\/vc_row][vc_row css_animation=&#8221;&#8221; row_type=&#8221;row&#8221; use_row_as_full_screen_section=&#8221;no&#8221; type=&#8221;full_width&#8221; angled_section=&#8221;no&#8221; text_align=&#8221;center&#8221; background_image_as_pattern=&#8221;without_pattern&#8221; css=&#8221;.vc_custom_1547117989685{padding-top: 60px !important;padding-bottom: 100px !important;}&#8221; z_index=&#8221;&#8221;][vc_column width=&#8221;1\/3&#8243;]<a  itemprop=\"url\" href=\"\/laromaterial\/minnacanth\/index.php\/avancerad\/den-tvasprakiga-minna-canth\/\" target=\"_self\"  class=\"qbutton  default\" style=\"\">Den tv\u00e5spr\u00e5kiga Minna Canth<\/a>[vc_empty_space][\/vc_column][vc_column width=&#8221;1\/3&#8243;]<a  itemprop=\"url\" href=\"\/laromaterial\/minnacanth\/index.php\/avancerad\/minna-canth-som-samhallsdebattor\/\" target=\"_self\"  class=\"qbutton  default\" style=\"\">Minna Canth som samh\u00e4llsdebatt\u00f6r<\/a>[vc_empty_space][\/vc_column][vc_column width=&#8221;1\/3&#8243;]<a  itemprop=\"url\" href=\"\/laromaterial\/minnacanth\/index.php\/avancerad\/minna-canth-metoo\/\" target=\"_self\"  class=\"qbutton  default\" style=\"\">Minna Canth &amp; #metoo<\/a>[vc_empty_space][\/vc_column][\/vc_row]\n<\/section>","protected":false},"excerpt":{"rendered":"<p>[vc_row css_animation=&#8221;&#8221; row_type=&#8221;row&#8221; use_row_as_full_screen_section=&#8221;no&#8221; type=&#8221;full_width&#8221; angled_section=&#8221;no&#8221; text_align=&#8221;left&#8221; background_image_as_pattern=&#8221;without_pattern&#8221;][vc_column][vc_video link=&#8221;https:\/\/youtu.be\/I63yAz1qkoU&#8221;][vc_column_text] Videons text som pdf [\/vc_column_text][\/vc_column][\/vc_row][vc_row css_animation=&#8221;&#8221; row_type=&#8221;row&#8221; use_row_as_full_screen_section=&#8221;no&#8221; type=&#8221;full_width&#8221; angled_section=&#8221;no&#8221; text_align=&#8221;left&#8221; background_image_as_pattern=&#8221;without_pattern&#8221; css=&#8221;.vc_custom_1548239697902{padding-top: 40px !important;padding-bottom: 40px !important;}&#8221; z_index=&#8221;&#8221;][vc_column][vc_column_text]Minna Canth (1844\u20131897, f\u00f6dd Ulrika Wilhelmina Johnson) \u00e4r en ber\u00f6md f\u00f6rfattare och var en aktiv p\u00e5verkare i samh\u00e4lleliga fr\u00e5gor&#8230;.<\/p>\n","protected":false},"author":1,"featured_media":0,"parent":0,"menu_order":0,"comment_status":"closed","ping_status":"closed","template":"","meta":{"footnotes":""},"class_list":["post-18","page","type-page","status-publish","hentry"],"_links":{"self":[{"href":"https:\/\/svenskanu.fi\/laromaterial\/minnacanth\/index.php\/wp-json\/wp\/v2\/pages\/18","targetHints":{"allow":["GET"]}}],"collection":[{"href":"https:\/\/svenskanu.fi\/laromaterial\/minnacanth\/index.php\/wp-json\/wp\/v2\/pages"}],"about":[{"href":"https:\/\/svenskanu.fi\/laromaterial\/minnacanth\/index.php\/wp-json\/wp\/v2\/types\/page"}],"author":[{"embeddable":true,"href":"https:\/\/svenskanu.fi\/laromaterial\/minnacanth\/index.php\/wp-json\/wp\/v2\/users\/1"}],"replies":[{"embeddable":true,"href":"https:\/\/svenskanu.fi\/laromaterial\/minnacanth\/index.php\/wp-json\/wp\/v2\/comments?post=18"}],"version-history":[{"count":28,"href":"https:\/\/svenskanu.fi\/laromaterial\/minnacanth\/index.php\/wp-json\/wp\/v2\/pages\/18\/revisions"}],"predecessor-version":[{"id":434,"href":"https:\/\/svenskanu.fi\/laromaterial\/minnacanth\/index.php\/wp-json\/wp\/v2\/pages\/18\/revisions\/434"}],"wp:attachment":[{"href":"https:\/\/svenskanu.fi\/laromaterial\/minnacanth\/index.php\/wp-json\/wp\/v2\/media?parent=18"}],"curies":[{"name":"wp","href":"https:\/\/api.w.org\/{rel}","templated":true}]}}