{"id":23,"date":"2019-01-10T13:01:33","date_gmt":"2019-01-10T11:01:33","guid":{"rendered":"http:\/\/svenskanu.fi\/laromaterial\/minnacanth\/?page_id=23"},"modified":"2019-02-11T15:31:25","modified_gmt":"2019-02-11T13:31:25","slug":"lattlast","status":"publish","type":"page","link":"https:\/\/svenskanu.fi\/laromaterial\/minnacanth\/index.php\/lattlast\/","title":{"rendered":"L\u00e4ttl\u00e4st"},"content":{"rendered":"<section class=\"wpb-content-wrapper\">[vc_row css_animation=&#8221;&#8221; row_type=&#8221;row&#8221; use_row_as_full_screen_section=&#8221;no&#8221; type=&#8221;full_width&#8221; angled_section=&#8221;no&#8221; text_align=&#8221;left&#8221; background_image_as_pattern=&#8221;without_pattern&#8221;][vc_column][vc_video link=&#8221;https:\/\/youtu.be\/gkfYOUeVbMA&#8221;][vc_column_text]\n<p style=\"text-align: right;\"><a href=\"\/laromaterial\/minnacanth\/wp-content\/uploads\/2019\/01\/Avancerad_A4_Inledning.pdf\" target=\"_blank\" rel=\"noopener\">Videons text och ordlista som pdf<\/a><\/p>\n[\/vc_column_text][\/vc_column][\/vc_row][vc_row css_animation=&#8221;&#8221; row_type=&#8221;row&#8221; use_row_as_full_screen_section=&#8221;no&#8221; type=&#8221;full_width&#8221; angled_section=&#8221;no&#8221; text_align=&#8221;left&#8221; background_image_as_pattern=&#8221;without_pattern&#8221; css=&#8221;.vc_custom_1548245420621{padding-top: 40px !important;padding-bottom: 40px !important;}&#8221; z_index=&#8221;&#8221;][vc_column][vc_column_text]Minna Canth (1844\u20131897, f\u00f6dd Ulrika Wilhelmina Johnson) \u00e4r en ber\u00f6md f\u00f6rfattare som ville f\u00f6rb\u00e4ttra samh\u00e4llet. Hon ville bland annat att flickorna skulle ha b\u00e4ttre m\u00f6jligheter att g\u00e5 i skola.<\/p>\n<p>&nbsp;<\/p>\n<p>Canth har haft en stor inverkan p\u00e5 det finska samh\u00e4llet och kulturlivet. Hon var ocks\u00e5 k\u00e4nd utomlands. Canth talade b\u00e5de finska och svenska.<\/p>\n<p>&nbsp;<\/p>\n<p>Under sitt liv bodde hon i Tammerfors, Jyv\u00e4skyl\u00e4 och Kuopio. Hon var en k\u00e4nd kulturperson i Kuopio, och skrev b\u00f6cker och artiklar i olika tidningar. I Kuopio drev hon ocks\u00e5 en <span class=\"tooltips \" style=\"\" title=\"ut\u00f6ver att Canth talade svenska med sina syskon och i skolan, beh\u00f6vde hon svenska ocks\u00e5 som f\u00f6retagare eftersom alla aff\u00e4rsbrev skrevs p\u00e5 svenska\"><span style=\"color: #ed008c;\">tyg- och garnbutik<\/span><\/span>.<\/p>\n<p>&nbsp;<\/p>\n<p>Minna Canths f\u00f6delsedag den 19 mars \u00e4r i dag en officiell flaggdag.[\/vc_column_text][vc_empty_space][vc_column_text]<span class=\"collapseomatic \" id=\"id69fb0f35e293e\"  tabindex=\"0\" title=\"&lt;strong&gt;Ordlista&lt;\/strong&gt;\"    ><strong>Ordlista<\/strong><\/span><div id=\"target-id69fb0f35e293e\" class=\"collapseomatic_content \">\n<table width=\"412\">\n<tbody>\n<tr>\n<td width=\"298\">ber\u00f6md, -t, -a<\/td>\n<td width=\"115\">kuuluisa<\/td>\n<\/tr>\n<tr>\n<td width=\"298\">ett samh\u00e4lle, -t, -n, -na<\/td>\n<td width=\"115\">yhteiskunta<\/td>\n<\/tr>\n<tr>\n<td width=\"298\">en m\u00f6jlighet, -en, -er, -erna<\/td>\n<td width=\"115\">mahdollisuus<\/td>\n<\/tr>\n<tr>\n<td width=\"298\">inverkan<\/td>\n<td width=\"115\">vaikutus<\/td>\n<\/tr>\n<tr>\n<td width=\"298\">kulturlivet<\/td>\n<td width=\"115\">kulttuuriel\u00e4m\u00e4<\/td>\n<\/tr>\n<tr>\n<td width=\"298\">vara k\u00e4nd<\/td>\n<td width=\"115\">olla tunnettu<\/td>\n<\/tr>\n<tr>\n<td width=\"298\">utomlands<\/td>\n<td width=\"115\">ulkomailla<\/td>\n<\/tr>\n<tr>\n<td width=\"298\">en kulturperson<\/td>\n<td width=\"115\">kulttuuripersoona<\/td>\n<\/tr>\n<tr>\n<td width=\"298\">en tidning, -en, -ar, -arna<\/td>\n<td width=\"115\">sanomalehti<\/td>\n<\/tr>\n<tr>\n<td width=\"298\">driva, driver, drev, drivit<\/td>\n<td width=\"115\">harjoittaa, hoitaa yrityst\u00e4<\/td>\n<\/tr>\n<tr>\n<td width=\"298\">en butik, -en, -er, -erna<\/td>\n<td width=\"115\">kauppa<\/td>\n<\/tr>\n<tr>\n<td width=\"298\">en f\u00f6delsedag, -en, -ar, -arna<\/td>\n<td width=\"115\">syntym\u00e4p\u00e4iv\u00e4<\/td>\n<\/tr>\n<tr>\n<td width=\"298\">en flaggdag, -en, -ar, -arna<\/td>\n<td width=\"115\">liputusp\u00e4iv\u00e4<\/td>\n<\/tr>\n<\/tbody>\n<\/table>\n<\/div>[\/vc_column_text][\/vc_column][\/vc_row][vc_row css_animation=&#8221;&#8221; row_type=&#8221;row&#8221; use_row_as_full_screen_section=&#8221;no&#8221; type=&#8221;full_width&#8221; angled_section=&#8221;no&#8221; text_align=&#8221;center&#8221; background_image_as_pattern=&#8221;without_pattern&#8221; css=&#8221;.vc_custom_1547117989685{padding-top: 60px !important;padding-bottom: 100px !important;}&#8221; z_index=&#8221;&#8221;][vc_column width=&#8221;1\/3&#8243;]<a  itemprop=\"url\" href=\"\/laromaterial\/minnacanth\/index.php\/lattlast\/den-tvasprakiga-minna-canth\/\" target=\"_self\"  class=\"qbutton  default\" style=\"\">Den tv\u00e5spr\u00e5kiga Minna Canth<\/a>[vc_empty_space][\/vc_column][vc_column width=&#8221;1\/3&#8243;]<a  itemprop=\"url\" href=\"\/laromaterial\/minnacanth\/index.php\/lattlast\/minna-canth-som-samhallsdebattor\/\" target=\"_self\"  class=\"qbutton  default\" style=\"\">Minna Canth som samh\u00e4llsdebatt\u00f6r<\/a>[vc_empty_space][\/vc_column][vc_column width=&#8221;1\/3&#8243;]<a  itemprop=\"url\" href=\"\/laromaterial\/minnacanth\/index.php\/lattlast\/minna-canth-metoo\/\" target=\"_self\"  class=\"qbutton  default\" style=\"\">Minna Canth &amp; #metoo<\/a>[vc_empty_space][\/vc_column][\/vc_row]\n<\/section>","protected":false},"excerpt":{"rendered":"<p>[vc_row css_animation=&#8221;&#8221; row_type=&#8221;row&#8221; use_row_as_full_screen_section=&#8221;no&#8221; type=&#8221;full_width&#8221; angled_section=&#8221;no&#8221; text_align=&#8221;left&#8221; background_image_as_pattern=&#8221;without_pattern&#8221;][vc_column][vc_video link=&#8221;https:\/\/youtu.be\/gkfYOUeVbMA&#8221;][vc_column_text] Videons text och ordlista som pdf [\/vc_column_text][\/vc_column][\/vc_row][vc_row css_animation=&#8221;&#8221; row_type=&#8221;row&#8221; use_row_as_full_screen_section=&#8221;no&#8221; type=&#8221;full_width&#8221; angled_section=&#8221;no&#8221; text_align=&#8221;left&#8221; background_image_as_pattern=&#8221;without_pattern&#8221; css=&#8221;.vc_custom_1548245420621{padding-top: 40px !important;padding-bottom: 40px !important;}&#8221; z_index=&#8221;&#8221;][vc_column][vc_column_text]Minna Canth (1844\u20131897, f\u00f6dd Ulrika Wilhelmina Johnson) \u00e4r en ber\u00f6md f\u00f6rfattare som ville f\u00f6rb\u00e4ttra samh\u00e4llet. Hon ville&#8230;<\/p>\n","protected":false},"author":1,"featured_media":0,"parent":0,"menu_order":0,"comment_status":"closed","ping_status":"closed","template":"","meta":{"footnotes":""},"class_list":["post-23","page","type-page","status-publish","hentry"],"_links":{"self":[{"href":"https:\/\/svenskanu.fi\/laromaterial\/minnacanth\/index.php\/wp-json\/wp\/v2\/pages\/23","targetHints":{"allow":["GET"]}}],"collection":[{"href":"https:\/\/svenskanu.fi\/laromaterial\/minnacanth\/index.php\/wp-json\/wp\/v2\/pages"}],"about":[{"href":"https:\/\/svenskanu.fi\/laromaterial\/minnacanth\/index.php\/wp-json\/wp\/v2\/types\/page"}],"author":[{"embeddable":true,"href":"https:\/\/svenskanu.fi\/laromaterial\/minnacanth\/index.php\/wp-json\/wp\/v2\/users\/1"}],"replies":[{"embeddable":true,"href":"https:\/\/svenskanu.fi\/laromaterial\/minnacanth\/index.php\/wp-json\/wp\/v2\/comments?post=23"}],"version-history":[{"count":16,"href":"https:\/\/svenskanu.fi\/laromaterial\/minnacanth\/index.php\/wp-json\/wp\/v2\/pages\/23\/revisions"}],"predecessor-version":[{"id":380,"href":"https:\/\/svenskanu.fi\/laromaterial\/minnacanth\/index.php\/wp-json\/wp\/v2\/pages\/23\/revisions\/380"}],"wp:attachment":[{"href":"https:\/\/svenskanu.fi\/laromaterial\/minnacanth\/index.php\/wp-json\/wp\/v2\/media?parent=23"}],"curies":[{"name":"wp","href":"https:\/\/api.w.org\/{rel}","templated":true}]}}