{"id":28,"date":"2019-01-10T13:14:02","date_gmt":"2019-01-10T11:14:02","guid":{"rendered":"http:\/\/svenskanu.fi\/laromaterial\/minnacanth\/?page_id=28"},"modified":"2025-03-19T10:37:02","modified_gmt":"2025-03-19T08:37:02","slug":"den-tvasprakiga-minna-canth","status":"publish","type":"page","link":"https:\/\/svenskanu.fi\/laromaterial\/minnacanth\/index.php\/avancerad\/den-tvasprakiga-minna-canth\/","title":{"rendered":"Den tv\u00e5spr\u00e5kiga Minna Canth"},"content":{"rendered":"<section class=\"wpb-content-wrapper\">[vc_row css_animation=&#8221;&#8221; row_type=&#8221;row&#8221; use_row_as_full_screen_section=&#8221;no&#8221; type=&#8221;grid&#8221; angled_section=&#8221;no&#8221; text_align=&#8221;left&#8221; background_image_as_pattern=&#8221;without_pattern&#8221; css=&#8221;.vc_custom_1547454510371{padding-top: 20px !important;}&#8221; z_index=&#8221;&#8221;][vc_column][vc_column_text]<div class=\"sc_fancy_player_container\"><!--[if lt IE 9]><script>document.createElement('audio');<\/script><![endif]-->\n<audio class=\"wp-audio-shortcode\" id=\"audio-28-1\" preload=\"none\" style=\"width: 100%;\" controls=\"controls\"><source type=\"audio\/mpeg\" src=\"\/laromaterial\/minnacanth\/wp-content\/uploads\/2019\/01\/Den-tvasprakiga-Minna-Canth_Avancerad.mp3?_=1\" \/><a href=\"\/laromaterial\/minnacanth\/wp-content\/uploads\/2019\/01\/Den-tvasprakiga-Minna-Canth_Avancerad.mp3\">\/laromaterial\/minnacanth\/wp-content\/uploads\/2019\/01\/Den-tvasprakiga-Minna-Canth_Avancerad.mp3<\/a><\/audio><\/div>[\/vc_column_text][\/vc_column][\/vc_row][vc_row css_animation=&#8221;&#8221; row_type=&#8221;row&#8221; use_row_as_full_screen_section=&#8221;no&#8221; type=&#8221;grid&#8221; angled_section=&#8221;no&#8221; text_align=&#8221;left&#8221; background_image_as_pattern=&#8221;without_pattern&#8221; css=&#8221;.vc_custom_1547453471045{padding-top: 40px !important;padding-bottom: 40px !important;}&#8221; z_index=&#8221;&#8221;][vc_column width=&#8221;1\/2&#8243; css=&#8221;.vc_custom_1548239271735{padding-right: 40px !important;}&#8221;]<div class='q_icon_with_title tiny normal_icon right '><div class=\"icon_holder \" style=\" \"><a itemprop=\"url\" href=\"\/laromaterial\/minnacanth\/wp-content\/uploads\/2019\/01\/Avancerad_A4_1.pdf\" target=\"_blank\" class=\"q_icon_link\"><span data-icon-type=\"normal\"  data-icon-hover-color=\"#000000\" style=\"font-size: 30px;\" class=\"qode_iwt_icon_holder q_font_awsome_icon fa-lg  \"><i class=\"qode_icon_font_awesome fa fa-file-pdf-o qode_iwt_icon_element\" style=\"color: #ed008c;\" ><\/i><\/span><\/a><\/div><div class=\"icon_text_holder\" style=\"\"><div class=\"icon_text_inner\" style=\"\"><h2 class=\"icon_title\" style=\"\">Den tv\u00e5spr\u00e5kiga Minna Canth<\/h2><p style=''><\/p><a itemprop='url' class='icon_with_title_link' href='\/laromaterial\/minnacanth\/wp-content\/uploads\/2019\/01\/Avancerad_A4_1.pdf' target='_blank' style=''>Read More<\/a><\/div><\/div><\/div>[vc_column_text]\n<h2><\/h2>\n<p>&nbsp;<\/p>\n<p>Minna Canth f\u00f6ddes i en finskspr\u00e5kig familj men fick sin utbildning p\u00e5 svenska. <span class=\"tooltips \" style=\"\" title=\"&lt;img class=&quot;alignnone wp-image-135 size-full&quot; src=&quot;http:\/\/svenskanu.fi\/laromaterial\/minnacanth\/wp-content\/uploads\/2019\/01\/Ung-Minna-Canth_Museoviraston-kuvakokoelmat.jpg&quot; alt=&quot;&quot; width=&quot;390&quot; height=&quot;640&quot; \/&gt;&lt;br \/&gt;\nL\u00e4hde: museovirasto, museoviraston kuvakokoelmat\"><span style=\"color: #ed008c;\">Minna<\/span><\/span> och hennes syskon blev tv\u00e5spr\u00e5kiga och talade svenska sinsemellan. Canths f\u00f6r\u00e4ldrar talade bara lite svenska och d\u00e4rf\u00f6r var det gemensamma spr\u00e5ket mellan Canth och hennes f\u00f6r\u00e4ldrar finska. Tack vare sin tv\u00e5spr\u00e5kiga bakgrund kunde Canth senare p\u00e5verka som f\u00f6rfattare i b\u00e5de finskspr\u00e5kiga och svenskspr\u00e5kiga kulturkretsar.<\/p>\n<p>&nbsp;<\/p>\n<p>I 1800-talets Finland var <span class=\"tooltips \" style=\"\" title=\"1800-luvun Suomessa suomen kielen asema her\u00e4tti suurta kiistaa. Sivistyneist\u00f6 jakaantui lopulta kahtiasvekomaaneihin ja fennomaaneihin, sen mukaan kumpaa kielt\u00e4 he kannattivat. My\u00f6s monet ruotsinkieliset olivat fennomaaneja ja halusivat parantaa suomen kielen asemaa\"><span style=\"color: #ed008c;\">spr\u00e5kstriden<\/span><\/span>\u00a0\u00e4nnu i full g\u00e5ng. Den finska identiteten var p\u00e5 v\u00e4g att skapas. \u00c5r 1865 gifte sig Minna Canth (som var f\u00f6dd Ulrika Wilhelmina Johnson) med den svenskspr\u00e5kige men finsksinnade\u00a0<span class=\"tooltips \" style=\"\" title=\"&lt;img class=&quot;alignnone wp-image-136 size-full&quot; src=&quot;http:\/\/svenskanu.fi\/laromaterial\/minnacanth\/wp-content\/uploads\/2019\/01\/Museoviraston-kuvakokoelmat_Minna-ja-Ferdinand-Canth.jpg&quot; alt=&quot;&quot; width=&quot;362&quot; height=&quot;640&quot; \/&gt;&lt;br \/&gt;\nL\u00e4hde: Museovirasto, museoviraston kuvakokoelmat.\"><span style=\"color: #ed008c;\">Ferdinand Canth<\/span><\/span> som var hennes l\u00e4rare p\u00e5 l\u00e4rarseminariet i Jyv\u00e4skyl\u00e4. B\u00e5de Minna och Ferdinand var\u00a0<span class=\"tooltips \" style=\"\" title=\"suomenmielinen, suomen kielen puolesta puhuja\"><span style=\"color: #ed008c;\">fennomaner<\/span><\/span> och ville fr\u00e4mja det finska spr\u00e5kets st\u00e4llning i Finland. Minna stod bakom id\u00e9n om j\u00e4mlikheten och ville att alla barn skulle ha r\u00e4tten att g\u00e5 i skolan p\u00e5 sitt eget modersm\u00e5l. P\u00e5 den tiden var det vanligt att barn gick i skolan p\u00e5 svenska. Syftet med Jyv\u00e4skyl\u00e4 l\u00e4rarseminarium var att utbilda l\u00e4rare som kunde undervisa p\u00e5 finska.<\/p>\n<p>&nbsp;<\/p>\n<p>Spr\u00e5kstriden visade sig ocks\u00e5 i litteraturen. Varje finskspr\u00e5kigt verk var en seger f\u00f6r finskheten. Det v\u00e4ckte d\u00e4rf\u00f6r diskussion n\u00e4r Minna Canth skrev en av sina pj\u00e4ser Sylvi p\u00e5 svenska. Hon ans\u00e5g att hennes moderna realistiska verk b\u00e4ttre skulle tas emot i de svenskspr\u00e5kiga kulturkretsarna i Finland. Det var ocks\u00e5 ett s\u00e4tt f\u00f6r henne att n\u00e5 ut till en bredare publik. Spr\u00e5kbytet ledde till att hon blev k\u00e4nd i det svenskspr\u00e5kiga Finland och utanf\u00f6r Finlands gr\u00e4nser, fr\u00e4mst i Sverige. Fyra av hennes pj\u00e4ser \u00f6versattes till svenska. Canth tyckte sj\u00e4lv att kunskaper i svenska var <span class=\"tooltips \" style=\"\" title=\"&lt;span lang=&quot;SV&quot;&gt;ut\u00f6ver att Canth talade svenska med sina syskon och i skolan, beh\u00f6vde hon svenska ocks\u00e5 som f\u00f6retagare eftersom alla aff\u00e4rsbrev skrevs p\u00e5 svenska&lt;\/span&gt;\"><span style=\"color: #ed008c;\">n\u00f6dv\u00e4ndiga<\/span><\/span>. Hon s\u00e5g den svenska kulturen i Finland som en viktig l\u00e4nk mellan Finland och den v\u00e4steuropeiska civilisationen.<\/p>\n<p>&nbsp;<\/p>\n<p>Minna Canth tyckte inte om att resa. Det var tack vare hennes m\u00e5ngsidiga spr\u00e5kkunskaper som hon inte blev isolerad fr\u00e5n omv\u00e4rlden. Hon k\u00e4nde v\u00e4l den nordiska litteraturscenen och l\u00e4ste m\u00e5nga utl\u00e4ndska tidningar. I sitt bibliotek hade Canth ocks\u00e5 en omfattande samling av nyutkommen utl\u00e4ndsk litteratur. De b\u00f6ckerna l\u00e4ste hon ofta i \u00f6vers\u00e4ttningar till svenska, norska och danska. Canth hade flera kulturellt\u00a0<span class=\"tooltips \" style=\"\" title=\"Bland annat Juhani Aho, Emilie ja Kaarlo Bergbom, K.A. Tavaststjerna, Arvid J\u00e4rnefelt\"><span style=\"color: #ed008c;\">inflytelserika v\u00e4nner<\/span><\/span> som ofta samlades i Minnas\u00a0<span class=\"tooltips \" style=\"\" title=\"&lt;img class=&quot;alignnone size-full wp-image-138&quot; src=&quot;http:\/\/svenskanu.fi\/laromaterial\/minnacanth\/wp-content\/uploads\/2019\/01\/Skruuvipeli-Kanttilassa_-Kuopion-kulttuurihistoriallinen-museo.jpg&quot; alt=&quot;&quot; width=&quot;973&quot; height=&quot;690&quot; \/&gt;&lt;br \/&gt;\nL\u00e4hde: Kuopion kulttuurihistoriallinen museo\"><span style=\"color: #ed008c;\">salong<\/span><\/span> f\u00f6r att diskutera bland annat de senaste europeiska tankarna och vetenskapliga fenomenen.[\/vc_column_text][vc_empty_space][\/vc_column][vc_column width=&#8221;1\/2&#8243;]<div class=\"qode-accordion-holder clearfix qode-toggle qode-initial \">\n\t<h4 class=\"clearfix qode-title-holder\">\n<span class=\"qode-tab-title\">\n\t    <span class=\"qode-tab-title-inner\">\n        Ordlista    <\/span>\n<\/span>\n<span class=\"qode-accordion-mark\">\n    <span class=\"qode-accordion-mark-icon\">\n        <span class=\"icon_plus\"><\/span>\n        <span class=\"icon_minus-06\"><\/span>\n    <\/span>\n<\/span>\n<\/h4>\n<div  class=\"qode-accordion-content \" >\n    <div class=\"qode-accordion-content-inner\">\n        [vc_column_text]\n<table>\n<tbody>\n<tr>\n<td width=\"321\">en utbildning, -en, -ar, -arna<\/td>\n<td width=\"321\">koulutus<\/td>\n<\/tr>\n<tr>\n<td width=\"321\">sinsemellan<\/td>\n<td width=\"321\">v\u00e4lill\u00e4<\/td>\n<\/tr>\n<tr>\n<td width=\"321\">p\u00e5verka, -r, -de, -at<\/td>\n<td width=\"321\">vaikuttaa<\/td>\n<\/tr>\n<tr>\n<td width=\"321\">spr\u00e5kstrid<\/td>\n<td width=\"321\">kieliriita<\/td>\n<\/tr>\n<tr>\n<td width=\"321\">i full g\u00e5ng<\/td>\n<td width=\"321\">t\u00e4ydess\u00e4 vauhdissa<\/td>\n<\/tr>\n<tr>\n<td width=\"321\">skapa, -ar, -ade, -at<\/td>\n<td width=\"321\">luoda<\/td>\n<\/tr>\n<tr>\n<td width=\"321\">finsksinnad<\/td>\n<td width=\"321\">suomenmielinen<\/td>\n<\/tr>\n<tr>\n<td width=\"321\">l\u00e4rarseminariet<\/td>\n<td width=\"321\">opettajaseminaari<\/td>\n<\/tr>\n<tr>\n<td width=\"321\">fr\u00e4mja, -ar, -ade, -at<\/td>\n<td width=\"321\">edist\u00e4\u00e4<\/td>\n<\/tr>\n<tr>\n<td width=\"321\">en st\u00e4llning, -en, -ar, -arna<\/td>\n<td width=\"321\">asema<\/td>\n<\/tr>\n<tr>\n<td width=\"321\">j\u00e4mlikhet, -en<\/td>\n<td width=\"321\">tasa-arvo<\/td>\n<\/tr>\n<tr>\n<td width=\"321\">ha r\u00e4tt till<\/td>\n<td width=\"321\">olla oikeus<\/td>\n<\/tr>\n<tr>\n<td width=\"321\">ett syfte, -et, -en, -ena<\/td>\n<td width=\"321\">tavoite<\/td>\n<\/tr>\n<tr>\n<td width=\"321\">utbilda, -ar, -ade, -at<\/td>\n<td width=\"321\">kouluttaa<\/td>\n<\/tr>\n<tr>\n<td width=\"321\">undervisa, -ar, -ade, -at<\/td>\n<td width=\"321\">opettaa<\/td>\n<\/tr>\n<tr>\n<td width=\"321\">ett spr\u00e5kval, -et, -, -en<\/td>\n<td width=\"321\">kielivalinta<\/td>\n<\/tr>\n<tr>\n<td width=\"321\">en seger, -n, -ar, -arna<\/td>\n<td width=\"321\">voitto<\/td>\n<\/tr>\n<tr>\n<td width=\"321\">finskhet<\/td>\n<td width=\"321\">suomalaisuus<\/td>\n<\/tr>\n<tr>\n<td width=\"321\">en pj\u00e4s, -en, -er, -erna<\/td>\n<td width=\"321\">n\u00e4ytelm\u00e4<\/td>\n<\/tr>\n<tr>\n<td width=\"321\">anse, anser, ans\u00e5g, ansett<\/td>\n<td width=\"321\">olla jotakin mielt\u00e4<\/td>\n<\/tr>\n<tr>\n<td width=\"321\">n\u00e5 ut<\/td>\n<td width=\"321\">tavoittaa<\/td>\n<\/tr>\n<tr>\n<td width=\"321\">bred<\/td>\n<td width=\"321\">laaja<\/td>\n<\/tr>\n<tr>\n<td width=\"321\">bli k\u00e4nd<\/td>\n<td width=\"321\">tulla tunnetuksi<\/td>\n<\/tr>\n<tr>\n<td width=\"321\">\u00f6vers\u00e4tta, -er, -satte, -satt<\/td>\n<td width=\"321\">k\u00e4\u00e4nt\u00e4\u00e4<\/td>\n<\/tr>\n<tr>\n<td width=\"321\">n\u00f6dv\u00e4ndig, -t, -a<\/td>\n<td width=\"321\">v\u00e4ltt\u00e4m\u00e4t\u00f6n<\/td>\n<\/tr>\n<tr>\n<td width=\"321\">en l\u00e4nk, -en, -ar, -arna<\/td>\n<td width=\"321\">linkki<\/td>\n<\/tr>\n<tr>\n<td width=\"321\">en civilisation, -en, -er, -erna<\/td>\n<td width=\"321\">sivistys<\/td>\n<\/tr>\n<tr>\n<td width=\"321\">m\u00e5ngsidig, -t, -a<\/td>\n<td width=\"321\">monipuolinen<\/td>\n<\/tr>\n<tr>\n<td width=\"321\">spr\u00e5kkunskap, -er, -erna<\/td>\n<td width=\"321\">kielitaito<\/td>\n<\/tr>\n<tr>\n<td width=\"321\">isolerad<\/td>\n<td width=\"321\">erist\u00e4ytynyt<\/td>\n<\/tr>\n<tr>\n<td width=\"321\">utl\u00e4ndsk, -t, -a<\/td>\n<td width=\"321\">ulkomaalainen<\/td>\n<\/tr>\n<tr>\n<td width=\"321\">omfattande<\/td>\n<td width=\"321\">laaja<\/td>\n<\/tr>\n<tr>\n<td width=\"321\">nyutkommen<\/td>\n<td width=\"321\">vastajulkaistu<\/td>\n<\/tr>\n<tr>\n<td width=\"321\">inflytelserik, -t, -a<\/td>\n<td width=\"321\">vaikutusvaltainen<\/td>\n<\/tr>\n<tr>\n<td width=\"321\">samlas<\/td>\n<td width=\"321\">ker\u00e4\u00e4nty\u00e4<\/td>\n<\/tr>\n<tr>\n<td width=\"321\">vetenskapliga fenomen<\/td>\n<td width=\"321\">tieteelliset ilmi\u00f6t<\/td>\n<\/tr>\n<\/tbody>\n<\/table>\n[\/vc_column_text]    <\/div>\n<\/div><h4 class=\"clearfix qode-title-holder\">\n<span class=\"qode-tab-title\">\n\t    <span class=\"qode-tab-title-inner\">\n        Fr\u00e5gor \u00f6ppna    <\/span>\n<\/span>\n<span class=\"qode-accordion-mark\">\n    <span class=\"qode-accordion-mark-icon\">\n        <span class=\"icon_plus\"><\/span>\n        <span class=\"icon_minus-06\"><\/span>\n    <\/span>\n<\/span>\n<\/h4>\n<div  class=\"qode-accordion-content \" >\n    <div class=\"qode-accordion-content-inner\">\n        [vc_column_text]1. Hur blev Minna Canth tv\u00e5spr\u00e5kig?<br \/>\n<span class=\"collapseomatic \" id=\"id69fb0f366f8fb\"  tabindex=\"0\" title=\"&lt;strong&gt;R\u00e4tt svar&lt;\/strong&gt;\"    ><strong>R\u00e4tt svar<\/strong><\/span><div id=\"target-id69fb0f366f8fb\" class=\"collapseomatic_content \">\nCanth fick sin utbildning p\u00e5 svenska.<br \/>\n<\/div>\n<p>&nbsp;<\/p>\n<p>2. Vilken nytta hade Minna Canth av att kunna flera spr\u00e5k?<br \/>\n<span class=\"collapseomatic \" id=\"id69fb0f366f972\"  tabindex=\"0\" title=\"&lt;strong&gt;R\u00e4tt svar&lt;\/strong&gt;\"    ><strong>R\u00e4tt svar<\/strong><\/span><div id=\"target-id69fb0f366f972\" class=\"collapseomatic_content \">\nHon kunde l\u00e4sa ny utl\u00e4ndsk litteratur och f\u00f6lja utl\u00e4ndska tidningar. Hon kunde p\u00e5verka i finsk- och svenskspr\u00e5kiga kulturkretsar och blev k\u00e4nd ocks\u00e5 utomlands.<br \/>\n<\/div>\n<p>&nbsp;<\/p>\n<p>3. Hur visade sig spr\u00e5kstriden i litteraturen?<br \/>\n<span class=\"collapseomatic \" id=\"id69fb0f366f9b6\"  tabindex=\"0\" title=\"&lt;strong&gt;R\u00e4tt svar&lt;\/strong&gt;\"    ><strong>R\u00e4tt svar<\/strong><\/span><div id=\"target-id69fb0f366f9b6\" class=\"collapseomatic_content \">\nVarje finskspr\u00e5kigt verk fr\u00e4mjade det finska spr\u00e5kets st\u00e4llning i Finland.<br \/>\n<\/div>[\/vc_column_text]    <\/div>\n<\/div><h4 class=\"clearfix qode-title-holder\">\n<span class=\"qode-tab-title\">\n\t    <span class=\"qode-tab-title-inner\">\n        Fr\u00e5gor flerval    <\/span>\n<\/span>\n<span class=\"qode-accordion-mark\">\n    <span class=\"qode-accordion-mark-icon\">\n        <span class=\"icon_plus\"><\/span>\n        <span class=\"icon_minus-06\"><\/span>\n    <\/span>\n<\/span>\n<\/h4>\n<div  class=\"qode-accordion-content \" >\n    <div class=\"qode-accordion-content-inner\">\n        [vc_raw_html]JTNDZGl2JTIwZGF0YS10Zi1saXZlJTNEJTIyMDFKUFBRU0hEMFY0RFJCTk5TR1A5WURaUVclMjIlM0UlM0MlMkZkaXYlM0UlM0NzY3JpcHQlMjBzcmMlM0QlMjIlMkYlMkZlbWJlZC50eXBlZm9ybS5jb20lMkZuZXh0JTJGZW1iZWQuanMlMjIlM0UlM0MlMkZzY3JpcHQlM0U=[\/vc_raw_html][vc_column_text][\/vc_column_text]    <\/div>\n<\/div><h4 class=\"clearfix qode-title-holder\">\n<span class=\"qode-tab-title\">\n\t    <span class=\"qode-tab-title-inner\">\n        Diskussions\u00f6vningar    <\/span>\n<\/span>\n<span class=\"qode-accordion-mark\">\n    <span class=\"qode-accordion-mark-icon\">\n        <span class=\"icon_plus\"><\/span>\n        <span class=\"icon_minus-06\"><\/span>\n    <\/span>\n<\/span>\n<\/h4>\n<div  class=\"qode-accordion-content \" >\n    <div class=\"qode-accordion-content-inner\">\n        [vc_column_text]Tycker du att man i dag har nytta av att kunna flera spr\u00e5k?<\/p>\n<p>&nbsp;<\/p>\n<p>Vilka spr\u00e5k tycker du man ska kunna i dagens v\u00e4rld?<\/p>\n<p>&nbsp;<\/p>\n<p>P\u00e5 vilket s\u00e4tt \u00e4r svenska ett viktigt spr\u00e5k i dag?<\/p>\n<p>&nbsp;<\/p>\n<p>Vad f\u00f6r slags nytta kan du ha av att kunna svenska, b\u00e5de i Finland och utomlands?<\/p>\n<p>&nbsp;<\/p>\n<p>L\u00e4ser du utl\u00e4ndska b\u00f6cker, tidningar eller bloggar p\u00e5 originalspr\u00e5k?<\/p>\n<p>&nbsp;<\/p>\n<p><strong><a href=\"http:\/\/svenskanu.fi\/laromaterial\/wp-content\/uploads\/2019\/03\/Fraser-A%CC%8Asikter_13-3.pdf\">H\u00e4r hittar du hj\u00e4lp med att uttrycka \u00e5sikter p\u00e5 svenska.<\/a><\/strong>[\/vc_column_text]    <\/div>\n<\/div><h4 class=\"clearfix qode-title-holder\">\n<span class=\"qode-tab-title\">\n\t    <span class=\"qode-tab-title-inner\">\n        \u00d6vningar i grammatik och ordf\u00f6rr\u00e5d    <\/span>\n<\/span>\n<span class=\"qode-accordion-mark\">\n    <span class=\"qode-accordion-mark-icon\">\n        <span class=\"icon_plus\"><\/span>\n        <span class=\"icon_minus-06\"><\/span>\n    <\/span>\n<\/span>\n<\/h4>\n<div  class=\"qode-accordion-content \" >\n    <div class=\"qode-accordion-content-inner\">\n        [vc_column_text]Para ihop med r\u00e4tt betydelse<br \/>\n<iframe loading=\"lazy\" style=\"border: 0;\" src=\"https:\/\/quizlet.com\/362520354\/match\/embed?i=1v04mo&amp;x=1jj1\" width=\"100%\" height=\"500\"><\/iframe><\/p>\n<p>&nbsp;<\/p>\n<p>&nbsp;<\/p>\n<p>Skriv meningarna i imperfekt<\/p>\n<div class=\"goconqr-popup-embed\" data-id=\"16525706\" data-type=\"quizzes\"><\/div>\n<p><script type='text\/javascript' src='https:\/\/cdn.goconqr.com\/embed.min.js'><\/script>[\/vc_column_text]    <\/div>\n<\/div><h4 class=\"clearfix qode-title-holder\">\n<span class=\"qode-tab-title\">\n\t    <span class=\"qode-tab-title-inner\">\n        Andra \u00f6vningar    <\/span>\n<\/span>\n<span class=\"qode-accordion-mark\">\n    <span class=\"qode-accordion-mark-icon\">\n        <span class=\"icon_plus\"><\/span>\n        <span class=\"icon_minus-06\"><\/span>\n    <\/span>\n<\/span>\n<\/h4>\n<div  class=\"qode-accordion-content \" >\n    <div class=\"qode-accordion-content-inner\">\n        [vc_column_text]<strong>Gallup:<\/strong> <a href=\"https:\/\/create.kahoot.it\/k\/08cf3b4b-ed99-4fcb-8b57-9ae891d67985\">Kahoot<\/a><\/p>\n<p>&nbsp;<\/p>\n<p><strong>S\u00f6k information p\u00e5 n\u00e4tet: <\/strong><\/p>\n<ol>\n<li>Ta reda p\u00e5 vad man kan studera p\u00e5 svenska p\u00e5 din hemort eller i n\u00e4rheten. Kom ih\u00e5g att det finns utbildning p\u00e5 olika stadier: yrkesskolor, yrkesh\u00f6gskolor, universitet, folkh\u00f6gskolor, arbetarinstitut osv.Om du \u00e4r intresserad av studier i Sverige, kolla in <u><a href=\"http:\/\/www.maailmalle.net\/sv\/studier\/sverige\">www.maailmalle.net\/sv\/studier\/sverige<\/a><\/u><\/li>\n<li>Hurdana m\u00f6jligheter har du att jobba i Norden? Kolla bland annat in n\u00e4tsidan <u><a href=\"https:\/\/www.nordjobb.org\/fi\">https:\/\/www.nordjobb.org\/sv<\/a><\/u> och ta reda p\u00e5 hur du kan sommarjobba i Norden.<\/li>\n<\/ol>\n[\/vc_column_text]    <\/div>\n<\/div><h4 class=\"clearfix qode-title-holder\">\n<span class=\"qode-tab-title\">\n\t    <span class=\"qode-tab-title-inner\">\n        Annat    <\/span>\n<\/span>\n<span class=\"qode-accordion-mark\">\n    <span class=\"qode-accordion-mark-icon\">\n        <span class=\"icon_plus\"><\/span>\n        <span class=\"icon_minus-06\"><\/span>\n    <\/span>\n<\/span>\n<\/h4>\n<div  class=\"qode-accordion-content \" >\n    <div class=\"qode-accordion-content-inner\">\n        [vc_column_text]<strong>Instagram: <\/strong>Ta en bild p\u00e5 en plats d\u00e4r olika spr\u00e5k \u00e4r synliga (t.ex. ett kaf\u00e9, skola, kollektiv trafik). L\u00e4gg upp bilden p\u00e5 Instagram med en beskrivning: var finns den h\u00e4r platsen, vad \u00e4r det f\u00f6r en plats, vilka spr\u00e5k ser eller h\u00f6r du? Anv\u00e4nd hashtag #svenskanu #plugganu #minnacanth175[\/vc_column_text]    <\/div>\n<\/div><h4 class=\"clearfix qode-title-holder\">\n<span class=\"qode-tab-title\">\n\t    <span class=\"qode-tab-title-inner\">\n        Integrering    <\/span>\n<\/span>\n<span class=\"qode-accordion-mark\">\n    <span class=\"qode-accordion-mark-icon\">\n        <span class=\"icon_plus\"><\/span>\n        <span class=\"icon_minus-06\"><\/span>\n    <\/span>\n<\/span>\n<\/h4>\n<div  class=\"qode-accordion-content \" >\n    <div class=\"qode-accordion-content-inner\">\n        [vc_column_text]<strong>Samh\u00e4llsl\u00e4ra<\/strong><\/p>\n<p>Svenskans st\u00e4llning i arbetslivet: P\u00e5 vilket s\u00e4tt kan eleverna i dag ha nytta av att kunna svenska? Hur viktig \u00e4r svenskan i arbetslivet? Hur ser den nordiska arbetsmarknaden ut?[\/vc_column_text]    <\/div>\n<\/div><\/div>[\/vc_column][\/vc_row]\n<\/section>","protected":false},"excerpt":{"rendered":"<p>[vc_row css_animation=&#8221;&#8221; row_type=&#8221;row&#8221; use_row_as_full_screen_section=&#8221;no&#8221; type=&#8221;grid&#8221; angled_section=&#8221;no&#8221; text_align=&#8221;left&#8221; background_image_as_pattern=&#8221;without_pattern&#8221; css=&#8221;.vc_custom_1547454510371{padding-top: 20px !important;}&#8221; z_index=&#8221;&#8221;][vc_column][vc_column_text][\/vc_column_text][\/vc_column][\/vc_row][vc_row css_animation=&#8221;&#8221; row_type=&#8221;row&#8221; use_row_as_full_screen_section=&#8221;no&#8221; type=&#8221;grid&#8221; angled_section=&#8221;no&#8221; text_align=&#8221;left&#8221; background_image_as_pattern=&#8221;without_pattern&#8221; css=&#8221;.vc_custom_1547453471045{padding-top: 40px !important;padding-bottom: 40px !important;}&#8221; z_index=&#8221;&#8221;][vc_column width=&#8221;1\/2&#8243; css=&#8221;.vc_custom_1548239271735{padding-right: 40px !important;}&#8221;][vc_column_text] &nbsp; Minna Canth f\u00f6ddes i en finskspr\u00e5kig familj men fick sin utbildning p\u00e5 svenska. och hennes&#8230;<\/p>\n","protected":false},"author":1,"featured_media":0,"parent":18,"menu_order":0,"comment_status":"closed","ping_status":"closed","template":"full_width.php","meta":{"footnotes":""},"class_list":["post-28","page","type-page","status-publish","hentry"],"_links":{"self":[{"href":"https:\/\/svenskanu.fi\/laromaterial\/minnacanth\/index.php\/wp-json\/wp\/v2\/pages\/28","targetHints":{"allow":["GET"]}}],"collection":[{"href":"https:\/\/svenskanu.fi\/laromaterial\/minnacanth\/index.php\/wp-json\/wp\/v2\/pages"}],"about":[{"href":"https:\/\/svenskanu.fi\/laromaterial\/minnacanth\/index.php\/wp-json\/wp\/v2\/types\/page"}],"author":[{"embeddable":true,"href":"https:\/\/svenskanu.fi\/laromaterial\/minnacanth\/index.php\/wp-json\/wp\/v2\/users\/1"}],"replies":[{"embeddable":true,"href":"https:\/\/svenskanu.fi\/laromaterial\/minnacanth\/index.php\/wp-json\/wp\/v2\/comments?post=28"}],"version-history":[{"count":51,"href":"https:\/\/svenskanu.fi\/laromaterial\/minnacanth\/index.php\/wp-json\/wp\/v2\/pages\/28\/revisions"}],"predecessor-version":[{"id":448,"href":"https:\/\/svenskanu.fi\/laromaterial\/minnacanth\/index.php\/wp-json\/wp\/v2\/pages\/28\/revisions\/448"}],"up":[{"embeddable":true,"href":"https:\/\/svenskanu.fi\/laromaterial\/minnacanth\/index.php\/wp-json\/wp\/v2\/pages\/18"}],"wp:attachment":[{"href":"https:\/\/svenskanu.fi\/laromaterial\/minnacanth\/index.php\/wp-json\/wp\/v2\/media?parent=28"}],"curies":[{"name":"wp","href":"https:\/\/api.w.org\/{rel}","templated":true}]}}