{"id":45,"date":"2019-01-14T10:35:50","date_gmt":"2019-01-14T08:35:50","guid":{"rendered":"http:\/\/svenskanu.fi\/laromaterial\/minnacanth\/?page_id=45"},"modified":"2025-03-19T10:37:50","modified_gmt":"2025-03-19T08:37:50","slug":"minna-canth-som-samhallsdebattor","status":"publish","type":"page","link":"https:\/\/svenskanu.fi\/laromaterial\/minnacanth\/index.php\/avancerad\/minna-canth-som-samhallsdebattor\/","title":{"rendered":"Minna Canth som samh\u00e4llsdebatt\u00f6r"},"content":{"rendered":"<section class=\"wpb-content-wrapper\">[vc_row css_animation=&#8221;&#8221; row_type=&#8221;row&#8221; use_row_as_full_screen_section=&#8221;no&#8221; type=&#8221;grid&#8221; angled_section=&#8221;no&#8221; text_align=&#8221;left&#8221; background_image_as_pattern=&#8221;without_pattern&#8221; css=&#8221;.vc_custom_1547454510371{padding-top: 20px !important;}&#8221; z_index=&#8221;&#8221;][vc_column][vc_column_text]<div class=\"sc_fancy_player_container\"><!--[if lt IE 9]><script>document.createElement('audio');<\/script><![endif]-->\n<audio class=\"wp-audio-shortcode\" id=\"audio-45-1\" preload=\"none\" style=\"width: 100%;\" controls=\"controls\"><source type=\"audio\/mpeg\" src=\"\/laromaterial\/minnacanth\/wp-content\/uploads\/2019\/01\/Minna-Canth-som-samhallsdebattor_Avancerad.mp3?_=1\" \/><a href=\"\/laromaterial\/minnacanth\/wp-content\/uploads\/2019\/01\/Minna-Canth-som-samhallsdebattor_Avancerad.mp3\">\/laromaterial\/minnacanth\/wp-content\/uploads\/2019\/01\/Minna-Canth-som-samhallsdebattor_Avancerad.mp3<\/a><\/audio><\/div>[\/vc_column_text][\/vc_column][\/vc_row][vc_row css_animation=&#8221;&#8221; row_type=&#8221;row&#8221; use_row_as_full_screen_section=&#8221;no&#8221; type=&#8221;grid&#8221; angled_section=&#8221;no&#8221; text_align=&#8221;left&#8221; background_image_as_pattern=&#8221;without_pattern&#8221; css=&#8221;.vc_custom_1547453471045{padding-top: 40px !important;padding-bottom: 40px !important;}&#8221; z_index=&#8221;&#8221;][vc_column width=&#8221;1\/2&#8243; css=&#8221;.vc_custom_1548239305780{padding-right: 40px !important;}&#8221;]<div class='q_icon_with_title tiny normal_icon right '><div class=\"icon_holder \" style=\" \"><a itemprop=\"url\" href=\"\/laromaterial\/minnacanth\/wp-content\/uploads\/2019\/01\/Avancerad_A4_2.pdf\" target=\"_blank\" class=\"q_icon_link\"><span data-icon-type=\"normal\"  data-icon-hover-color=\"#000000\" style=\"font-size: 30px;\" class=\"qode_iwt_icon_holder q_font_awsome_icon fa-lg  \"><i class=\"qode_icon_font_awesome fa fa-file-pdf-o qode_iwt_icon_element\" style=\"color: #ed008c;\" ><\/i><\/span><\/a><\/div><div class=\"icon_text_holder\" style=\"\"><div class=\"icon_text_inner\" style=\"\"><h2 class=\"icon_title\" style=\"\">Minna Canth som samh\u00e4llsdebatt\u00f6r<\/h2><p style=''><\/p><a itemprop='url' class='icon_with_title_link' href='\/laromaterial\/minnacanth\/wp-content\/uploads\/2019\/01\/Avancerad_A4_2.pdf' target='_blank' style=''>Read More<\/a><\/div><\/div><\/div>[vc_column_text]\n<h2><\/h2>\n<p>&nbsp;<\/p>\n<p>Under sin livstid p\u00e5verkade\u00a0<span class=\"tooltips \" style=\"\" title=\"&lt;img class=&quot;alignnone size-full wp-image-140&quot; src=&quot;http:\/\/svenskanu.fi\/laromaterial\/minnacanth\/wp-content\/uploads\/2019\/01\/Museovirasto-museoviraston-kuvakokoelmat_MC.jpg&quot; alt=&quot;&quot; width=&quot;472&quot; height=&quot;690&quot; \/&gt;&lt;br \/&gt;\nL\u00e4hde: Museovirasto, museoviraston kuvakokoelmat\"><span style=\"color: #ed008c;\">Minna Canth<\/span><\/span> s\u00e5v\u00e4l som tidningsskribent som f\u00f6rfattare. Hon drevs av en stark vilja av att g\u00f6ra gott och r\u00e4tta till missf\u00f6rh\u00e5llanden i samh\u00e4llet. Hon skrev i \u00f6ver tio tidningar till exempel i Keski-Suomi och Savo. Canth grundade ocks\u00e5 en egen tidning, Vapaita aatteita, som var en radikal publikation d\u00e4r en ny v\u00e4rldsbild presenterades. Tidningen lades snabbt ned av censuren. Hennes texter behandlade bland annat flickors utbildning, kvinnans st\u00e4llning, alkohol och den samh\u00e4lleliga oj\u00e4mlikheten. Hennes tidningsartiklar \u00e4r i dag en viktig del av den finska journalistikens historia.<\/p>\n<p>&nbsp;<\/p>\n<p>I Kuopio var Canth ocks\u00e5 k\u00e4nd som en framg\u00e5ngsrik f\u00f6retagare och som en aktiv medlem i m\u00e5nga lokala samfund och kvinnof\u00f6reningar d\u00e4r hon ville tillr\u00e4ttal\u00e4gga sociala problem i samtiden. Hon deltog i arbetet med att hj\u00e4lpa fattiga tillsammans med andra \u00f6verklasskvinnor men kritiserade senare h\u00e5rt \u00f6verklasskvinnornas beteende i sina verk: vissa av dem ans\u00e5g n\u00e4mligen att de fattiga sj\u00e4lva hade orsakat sitt \u00f6de och d\u00e4rf\u00f6r inte beh\u00f6vde eller var f\u00f6rtj\u00e4nta av n\u00e5gon hj\u00e4lp.<\/p>\n<p>&nbsp;<\/p>\n<p>I dag \u00e4r Minna Canths f\u00f6delsedag den 19 mars en officiell flaggdag. Samma dag \u00e4r ocks\u00e5 den officiella j\u00e4mst\u00e4lldhetsdagen. Canth \u00e4r den f\u00f6rsta kvinnan i Finland som har f\u00e5tt en officiell flaggdag. F\u00f6r m\u00e5nga \u00e4r Minna Canth en symbol f\u00f6r j\u00e4mst\u00e4lldhet och kvinnors r\u00e4ttigheter. Det s\u00e4gs att Canth har p\u00e5verkat v\u00e5ra sociala omst\u00e4ndigheter mer \u00e4n n\u00e5gon annan finsk f\u00f6rfattare.[\/vc_column_text][vc_empty_space][\/vc_column][vc_column width=&#8221;1\/2&#8243;]<div class=\"qode-accordion-holder clearfix qode-toggle qode-initial \">\n\t<h4 class=\"clearfix qode-title-holder\">\n<span class=\"qode-tab-title\">\n\t    <span class=\"qode-tab-title-inner\">\n        Ordlista    <\/span>\n<\/span>\n<span class=\"qode-accordion-mark\">\n    <span class=\"qode-accordion-mark-icon\">\n        <span class=\"icon_plus\"><\/span>\n        <span class=\"icon_minus-06\"><\/span>\n    <\/span>\n<\/span>\n<\/h4>\n<div  class=\"qode-accordion-content \" >\n    <div class=\"qode-accordion-content-inner\">\n        [vc_column_text]\n<table>\n<tbody>\n<tr>\n<td width=\"321\">en tidningsskribent, -en, -er, -erna<\/td>\n<td width=\"321\">sanomalehtitoimittaja<\/td>\n<\/tr>\n<tr>\n<td width=\"321\"><\/td>\n<td width=\"321\"><\/td>\n<\/tr>\n<tr>\n<td width=\"321\">drivas av<\/td>\n<td width=\"321\">motivoida<\/td>\n<\/tr>\n<tr>\n<td width=\"321\"><\/td>\n<td width=\"321\"><\/td>\n<\/tr>\n<tr>\n<td width=\"321\">r\u00e4tta till<\/td>\n<td width=\"321\">korjata<\/td>\n<\/tr>\n<tr>\n<td width=\"321\"><\/td>\n<td width=\"321\"><\/td>\n<\/tr>\n<tr>\n<td width=\"321\">ett missf\u00f6rh\u00e5llande, -t, -n, -na<\/td>\n<td width=\"321\">ep\u00e4kohta<\/td>\n<\/tr>\n<tr>\n<td width=\"321\"><\/td>\n<td width=\"321\"><\/td>\n<\/tr>\n<tr>\n<td width=\"321\">grunda, -ar, -ade, -at<\/td>\n<td width=\"321\">perustaa<\/td>\n<\/tr>\n<tr>\n<td width=\"321\"><\/td>\n<td width=\"321\"><\/td>\n<\/tr>\n<tr>\n<td width=\"321\">en publikation, -en , -er, -erna<\/td>\n<td width=\"321\">julkaisu<\/td>\n<\/tr>\n<tr>\n<td width=\"321\"><\/td>\n<td width=\"321\"><\/td>\n<\/tr>\n<tr>\n<td width=\"321\">presentera, -ar, -ade, -at<\/td>\n<td width=\"321\">esitell\u00e4<\/td>\n<\/tr>\n<tr>\n<td width=\"321\"><\/td>\n<td width=\"321\"><\/td>\n<\/tr>\n<tr>\n<td width=\"321\">l\u00e4gga, l\u00e4gger, lade, lagt ned<\/td>\n<td width=\"321\">lopettaa<\/td>\n<\/tr>\n<tr>\n<td width=\"321\"><\/td>\n<td width=\"321\"><\/td>\n<\/tr>\n<tr>\n<td width=\"321\">behandla, -ar, -ade, -at<\/td>\n<td width=\"321\">k\u00e4sitell\u00e4<\/td>\n<\/tr>\n<tr>\n<td width=\"321\"><\/td>\n<td width=\"321\"><\/td>\n<\/tr>\n<tr>\n<td width=\"321\">en st\u00e4llning, -en, -ar, -arna<\/td>\n<td width=\"321\">asema<\/td>\n<\/tr>\n<tr>\n<td width=\"321\"><\/td>\n<td width=\"321\"><\/td>\n<\/tr>\n<tr>\n<td width=\"321\">en oj\u00e4mlikhet, -en<\/td>\n<td width=\"321\">ep\u00e4tasa-arvo<\/td>\n<\/tr>\n<tr>\n<td width=\"321\"><\/td>\n<td width=\"321\"><\/td>\n<\/tr>\n<tr>\n<td width=\"321\">journalistik, -en<\/td>\n<td width=\"321\">journalismi<\/td>\n<\/tr>\n<tr>\n<td width=\"321\"><\/td>\n<td width=\"321\"><\/td>\n<\/tr>\n<tr>\n<td width=\"321\">framg\u00e5ngsrik, -t, -a<\/td>\n<td width=\"321\">menestyksek\u00e4s<\/td>\n<\/tr>\n<tr>\n<td width=\"321\"><\/td>\n<td width=\"321\"><\/td>\n<\/tr>\n<tr>\n<td width=\"321\">f\u00f6retagare, -en, -, -arna<\/td>\n<td width=\"321\">yritt\u00e4j\u00e4<\/td>\n<\/tr>\n<tr>\n<td width=\"321\"><\/td>\n<td width=\"321\"><\/td>\n<\/tr>\n<tr>\n<td width=\"321\">ett samfund, -et, -, en<\/td>\n<td width=\"321\">yhteis\u00f6<\/td>\n<\/tr>\n<tr>\n<td width=\"321\"><\/td>\n<td width=\"321\"><\/td>\n<\/tr>\n<tr>\n<td width=\"321\">en kvinnof\u00f6rening, -en, -ar, -arna<\/td>\n<td width=\"321\">naisyhdistys<\/td>\n<\/tr>\n<tr>\n<td width=\"321\"><\/td>\n<td width=\"321\"><\/td>\n<\/tr>\n<tr>\n<td width=\"321\">tillr\u00e4ttal\u00e4gga, -er, -lade, -lagt<\/td>\n<td width=\"321\">korjata, selvitt\u00e4\u00e4<\/td>\n<\/tr>\n<tr>\n<td width=\"321\"><\/td>\n<td width=\"321\"><\/td>\n<\/tr>\n<tr>\n<td width=\"321\">samtiden<\/td>\n<td width=\"321\">sen aikainen<\/td>\n<\/tr>\n<tr>\n<td width=\"321\"><\/td>\n<td width=\"321\"><\/td>\n<\/tr>\n<tr>\n<td width=\"321\">fattig, -t, -a<\/td>\n<td width=\"321\">k\u00f6yh\u00e4<\/td>\n<\/tr>\n<tr>\n<td width=\"321\"><\/td>\n<td width=\"321\"><\/td>\n<\/tr>\n<tr>\n<td width=\"321\">\u00f6verklasskvinnor<\/td>\n<td width=\"321\">yl\u00e4luokan naiset<\/td>\n<\/tr>\n<tr>\n<td width=\"321\"><\/td>\n<td width=\"321\"><\/td>\n<\/tr>\n<tr>\n<td width=\"321\">ett beteende, -t, -n, -na<\/td>\n<td width=\"321\">k\u00e4yt\u00f6s<\/td>\n<\/tr>\n<tr>\n<td width=\"321\"><\/td>\n<td width=\"321\"><\/td>\n<\/tr>\n<tr>\n<td width=\"321\">anse, anser, ans\u00e5g, ansett<\/td>\n<td width=\"321\">olla jotakin mielt\u00e4<\/td>\n<\/tr>\n<tr>\n<td width=\"321\"><\/td>\n<td width=\"321\"><\/td>\n<\/tr>\n<tr>\n<td width=\"321\">orsaka, -r, -de, -at<\/td>\n<td width=\"321\">aiheuttaa<\/td>\n<\/tr>\n<tr>\n<td width=\"321\"><\/td>\n<td width=\"321\"><\/td>\n<\/tr>\n<tr>\n<td width=\"321\">ett \u00f6de, -t, -n, -na<\/td>\n<td width=\"321\">kohtalo<\/td>\n<\/tr>\n<tr>\n<td width=\"321\"><\/td>\n<td width=\"321\"><\/td>\n<\/tr>\n<tr>\n<td width=\"321\">f\u00f6rtj\u00e4nt<\/td>\n<td width=\"321\">ansaittu, arvoinen<\/td>\n<\/tr>\n<\/tbody>\n<\/table>\n[\/vc_column_text]    <\/div>\n<\/div><h4 class=\"clearfix qode-title-holder\">\n<span class=\"qode-tab-title\">\n\t    <span class=\"qode-tab-title-inner\">\n        Fr\u00e5gor flerval    <\/span>\n<\/span>\n<span class=\"qode-accordion-mark\">\n    <span class=\"qode-accordion-mark-icon\">\n        <span class=\"icon_plus\"><\/span>\n        <span class=\"icon_minus-06\"><\/span>\n    <\/span>\n<\/span>\n<\/h4>\n<div  class=\"qode-accordion-content \" >\n    <div class=\"qode-accordion-content-inner\">\n        [vc_raw_html]JTNDZGl2JTIwZGF0YS10Zi1saXZlJTNEJTIyMDFKUFBSQkhBOVRHWjZZWTZCNVpXWFZZTVglMjIlM0UlM0MlMkZkaXYlM0UlM0NzY3JpcHQlMjBzcmMlM0QlMjIlMkYlMkZlbWJlZC50eXBlZm9ybS5jb20lMkZuZXh0JTJGZW1iZWQuanMlMjIlM0UlM0MlMkZzY3JpcHQlM0U=[\/vc_raw_html][vc_column_text][\/vc_column_text]    <\/div>\n<\/div><h4 class=\"clearfix qode-title-holder\">\n<span class=\"qode-tab-title\">\n\t    <span class=\"qode-tab-title-inner\">\n        Fr\u00e5gor \u00f6ppna    <\/span>\n<\/span>\n<span class=\"qode-accordion-mark\">\n    <span class=\"qode-accordion-mark-icon\">\n        <span class=\"icon_plus\"><\/span>\n        <span class=\"icon_minus-06\"><\/span>\n    <\/span>\n<\/span>\n<\/h4>\n<div  class=\"qode-accordion-content \" >\n    <div class=\"qode-accordion-content-inner\">\n        [vc_column_text]1. Vilka \u00e4mnen skrev Minna Canth om i tidningarna?<br \/>\n<span class=\"collapseomatic \" id=\"id69fb0f2ee6f26\"  tabindex=\"0\" title=\"R\u00e4tt svar\"    >R\u00e4tt svar<\/span><div id=\"target-id69fb0f2ee6f26\" class=\"collapseomatic_content \">\nBland annat flickors utbildning, kvinnans st\u00e4llning, alkohol och oj\u00e4mlikheten i samh\u00e4llet.<br \/>\n<\/div>\n<p>&nbsp;<\/p>\n<p>2. P\u00e5 vilka olika s\u00e4tt p\u00e5verkade Minna Canth under sin tid?<br \/>\n<span class=\"collapseomatic \" id=\"id69fb0f2ee6f8a\"  tabindex=\"0\" title=\"R\u00e4tt svar\"    >R\u00e4tt svar<\/span><div id=\"target-id69fb0f2ee6f8a\" class=\"collapseomatic_content \">\nHon skrev i tidningar, hon var medlem i m\u00e5nga lokala samfund och kvinnof\u00f6reningar och hon deltog i hj\u00e4lpen till de fattiga.<br \/>\n<\/div>\n<p>&nbsp;<\/p>\n<p>3. Varf\u00f6r kritiserade Minna Canth \u00f6verklasskvinnor?<br \/>\n<span class=\"collapseomatic \" id=\"id69fb0f2ee6fb5\"  tabindex=\"0\" title=\"R\u00e4tt svar\"    >R\u00e4tt svar<\/span><div id=\"target-id69fb0f2ee6fb5\" class=\"collapseomatic_content \">\nD\u00e4rf\u00f6r att de tyckte att de fattiga sj\u00e4lva hade f\u00f6rorsakat sitt \u00f6de och inte f\u00f6rtj\u00e4nade n\u00e5gon hj\u00e4lp.<br \/>\n<\/div>[\/vc_column_text]    <\/div>\n<\/div><h4 class=\"clearfix qode-title-holder\">\n<span class=\"qode-tab-title\">\n\t    <span class=\"qode-tab-title-inner\">\n        Diskussions\u00f6vningar    <\/span>\n<\/span>\n<span class=\"qode-accordion-mark\">\n    <span class=\"qode-accordion-mark-icon\">\n        <span class=\"icon_plus\"><\/span>\n        <span class=\"icon_minus-06\"><\/span>\n    <\/span>\n<\/span>\n<\/h4>\n<div  class=\"qode-accordion-content \" >\n    <div class=\"qode-accordion-content-inner\">\n        [vc_column_text]Hurdana samh\u00e4llsfr\u00e5gor \u00e4r aktuella i dag? Bekanta dig med sidorna s\u00e5 som:\u00a0<a href=\"https:\/\/www.hbl.fi\/\">hbl.fi<\/a>,\u00a0<a href=\"https:\/\/www.svt.se\/\">svt.se<\/a>,\u00a0<a href=\"https:\/\/www.aftonbladet.se\/\">aftonbladet.se<\/a>\u00a0och leta efter olika samh\u00e4llsfr\u00e5gor eller nyheter som du tror att Minna Canth skulle lyfta fram i dagens samh\u00e4lle.<\/p>\n<p>&nbsp;<\/p>\n<p>P\u00e5 vilka olika s\u00e4tt kan man p\u00e5verka i dagens samh\u00e4lle?<\/p>\n<p>&nbsp;<\/p>\n<p>Har den samh\u00e4lleliga situationen f\u00f6rb\u00e4ttrats fr\u00e5n Minna Canths tid, hur? Vilka oj\u00e4mlikheter, or\u00e4ttvisor och missf\u00f6rh\u00e5llanden finns det \u00e4nnu i dag?<\/p>\n<p>&nbsp;<\/p>\n<p>Vad tror du Minna Canth hade tyckt om #metoo-r\u00f6relsen? P\u00e5 vilka s\u00e4tt tror du hon skulle ha p\u00e5verkat dagens j\u00e4mst\u00e4lldhetsfr\u00e5gor om hon \u00e4nnu levde?<\/p>\n<p>&nbsp;<\/p>\n<p><strong><a href=\"http:\/\/svenskanu.fi\/laromaterial\/wp-content\/uploads\/2019\/03\/Fraser-A%CC%8Asikter_13-3.pdf\">H\u00e4r hittar du hj\u00e4lp med att uttrycka \u00e5sikter p\u00e5 svenska.<\/a><\/strong>[\/vc_column_text]    <\/div>\n<\/div><h4 class=\"clearfix qode-title-holder\">\n<span class=\"qode-tab-title\">\n\t    <span class=\"qode-tab-title-inner\">\n        \u00d6vningar i grammatik och ordf\u00f6rr\u00e5d    <\/span>\n<\/span>\n<span class=\"qode-accordion-mark\">\n    <span class=\"qode-accordion-mark-icon\">\n        <span class=\"icon_plus\"><\/span>\n        <span class=\"icon_minus-06\"><\/span>\n    <\/span>\n<\/span>\n<\/h4>\n<div  class=\"qode-accordion-content \" >\n    <div class=\"qode-accordion-content-inner\">\n        [vc_column_text]B\u00f6j substantiven<\/p>\n<div class=\"goconqr-popup-embed\" data-id=\"16525735\" data-type=\"quizzes\"><\/div>\n<p><script type='text\/javascript' src='https:\/\/cdn.goconqr.com\/embed.min.js'><\/script><\/p>\n<p>&nbsp;<\/p>\n<p>B\u00f6j verben<\/p>\n<div class=\"goconqr-popup-embed\" data-id=\"16525752\" data-type=\"quizzes\"><\/div>\n<p><script type='text\/javascript' src='https:\/\/cdn.goconqr.com\/embed.min.js'><\/script>[\/vc_column_text]    <\/div>\n<\/div><h4 class=\"clearfix qode-title-holder\">\n<span class=\"qode-tab-title\">\n\t    <span class=\"qode-tab-title-inner\">\n        Andra \u00f6vningar    <\/span>\n<\/span>\n<span class=\"qode-accordion-mark\">\n    <span class=\"qode-accordion-mark-icon\">\n        <span class=\"icon_plus\"><\/span>\n        <span class=\"icon_minus-06\"><\/span>\n    <\/span>\n<\/span>\n<\/h4>\n<div  class=\"qode-accordion-content \" >\n    <div class=\"qode-accordion-content-inner\">\n        [vc_column_text]<strong>Skriv en ins\u00e4ndare, blogginl\u00e4gg eller kommentar (50\u201360 ord)<\/strong><\/p>\n<p>&nbsp;<\/p>\n<p>L\u00e4s mer om hur man skriver <a href=\"http:\/\/svenskanu.fi\/laromaterial\/wp-content\/uploads\/2019\/01\/En-insa%CC%88ndare.pdf\">en ins\u00e4ndare<\/a> eller <a href=\"http:\/\/svenskanu.fi\/laromaterial\/wp-content\/uploads\/2019\/03\/Blogginla%CC%88gg.pdf\">ett blogginl\u00e4gg<\/a> och <a href=\"http:\/\/svenskanu.fi\/laromaterial\/wp-content\/uploads\/2019\/03\/Fraser-A%CC%8Asikter_13-3.pdf\">hur man utrycker sina \u00e5sikter p\u00e5 svenska<\/a>.<\/p>\n<p>N\u00e5gra exempel p\u00e5 \u00e4mnen man kan diskutera:<\/p>\n<p>&nbsp;<\/p>\n<ul>\n<li>kvinnans st\u00e4llning i dagens samh\u00e4lle<\/li>\n<li>samh\u00e4llets or\u00e4ttvisor<\/li>\n<li>#metoo -kampanjen<\/li>\n<li>beskattning<\/li>\n<li>skolmat<\/li>\n<li>\u00f6verkonsumtion<\/li>\n<li>privatbilism\/kollektiv trafik<\/li>\n<li>milj\u00f6fr\u00e5gor och individens ansvar<\/li>\n<\/ul>\n[\/vc_column_text]    <\/div>\n<\/div><h4 class=\"clearfix qode-title-holder\">\n<span class=\"qode-tab-title\">\n\t    <span class=\"qode-tab-title-inner\">\n        Annat    <\/span>\n<\/span>\n<span class=\"qode-accordion-mark\">\n    <span class=\"qode-accordion-mark-icon\">\n        <span class=\"icon_plus\"><\/span>\n        <span class=\"icon_minus-06\"><\/span>\n    <\/span>\n<\/span>\n<\/h4>\n<div  class=\"qode-accordion-content \" >\n    <div class=\"qode-accordion-content-inner\">\n        [vc_column_text]<strong>S\u00f6k information p\u00e5 n\u00e4tet:<\/strong>\u00a0Hurdana samh\u00e4llsfr\u00e5gor \u00e4r aktuella i dag? Bekanta dig med sidorna s\u00e5 som <a href=\"http:\/\/www.hbl.fi\">hbl.fi<\/a>, <a href=\"http:\/\/www.svt.se\">svt.se<\/a>, <a href=\"http:\/\/www.aftonbladet.se\">aftonbladet.se<\/a> och leta efter samh\u00e4llsfr\u00e5gor eller nyheter som du tror att Minna Canth skulle lyfta fram i dagens samh\u00e4lle.<\/p>\n<p>&nbsp;<\/p>\n<p><strong>Instagram<\/strong>: Ta dig en titt p\u00e5 svenskspr\u00e5kiga tidningar och leta efter en intressant och tankev\u00e4ckande ins\u00e4ndare eller tidningsartikel. Ta en bild p\u00e5 rubriken och l\u00e4gg upp bilden p\u00e5 Instagram med hastags #svenskanu #minnacanth175 #vadskulleminnag\u00f6ra. Kommentera varf\u00f6r du tycker att \u00e4mnet \u00e4r viktigt eller intressant och vad du tror att Minna Canth skulle g\u00f6ra?[\/vc_column_text]    <\/div>\n<\/div><h4 class=\"clearfix qode-title-holder\">\n<span class=\"qode-tab-title\">\n\t    <span class=\"qode-tab-title-inner\">\n        Integrering    <\/span>\n<\/span>\n<span class=\"qode-accordion-mark\">\n    <span class=\"qode-accordion-mark-icon\">\n        <span class=\"icon_plus\"><\/span>\n        <span class=\"icon_minus-06\"><\/span>\n    <\/span>\n<\/span>\n<\/h4>\n<div  class=\"qode-accordion-content \" >\n    <div class=\"qode-accordion-content-inner\">\n        [vc_column_text]<strong>Modersm\u00e5l:\u00a0<\/strong>Vill ni p\u00e5verka dagens samh\u00e4lle s\u00e5 som Minna Canth gjorde? Jobba tillsammans med modersm\u00e5lsl\u00e4raren och g\u00e5 igenom hur man skriver en ins\u00e4ndare. Skriv d\u00e4refter en kort ins\u00e4ndare p\u00e5 finska om ett aktuellt \u00e4mne som \u00e4r viktigt f\u00f6r er. De h\u00e4r ins\u00e4ndarna kan ocks\u00e5 anv\u00e4ndas senare som underlag f\u00f6r diskussioner under lektionerna i svenska.[\/vc_column_text]    <\/div>\n<\/div><\/div>[\/vc_column][\/vc_row]\n<\/section>","protected":false},"excerpt":{"rendered":"<p>[vc_row css_animation=&#8221;&#8221; row_type=&#8221;row&#8221; use_row_as_full_screen_section=&#8221;no&#8221; type=&#8221;grid&#8221; angled_section=&#8221;no&#8221; text_align=&#8221;left&#8221; background_image_as_pattern=&#8221;without_pattern&#8221; css=&#8221;.vc_custom_1547454510371{padding-top: 20px !important;}&#8221; z_index=&#8221;&#8221;][vc_column][vc_column_text][\/vc_column_text][\/vc_column][\/vc_row][vc_row css_animation=&#8221;&#8221; row_type=&#8221;row&#8221; use_row_as_full_screen_section=&#8221;no&#8221; type=&#8221;grid&#8221; angled_section=&#8221;no&#8221; text_align=&#8221;left&#8221; background_image_as_pattern=&#8221;without_pattern&#8221; css=&#8221;.vc_custom_1547453471045{padding-top: 40px !important;padding-bottom: 40px !important;}&#8221; z_index=&#8221;&#8221;][vc_column width=&#8221;1\/2&#8243; css=&#8221;.vc_custom_1548239305780{padding-right: 40px !important;}&#8221;][vc_column_text] &nbsp; Under sin livstid p\u00e5verkade\u00a0 s\u00e5v\u00e4l som tidningsskribent som f\u00f6rfattare. Hon drevs av en stark vilja&#8230;<\/p>\n","protected":false},"author":1,"featured_media":0,"parent":18,"menu_order":0,"comment_status":"closed","ping_status":"closed","template":"full_width.php","meta":{"footnotes":""},"class_list":["post-45","page","type-page","status-publish","hentry"],"_links":{"self":[{"href":"https:\/\/svenskanu.fi\/laromaterial\/minnacanth\/index.php\/wp-json\/wp\/v2\/pages\/45","targetHints":{"allow":["GET"]}}],"collection":[{"href":"https:\/\/svenskanu.fi\/laromaterial\/minnacanth\/index.php\/wp-json\/wp\/v2\/pages"}],"about":[{"href":"https:\/\/svenskanu.fi\/laromaterial\/minnacanth\/index.php\/wp-json\/wp\/v2\/types\/page"}],"author":[{"embeddable":true,"href":"https:\/\/svenskanu.fi\/laromaterial\/minnacanth\/index.php\/wp-json\/wp\/v2\/users\/1"}],"replies":[{"embeddable":true,"href":"https:\/\/svenskanu.fi\/laromaterial\/minnacanth\/index.php\/wp-json\/wp\/v2\/comments?post=45"}],"version-history":[{"count":38,"href":"https:\/\/svenskanu.fi\/laromaterial\/minnacanth\/index.php\/wp-json\/wp\/v2\/pages\/45\/revisions"}],"predecessor-version":[{"id":449,"href":"https:\/\/svenskanu.fi\/laromaterial\/minnacanth\/index.php\/wp-json\/wp\/v2\/pages\/45\/revisions\/449"}],"up":[{"embeddable":true,"href":"https:\/\/svenskanu.fi\/laromaterial\/minnacanth\/index.php\/wp-json\/wp\/v2\/pages\/18"}],"wp:attachment":[{"href":"https:\/\/svenskanu.fi\/laromaterial\/minnacanth\/index.php\/wp-json\/wp\/v2\/media?parent=45"}],"curies":[{"name":"wp","href":"https:\/\/api.w.org\/{rel}","templated":true}]}}