{"id":51,"date":"2019-01-14T10:43:57","date_gmt":"2019-01-14T08:43:57","guid":{"rendered":"http:\/\/svenskanu.fi\/laromaterial\/minnacanth\/?page_id=51"},"modified":"2025-03-19T10:39:29","modified_gmt":"2025-03-19T08:39:29","slug":"minna-canth-metoo","status":"publish","type":"page","link":"https:\/\/svenskanu.fi\/laromaterial\/minnacanth\/index.php\/avancerad\/minna-canth-metoo\/","title":{"rendered":"Minna Canth &#038; #metoo"},"content":{"rendered":"<section class=\"wpb-content-wrapper\">[vc_row css_animation=&#8221;&#8221; row_type=&#8221;row&#8221; use_row_as_full_screen_section=&#8221;no&#8221; type=&#8221;grid&#8221; angled_section=&#8221;no&#8221; text_align=&#8221;left&#8221; background_image_as_pattern=&#8221;without_pattern&#8221; css=&#8221;.vc_custom_1547454510371{padding-top: 20px !important;}&#8221; z_index=&#8221;&#8221;][vc_column][vc_column_text]<div class=\"sc_fancy_player_container\"><!--[if lt IE 9]><script>document.createElement('audio');<\/script><![endif]-->\n<audio class=\"wp-audio-shortcode\" id=\"audio-51-1\" preload=\"none\" style=\"width: 100%;\" controls=\"controls\"><source type=\"audio\/mpeg\" src=\"\/laromaterial\/minnacanth\/wp-content\/uploads\/2019\/01\/Minna-Canth-metoo_Avancerad.mp3?_=1\" \/><a href=\"\/laromaterial\/minnacanth\/wp-content\/uploads\/2019\/01\/Minna-Canth-metoo_Avancerad.mp3\">\/laromaterial\/minnacanth\/wp-content\/uploads\/2019\/01\/Minna-Canth-metoo_Avancerad.mp3<\/a><\/audio><\/div>[\/vc_column_text][\/vc_column][\/vc_row][vc_row css_animation=&#8221;&#8221; row_type=&#8221;row&#8221; use_row_as_full_screen_section=&#8221;no&#8221; type=&#8221;grid&#8221; angled_section=&#8221;no&#8221; text_align=&#8221;left&#8221; background_image_as_pattern=&#8221;without_pattern&#8221; css=&#8221;.vc_custom_1547453471045{padding-top: 40px !important;padding-bottom: 40px !important;}&#8221; z_index=&#8221;&#8221;][vc_column width=&#8221;1\/2&#8243; css=&#8221;.vc_custom_1548239341396{padding-right: 40px !important;}&#8221;]<div class='q_icon_with_title tiny normal_icon right '><div class=\"icon_holder \" style=\" \"><a itemprop=\"url\" href=\"\/laromaterial\/minnacanth\/wp-content\/uploads\/2019\/01\/Avancerad_A4_3.pdf\" target=\"_blank\" class=\"q_icon_link\"><span data-icon-type=\"normal\"  data-icon-hover-color=\"#000000\" style=\"font-size: 30px;\" class=\"qode_iwt_icon_holder q_font_awsome_icon fa-lg  \"><i class=\"qode_icon_font_awesome fa fa-file-pdf-o qode_iwt_icon_element\" style=\"color: #ed008c;\" ><\/i><\/span><\/a><\/div><div class=\"icon_text_holder\" style=\"\"><div class=\"icon_text_inner\" style=\"\"><h2 class=\"icon_title\" style=\"\">Minna Canth &amp; #metoo<\/h2><p style=''><\/p><a itemprop='url' class='icon_with_title_link' href='\/laromaterial\/minnacanth\/wp-content\/uploads\/2019\/01\/Avancerad_A4_3.pdf' target='_blank' style=''>Read More<\/a><\/div><\/div><\/div>[vc_column_text]\n<h2><\/h2>\n<p>&nbsp;<\/p>\n<p>F\u00f6r m\u00e5nga \u00e4r <span class=\"tooltips \" style=\"\" title=\"&lt;img class=&quot;alignnone size-full wp-image-142&quot; src=&quot;http:\/\/svenskanu.fi\/laromaterial\/minnacanth\/wp-content\/uploads\/2019\/01\/Kuopion-kulttuurihistoriallinen-museo-Adele-Sallin.jpg&quot; alt=&quot;&quot; width=&quot;422&quot; height=&quot;690&quot; \/&gt;&lt;br \/&gt;\nL\u00e4hde: Kuopion kulttuurihistoriallinen museo, Adele Sallin\"><span style=\"color: #ed008c;\">Minna Canth<\/span><\/span>\u00a0en symbol f\u00f6r j\u00e4mst\u00e4lldhet och f\u00f6r flickors och kvinnors r\u00e4ttigheter. Hon sj\u00e4lv ville inte lyfta fram sin insats, utan konstaterade att kvinnofr\u00e5gan framf\u00f6r allt g\u00e5r fram\u00e5t som samarbete. \u201dKvinnofr\u00e5gan \u00e4r inte bara en kvinnofr\u00e5ga utan en fr\u00e5ga f\u00f6r hela m\u00e4nskligheten\u201d, konstaterade hon.<\/p>\n<p>&nbsp;<\/p>\n<h4>Flickors utbildningsm\u00f6jligheter<\/h4>\n<p>Canth skrev och talade f\u00f6r flickors utbildning redan p\u00e5 1870-talet, d\u00e5 hon skrev sin ber\u00f6mda ledare\u00a0<span class=\"tooltips \" style=\"\" title=\"Tytt\u00e4riemme kasvatus (&lt;a href=&quot;http:\/\/www.minnansalonki.fi\/files\/original\/0bd11e2220c4d4b57c1a217b272817e4.pdf&quot; target=&quot;_blank&quot; rel=&quot;noreferrer noopener&quot;&gt;PDF&lt;\/a&gt;)\"><span style=\"color: #ed008c;\">\u201dV\u00e5ra d\u00f6ttrars uppfostran\u201d<\/span><\/span> (1874) i tidningen Keski-Suomi. Hon tyckte att skolan inte erbj\u00f6d flickorna de f\u00e4rdigheter som de skulle komma att beh\u00f6va senare i livet, som m\u00f6drar, hustruroch barnuppfostrare. Enligt Canth beh\u00f6vde flickorna merutbildning i matematik, naturkunskap, historia, anatomi och pedagogik. I novellerna Hanna och Lektor Hellmans fru tar Minna Canth upp temat med flickors undervisning.<\/p>\n<p>&nbsp;<\/p>\n<p>Under 1880-talet talade Minna Canth f\u00f6r samskolor och lyceer som skulle m\u00f6jligg\u00f6ra universitetsstudier f\u00f6r flickor. Tack vare hennes st\u00f6d grundades den f\u00f6rsta finskspr\u00e5kiga\u00a0<span class=\"tooltips \" style=\"\" title=\"Yhteiskoulu, koulu tyt\u00f6ille ja pojille\"><span style=\"color: #ed008c;\">samskolan<\/span><\/span> i Helsingfors \u00e5r 1886. Minna Canth var sj\u00e4lv ensamf\u00f6rs\u00f6rjare till sju <span class=\"tooltips \" style=\"\" title=\"&lt;img class=&quot;alignnone size-full wp-image-143&quot; src=&quot;http:\/\/svenskanu.fi\/laromaterial\/minnacanth\/wp-content\/uploads\/2019\/01\/Minna-Canthin-perilliset_Kuopion-kulttuurihistoriallinen-museo.jpg&quot; alt=&quot;&quot; width=&quot;916&quot; height=&quot;690&quot; \/&gt;&lt;br \/&gt;\nL\u00e4hde: Kuopion kulttuurihistoriallinen museo\"><span style=\"color: #ed008c;\">barn<\/span><\/span>. Hon ans\u00e5g att kvinnans ansvar f\u00f6r barnuppfostran m\u00e5ste beaktas i flickornas utbildning.<\/p>\n<p>&nbsp;<\/p>\n<h4>Kvinnans r\u00e4ttigheter<\/h4>\n<p>J\u00e4mst\u00e4lldhet mellan man och kvinna var en viktig sak f\u00f6r Minna Canth och hon k\u00e4mpade f\u00f6r kvinnans r\u00e4ttigheter i \u00e4ktenskapet. Hon ville att kvinnor skulle respekteras som fria m\u00e4nniskor i st\u00e4llet f\u00f6r att vara f\u00f6rpassade under <span class=\"tooltips \" style=\"\" title=\"1800-luvun Suomessa nainen ei ollut itsen\u00e4inen kuten t\u00e4n\u00e4 p\u00e4iv\u00e4n\u00e4, vaan oli ensin is\u00e4ns\u00e4 ja sitten aviomiehens\u00e4 holhouksen alainen.\"><span style=\"color: #ed008c;\">mannens best\u00e4mmander\u00e4tt<\/span><\/span>. Canth kritiserade ocks\u00e5 samh\u00e4llets s\u00e4tt att fokusera p\u00e5 att g\u00f6ra unga kvinnor till vackra och v\u00e4luppfostrade hustrur. Hon tyckte att de i st\u00e4llet borde f\u00e5 undervisning som \u00f6kade deras f\u00f6rst\u00e5else f\u00f6r samh\u00e4llet och p\u00e5 det s\u00e4ttet kunde f\u00f6rb\u00e4ttra deras m\u00f6jligheter att vara sj\u00e4lvst\u00e4ndiga. Hon var ocks\u00e5 kritisk mot samh\u00e4llets or\u00e4ttvisor g\u00e4llande k\u00f6nsmoral: enligt henne borde samma moraliska regler g\u00e4lla b\u00e5de m\u00e4n och kvinnor.<\/p>\n<p>&nbsp;<\/p>\n<p>#Metoo-kampanjen visar att Canths arbete f\u00f6r kvinnans r\u00e4ttigheter och j\u00e4mst\u00e4lldheten fortfarande \u00e4r aktuell. \u00c4ven om en hel del har \u00e4ndrats sedan Minna Canths tid, k\u00e4mpar vi i dagens Finland fortfarande med m\u00e5nga j\u00e4mst\u00e4lldhetsfr\u00e5gor.[\/vc_column_text][vc_empty_space][\/vc_column][vc_column width=&#8221;1\/2&#8243;]<div class=\"qode-accordion-holder clearfix qode-toggle qode-initial \">\n\t<h4 class=\"clearfix qode-title-holder\">\n<span class=\"qode-tab-title\">\n\t    <span class=\"qode-tab-title-inner\">\n        Ordlista    <\/span>\n<\/span>\n<span class=\"qode-accordion-mark\">\n    <span class=\"qode-accordion-mark-icon\">\n        <span class=\"icon_plus\"><\/span>\n        <span class=\"icon_minus-06\"><\/span>\n    <\/span>\n<\/span>\n<\/h4>\n<div  class=\"qode-accordion-content \" >\n    <div class=\"qode-accordion-content-inner\">\n        [vc_column_text]\n<table>\n<tbody>\n<tr>\n<td width=\"321\">en r\u00e4ttighet, -en, -er, -erna<\/td>\n<td width=\"321\">oikeus<\/td>\n<\/tr>\n<tr>\n<td width=\"321\"><\/td>\n<td width=\"321\"><\/td>\n<\/tr>\n<tr>\n<td width=\"321\">lyfta fram<\/td>\n<td width=\"321\">nostaa esiin<\/td>\n<\/tr>\n<tr>\n<td width=\"321\"><\/td>\n<td width=\"321\"><\/td>\n<\/tr>\n<tr>\n<td width=\"321\">en insats, -en, -er, -erna<\/td>\n<td width=\"321\">panos<\/td>\n<\/tr>\n<tr>\n<td width=\"321\"><\/td>\n<td width=\"321\"><\/td>\n<\/tr>\n<tr>\n<td width=\"321\">konstatera, -ar, -ade, -at<\/td>\n<td width=\"321\">todeta<\/td>\n<\/tr>\n<tr>\n<td width=\"321\"><\/td>\n<td width=\"321\"><\/td>\n<\/tr>\n<tr>\n<td width=\"321\">en kvinnofr\u00e5ga, -n, -or, -orna<\/td>\n<td width=\"321\">naiskysymys<\/td>\n<\/tr>\n<tr>\n<td width=\"321\"><\/td>\n<td width=\"321\"><\/td>\n<\/tr>\n<tr>\n<td width=\"321\">m\u00e4nsklighet, -en<\/td>\n<td width=\"321\">ihmisyys<\/td>\n<\/tr>\n<tr>\n<td width=\"321\"><\/td>\n<td width=\"321\"><\/td>\n<\/tr>\n<tr>\n<td width=\"321\">tala f\u00f6r<\/td>\n<td width=\"321\">puhua jonkin puolesta<\/td>\n<\/tr>\n<tr>\n<td width=\"321\"><\/td>\n<td width=\"321\"><\/td>\n<\/tr>\n<tr>\n<td width=\"321\">en utbildning, -en, -ar, -arna<\/td>\n<td width=\"321\">koulutus<\/td>\n<\/tr>\n<tr>\n<td width=\"321\"><\/td>\n<td width=\"321\"><\/td>\n<\/tr>\n<tr>\n<td width=\"321\">en ledare, -en, -e, -arna<\/td>\n<td width=\"321\">p\u00e4\u00e4kirjoitus<\/td>\n<\/tr>\n<tr>\n<td width=\"321\"><\/td>\n<td width=\"321\"><\/td>\n<\/tr>\n<tr>\n<td width=\"321\">erbjuda, erbjuder, erbj\u00f6d, erbjudit<\/td>\n<td width=\"321\">tarjota<\/td>\n<\/tr>\n<tr>\n<td width=\"321\"><\/td>\n<td width=\"321\"><\/td>\n<\/tr>\n<tr>\n<td width=\"321\">en f\u00e4rdighet, -en, -er, -erna<\/td>\n<td width=\"321\">taito<\/td>\n<\/tr>\n<tr>\n<td width=\"321\"><\/td>\n<td width=\"321\"><\/td>\n<\/tr>\n<tr>\n<td width=\"321\">en hustru, -n<\/td>\n<td width=\"321\">vaimo<\/td>\n<\/tr>\n<tr>\n<td width=\"321\"><\/td>\n<td width=\"321\"><\/td>\n<\/tr>\n<tr>\n<td width=\"321\">en barnuppfostrare, -n, -, -arna<\/td>\n<td width=\"321\">lapsen kasvattaja<\/td>\n<\/tr>\n<tr>\n<td width=\"321\"><\/td>\n<td width=\"321\"><\/td>\n<\/tr>\n<tr>\n<td width=\"321\">merutbildning, -en, -ar, -arna<\/td>\n<td width=\"321\">lis\u00e4koulutusta<\/td>\n<\/tr>\n<tr>\n<td width=\"321\"><\/td>\n<td width=\"321\"><\/td>\n<\/tr>\n<tr>\n<td width=\"321\">en novell, -en, -er, -erna<\/td>\n<td width=\"321\">novelli<\/td>\n<\/tr>\n<tr>\n<td width=\"321\"><\/td>\n<td width=\"321\"><\/td>\n<\/tr>\n<tr>\n<td width=\"321\">en samskola, -n, -or, -orna<\/td>\n<td width=\"321\">yhteiskoulu<\/td>\n<\/tr>\n<tr>\n<td width=\"321\"><\/td>\n<td width=\"321\"><\/td>\n<\/tr>\n<tr>\n<td width=\"321\">m\u00f6jligg\u00f6ra, -g\u00f6r, -gjorde, -gjort<\/td>\n<td width=\"321\">mahdollistaa<\/td>\n<\/tr>\n<tr>\n<td width=\"321\"><\/td>\n<td width=\"321\"><\/td>\n<\/tr>\n<tr>\n<td width=\"321\">universitetsstudier, -erna<\/td>\n<td width=\"321\">yliopisto-opinnot<\/td>\n<\/tr>\n<tr>\n<td width=\"321\"><\/td>\n<td width=\"321\"><\/td>\n<\/tr>\n<tr>\n<td width=\"321\">ett st\u00f6d, -et, -, -en<\/td>\n<td width=\"321\">tuki<\/td>\n<\/tr>\n<tr>\n<td width=\"321\"><\/td>\n<td width=\"321\"><\/td>\n<\/tr>\n<tr>\n<td width=\"321\">en ensamf\u00f6rs\u00f6rjare, -n, -, -arna<\/td>\n<td width=\"321\">yksinhuoltaja<\/td>\n<\/tr>\n<tr>\n<td width=\"321\"><\/td>\n<td width=\"321\"><\/td>\n<\/tr>\n<tr>\n<td width=\"321\">ett ansvar, -et<\/td>\n<td width=\"321\">vastuu<\/td>\n<\/tr>\n<tr>\n<td width=\"321\"><\/td>\n<td width=\"321\"><\/td>\n<\/tr>\n<tr>\n<td width=\"321\">beakta, -ar, -ade, -at<\/td>\n<td width=\"321\">ottaa huomioon<\/td>\n<\/tr>\n<tr>\n<td width=\"321\"><\/td>\n<td width=\"321\"><\/td>\n<\/tr>\n<tr>\n<td width=\"321\">k\u00e4mpa f\u00f6r<\/td>\n<td width=\"321\">taistella jonkin puolesta<\/td>\n<\/tr>\n<tr>\n<td width=\"321\"><\/td>\n<td width=\"321\"><\/td>\n<\/tr>\n<tr>\n<td width=\"321\"><\/td>\n<td width=\"321\"><\/td>\n<\/tr>\n<tr>\n<td width=\"321\">ett \u00e4ktenskap, -et, -, -en<\/td>\n<td width=\"321\">avioliitto<\/td>\n<\/tr>\n<tr>\n<td width=\"321\"><\/td>\n<td width=\"321\"><\/td>\n<\/tr>\n<tr>\n<td width=\"321\">respektera, -ar, -ade, -at<\/td>\n<td width=\"321\">arvostaa<\/td>\n<\/tr>\n<tr>\n<td width=\"321\"><\/td>\n<td width=\"321\"><\/td>\n<\/tr>\n<tr>\n<td width=\"321\">f\u00f6rpassa, -ar, -ade, -at<\/td>\n<td width=\"321\">pakottaa johonkin<\/td>\n<\/tr>\n<tr>\n<td width=\"321\"><\/td>\n<td width=\"321\"><\/td>\n<\/tr>\n<tr>\n<td width=\"321\">best\u00e4mmander\u00e4tt, -en<\/td>\n<td width=\"321\">m\u00e4\u00e4r\u00e4ysvalta<\/td>\n<\/tr>\n<tr>\n<td width=\"321\"><\/td>\n<td width=\"321\"><\/td>\n<\/tr>\n<tr>\n<td width=\"321\">v\u00e4lbeteende, -t<\/td>\n<td width=\"321\">hyvin k\u00e4ytt\u00e4ytyv\u00e4<\/td>\n<\/tr>\n<tr>\n<td width=\"321\"><\/td>\n<td width=\"321\"><\/td>\n<\/tr>\n<tr>\n<td width=\"321\">i st\u00e4llet<\/td>\n<td width=\"321\">sen sijaan<\/td>\n<\/tr>\n<tr>\n<td width=\"321\"><\/td>\n<td width=\"321\"><\/td>\n<\/tr>\n<tr>\n<td width=\"321\">\u00f6ka, -ar, -ade, -at<\/td>\n<td width=\"321\">lis\u00e4t\u00e4<\/td>\n<\/tr>\n<tr>\n<td width=\"321\"><\/td>\n<td width=\"321\"><\/td>\n<\/tr>\n<tr>\n<td width=\"321\">f\u00f6rst\u00e5else, -n, -r, -erna<\/td>\n<td width=\"321\">ymm\u00e4rrys<\/td>\n<\/tr>\n<tr>\n<td width=\"321\"><\/td>\n<td width=\"321\"><\/td>\n<\/tr>\n<tr>\n<td width=\"321\"><\/td>\n<td width=\"321\"><\/td>\n<\/tr>\n<tr>\n<td width=\"321\">f\u00f6rb\u00e4ttra, -ar, -ade, -at<\/td>\n<td width=\"321\">parantaa<\/td>\n<\/tr>\n<tr>\n<td width=\"321\"><\/td>\n<td width=\"321\"><\/td>\n<\/tr>\n<tr>\n<td width=\"321\">en m\u00f6jlighet, -en, -er, -erna<\/td>\n<td width=\"321\">mahdollisuus<\/td>\n<\/tr>\n<tr>\n<td width=\"321\"><\/td>\n<td width=\"321\"><\/td>\n<\/tr>\n<tr>\n<td width=\"321\">sj\u00e4lvst\u00e4ndig, -t, -a<\/td>\n<td width=\"321\">itsen\u00e4inen<\/td>\n<\/tr>\n<tr>\n<td width=\"321\"><\/td>\n<td width=\"321\"><\/td>\n<\/tr>\n<tr>\n<td width=\"321\">kritisk, -t, -a<\/td>\n<td width=\"321\">kriittinen<\/td>\n<\/tr>\n<tr>\n<td width=\"321\"><\/td>\n<td width=\"321\"><\/td>\n<\/tr>\n<tr>\n<td width=\"321\">en or\u00e4ttvisa, -n, -or, -orna<\/td>\n<td width=\"321\">ep\u00e4oikeudenmukaisuus<\/td>\n<\/tr>\n<tr>\n<td width=\"321\"><\/td>\n<td width=\"321\"><\/td>\n<\/tr>\n<tr>\n<td width=\"321\">g\u00e4llande<\/td>\n<td width=\"321\">koskien<\/td>\n<\/tr>\n<tr>\n<td width=\"321\"><\/td>\n<td width=\"321\"><\/td>\n<\/tr>\n<tr>\n<td width=\"321\">en k\u00f6nsmoral, -en, -er, -erna<\/td>\n<td width=\"321\">sukupuolimoraali<\/td>\n<\/tr>\n<tr>\n<td width=\"321\"><\/td>\n<td width=\"321\"><\/td>\n<\/tr>\n<tr>\n<td width=\"321\">en regel, -n, -ar, -arna<\/td>\n<td width=\"321\">s\u00e4\u00e4nt\u00f6<\/td>\n<\/tr>\n<tr>\n<td width=\"321\"><\/td>\n<td width=\"321\"><\/td>\n<\/tr>\n<\/tbody>\n<\/table>\n[\/vc_column_text]    <\/div>\n<\/div><h4 class=\"clearfix qode-title-holder\">\n<span class=\"qode-tab-title\">\n\t    <span class=\"qode-tab-title-inner\">\n        Fr\u00e5gor flerval    <\/span>\n<\/span>\n<span class=\"qode-accordion-mark\">\n    <span class=\"qode-accordion-mark-icon\">\n        <span class=\"icon_plus\"><\/span>\n        <span class=\"icon_minus-06\"><\/span>\n    <\/span>\n<\/span>\n<\/h4>\n<div  class=\"qode-accordion-content \" >\n    <div class=\"qode-accordion-content-inner\">\n        [vc_raw_html]JTNDZGl2JTIwZGF0YS10Zi1saXZlJTNEJTIyMDFKUFBSVjU5NlZZSkE4NFE2NkM2Nk5LMVIlMjIlM0UlM0MlMkZkaXYlM0UlM0NzY3JpcHQlMjBzcmMlM0QlMjIlMkYlMkZlbWJlZC50eXBlZm9ybS5jb20lMkZuZXh0JTJGZW1iZWQuanMlMjIlM0UlM0MlMkZzY3JpcHQlM0U=[\/vc_raw_html][vc_column_text][\/vc_column_text]    <\/div>\n<\/div><h4 class=\"clearfix qode-title-holder\">\n<span class=\"qode-tab-title\">\n\t    <span class=\"qode-tab-title-inner\">\n        Fr\u00e5gor \u00f6ppna    <\/span>\n<\/span>\n<span class=\"qode-accordion-mark\">\n    <span class=\"qode-accordion-mark-icon\">\n        <span class=\"icon_plus\"><\/span>\n        <span class=\"icon_minus-06\"><\/span>\n    <\/span>\n<\/span>\n<\/h4>\n<div  class=\"qode-accordion-content \" >\n    <div class=\"qode-accordion-content-inner\">\n        [vc_column_text]1. Varf\u00f6r var Minna Canth missn\u00f6jd med kvinnans st\u00e4llning p\u00e5 1870-talet? Vad kritiserade hon?<br \/>\n<span class=\"collapseomatic \" id=\"id69fb0f352cc54\"  tabindex=\"0\" title=\"&lt;strong&gt;R\u00e4tt svar&lt;\/strong&gt;\"    ><strong>R\u00e4tt svar<\/strong><\/span><div id=\"target-id69fb0f352cc54\" class=\"collapseomatic_content \">\nHon tyckte att skolan inte gav flickor de f\u00e4rdigheter som de beh\u00f6vde senare i livet. Enligt henne fokuserade samh\u00e4llet p\u00e5 att g\u00f6ra unga kvinnor enbart till vackra och v\u00e4luppfostrade hustrur. Hon kritiserade ocks\u00e5 det att kvinnan inte var sj\u00e4lvst\u00e4ndig utan befann sig under mannens best\u00e4mmander\u00e4tt. Hon kritiserade ocks\u00e5 d\u00e5tidens k\u00f6nsmoral som enligt henne var or\u00e4ttvis.<br \/>\n<\/div>\n<p>&nbsp;<\/p>\n<p>2. P\u00e5 vilket s\u00e4tt ville Minna Canth f\u00f6r\u00e4ndra undervisningen i skolorna?<br \/>\n<span class=\"collapseomatic \" id=\"id69fb0f352cccd\"  tabindex=\"0\" title=\"&lt;strong&gt;R\u00e4tt svar&lt;\/strong&gt;\"    ><strong>R\u00e4tt svar<\/strong><\/span><div id=\"target-id69fb0f352cccd\" class=\"collapseomatic_content \">\nCanth ville att flickorna skulle ha mera matematik, naturkunskap, historia, anatomi och pedagogik i sin undervisning. Hon ans\u00e5g att flickorna borde f\u00e5 en s\u00e5dan undervisning som skulle \u00f6ka deras f\u00f6rst\u00e5else av samh\u00e4llet. P\u00e5 det s\u00e4tt skulle de bli mera sj\u00e4lvst\u00e4ndiga.<br \/>\n<\/div>\n<p>&nbsp;<\/p>\n<p>3. Vad ville Minna Canth f\u00f6r\u00e4ndra g\u00e4llande kvinnans st\u00e4llning i samtiden och i \u00e4ktenskapet?<br \/>\n<span class=\"collapseomatic \" id=\"id69fb0f352cd11\"  tabindex=\"0\" title=\"&lt;strong&gt;R\u00e4tt svar&lt;\/strong&gt;\"    ><strong>R\u00e4tt svar<\/strong><\/span><div id=\"target-id69fb0f352cd11\" class=\"collapseomatic_content \">\nMinna Canth tyckte att kvinnor borde respekteras som fria m\u00e4nniskor i st\u00e4llet att de befann sig under mannens best\u00e4mmander\u00e4tt. Hon tyckte ocks\u00e5 att kvinnor borde f\u00e5 b\u00e4ttre f\u00f6rst\u00e5else av samh\u00e4llet.<br \/>\n<\/div>\n[\/vc_column_text]    <\/div>\n<\/div><h4 class=\"clearfix qode-title-holder\">\n<span class=\"qode-tab-title\">\n\t    <span class=\"qode-tab-title-inner\">\n        Diskussions\u00f6vningar    <\/span>\n<\/span>\n<span class=\"qode-accordion-mark\">\n    <span class=\"qode-accordion-mark-icon\">\n        <span class=\"icon_plus\"><\/span>\n        <span class=\"icon_minus-06\"><\/span>\n    <\/span>\n<\/span>\n<\/h4>\n<div  class=\"qode-accordion-content \" >\n    <div class=\"qode-accordion-content-inner\">\n        [vc_column_text]Vilka oj\u00e4mlikheter mellan kvinnor och m\u00e4n finns det \u00e4nnu i dag?<\/p>\n<p>&nbsp;<\/p>\n<p>Har kvinnor samma m\u00f6jligheter i samh\u00e4llet som m\u00e4n, vad tror du?<\/p>\n<p>&nbsp;<\/p>\n<p>J\u00e4mf\u00f6r samh\u00e4llet under Minna Canths tid med v\u00e5rt samh\u00e4lle: vad har \u00e4ndrats, vad v\u00e4cker fortfarande diskussion?[\/vc_column_text]    <\/div>\n<\/div><h4 class=\"clearfix qode-title-holder\">\n<span class=\"qode-tab-title\">\n\t    <span class=\"qode-tab-title-inner\">\n        \u00d6vningar i grammatik och ordf\u00f6rr\u00e5d    <\/span>\n<\/span>\n<span class=\"qode-accordion-mark\">\n    <span class=\"qode-accordion-mark-icon\">\n        <span class=\"icon_plus\"><\/span>\n        <span class=\"icon_minus-06\"><\/span>\n    <\/span>\n<\/span>\n<\/h4>\n<div  class=\"qode-accordion-content \" >\n    <div class=\"qode-accordion-content-inner\">\n        [vc_column_text]V\u00e4lj r\u00e4tt form<\/p>\n<div class=\"goconqr-popup-embed\" data-id=\"16525770\" data-type=\"quizzes\"><\/div>\n<p><script type='text\/javascript' src='https:\/\/cdn.goconqr.com\/embed.min.js'><\/script><\/p>\n<p>&nbsp;<\/p>\n<p>Fr\u00e5gesats: Skriv fraserna p\u00e5 nytt som fr\u00e5gesatser. Exempel. &#8221;Jag l\u00e4ser b\u00f6cker &#8211; l\u00e4ser du b\u00f6cker?&#8221;<\/p>\n<div class=\"goconqr-popup-embed\" data-id=\"16525803\" data-type=\"quizzes\"><\/div>\n<p><script type='text\/javascript' src='https:\/\/cdn.goconqr.com\/embed.min.js'><\/script><\/p>\n<p>&nbsp;<\/p>\n<p>Kom p\u00e5 en fr\u00e5ga till f\u00f6ljande svar. Fr\u00e5geordet finns f\u00e4rdigt.<\/p>\n<div class=\"goconqr-popup-embed\" data-id=\"16526023\" data-type=\"quizzes\"><\/div>\n<p><script type='text\/javascript' src='https:\/\/cdn.goconqr.com\/embed.min.js'><\/script>[\/vc_column_text]    <\/div>\n<\/div><h4 class=\"clearfix qode-title-holder\">\n<span class=\"qode-tab-title\">\n\t    <span class=\"qode-tab-title-inner\">\n        Andra \u00f6vningar    <\/span>\n<\/span>\n<span class=\"qode-accordion-mark\">\n    <span class=\"qode-accordion-mark-icon\">\n        <span class=\"icon_plus\"><\/span>\n        <span class=\"icon_minus-06\"><\/span>\n    <\/span>\n<\/span>\n<\/h4>\n<div  class=\"qode-accordion-content \" >\n    <div class=\"qode-accordion-content-inner\">\n        [vc_column_text]<strong>Debatt-kort <\/strong><\/p>\n<p>&nbsp;<\/p>\n<p>Diskutera j\u00e4mst\u00e4lldhetsfr\u00e5gor med hj\u00e4lp av <a href=\"http:\/\/svenskanu.fi\/laromaterial\/minnacanth\/wp-content\/uploads\/2019\/01\/Debatt-kort.pdf\">debatt-kort<\/a>!<\/p>\n<p>F\u00f6r debatterna parvis, i sm\u00e5 grupper eller tillsammans med hela klassen. Ni kan dela ut debatt-korten slumpvis till grupperna eller visa \u00e4mnena p\u00e5 tavlan och eleverna kan sj\u00e4lv v\u00e4lja vilka de kommer att diskutera. Diskutera \u00e4mnena fritt eller best\u00e4m vem som \u00e4r f\u00f6r och vem som \u00e4r emot.<\/p>\n<p><a href=\"http:\/\/svenskanu.fi\/laromaterial\/wp-content\/uploads\/2019\/03\/Fraser-A%CC%8Asikter_13-3.pdf\"><u>H\u00e4r hittar du tips p\u00e5 hur du kan uttrycka din \u00e5sikt p\u00e5 svenska<\/u><\/a><\/p>\n<p>&nbsp;<\/p>\n<p><strong>S\u00f6k information p\u00e5 n\u00e4tet<\/strong><\/p>\n<p>S\u00f6k information p\u00e5 n\u00e4tet om #metoo-kampanjen och g\u00f6r en faktaruta eller en mindmap om kampanjen. Du kan ocks\u00e5 skriva egna \u00e5sikter om kampanjen och om hurdan betydelse den har haft enligt din mening f\u00f6r kvinnans st\u00e4llning. Kolla in till exempel LL-Bladets artikel: <u><a href=\"https:\/\/ll-bladet.fi\/utrikes\/kampanjen-me-too-spred-sig-snabbt\/\">https:\/\/ll-bladet.fi\/utrikes\/kampanjen-me-too-spred-sig-snabbt\/<\/a> <\/u>[\/vc_column_text]    <\/div>\n<\/div><h4 class=\"clearfix qode-title-holder\">\n<span class=\"qode-tab-title\">\n\t    <span class=\"qode-tab-title-inner\">\n        Annat    <\/span>\n<\/span>\n<span class=\"qode-accordion-mark\">\n    <span class=\"qode-accordion-mark-icon\">\n        <span class=\"icon_plus\"><\/span>\n        <span class=\"icon_minus-06\"><\/span>\n    <\/span>\n<\/span>\n<\/h4>\n<div  class=\"qode-accordion-content \" >\n    <div class=\"qode-accordion-content-inner\">\n        [vc_column_text]<strong>Instagram<\/strong>: Ta en bild p\u00e5 n\u00e5got som visar oj\u00e4mliket mellan kvinnor och m\u00e4n. L\u00e4gg upp bilden p\u00e5 Instagam med hashtags #svenskanu #minnacanth175 #vadskulleminnag\u00f6ra. Om du inte hittar en bra bild kan du beskriva n\u00e5gon oj\u00e4mlikhet med n\u00e5gra meningar p\u00e5 ett papper och ta en bild p\u00e5 det. Kommentera p\u00e5 svenska vad som h\u00e4nder p\u00e5 bilden och ber\u00e4tta vad man borde g\u00f6ra \u00e5t saken.[\/vc_column_text]    <\/div>\n<\/div><h4 class=\"clearfix qode-title-holder\">\n<span class=\"qode-tab-title\">\n\t    <span class=\"qode-tab-title-inner\">\n        Integrering    <\/span>\n<\/span>\n<span class=\"qode-accordion-mark\">\n    <span class=\"qode-accordion-mark-icon\">\n        <span class=\"icon_plus\"><\/span>\n        <span class=\"icon_minus-06\"><\/span>\n    <\/span>\n<\/span>\n<\/h4>\n<div  class=\"qode-accordion-content \" >\n    <div class=\"qode-accordion-content-inner\">\n        [vc_column_text]<strong>Historia:<\/strong> l\u00e4s om kvinnans st\u00e4llning i Finland i slutet av 1800-talet och diskutera hur kvinnans st\u00e4llning har f\u00f6r\u00e4ndrats. Varf\u00f6r \u00e4r det viktigt att Minna Canth str\u00e4vade efter ett mera j\u00e4mlikt samh\u00e4lle? Vad \u00e4r hennes arv till dagens finl\u00e4ndare?<\/p>\n<p>&nbsp;<\/p>\n<p><strong>Modersm\u00e5l:<\/strong> l\u00e4s Minna Canths pj\u00e4s Anna-Liisa och diskutera kvinnans st\u00e4llning i pj\u00e4sen. Ni kan anv\u00e4nda f\u00f6ljande finskspr\u00e5kigt material som hj\u00e4lp: <u><a href=\"http:\/\/minnacanth.wixsite.com\/mysite\">http:\/\/minnacanth.wixsite.com\/mysite<\/a><\/u>[\/vc_column_text]    <\/div>\n<\/div><\/div>[\/vc_column][\/vc_row]\n<\/section>","protected":false},"excerpt":{"rendered":"<p>[vc_row css_animation=&#8221;&#8221; row_type=&#8221;row&#8221; use_row_as_full_screen_section=&#8221;no&#8221; type=&#8221;grid&#8221; angled_section=&#8221;no&#8221; text_align=&#8221;left&#8221; background_image_as_pattern=&#8221;without_pattern&#8221; css=&#8221;.vc_custom_1547454510371{padding-top: 20px !important;}&#8221; z_index=&#8221;&#8221;][vc_column][vc_column_text][\/vc_column_text][\/vc_column][\/vc_row][vc_row css_animation=&#8221;&#8221; row_type=&#8221;row&#8221; use_row_as_full_screen_section=&#8221;no&#8221; type=&#8221;grid&#8221; angled_section=&#8221;no&#8221; text_align=&#8221;left&#8221; background_image_as_pattern=&#8221;without_pattern&#8221; css=&#8221;.vc_custom_1547453471045{padding-top: 40px !important;padding-bottom: 40px !important;}&#8221; z_index=&#8221;&#8221;][vc_column width=&#8221;1\/2&#8243; css=&#8221;.vc_custom_1548239341396{padding-right: 40px !important;}&#8221;][vc_column_text] &nbsp; F\u00f6r m\u00e5nga \u00e4r \u00a0en symbol f\u00f6r j\u00e4mst\u00e4lldhet och f\u00f6r flickors och kvinnors r\u00e4ttigheter. Hon sj\u00e4lv&#8230;<\/p>\n","protected":false},"author":1,"featured_media":0,"parent":18,"menu_order":0,"comment_status":"closed","ping_status":"closed","template":"full_width.php","meta":{"footnotes":""},"class_list":["post-51","page","type-page","status-publish","hentry"],"_links":{"self":[{"href":"https:\/\/svenskanu.fi\/laromaterial\/minnacanth\/index.php\/wp-json\/wp\/v2\/pages\/51","targetHints":{"allow":["GET"]}}],"collection":[{"href":"https:\/\/svenskanu.fi\/laromaterial\/minnacanth\/index.php\/wp-json\/wp\/v2\/pages"}],"about":[{"href":"https:\/\/svenskanu.fi\/laromaterial\/minnacanth\/index.php\/wp-json\/wp\/v2\/types\/page"}],"author":[{"embeddable":true,"href":"https:\/\/svenskanu.fi\/laromaterial\/minnacanth\/index.php\/wp-json\/wp\/v2\/users\/1"}],"replies":[{"embeddable":true,"href":"https:\/\/svenskanu.fi\/laromaterial\/minnacanth\/index.php\/wp-json\/wp\/v2\/comments?post=51"}],"version-history":[{"count":42,"href":"https:\/\/svenskanu.fi\/laromaterial\/minnacanth\/index.php\/wp-json\/wp\/v2\/pages\/51\/revisions"}],"predecessor-version":[{"id":450,"href":"https:\/\/svenskanu.fi\/laromaterial\/minnacanth\/index.php\/wp-json\/wp\/v2\/pages\/51\/revisions\/450"}],"up":[{"embeddable":true,"href":"https:\/\/svenskanu.fi\/laromaterial\/minnacanth\/index.php\/wp-json\/wp\/v2\/pages\/18"}],"wp:attachment":[{"href":"https:\/\/svenskanu.fi\/laromaterial\/minnacanth\/index.php\/wp-json\/wp\/v2\/media?parent=51"}],"curies":[{"name":"wp","href":"https:\/\/api.w.org\/{rel}","templated":true}]}}