{"id":64,"date":"2019-01-14T11:04:12","date_gmt":"2019-01-14T09:04:12","guid":{"rendered":"http:\/\/svenskanu.fi\/laromaterial\/minnacanth\/?page_id=64"},"modified":"2025-03-19T10:53:46","modified_gmt":"2025-03-19T08:53:46","slug":"minna-canth-metoo","status":"publish","type":"page","link":"https:\/\/svenskanu.fi\/laromaterial\/minnacanth\/index.php\/lattlast\/minna-canth-metoo\/","title":{"rendered":"Minna Canth &#038; #metoo"},"content":{"rendered":"<section class=\"wpb-content-wrapper\">[vc_row css_animation=&#8221;&#8221; row_type=&#8221;row&#8221; use_row_as_full_screen_section=&#8221;no&#8221; type=&#8221;grid&#8221; angled_section=&#8221;no&#8221; text_align=&#8221;left&#8221; background_image_as_pattern=&#8221;without_pattern&#8221; css=&#8221;.vc_custom_1547454510371{padding-top: 20px !important;}&#8221; z_index=&#8221;&#8221;][vc_column][vc_column_text]<div class=\"sc_fancy_player_container\"><!--[if lt IE 9]><script>document.createElement('audio');<\/script><![endif]-->\n<audio class=\"wp-audio-shortcode\" id=\"audio-64-1\" preload=\"none\" style=\"width: 100%;\" controls=\"controls\"><source type=\"audio\/mpeg\" src=\"\/laromaterial\/minnacanth\/wp-content\/uploads\/2019\/01\/Minna-Canth-metoo_Lattlast.mp3?_=1\" \/><a href=\"\/laromaterial\/minnacanth\/wp-content\/uploads\/2019\/01\/Minna-Canth-metoo_Lattlast.mp3\">\/laromaterial\/minnacanth\/wp-content\/uploads\/2019\/01\/Minna-Canth-metoo_Lattlast.mp3<\/a><\/audio><\/div>[\/vc_column_text][\/vc_column][\/vc_row][vc_row css_animation=&#8221;&#8221; row_type=&#8221;row&#8221; use_row_as_full_screen_section=&#8221;no&#8221; type=&#8221;grid&#8221; angled_section=&#8221;no&#8221; text_align=&#8221;left&#8221; background_image_as_pattern=&#8221;without_pattern&#8221; css=&#8221;.vc_custom_1547453471045{padding-top: 40px !important;padding-bottom: 40px !important;}&#8221; z_index=&#8221;&#8221;][vc_column width=&#8221;1\/2&#8243; css=&#8221;.vc_custom_1548239417116{padding-right: 40px !important;}&#8221;]<div class='q_icon_with_title tiny normal_icon right '><div class=\"icon_holder \" style=\" \"><a itemprop=\"url\" href=\"\/laromaterial\/minnacanth\/wp-content\/uploads\/2019\/01\/Lattlast_A4_3.pdf\" target=\"_blank\" class=\"q_icon_link\"><span data-icon-type=\"normal\"  data-icon-hover-color=\"#000000\" style=\"font-size: 30px;\" class=\"qode_iwt_icon_holder q_font_awsome_icon fa-lg  \"><i class=\"qode_icon_font_awesome fa fa-file-pdf-o qode_iwt_icon_element\" style=\"color: #ed008c;\" ><\/i><\/span><\/a><\/div><div class=\"icon_text_holder\" style=\"\"><div class=\"icon_text_inner\" style=\"\"><h2 class=\"icon_title\" style=\"\">Minna Canth &amp; #metoo<\/h2><p style=''><\/p><a itemprop='url' class='icon_with_title_link' href='\/laromaterial\/minnacanth\/wp-content\/uploads\/2019\/01\/Lattlast_A4_3.pdf' target='_blank' style=''>Read More<\/a><\/div><\/div><\/div>[vc_column_text]\n<h2><\/h2>\n<p>&nbsp;<\/p>\n<span class=\"tooltips \" style=\"\" title=\"&lt;img class=&quot;alignnone size-full wp-image-142&quot; src=&quot;http:\/\/svenskanu.fi\/laromaterial\/minnacanth\/wp-content\/uploads\/2019\/01\/Kuopion-kulttuurihistoriallinen-museo-Adele-Sallin.jpg&quot; alt=&quot;&quot; width=&quot;422&quot; height=&quot;690&quot; \/&gt;&lt;br \/&gt;\nL\u00e4hde: Kuopion kulttuurihistoriallinen museo, Adele Sallin\"><span style=\"color: #ed008c;\">Minna Canth<\/span><\/span>\u00a0talade f\u00f6r j\u00e4mst\u00e4lldhet och flickors r\u00e4ttigheter.<\/p>\n<p>&nbsp;<\/p>\n<h4>Flickors utbildningsm\u00f6jligheter<\/h4>\n<p>&nbsp;<\/p>\n<p>Canth tyckte att skolorna i 1800-talets Finland inte gav flickorna en tillr\u00e4ckligt god utbildning. Hon tyckte att det var viktigt att flickorna skulle l\u00e4ra sig n\u00f6dv\u00e4ndiga f\u00e4rdigheter i skolan. Canth ville att de skulle l\u00e4sa mera matematik, naturkunskap, historia, anatomi och pedagogik. Med Minna Canths st\u00f6d grundades den f\u00f6rsta finskspr\u00e5kiga samskolan i Helsingfors \u00e5r 1886.<\/p>\n<p>&nbsp;<\/p>\n<h4>Kvinnans r\u00e4ttigheter<\/h4>\n<p>&nbsp;<\/p>\n<p>J\u00e4mst\u00e4lldhet mellan man och kvinna var en viktig sak f\u00f6r Minna Canth. Hon k\u00e4mpade f\u00f6r kvinnans r\u00e4ttigheter i \u00e4ktenskapet. Hon ville att kvinnor skulle respekteras som fria m\u00e4nniskor och att kvinnorna skulle f\u00e5 mera r\u00e4ttigheter i \u00e4ktenskapet. Under Minna Canths tid fick kvinnan inte alltid best\u00e4mma om egna angel\u00e4genheter. Canth tyckte ocks\u00e5 att samma moraliska regler borde g\u00e4lla s\u00e5v\u00e4l m\u00e4n som kvinnor.<\/p>\n<p>&nbsp;<\/p>\n<p>Canth tyckte att flickor borde f\u00e5 undervisning som hj\u00e4lper dem att f\u00f6rst\u00e5 samh\u00e4llet. P\u00e5 det s\u00e4ttet skulle kvinnorna vara mera sj\u00e4lvst\u00e4ndiga.<\/p>\n<p>&nbsp;<\/p>\n<p>En hel del har \u00e4ndrats sedan Minna Canths tid, men i dagens Finland k\u00e4mpar vi fortfarande med m\u00e5nga j\u00e4mst\u00e4lldhetsfr\u00e5gor. Till exempel #Metoo-kampanjen visar att Canths arbete f\u00f6r kvinnans r\u00e4ttigheter och j\u00e4mst\u00e4lldhet fortfarande \u00e4r aktuell.[\/vc_column_text][vc_empty_space][\/vc_column][vc_column width=&#8221;1\/2&#8243;]<div class=\"qode-accordion-holder clearfix qode-toggle qode-initial \">\n\t<h4 class=\"clearfix qode-title-holder\">\n<span class=\"qode-tab-title\">\n\t    <span class=\"qode-tab-title-inner\">\n        Ordlista    <\/span>\n<\/span>\n<span class=\"qode-accordion-mark\">\n    <span class=\"qode-accordion-mark-icon\">\n        <span class=\"icon_plus\"><\/span>\n        <span class=\"icon_minus-06\"><\/span>\n    <\/span>\n<\/span>\n<\/h4>\n<div  class=\"qode-accordion-content \" >\n    <div class=\"qode-accordion-content-inner\">\n        [vc_column_text]\n<table>\n<tbody>\n<tr>\n<td width=\"321\">tala f\u00f6r<\/td>\n<td width=\"321\">puhua jonkin puolesta<\/td>\n<\/tr>\n<tr>\n<td width=\"321\">en r\u00e4ttighet, -en, -er, -erna<\/td>\n<td width=\"321\">oikeus<\/td>\n<\/tr>\n<tr>\n<td width=\"321\">en utbildning, -en, -ar, -arna<\/td>\n<td width=\"321\">koulutus<\/td>\n<\/tr>\n<tr>\n<td width=\"321\">n\u00f6dv\u00e4ndig<\/td>\n<td width=\"321\">v\u00e4ltt\u00e4m\u00e4t\u00f6n<\/td>\n<\/tr>\n<tr>\n<td width=\"321\">en f\u00e4rdighet, -en, -er, -erna<\/td>\n<td width=\"321\">taito<\/td>\n<\/tr>\n<tr>\n<td width=\"321\">naturkunskap<\/td>\n<td width=\"321\">luonnontieto<\/td>\n<\/tr>\n<tr>\n<td width=\"321\">ett st\u00f6d, -et, -, -en<\/td>\n<td width=\"321\">tuki<\/td>\n<\/tr>\n<tr>\n<td width=\"321\">grunda, -ar, -ade, -at<\/td>\n<td width=\"321\">perustaa<\/td>\n<\/tr>\n<tr>\n<td width=\"321\">en samskola, -n, -or, -orna<\/td>\n<td width=\"321\">yhteiskoulu<\/td>\n<\/tr>\n<tr>\n<td width=\"321\">j\u00e4mst\u00e4lldhet, -en<\/td>\n<td width=\"321\">tasa-arvo<\/td>\n<\/tr>\n<tr>\n<td width=\"321\">k\u00e4mpa, -ar, -ade, -at<\/td>\n<td width=\"321\">kamppailla, taistella<\/td>\n<\/tr>\n<tr>\n<td width=\"321\">ett \u00e4ktenskap, -et, -, -en<\/td>\n<td width=\"321\">avioliitto<\/td>\n<\/tr>\n<tr>\n<td width=\"321\">respektera, -ar, -ade, -at<\/td>\n<td width=\"321\">arvostaa<\/td>\n<\/tr>\n<tr>\n<td width=\"321\">en angel\u00e4genhet, -en, -er, -erna<\/td>\n<td width=\"321\">asia<\/td>\n<\/tr>\n<tr>\n<td width=\"321\">ett ansvar, -et<\/td>\n<td width=\"321\">vastuu<\/td>\n<\/tr>\n<tr>\n<td width=\"321\">beakta, -ar, -ade, -at<\/td>\n<td width=\"321\">ottaa huomioon<\/td>\n<\/tr>\n<tr>\n<td width=\"321\">k\u00e4mpa f\u00f6r<\/td>\n<td width=\"321\">taistella jonkin puolesta<\/td>\n<\/tr>\n<tr>\n<td width=\"321\">en regel, -n, -ar, -arna<\/td>\n<td width=\"321\">s\u00e4\u00e4nt\u00f6<\/td>\n<\/tr>\n<tr>\n<td width=\"321\">undervisning<\/td>\n<td width=\"321\">opetus<\/td>\n<\/tr>\n<tr>\n<td width=\"321\">ett samh\u00e4lle, -t, -n, -na<\/td>\n<td width=\"321\">yhteiskunta<\/td>\n<\/tr>\n<tr>\n<td width=\"321\">sj\u00e4lvst\u00e4ndig, -t, -a<\/td>\n<td width=\"321\">itsen\u00e4inen<\/td>\n<\/tr>\n<tr>\n<td width=\"321\">\u00e4ndra, -ar, -ade, -at<\/td>\n<td width=\"321\">muuttua, muuttaa<\/td>\n<\/tr>\n<\/tbody>\n<\/table>\n[\/vc_column_text][vc_raw_html]JTNDZGl2JTIwZGF0YS10Zi1saXZlJTNEJTIyMDFKUFBTUFgxNzM2TThTN0Q3RzI2UDZUOVMlMjIlM0UlM0MlMkZkaXYlM0UlM0NzY3JpcHQlMjBzcmMlM0QlMjIlMkYlMkZlbWJlZC50eXBlZm9ybS5jb20lMkZuZXh0JTJGZW1iZWQuanMlMjIlM0UlM0MlMkZzY3JpcHQlM0U=[\/vc_raw_html]    <\/div>\n<\/div><h4 class=\"clearfix qode-title-holder\">\n<span class=\"qode-tab-title\">\n\t    <span class=\"qode-tab-title-inner\">\n        Fr\u00e5gor flerval    <\/span>\n<\/span>\n<span class=\"qode-accordion-mark\">\n    <span class=\"qode-accordion-mark-icon\">\n        <span class=\"icon_plus\"><\/span>\n        <span class=\"icon_minus-06\"><\/span>\n    <\/span>\n<\/span>\n<\/h4>\n<div  class=\"qode-accordion-content \" >\n    <div class=\"qode-accordion-content-inner\">\n        [vc_column_text][wp_quiz id=&#8221;284&#8243;][\/vc_column_text]    <\/div>\n<\/div><h4 class=\"clearfix qode-title-holder\">\n<span class=\"qode-tab-title\">\n\t    <span class=\"qode-tab-title-inner\">\n        Fr\u00e5gor \u00f6ppna    <\/span>\n<\/span>\n<span class=\"qode-accordion-mark\">\n    <span class=\"qode-accordion-mark-icon\">\n        <span class=\"icon_plus\"><\/span>\n        <span class=\"icon_minus-06\"><\/span>\n    <\/span>\n<\/span>\n<\/h4>\n<div  class=\"qode-accordion-content \" >\n    <div class=\"qode-accordion-content-inner\">\n        [vc_column_text]1. Varf\u00f6r var Minna Canth missn\u00f6jd med flickornas skolor p\u00e5 1800-talet?<br \/>\n<span class=\"collapseomatic \" id=\"id69fb0f2ee6029\"  tabindex=\"0\" title=\"&lt;strong&gt;R\u00e4tt svar&lt;\/strong&gt;\"    ><strong>R\u00e4tt svar<\/strong><\/span><div id=\"target-id69fb0f2ee6029\" class=\"collapseomatic_content \">\nHon tyckte att skolorna under hennes tid inte gav flickor en tillr\u00e4ckligt god utbildning. Hon ville att flickorna skulle l\u00e4sa mera matematik, naturkunskap, historia, anatomi och pedagogik i skolan.<br \/>\n<\/div>\n<p>&nbsp;<\/p>\n<p>2.\u00a0Vad ville Minna Canth \u00e4ndra g\u00e4llande kvinnans r\u00e4ttigheter?<br \/>\n<span class=\"collapseomatic \" id=\"id69fb0f2ee60bd\"  tabindex=\"0\" title=\"&lt;strong&gt;R\u00e4tt svar&lt;\/strong&gt;\"    ><strong>R\u00e4tt svar<\/strong><\/span><div id=\"target-id69fb0f2ee60bd\" class=\"collapseomatic_content \">\nHon ville att kvinnor skulle respekteras som fria m\u00e4nniskor och att de skulle f\u00e5 mera r\u00e4ttigheter i \u00e4ktenskapet. Hon tyckte att regler g\u00e4llande moral borde vara desamma f\u00f6r s\u00e5v\u00e4l m\u00e4n som kvinnor. Canth ans\u00e5g att flickor borde f\u00e5 en undervisning som skulle hj\u00e4lpa dem att f\u00f6rst\u00e5 samh\u00e4llet.<br \/>\n<\/div>[\/vc_column_text]    <\/div>\n<\/div><h4 class=\"clearfix qode-title-holder\">\n<span class=\"qode-tab-title\">\n\t    <span class=\"qode-tab-title-inner\">\n        Diskussions\u00f6vningar    <\/span>\n<\/span>\n<span class=\"qode-accordion-mark\">\n    <span class=\"qode-accordion-mark-icon\">\n        <span class=\"icon_plus\"><\/span>\n        <span class=\"icon_minus-06\"><\/span>\n    <\/span>\n<\/span>\n<\/h4>\n<div  class=\"qode-accordion-content \" >\n    <div class=\"qode-accordion-content-inner\">\n        [vc_column_text]Vilka oj\u00e4mlikheter mellan kvinnor och m\u00e4n finns det \u00e4nnu i dag?<\/p>\n<p>&nbsp;<\/p>\n<p>Har kvinnor samma m\u00f6jligheter i samh\u00e4llet som m\u00e4n, vad tror du?<\/p>\n<p>&nbsp;<\/p>\n<p>J\u00e4mf\u00f6r samh\u00e4llet under Minna Canths tid med v\u00e5rt samh\u00e4lle: vad har \u00e4ndrats, vad v\u00e4cker fortfarande diskussion?<\/p>\n<p>&nbsp;<\/p>\n<p><strong><a href=\"http:\/\/svenskanu.fi\/laromaterial\/wp-content\/uploads\/2019\/03\/Fraser-A%CC%8Asikter_13-3.pdf\">H\u00e4r hittar du hj\u00e4lp med att uttrycka \u00e5sikter p\u00e5 svenska.<\/a><\/strong>[\/vc_column_text]    <\/div>\n<\/div><h4 class=\"clearfix qode-title-holder\">\n<span class=\"qode-tab-title\">\n\t    <span class=\"qode-tab-title-inner\">\n        \u00d6vningar i grammatik och orf\u00f6rr\u00e5d    <\/span>\n<\/span>\n<span class=\"qode-accordion-mark\">\n    <span class=\"qode-accordion-mark-icon\">\n        <span class=\"icon_plus\"><\/span>\n        <span class=\"icon_minus-06\"><\/span>\n    <\/span>\n<\/span>\n<\/h4>\n<div  class=\"qode-accordion-content \" >\n    <div class=\"qode-accordion-content-inner\">\n        [vc_column_text]Skriv meningarna i r\u00e4tt ordf\u00f6ljd<\/p>\n<div class=\"goconqr-popup-embed\" data-id=\"16527015\" data-type=\"quizzes\"><\/div>\n<p><script type='text\/javascript' src='https:\/\/cdn.goconqr.com\/embed.min.js'><\/script><\/p>\n<p>&nbsp;<\/p>\n<p>B\u00f6j verben i r\u00e4tt form<\/p>\n<div class=\"goconqr-popup-embed\" data-id=\"16527052\" data-type=\"quizzes\"><\/div>\n<p><script type='text\/javascript' src='https:\/\/cdn.goconqr.com\/embed.min.js'><\/script>[\/vc_column_text]    <\/div>\n<\/div><h4 class=\"clearfix qode-title-holder\">\n<span class=\"qode-tab-title\">\n\t    <span class=\"qode-tab-title-inner\">\n        Andra \u00f6vningar    <\/span>\n<\/span>\n<span class=\"qode-accordion-mark\">\n    <span class=\"qode-accordion-mark-icon\">\n        <span class=\"icon_plus\"><\/span>\n        <span class=\"icon_minus-06\"><\/span>\n    <\/span>\n<\/span>\n<\/h4>\n<div  class=\"qode-accordion-content \" >\n    <div class=\"qode-accordion-content-inner\">\n        [vc_column_text]<strong>Debatt-kort <\/strong><\/p>\n<p>&nbsp;<\/p>\n<p>Diskutera j\u00e4mst\u00e4lldhetsfr\u00e5gor med hj\u00e4lp av <a href=\"http:\/\/svenskanu.fi\/laromaterial\/minnacanth\/wp-content\/uploads\/2019\/01\/Debatt-kort.pdf\">debatt-kort<\/a>!<\/p>\n<p>F\u00f6r debatterna parvis, i sm\u00e5 grupper eller tillsammans med hela klassen. Ni kan dela ut debatt-korten slumpvis till grupperna eller visa \u00e4mnena p\u00e5 tavlan och eleverna kan sj\u00e4lv v\u00e4lja vilka de kommer att diskutera. Diskutera \u00e4mnena fritt eller best\u00e4m vem som \u00e4r f\u00f6r och vem som \u00e4r emot.<\/p>\n<p><a href=\"http:\/\/svenskanu.fi\/laromaterial\/wp-content\/uploads\/2019\/03\/Fraser-A%CC%8Asikter_13-3.pdf\"><u>H\u00e4r hittar du tips p\u00e5 hur du kan uttrycka din \u00e5sikt p\u00e5 svenska<\/u><\/a><\/p>\n<p>&nbsp;<\/p>\n<p><strong>S\u00f6k information p\u00e5 n\u00e4tet<\/strong><\/p>\n<p>S\u00f6k information p\u00e5 n\u00e4tet om #metoo-kampanjen och g\u00f6r en faktaruta eller en mindmap om kampanjen. Du kan ocks\u00e5 skriva egna \u00e5sikter om kampanjen och om hurdan betydelse den har haft enligt din mening f\u00f6r kvinnans st\u00e4llning. Kolla in till exempel LL-Bladets artikel: <u><a href=\"https:\/\/ll-bladet.fi\/utrikes\/kampanjen-me-too-spred-sig-snabbt\/\">https:\/\/ll-bladet.fi\/utrikes\/kampanjen-me-too-spred-sig-snabbt\/<\/a><\/u>[\/vc_column_text]    <\/div>\n<\/div><h4 class=\"clearfix qode-title-holder\">\n<span class=\"qode-tab-title\">\n\t    <span class=\"qode-tab-title-inner\">\n        Annat    <\/span>\n<\/span>\n<span class=\"qode-accordion-mark\">\n    <span class=\"qode-accordion-mark-icon\">\n        <span class=\"icon_plus\"><\/span>\n        <span class=\"icon_minus-06\"><\/span>\n    <\/span>\n<\/span>\n<\/h4>\n<div  class=\"qode-accordion-content \" >\n    <div class=\"qode-accordion-content-inner\">\n        [vc_column_text]<strong>Instagram:\u00a0<\/strong>Ta en bild p\u00e5 n\u00e5got som visar oj\u00e4mliket mellan kvinnor och m\u00e4n. L\u00e4gg upp bilden p\u00e5 Instagam med hashtags #svenskanu #minnacanth175 #vadskulleminnag\u00f6ra. Om du inte hittar en bra bild kan du beskriva n\u00e5gon oj\u00e4mlikhet med n\u00e5gra meningar p\u00e5 ett papper och ta en bild p\u00e5 det. Kommentera p\u00e5 svenska vad som h\u00e4nder p\u00e5 bilden och ber\u00e4tta vad man borde g\u00f6ra \u00e5t saken.[\/vc_column_text]    <\/div>\n<\/div><h4 class=\"clearfix qode-title-holder\">\n<span class=\"qode-tab-title\">\n\t    <span class=\"qode-tab-title-inner\">\n        Integrering    <\/span>\n<\/span>\n<span class=\"qode-accordion-mark\">\n    <span class=\"qode-accordion-mark-icon\">\n        <span class=\"icon_plus\"><\/span>\n        <span class=\"icon_minus-06\"><\/span>\n    <\/span>\n<\/span>\n<\/h4>\n<div  class=\"qode-accordion-content \" >\n    <div class=\"qode-accordion-content-inner\">\n        [vc_column_text]<strong>Historia:<\/strong> l\u00e4s om kvinnans st\u00e4llning i Finland i slutet av 1800-talet och diskutera hur kvinnans st\u00e4llning har f\u00f6r\u00e4ndrats. Varf\u00f6r \u00e4r det viktigt att Minna Canth str\u00e4vade efter ett mera j\u00e4mlikt samh\u00e4lle? Vad \u00e4r hennes arv till dagens finl\u00e4ndare?<\/p>\n<p>&nbsp;<\/p>\n<p><strong>Modersm\u00e5l:<\/strong> l\u00e4s Minna Canths pj\u00e4s Anna-Liisa och diskutera kvinnans st\u00e4llning i pj\u00e4sen. Ni kan anv\u00e4nda f\u00f6ljande finskspr\u00e5kigt material som hj\u00e4lp: <u><a href=\"http:\/\/minnacanth.wixsite.com\/mysite\">http:\/\/minnacanth.wixsite.com\/mysite<\/a><\/u>[\/vc_column_text]    <\/div>\n<\/div><\/div>[\/vc_column][\/vc_row]\n<\/section>","protected":false},"excerpt":{"rendered":"<p>[vc_row css_animation=&#8221;&#8221; row_type=&#8221;row&#8221; use_row_as_full_screen_section=&#8221;no&#8221; type=&#8221;grid&#8221; angled_section=&#8221;no&#8221; text_align=&#8221;left&#8221; background_image_as_pattern=&#8221;without_pattern&#8221; css=&#8221;.vc_custom_1547454510371{padding-top: 20px !important;}&#8221; z_index=&#8221;&#8221;][vc_column][vc_column_text][\/vc_column_text][\/vc_column][\/vc_row][vc_row css_animation=&#8221;&#8221; row_type=&#8221;row&#8221; use_row_as_full_screen_section=&#8221;no&#8221; type=&#8221;grid&#8221; angled_section=&#8221;no&#8221; text_align=&#8221;left&#8221; background_image_as_pattern=&#8221;without_pattern&#8221; css=&#8221;.vc_custom_1547453471045{padding-top: 40px !important;padding-bottom: 40px !important;}&#8221; z_index=&#8221;&#8221;][vc_column width=&#8221;1\/2&#8243; css=&#8221;.vc_custom_1548239417116{padding-right: 40px !important;}&#8221;][vc_column_text] &nbsp; \u00a0talade f\u00f6r j\u00e4mst\u00e4lldhet och flickors r\u00e4ttigheter. &nbsp; Flickors utbildningsm\u00f6jligheter &nbsp; Canth tyckte att skolorna i&#8230;<\/p>\n","protected":false},"author":1,"featured_media":0,"parent":23,"menu_order":0,"comment_status":"closed","ping_status":"closed","template":"full_width.php","meta":{"footnotes":""},"class_list":["post-64","page","type-page","status-publish","hentry"],"_links":{"self":[{"href":"https:\/\/svenskanu.fi\/laromaterial\/minnacanth\/index.php\/wp-json\/wp\/v2\/pages\/64","targetHints":{"allow":["GET"]}}],"collection":[{"href":"https:\/\/svenskanu.fi\/laromaterial\/minnacanth\/index.php\/wp-json\/wp\/v2\/pages"}],"about":[{"href":"https:\/\/svenskanu.fi\/laromaterial\/minnacanth\/index.php\/wp-json\/wp\/v2\/types\/page"}],"author":[{"embeddable":true,"href":"https:\/\/svenskanu.fi\/laromaterial\/minnacanth\/index.php\/wp-json\/wp\/v2\/users\/1"}],"replies":[{"embeddable":true,"href":"https:\/\/svenskanu.fi\/laromaterial\/minnacanth\/index.php\/wp-json\/wp\/v2\/comments?post=64"}],"version-history":[{"count":33,"href":"https:\/\/svenskanu.fi\/laromaterial\/minnacanth\/index.php\/wp-json\/wp\/v2\/pages\/64\/revisions"}],"predecessor-version":[{"id":454,"href":"https:\/\/svenskanu.fi\/laromaterial\/minnacanth\/index.php\/wp-json\/wp\/v2\/pages\/64\/revisions\/454"}],"up":[{"embeddable":true,"href":"https:\/\/svenskanu.fi\/laromaterial\/minnacanth\/index.php\/wp-json\/wp\/v2\/pages\/23"}],"wp:attachment":[{"href":"https:\/\/svenskanu.fi\/laromaterial\/minnacanth\/index.php\/wp-json\/wp\/v2\/media?parent=64"}],"curies":[{"name":"wp","href":"https:\/\/api.w.org\/{rel}","templated":true}]}}