{"id":9140,"date":"2022-08-18T09:45:02","date_gmt":"2022-08-18T06:45:02","guid":{"rendered":"https:\/\/hif.webaula.fi\/?page_id=9140"},"modified":"2022-11-18T14:32:01","modified_gmt":"2022-11-18T12:32:01","slug":"arbetslivsrelaterade-uppgifter","status":"publish","type":"page","link":"https:\/\/svenskanu.fi\/laromaterial\/mitt-dromyrke\/arbetslivsrelaterade-uppgifter\/","title":{"rendered":"Arbetslivsrelaterade uppgifter"},"content":{"rendered":"\t\t<div data-elementor-type=\"wp-page\" data-elementor-id=\"9140\" class=\"elementor elementor-9140\" data-elementor-post-type=\"page\">\n\t\t\t\t\t\t<section class=\"elementor-section elementor-top-section elementor-element elementor-element-64927c6 elementor-section-boxed elementor-section-height-default elementor-section-height-default parallax_section_no qode_elementor_container_no\" data-id=\"64927c6\" data-element_type=\"section\" data-e-type=\"section\">\n\t\t\t\t\t\t<div class=\"elementor-container elementor-column-gap-default\">\n\t\t\t\t\t<div class=\"elementor-column elementor-col-100 elementor-top-column elementor-element elementor-element-b0c92fb\" data-id=\"b0c92fb\" data-element_type=\"column\" data-e-type=\"column\">\n\t\t\t<div class=\"elementor-widget-wrap elementor-element-populated\">\n\t\t\t\t\t\t<div class=\"elementor-element elementor-element-cc2f5d3 elementor-widget elementor-widget-spacer\" data-id=\"cc2f5d3\" data-element_type=\"widget\" data-e-type=\"widget\" data-widget_type=\"spacer.default\">\n\t\t\t\t<div class=\"elementor-widget-container\">\n\t\t\t\t\t\t\t<div class=\"elementor-spacer\">\n\t\t\t<div class=\"elementor-spacer-inner\"><\/div>\n\t\t<\/div>\n\t\t\t\t\t\t<\/div>\n\t\t\t\t<\/div>\n\t\t\t\t\t<\/div>\n\t\t<\/div>\n\t\t\t\t\t<\/div>\n\t\t<\/section>\n\t\t\t\t<section class=\"elementor-section elementor-top-section elementor-element elementor-element-e38eabc elementor-section-boxed elementor-section-height-default elementor-section-height-default parallax_section_no qode_elementor_container_no\" data-id=\"e38eabc\" data-element_type=\"section\" data-e-type=\"section\">\n\t\t\t\t\t\t<div class=\"elementor-container elementor-column-gap-default\">\n\t\t\t\t\t<div class=\"elementor-column elementor-col-100 elementor-top-column elementor-element elementor-element-51699b3\" data-id=\"51699b3\" data-element_type=\"column\" data-e-type=\"column\">\n\t\t\t<div class=\"elementor-widget-wrap\">\n\t\t\t\t\t\t\t<\/div>\n\t\t<\/div>\n\t\t\t\t\t<\/div>\n\t\t<\/section>\n\t\t\t\t<section class=\"elementor-section elementor-top-section elementor-element elementor-element-ab7c104 elementor-section-boxed elementor-section-height-default elementor-section-height-default parallax_section_no qode_elementor_container_no\" data-id=\"ab7c104\" data-element_type=\"section\" data-e-type=\"section\" data-settings=\"{&quot;background_background&quot;:&quot;classic&quot;}\">\n\t\t\t\t\t\t<div class=\"elementor-container elementor-column-gap-default\">\n\t\t\t\t\t<div class=\"elementor-column elementor-col-100 elementor-top-column elementor-element elementor-element-6eced4d\" data-id=\"6eced4d\" data-element_type=\"column\" data-e-type=\"column\">\n\t\t\t<div class=\"elementor-widget-wrap elementor-element-populated\">\n\t\t\t\t\t\t<div class=\"elementor-element elementor-element-71772a5 elementor-widget elementor-widget-spacer\" data-id=\"71772a5\" data-element_type=\"widget\" data-e-type=\"widget\" data-widget_type=\"spacer.default\">\n\t\t\t\t<div class=\"elementor-widget-container\">\n\t\t\t\t\t\t\t<div class=\"elementor-spacer\">\n\t\t\t<div class=\"elementor-spacer-inner\"><\/div>\n\t\t<\/div>\n\t\t\t\t\t\t<\/div>\n\t\t\t\t<\/div>\n\t\t\t\t\t<\/div>\n\t\t<\/div>\n\t\t\t\t\t<\/div>\n\t\t<\/section>\n\t\t\t\t<section class=\"elementor-section elementor-top-section elementor-element elementor-element-6cbd141 elementor-section-boxed elementor-section-height-default elementor-section-height-default parallax_section_no qode_elementor_container_no\" data-id=\"6cbd141\" data-element_type=\"section\" data-e-type=\"section\" data-settings=\"{&quot;background_background&quot;:&quot;classic&quot;}\">\n\t\t\t\t\t\t<div class=\"elementor-container elementor-column-gap-default\">\n\t\t\t\t\t<div class=\"elementor-column elementor-col-100 elementor-top-column elementor-element elementor-element-92f2fca\" data-id=\"92f2fca\" data-element_type=\"column\" data-e-type=\"column\">\n\t\t\t<div class=\"elementor-widget-wrap elementor-element-populated\">\n\t\t\t\t\t\t<div class=\"elementor-element elementor-element-5032a29 elementor-widget elementor-widget-spacer\" data-id=\"5032a29\" data-element_type=\"widget\" data-e-type=\"widget\" data-widget_type=\"spacer.default\">\n\t\t\t\t<div class=\"elementor-widget-container\">\n\t\t\t\t\t\t\t<div class=\"elementor-spacer\">\n\t\t\t<div class=\"elementor-spacer-inner\"><\/div>\n\t\t<\/div>\n\t\t\t\t\t\t<\/div>\n\t\t\t\t<\/div>\n\t\t\t\t\t<\/div>\n\t\t<\/div>\n\t\t\t\t\t<\/div>\n\t\t<\/section>\n\t\t\t\t<section class=\"elementor-section elementor-top-section elementor-element elementor-element-475a4b9 elementor-section-boxed elementor-section-height-default elementor-section-height-default parallax_section_no qode_elementor_container_no\" data-id=\"475a4b9\" data-element_type=\"section\" data-e-type=\"section\" data-settings=\"{&quot;background_background&quot;:&quot;classic&quot;}\">\n\t\t\t\t\t\t<div class=\"elementor-container elementor-column-gap-default\">\n\t\t\t\t\t<div class=\"elementor-column elementor-col-100 elementor-top-column elementor-element elementor-element-a1662f2\" data-id=\"a1662f2\" data-element_type=\"column\" data-e-type=\"column\">\n\t\t\t<div class=\"elementor-widget-wrap elementor-element-populated\">\n\t\t\t\t\t\t<div class=\"elementor-element elementor-element-a70f948 elementor-widget elementor-widget-heading\" data-id=\"a70f948\" data-element_type=\"widget\" data-e-type=\"widget\" data-widget_type=\"heading.default\">\n\t\t\t\t<div class=\"elementor-widget-container\">\n\t\t\t\t\t<h1 class=\"elementor-heading-title elementor-size-default\">Arbetslivsrelaterade uppgifter<\/h1>\t\t\t\t<\/div>\n\t\t\t\t<\/div>\n\t\t\t\t<div class=\"elementor-element elementor-element-85682b8 elementor-widget elementor-widget-spacer\" data-id=\"85682b8\" data-element_type=\"widget\" data-e-type=\"widget\" data-widget_type=\"spacer.default\">\n\t\t\t\t<div class=\"elementor-widget-container\">\n\t\t\t\t\t\t\t<div class=\"elementor-spacer\">\n\t\t\t<div class=\"elementor-spacer-inner\"><\/div>\n\t\t<\/div>\n\t\t\t\t\t\t<\/div>\n\t\t\t\t<\/div>\n\t\t\t\t\t<\/div>\n\t\t<\/div>\n\t\t\t\t\t<\/div>\n\t\t<\/section>\n\t\t\t\t<section class=\"elementor-section elementor-top-section elementor-element elementor-element-02ee678 elementor-section-boxed elementor-section-height-default elementor-section-height-default parallax_section_no qode_elementor_container_no\" data-id=\"02ee678\" data-element_type=\"section\" data-e-type=\"section\" data-settings=\"{&quot;background_background&quot;:&quot;classic&quot;}\">\n\t\t\t\t\t\t<div class=\"elementor-container elementor-column-gap-default\">\n\t\t\t\t\t<div class=\"elementor-column elementor-col-50 elementor-top-column elementor-element elementor-element-8ecd1e3\" data-id=\"8ecd1e3\" data-element_type=\"column\" data-e-type=\"column\">\n\t\t\t<div class=\"elementor-widget-wrap elementor-element-populated\">\n\t\t\t\t\t\t<div class=\"elementor-element elementor-element-4310d99 elementor-widget elementor-widget-toggle\" data-id=\"4310d99\" data-element_type=\"widget\" data-e-type=\"widget\" data-widget_type=\"toggle.default\">\n\t\t\t\t<div class=\"elementor-widget-container\">\n\t\t\t\t\t\t\t<div class=\"elementor-toggle\">\n\t\t\t\t\t\t\t<div class=\"elementor-toggle-item\">\n\t\t\t\t\t<div id=\"elementor-tab-title-7031\" class=\"elementor-tab-title\" data-tab=\"1\" role=\"button\" aria-controls=\"elementor-tab-content-7031\" aria-expanded=\"false\">\n\t\t\t\t\t\t\t\t\t\t\t\t<span class=\"elementor-toggle-icon elementor-toggle-icon-left\" aria-hidden=\"true\">\n\t\t\t\t\t\t\t\t\t\t\t\t\t\t\t<span class=\"elementor-toggle-icon-closed\"><i class=\"fas fa-caret-right\"><\/i><\/span>\n\t\t\t\t\t\t\t\t<span class=\"elementor-toggle-icon-opened\"><i class=\"elementor-toggle-icon-opened fas fa-caret-up\"><\/i><\/span>\n\t\t\t\t\t\t\t\t\t\t\t\t\t<\/span>\n\t\t\t\t\t\t\t\t\t\t\t\t<a class=\"elementor-toggle-title\" tabindex=\"0\">Yrken p\u00e5 svenska<\/a>\n\t\t\t\t\t<\/div>\n\n\t\t\t\t\t<div id=\"elementor-tab-content-7031\" class=\"elementor-tab-content elementor-clearfix\" data-tab=\"1\" role=\"region\" aria-labelledby=\"elementor-tab-title-7031\"><ul><li>Ladda ner <a href=\"https:\/\/svenskanu.fi\/laromaterial\/mitt-dromyrke\/wp-content\/uploads\/2022\/09\/Yrken-pa-svenska.pdf\" target=\"_blank\" rel=\"noopener\">en ordlista \u00f6ver olika yrken p\u00e5 svenska.<\/a><strong><br \/><\/strong><\/li><li>Kan du namnen p\u00e5 de olika yrken? Testa vad du kan i <a href=\"https:\/\/7aqbefef1xr.typeform.com\/to\/K0JK2gzQ\" target=\"_blank\" rel=\"noopener\">v\u00e5rt quiz!<\/a><strong><br \/><\/strong><\/li><li>Beh\u00f6ver du mer tr\u00e4ning? <a href=\"https:\/\/7aqbefef1xr.typeform.com\/to\/O1N0xd2X\" target=\"_blank\" rel=\"noopener\">Namnge yrkena i denna uppgift.<\/a><\/li><\/ul><\/div>\n\t\t\t\t<\/div>\n\t\t\t\t\t\t\t\t<\/div>\n\t\t\t\t\t\t<\/div>\n\t\t\t\t<\/div>\n\t\t\t\t\t<\/div>\n\t\t<\/div>\n\t\t\t\t<div class=\"elementor-column elementor-col-50 elementor-top-column elementor-element elementor-element-229cbbd\" data-id=\"229cbbd\" data-element_type=\"column\" data-e-type=\"column\">\n\t\t\t<div class=\"elementor-widget-wrap elementor-element-populated\">\n\t\t\t\t\t\t<div class=\"elementor-element elementor-element-1810daf elementor-widget elementor-widget-toggle\" data-id=\"1810daf\" data-element_type=\"widget\" data-e-type=\"widget\" data-widget_type=\"toggle.default\">\n\t\t\t\t<div class=\"elementor-widget-container\">\n\t\t\t\t\t\t\t<div class=\"elementor-toggle\">\n\t\t\t\t\t\t\t<div class=\"elementor-toggle-item\">\n\t\t\t\t\t<div id=\"elementor-tab-title-2521\" class=\"elementor-tab-title\" data-tab=\"1\" role=\"button\" aria-controls=\"elementor-tab-content-2521\" aria-expanded=\"false\">\n\t\t\t\t\t\t\t\t\t\t\t\t<span class=\"elementor-toggle-icon elementor-toggle-icon-left\" aria-hidden=\"true\">\n\t\t\t\t\t\t\t\t\t\t\t\t\t\t\t<span class=\"elementor-toggle-icon-closed\"><i class=\"fas fa-caret-right\"><\/i><\/span>\n\t\t\t\t\t\t\t\t<span class=\"elementor-toggle-icon-opened\"><i class=\"elementor-toggle-icon-opened fas fa-caret-up\"><\/i><\/span>\n\t\t\t\t\t\t\t\t\t\t\t\t\t<\/span>\n\t\t\t\t\t\t\t\t\t\t\t\t<a class=\"elementor-toggle-title\" tabindex=\"0\">Ordf\u00f6rr\u00e5d<\/a>\n\t\t\t\t\t<\/div>\n\n\t\t\t\t\t<div id=\"elementor-tab-content-2521\" class=\"elementor-tab-content elementor-clearfix\" data-tab=\"1\" role=\"region\" aria-labelledby=\"elementor-tab-title-2521\"><ul><li>Ladda ner <a href=\"https:\/\/svenskanu.fi\/laromaterial\/mitt-dromyrke\/wp-content\/uploads\/2022\/08\/Arbetslivet-1.pdf\" target=\"_blank\" rel=\"noopener\">en ordlista \u00f6ver arbetslivsrelaterade ord<\/a><\/li><li>Tr\u00e4na orden i <a href=\"https:\/\/7aqbefef1xr.typeform.com\/to\/ly5Zx5Ty\" target=\"_blank\" rel=\"noopener\">quizet<\/a>!<\/li><li><a href=\"https:\/\/svenskanu.fi\/laromaterial\/mitt-dromyrke\/wp-content\/uploads\/2022\/11\/asiakaspalvelusanasto_26.3.13.pdf\" target=\"_blank\" rel=\"noopener\">Handbok i kundservice<\/a><\/li><\/ul><\/div>\n\t\t\t\t<\/div>\n\t\t\t\t\t\t\t\t<\/div>\n\t\t\t\t\t\t<\/div>\n\t\t\t\t<\/div>\n\t\t\t\t\t<\/div>\n\t\t<\/div>\n\t\t\t\t\t<\/div>\n\t\t<\/section>\n\t\t\t\t<section class=\"elementor-section elementor-top-section elementor-element elementor-element-398809e elementor-section-boxed elementor-section-height-default elementor-section-height-default parallax_section_no qode_elementor_container_no\" data-id=\"398809e\" data-element_type=\"section\" data-e-type=\"section\" data-settings=\"{&quot;background_background&quot;:&quot;classic&quot;}\">\n\t\t\t\t\t\t<div class=\"elementor-container elementor-column-gap-default\">\n\t\t\t\t\t<div class=\"elementor-column elementor-col-50 elementor-top-column elementor-element elementor-element-c375452\" data-id=\"c375452\" data-element_type=\"column\" data-e-type=\"column\">\n\t\t\t<div class=\"elementor-widget-wrap elementor-element-populated\">\n\t\t\t\t\t\t<div class=\"elementor-element elementor-element-92e5f6d elementor-widget elementor-widget-toggle\" data-id=\"92e5f6d\" data-element_type=\"widget\" data-e-type=\"widget\" data-widget_type=\"toggle.default\">\n\t\t\t\t<div class=\"elementor-widget-container\">\n\t\t\t\t\t\t\t<div class=\"elementor-toggle\">\n\t\t\t\t\t\t\t<div class=\"elementor-toggle-item\">\n\t\t\t\t\t<div id=\"elementor-tab-title-1541\" class=\"elementor-tab-title\" data-tab=\"1\" role=\"button\" aria-controls=\"elementor-tab-content-1541\" aria-expanded=\"false\">\n\t\t\t\t\t\t\t\t\t\t\t\t<span class=\"elementor-toggle-icon elementor-toggle-icon-left\" aria-hidden=\"true\">\n\t\t\t\t\t\t\t\t\t\t\t\t\t\t\t<span class=\"elementor-toggle-icon-closed\"><i class=\"fas fa-caret-right\"><\/i><\/span>\n\t\t\t\t\t\t\t\t<span class=\"elementor-toggle-icon-opened\"><i class=\"elementor-toggle-icon-opened fas fa-caret-up\"><\/i><\/span>\n\t\t\t\t\t\t\t\t\t\t\t\t\t<\/span>\n\t\t\t\t\t\t\t\t\t\t\t\t<a class=\"elementor-toggle-title\" tabindex=\"0\">Jag och mitt yrke<\/a>\n\t\t\t\t\t<\/div>\n\n\t\t\t\t\t<div id=\"elementor-tab-content-1541\" class=\"elementor-tab-content elementor-clearfix\" data-tab=\"1\" role=\"region\" aria-labelledby=\"elementor-tab-title-1541\"><p><strong>Ber\u00e4tta om dig sj\u00e4lv p\u00e5 svenska muntligt eller skriftligt.<\/strong><\/p><ul><li>Jag \u00e4r..<\/li><li>Jag bor i&#8230;<\/li><li>Jag har tidigare bott i&#8230;<\/li><li>Jag studerar&#8230;<\/li><li>Jag talar&#8230;<\/li><li>Jag tycker om att..<\/li><li>Jag \u00e4r bra p\u00e5 att&#8230;<\/li><li>P\u00e5 fritiden sysslar jag med&#8230;<\/li><li>I framtiden vill jag..<\/li><\/ul><p><strong>Ber\u00e4tta sedan om ditt blivande yrke muntligt eller skriftligt.\u00a0<\/strong><\/p><ul><li>Vad kommer du att\/vad vill du jobba med i framtiden?<\/li><li>Vilka kunskaper och egenskaper kommer du att beh\u00f6va i ditt framtida jobb\/dr\u00f6mjobb?<\/li><li>Vilka spr\u00e5k kommer du att beh\u00f6va i ditt framtida yrke?<\/li><li>Hurdana arbetsuppgifter vill du jobba med? Finns det n\u00e5gon specifik arbetsgivare som du \u00e4r intresserad av?<\/li><\/ul><\/div>\n\t\t\t\t<\/div>\n\t\t\t\t\t\t\t\t<\/div>\n\t\t\t\t\t\t<\/div>\n\t\t\t\t<\/div>\n\t\t\t\t\t<\/div>\n\t\t<\/div>\n\t\t\t\t<div class=\"elementor-column elementor-col-50 elementor-top-column elementor-element elementor-element-f11ab34\" data-id=\"f11ab34\" data-element_type=\"column\" data-e-type=\"column\">\n\t\t\t<div class=\"elementor-widget-wrap elementor-element-populated\">\n\t\t\t\t\t\t<div class=\"elementor-element elementor-element-a544d98 elementor-widget elementor-widget-toggle\" data-id=\"a544d98\" data-element_type=\"widget\" data-e-type=\"widget\" data-widget_type=\"toggle.default\">\n\t\t\t\t<div class=\"elementor-widget-container\">\n\t\t\t\t\t\t\t<div class=\"elementor-toggle\">\n\t\t\t\t\t\t\t<div class=\"elementor-toggle-item\">\n\t\t\t\t\t<div id=\"elementor-tab-title-1731\" class=\"elementor-tab-title\" data-tab=\"1\" role=\"button\" aria-controls=\"elementor-tab-content-1731\" aria-expanded=\"false\">\n\t\t\t\t\t\t\t\t\t\t\t\t<span class=\"elementor-toggle-icon elementor-toggle-icon-left\" aria-hidden=\"true\">\n\t\t\t\t\t\t\t\t\t\t\t\t\t\t\t<span class=\"elementor-toggle-icon-closed\"><i class=\"fas fa-caret-right\"><\/i><\/span>\n\t\t\t\t\t\t\t\t<span class=\"elementor-toggle-icon-opened\"><i class=\"elementor-toggle-icon-opened fas fa-caret-up\"><\/i><\/span>\n\t\t\t\t\t\t\t\t\t\t\t\t\t<\/span>\n\t\t\t\t\t\t\t\t\t\t\t\t<a class=\"elementor-toggle-title\" tabindex=\"0\">Att s\u00f6ka jobb<\/a>\n\t\t\t\t\t<\/div>\n\n\t\t\t\t\t<div id=\"elementor-tab-content-1731\" class=\"elementor-tab-content elementor-clearfix\" data-tab=\"1\" role=\"region\" aria-labelledby=\"elementor-tab-title-1731\"><p>\u00d6va dig att s\u00f6ka jobb p\u00e5 svenska. Om du vill, kan du ocks\u00e5 leta efter riktiga arbetsplatsannonser <a href=\"https:\/\/arbetsformedlingen.se\/platsbanken\/\" target=\"_blank\" rel=\"noopener\">i Sverige<\/a> eller <a href=\"https:\/\/www.ams.ax\/\" target=\"_blank\" rel=\"noopener\">p\u00e5 \u00c5land.<\/a><\/p><p>\u00a0<\/p><p><strong>Skriv ett CV p\u00e5 svenska.<\/strong><\/p><ul><li><a href=\"https:\/\/svenskanu.fi\/laromaterial\/aland\/wp-content\/uploads\/2021\/06\/Aland_Ansokan_ifyllbar.pdf\" target=\"_blank\" rel=\"noopener\">Fyll i ans\u00f6kan som en pdf fil<\/a><\/li><li><a href=\"https:\/\/svenskanu.fi\/laromaterial\/aland\/wp-content\/uploads\/2021\/06\/Aland_Ansokan_print_med_mall_1.pdf\" target=\"_blank\" rel=\"noopener\">Skriv ut ans\u00f6kan<\/a><\/li><li><a href=\"https:\/\/svenskanu.fi\/laromaterial\/aland\/wp-content\/uploads\/2021\/06\/Aland_CV_fyll-i.pdf\" target=\"_blank\" rel=\"noopener\">Fyll i CV som en pdf<\/a><\/li><li><a href=\"https:\/\/svenskanu.fi\/laromaterial\/aland\/wp-content\/uploads\/2021\/06\/Aland_CV_print_med_mall-1.pdf\" target=\"_blank\" rel=\"noopener\">Skriv ut CV<\/a><\/li><\/ul><p><strong>\u00a0<\/strong><\/p><p><strong>Spela in en videopresentation f\u00f6r din arbetsans\u00f6kan.\u00a0<\/strong><\/p><ul><li>Ber\u00e4tta om dig sj\u00e4lv och dina studier. Vad kan du redan? Hurdana egenskaper har du som kan vara till nytta i det jobbet som du s\u00f6ker?<\/li><li>Ber\u00e4tta om dina spr\u00e5kf\u00e4rdigheter. Vilka spr\u00e5k talar du?<\/li><li>Ber\u00e4tta om dina framtidsplaner. Vad skulle du vilja jobba med i framtiden?<\/li><\/ul><\/div>\n\t\t\t\t<\/div>\n\t\t\t\t\t\t\t\t<\/div>\n\t\t\t\t\t\t<\/div>\n\t\t\t\t<\/div>\n\t\t\t\t\t<\/div>\n\t\t<\/div>\n\t\t\t\t\t<\/div>\n\t\t<\/section>\n\t\t\t\t<section class=\"elementor-section elementor-top-section elementor-element elementor-element-37d5b99 elementor-section-boxed elementor-section-height-default elementor-section-height-default parallax_section_no qode_elementor_container_no\" data-id=\"37d5b99\" data-element_type=\"section\" data-e-type=\"section\" data-settings=\"{&quot;background_background&quot;:&quot;classic&quot;}\">\n\t\t\t\t\t\t<div class=\"elementor-container elementor-column-gap-default\">\n\t\t\t\t\t<div class=\"elementor-column elementor-col-100 elementor-top-column elementor-element elementor-element-73bb82c\" data-id=\"73bb82c\" data-element_type=\"column\" data-e-type=\"column\">\n\t\t\t<div class=\"elementor-widget-wrap elementor-element-populated\">\n\t\t\t\t\t\t<div class=\"elementor-element elementor-element-0c0884d elementor-widget elementor-widget-spacer\" data-id=\"0c0884d\" data-element_type=\"widget\" data-e-type=\"widget\" data-widget_type=\"spacer.default\">\n\t\t\t\t<div class=\"elementor-widget-container\">\n\t\t\t\t\t\t\t<div class=\"elementor-spacer\">\n\t\t\t<div class=\"elementor-spacer-inner\"><\/div>\n\t\t<\/div>\n\t\t\t\t\t\t<\/div>\n\t\t\t\t<\/div>\n\t\t\t\t\t<\/div>\n\t\t<\/div>\n\t\t\t\t\t<\/div>\n\t\t<\/section>\n\t\t\t\t<\/div>\n\t\t","protected":false},"excerpt":{"rendered":"<p>Arbetslivsrelaterade uppgifter Yrken p\u00e5 svenska Ladda ner en ordlista \u00f6ver olika yrken p\u00e5 svenska. Kan du namnen p\u00e5 de olika yrken? Testa vad du kan i v\u00e5rt quiz! Beh\u00f6ver du mer tr\u00e4ning? Namnge yrkena i denna uppgift. Ordf\u00f6rr\u00e5d Ladda ner en ordlista \u00f6ver arbetslivsrelaterade ord&#8230;<\/p>\n","protected":false},"author":8,"featured_media":0,"parent":0,"menu_order":0,"comment_status":"closed","ping_status":"closed","template":"elementor_header_footer","meta":{"_acf_changed":false,"footnotes":""},"class_list":["post-9140","page","type-page","status-publish","hentry"],"acf":[],"_links":{"self":[{"href":"https:\/\/svenskanu.fi\/laromaterial\/mitt-dromyrke\/wp-json\/wp\/v2\/pages\/9140","targetHints":{"allow":["GET"]}}],"collection":[{"href":"https:\/\/svenskanu.fi\/laromaterial\/mitt-dromyrke\/wp-json\/wp\/v2\/pages"}],"about":[{"href":"https:\/\/svenskanu.fi\/laromaterial\/mitt-dromyrke\/wp-json\/wp\/v2\/types\/page"}],"author":[{"embeddable":true,"href":"https:\/\/svenskanu.fi\/laromaterial\/mitt-dromyrke\/wp-json\/wp\/v2\/users\/8"}],"replies":[{"embeddable":true,"href":"https:\/\/svenskanu.fi\/laromaterial\/mitt-dromyrke\/wp-json\/wp\/v2\/comments?post=9140"}],"version-history":[{"count":49,"href":"https:\/\/svenskanu.fi\/laromaterial\/mitt-dromyrke\/wp-json\/wp\/v2\/pages\/9140\/revisions"}],"predecessor-version":[{"id":9577,"href":"https:\/\/svenskanu.fi\/laromaterial\/mitt-dromyrke\/wp-json\/wp\/v2\/pages\/9140\/revisions\/9577"}],"wp:attachment":[{"href":"https:\/\/svenskanu.fi\/laromaterial\/mitt-dromyrke\/wp-json\/wp\/v2\/media?parent=9140"}],"curies":[{"name":"wp","href":"https:\/\/api.w.org\/{rel}","templated":true}]}}