{"id":156,"date":"2024-04-22T15:25:54","date_gmt":"2024-04-22T12:25:54","guid":{"rendered":"https:\/\/svenskanu.fi\/laromaterial\/navigerainorden\/?page_id=156"},"modified":"2024-11-20T10:07:47","modified_gmt":"2024-11-20T08:07:47","slug":"pa-tur","status":"publish","type":"page","link":"https:\/\/svenskanu.fi\/laromaterial\/navigerainorden\/pa-tur\/","title":{"rendered":"P\u00e5 tur"},"content":{"rendered":"\t\t<div data-elementor-type=\"wp-page\" data-elementor-id=\"156\" class=\"elementor elementor-156\" data-elementor-post-type=\"page\">\n\t\t\t\t<div class=\"elementor-element elementor-element-11f19a5 e-con-full e-flex e-con e-parent\" data-id=\"11f19a5\" data-element_type=\"container\" data-e-type=\"container\">\n\t\t\t\t<div class=\"elementor-element elementor-element-6ee8cac elementor-widget__width-auto elementor-hidden-tablet elementor-hidden-mobile elementor-widget elementor-widget-image\" data-id=\"6ee8cac\" data-element_type=\"widget\" data-e-type=\"widget\" data-widget_type=\"image.default\">\n\t\t\t\t<div class=\"elementor-widget-container\">\n\t\t\t\t\t\t\t\t\t\t\t\t\t\t\t<img fetchpriority=\"high\" decoding=\"async\" width=\"2000\" height=\"500\" src=\"https:\/\/svenskanu.fi\/laromaterial\/navigerainorden\/wp-content\/uploads\/2024\/04\/8_6.png\" class=\"attachment-full size-full wp-image-676\" alt=\"\" srcset=\"https:\/\/svenskanu.fi\/laromaterial\/navigerainorden\/wp-content\/uploads\/2024\/04\/8_6.png 2000w, https:\/\/svenskanu.fi\/laromaterial\/navigerainorden\/wp-content\/uploads\/2024\/04\/8_6-300x75.png 300w, https:\/\/svenskanu.fi\/laromaterial\/navigerainorden\/wp-content\/uploads\/2024\/04\/8_6-1024x256.png 1024w, https:\/\/svenskanu.fi\/laromaterial\/navigerainorden\/wp-content\/uploads\/2024\/04\/8_6-768x192.png 768w, https:\/\/svenskanu.fi\/laromaterial\/navigerainorden\/wp-content\/uploads\/2024\/04\/8_6-1536x384.png 1536w\" sizes=\"(max-width: 2000px) 100vw, 2000px\" \/>\t\t\t\t\t\t\t\t\t\t\t\t\t\t\t<\/div>\n\t\t\t\t<\/div>\n\t\t\t\t<\/div>\n\t\t<div class=\"elementor-element elementor-element-f51826b e-flex e-con-boxed e-con e-parent\" data-id=\"f51826b\" data-element_type=\"container\" data-e-type=\"container\">\n\t\t\t\t\t<div class=\"e-con-inner\">\n\t\t<div class=\"elementor-element elementor-element-9aa70d7 e-flex e-con-boxed e-con e-child\" data-id=\"9aa70d7\" data-element_type=\"container\" data-e-type=\"container\">\n\t\t\t\t\t<div class=\"e-con-inner\">\n\t\t\t\t<div class=\"elementor-element elementor-element-555b160 elementor-widget elementor-widget-spacer\" data-id=\"555b160\" data-element_type=\"widget\" data-e-type=\"widget\" data-widget_type=\"spacer.default\">\n\t\t\t\t<div class=\"elementor-widget-container\">\n\t\t\t\t\t\t\t<div class=\"elementor-spacer\">\n\t\t\t<div class=\"elementor-spacer-inner\"><\/div>\n\t\t<\/div>\n\t\t\t\t\t\t<\/div>\n\t\t\t\t<\/div>\n\t\t\t\t<div class=\"elementor-element elementor-element-965393a elementor-widget elementor-widget-spacer\" data-id=\"965393a\" data-element_type=\"widget\" data-e-type=\"widget\" data-widget_type=\"spacer.default\">\n\t\t\t\t<div class=\"elementor-widget-container\">\n\t\t\t\t\t\t\t<div class=\"elementor-spacer\">\n\t\t\t<div class=\"elementor-spacer-inner\"><\/div>\n\t\t<\/div>\n\t\t\t\t\t\t<\/div>\n\t\t\t\t<\/div>\n\t\t\t\t<div class=\"elementor-element elementor-element-895bac6 elementor-widget elementor-widget-heading\" data-id=\"895bac6\" data-element_type=\"widget\" data-e-type=\"widget\" data-widget_type=\"heading.default\">\n\t\t\t\t<div class=\"elementor-widget-container\">\n\t\t\t\t\t<h3 class=\"elementor-heading-title elementor-size-default\">Att g\u00e5 p\u00e5 tur i Norge - en magisk naturupplevelse <\/h3>\t\t\t\t<\/div>\n\t\t\t\t<\/div>\n\t\t\t\t\t<\/div>\n\t\t\t\t<\/div>\n\t\t\t\t<div class=\"elementor-element elementor-element-62b0838 elementor-widget elementor-widget-spacer\" data-id=\"62b0838\" data-element_type=\"widget\" data-e-type=\"widget\" data-widget_type=\"spacer.default\">\n\t\t\t\t<div class=\"elementor-widget-container\">\n\t\t\t\t\t\t\t<div class=\"elementor-spacer\">\n\t\t\t<div class=\"elementor-spacer-inner\"><\/div>\n\t\t<\/div>\n\t\t\t\t\t\t<\/div>\n\t\t\t\t<\/div>\n\t\t\t\t\t<\/div>\n\t\t\t\t<\/div>\n\t\t<div class=\"elementor-element elementor-element-e0d78a5 e-flex e-con-boxed e-con e-parent\" data-id=\"e0d78a5\" data-element_type=\"container\" data-e-type=\"container\">\n\t\t\t\t\t<div class=\"e-con-inner\">\n\t\t<div class=\"elementor-element elementor-element-16ff422 e-flex e-con-boxed e-con e-child\" data-id=\"16ff422\" data-element_type=\"container\" data-e-type=\"container\">\n\t\t\t\t\t<div class=\"e-con-inner\">\n\t\t\t\t<div class=\"elementor-element elementor-element-ff4c803 elementor-widget elementor-widget-text-editor\" data-id=\"ff4c803\" data-element_type=\"widget\" data-e-type=\"widget\" data-widget_type=\"text-editor.default\">\n\t\t\t\t<div class=\"elementor-widget-container\">\n\t\t\t\t\t\t\t\t\t<p><span data-contrast=\"none\">Att vandra, eller &#8221;<\/span><i><span data-contrast=\"none\">g\u00e5 p\u00e5 tur<\/span><\/i><span data-contrast=\"none\">&#8221; som det heter p\u00e5 norska, \u00e4r en av de mest popul\u00e4ra fritidsaktiviteterna i Norge. Och det \u00e4r inte sv\u00e5rt att f\u00f6rst\u00e5 varf\u00f6r. Landets magnifika landskap, med fj\u00e4ll, fjordar, skogar och glaci\u00e4rer, erbjuder en o\u00e4ndlig variation av vandringsleder.\u00a0 <\/span><i><span data-contrast=\"none\">Att g\u00e5 p\u00e5 tur<\/span><\/i> <span data-contrast=\"none\">\u00e4r en aktivitet som passar alla \u00e5ldrar och konditionsniv\u00e5er &#8211; man kan ta en kortare promenad i skogen eller ge sig ut p\u00e5 en kr\u00e4vande<br \/>fj\u00e4llvandring. Det \u00e4r ett utm\u00e4rkt s\u00e4tt att komma n\u00e4ra naturen, f\u00e5 frisk luft och motion.<\/span><\/p>\t\t\t\t\t\t\t\t<\/div>\n\t\t\t\t<\/div>\n\t\t\t\t\t<\/div>\n\t\t\t\t<\/div>\n\t\t\t\t\t<\/div>\n\t\t\t\t<\/div>\n\t\t<div class=\"elementor-element elementor-element-ddc4b03 e-grid e-con-boxed e-con e-parent\" data-id=\"ddc4b03\" data-element_type=\"container\" data-e-type=\"container\">\n\t\t\t\t\t<div class=\"e-con-inner\">\n\t\t\t\t<div class=\"elementor-element elementor-element-ebeea9e elementor-widget elementor-widget-text-editor\" data-id=\"ebeea9e\" data-element_type=\"widget\" data-e-type=\"widget\" data-widget_type=\"text-editor.default\">\n\t\t\t\t<div class=\"elementor-widget-container\">\n\t\t\t\t\t\t\t\t\t<p><strong>Popul\u00e4ra vandringsleder:\u00a0<\/strong><\/p><ul><li data-leveltext=\"\u25cf\" data-font=\"Helvetica Neue\" data-listid=\"2\" data-list-defn-props=\"{&quot;335551500&quot;:2039583,&quot;335552541&quot;:1,&quot;335559685&quot;:720,&quot;335559991&quot;:360,&quot;469769226&quot;:&quot;Helvetica Neue&quot;,&quot;469769242&quot;:[8226],&quot;469777803&quot;:&quot;left&quot;,&quot;469777804&quot;:&quot;\u25cf&quot;,&quot;469777815&quot;:&quot;multilevel&quot;}\" aria-setsize=\"-1\" data-aria-posinset=\"1\" data-aria-level=\"1\"><b><span data-contrast=\"none\">Besseggen:<\/span><\/b><span data-contrast=\"none\"> \u00c4r bel\u00e4gen i Jotunheimen och har enast\u00e5ende utsikt \u00f6ver Gjendesheim och Visdalen.<\/span><span data-ccp-props=\"{&quot;335559738&quot;:120}\">\u00a0<\/span><\/li><li data-leveltext=\"\u25cf\" data-font=\"Helvetica Neue\" data-listid=\"2\" data-list-defn-props=\"{&quot;335551500&quot;:2039583,&quot;335552541&quot;:1,&quot;335559685&quot;:720,&quot;335559991&quot;:360,&quot;469769226&quot;:&quot;Helvetica Neue&quot;,&quot;469769242&quot;:[8226],&quot;469777803&quot;:&quot;left&quot;,&quot;469777804&quot;:&quot;\u25cf&quot;,&quot;469777815&quot;:&quot;multilevel&quot;}\" aria-setsize=\"-1\" data-aria-posinset=\"1\" data-aria-level=\"1\"><b><span data-contrast=\"none\">Trolltunga:<\/span><\/b><span data-contrast=\"none\"> En utmanande vandring till en klippavsats med en vacker vy \u00f6ver Ringedalsvatnet.<\/span><span data-ccp-props=\"{}\">\u00a0<\/span><\/li><li data-leveltext=\"\u25cf\" data-font=\"Helvetica Neue\" data-listid=\"2\" data-list-defn-props=\"{&quot;335551500&quot;:2039583,&quot;335552541&quot;:1,&quot;335559685&quot;:720,&quot;335559991&quot;:360,&quot;469769226&quot;:&quot;Helvetica Neue&quot;,&quot;469769242&quot;:[8226],&quot;469777803&quot;:&quot;left&quot;,&quot;469777804&quot;:&quot;\u25cf&quot;,&quot;469777815&quot;:&quot;multilevel&quot;}\" aria-setsize=\"-1\" data-aria-posinset=\"1\" data-aria-level=\"1\"><b><span data-contrast=\"none\">Preikestolen:<\/span><\/b><span data-contrast=\"none\"> En l\u00e4ttillg\u00e4nglig vandring till en ber\u00f6md plat\u00e5 med en magnifik utsikt \u00f6ver Lysefjorden.<\/span><span data-ccp-props=\"{&quot;335559739&quot;:120}\">\u00a0<\/span><\/li><\/ul><p><strong><span class=\"TextRun SCXW217666840 BCX0\" lang=\"FI\" xml:lang=\"FI\" data-contrast=\"none\"><span class=\"NormalTextRun SCXW217666840 BCX0\">\u00a0<\/span><\/span><\/strong><\/p><p><strong><span class=\"TextRun SCXW217666840 BCX0\" lang=\"FI\" xml:lang=\"FI\" data-contrast=\"none\"><span class=\"NormalTextRun SCXW217666840 BCX0\">F\u00f6rutom dessa v\u00e4lk\u00e4nda leder finns det<\/span><\/span><\/strong><span class=\"TextRun SCXW217666840 BCX0\" lang=\"FI\" xml:lang=\"FI\" data-contrast=\"none\"><span class=\"NormalTextRun SCXW217666840 BCX0\"> otaliga andra vandringsm\u00f6jligheter i Norge. Fr\u00e5n korta skogspromenader till flerdagarsturer i fj\u00e4llen &#8211; det finns n\u00e5got f\u00f6r alla.<\/span><\/span><span class=\"EOP SCXW217666840 BCX0\" data-ccp-props=\"{}\">\u00a0<\/span><\/p>\t\t\t\t\t\t\t\t<\/div>\n\t\t\t\t<\/div>\n\t\t\t\t<div class=\"elementor-element elementor-element-504bf5b elementor-widget elementor-widget-image\" data-id=\"504bf5b\" data-element_type=\"widget\" data-e-type=\"widget\" data-widget_type=\"image.default\">\n\t\t\t\t<div class=\"elementor-widget-container\">\n\t\t\t\t\t\t\t\t\t\t\t\t\t\t\t<img decoding=\"async\" width=\"800\" height=\"534\" src=\"https:\/\/svenskanu.fi\/laromaterial\/navigerainorden\/wp-content\/uploads\/2024\/04\/andreas-wagner-PRLgGQo7y7c-unsplash-1024x683.jpg\" class=\"attachment-large size-large wp-image-165\" alt=\"\" srcset=\"https:\/\/svenskanu.fi\/laromaterial\/navigerainorden\/wp-content\/uploads\/2024\/04\/andreas-wagner-PRLgGQo7y7c-unsplash-1024x683.jpg 1024w, https:\/\/svenskanu.fi\/laromaterial\/navigerainorden\/wp-content\/uploads\/2024\/04\/andreas-wagner-PRLgGQo7y7c-unsplash-300x200.jpg 300w, https:\/\/svenskanu.fi\/laromaterial\/navigerainorden\/wp-content\/uploads\/2024\/04\/andreas-wagner-PRLgGQo7y7c-unsplash-768x512.jpg 768w, https:\/\/svenskanu.fi\/laromaterial\/navigerainorden\/wp-content\/uploads\/2024\/04\/andreas-wagner-PRLgGQo7y7c-unsplash-1536x1024.jpg 1536w, https:\/\/svenskanu.fi\/laromaterial\/navigerainorden\/wp-content\/uploads\/2024\/04\/andreas-wagner-PRLgGQo7y7c-unsplash-2048x1365.jpg 2048w\" sizes=\"(max-width: 800px) 100vw, 800px\" \/>\t\t\t\t\t\t\t\t\t\t\t\t\t\t\t<\/div>\n\t\t\t\t<\/div>\n\t\t\t\t\t<\/div>\n\t\t\t\t<\/div>\n\t\t<div class=\"elementor-element elementor-element-de3e3ba e-flex e-con-boxed e-con e-parent\" data-id=\"de3e3ba\" data-element_type=\"container\" data-e-type=\"container\">\n\t\t\t\t\t<div class=\"e-con-inner\">\n\t\t\t\t<div class=\"elementor-element elementor-element-0995da7 elementor-widget elementor-widget-text-editor\" data-id=\"0995da7\" data-element_type=\"widget\" data-e-type=\"widget\" data-widget_type=\"text-editor.default\">\n\t\t\t\t<div class=\"elementor-widget-container\">\n\t\t\t\t\t\t\t\t\t<p><strong><span class=\"TextRun SCXW228278390 BCX0\" lang=\"FI\" xml:lang=\"FI\" data-contrast=\"none\"><span class=\"NormalTextRun SCXW228278390 BCX0\">Att g\u00e5 p\u00e5 tur i Norge<\/span><\/span><\/strong><span class=\"TextRun SCXW228278390 BCX0\" lang=\"FI\" xml:lang=\"FI\" data-contrast=\"none\"><span class=\"NormalTextRun SCXW228278390 BCX0\"> handlar inte bara om att njuta av den vackra naturen. Det \u00e4r ocks\u00e5 ett s\u00e4tt att f\u00e5 motion och frisk luft. Att vandra i naturen kan vara en meditativ och rogivande upplevelse. Det kan ge dig m\u00f6jlighet att koppla bort vardagens stress och bara vara.<\/span><\/span><span class=\"EOP SCXW228278390 BCX0\" data-ccp-props=\"{}\">\u00a0<\/span><\/p>\t\t\t\t\t\t\t\t<\/div>\n\t\t\t\t<\/div>\n\t\t\t\t<div class=\"elementor-element elementor-element-b685977 elementor-widget elementor-widget-spacer\" data-id=\"b685977\" data-element_type=\"widget\" data-e-type=\"widget\" data-widget_type=\"spacer.default\">\n\t\t\t\t<div class=\"elementor-widget-container\">\n\t\t\t\t\t\t\t<div class=\"elementor-spacer\">\n\t\t\t<div class=\"elementor-spacer-inner\"><\/div>\n\t\t<\/div>\n\t\t\t\t\t\t<\/div>\n\t\t\t\t<\/div>\n\t\t\t\t\t<\/div>\n\t\t\t\t<\/div>\n\t\t<div class=\"elementor-element elementor-element-6f5055c e-grid e-con-boxed e-con e-parent\" data-id=\"6f5055c\" data-element_type=\"container\" data-e-type=\"container\">\n\t\t\t\t\t<div class=\"e-con-inner\">\n\t\t\t\t<div class=\"elementor-element elementor-element-408d3e0 elementor-widget elementor-widget-text-editor\" data-id=\"408d3e0\" data-element_type=\"widget\" data-e-type=\"widget\" data-widget_type=\"text-editor.default\">\n\t\t\t\t<div class=\"elementor-widget-container\">\n\t\t\t\t\t\t\t\t\t<p><b><span data-contrast=\"none\">F\u00f6rberedelser:<\/span><\/b><span data-ccp-props=\"{}\">&nbsp;<\/span><\/p>\n<p><span data-contrast=\"none\">Innan du ger dig ut p\u00e5 en vandring i Norge \u00e4r det viktigt att du \u00e4r v\u00e4l f\u00f6rberedd. Se till att du har r\u00e4tt utrustning, s\u00e5som: <\/span><span data-contrast=\"none\">bekv\u00e4ma skor, en ryggs\u00e4ck med vatten och proviant (mats\u00e4ck), och en karta \u00f6ver omr\u00e5det. Det \u00e4r ocks\u00e5 klokt att kolla v\u00e4derprognosen.<\/span><span data-ccp-props=\"{}\">&nbsp;<\/span><\/p>\n<p><strong>S\u00e4kerhet:<\/strong><\/p>\n<p><span data-contrast=\"none\">N\u00e4r du vandrar i Norge \u00e4r det viktigt att du tar h\u00e4nsyn till din egen s\u00e4kerhet. Var f\u00f6rsiktig p\u00e5 hala stenar och branta passager, och se till att du inte g\u00e5r ut p\u00e5 fj\u00e4llet i d\u00e5ligt v\u00e4der. Det \u00e4r ocks\u00e5 en bra id\u00e9 att ha med sig en mobiltelefon i h\u00e4ndelse av en olycka. <\/span><span data-ccp-props=\"{}\">&nbsp;<\/span><\/p>\t\t\t\t\t\t\t\t<\/div>\n\t\t\t\t<\/div>\n\t\t\t\t<div class=\"elementor-element elementor-element-8be9d73 elementor-widget elementor-widget-image\" data-id=\"8be9d73\" data-element_type=\"widget\" data-e-type=\"widget\" data-widget_type=\"image.default\">\n\t\t\t\t<div class=\"elementor-widget-container\">\n\t\t\t\t\t\t\t\t\t\t\t\t\t\t\t<img decoding=\"async\" width=\"800\" height=\"450\" src=\"https:\/\/svenskanu.fi\/laromaterial\/navigerainorden\/wp-content\/uploads\/2024\/04\/Utrustning-1024x576.png\" class=\"attachment-large size-large wp-image-164\" alt=\"\" srcset=\"https:\/\/svenskanu.fi\/laromaterial\/navigerainorden\/wp-content\/uploads\/2024\/04\/Utrustning-1024x576.png 1024w, https:\/\/svenskanu.fi\/laromaterial\/navigerainorden\/wp-content\/uploads\/2024\/04\/Utrustning-300x169.png 300w, https:\/\/svenskanu.fi\/laromaterial\/navigerainorden\/wp-content\/uploads\/2024\/04\/Utrustning-768x432.png 768w, https:\/\/svenskanu.fi\/laromaterial\/navigerainorden\/wp-content\/uploads\/2024\/04\/Utrustning-1536x864.png 1536w, https:\/\/svenskanu.fi\/laromaterial\/navigerainorden\/wp-content\/uploads\/2024\/04\/Utrustning.png 1920w\" sizes=\"(max-width: 800px) 100vw, 800px\" \/>\t\t\t\t\t\t\t\t\t\t\t\t\t\t\t<\/div>\n\t\t\t\t<\/div>\n\t\t\t\t\t<\/div>\n\t\t\t\t<\/div>\n\t\t<div class=\"elementor-element elementor-element-8cbb885 e-flex e-con-boxed e-con e-parent\" data-id=\"8cbb885\" data-element_type=\"container\" data-e-type=\"container\">\n\t\t\t\t\t<div class=\"e-con-inner\">\n\t\t\t\t<div class=\"elementor-element elementor-element-4d82a2e elementor-widget elementor-widget-text-editor\" data-id=\"4d82a2e\" data-element_type=\"widget\" data-e-type=\"widget\" data-widget_type=\"text-editor.default\">\n\t\t\t\t<div class=\"elementor-widget-container\">\n\t\t\t\t\t\t\t\t\t<p><span class=\"TextRun SCXW112680036 BCX0\" lang=\"FI\" xml:lang=\"FI\" data-contrast=\"none\"><span class=\"NormalTextRun SCXW112680036 BCX0\">Att g\u00e5 p\u00e5<\/span><\/span><span class=\"TextRun SCXW112680036 BCX0\" lang=\"FI\" xml:lang=\"FI\" data-contrast=\"none\"><span class=\"NormalTextRun SCXW112680036 BCX0\"> tur \u00e4r en fantastisk upplevelse som du aldrig kommer att gl\u00f6mma. Det \u00e4r ett unikt tillf\u00e4lle att uppleva landets magnifika natur och f\u00e5 en inblick i den norska kulturen.<\/span><\/span><span class=\"EOP SCXW112680036 BCX0\" data-ccp-props=\"{}\">\u00a0<\/span><\/p>\t\t\t\t\t\t\t\t<\/div>\n\t\t\t\t<\/div>\n\t\t\t\t<div class=\"elementor-element elementor-element-d47050f elementor-widget elementor-widget-spacer\" data-id=\"d47050f\" data-element_type=\"widget\" data-e-type=\"widget\" data-widget_type=\"spacer.default\">\n\t\t\t\t<div class=\"elementor-widget-container\">\n\t\t\t\t\t\t\t<div class=\"elementor-spacer\">\n\t\t\t<div class=\"elementor-spacer-inner\"><\/div>\n\t\t<\/div>\n\t\t\t\t\t\t<\/div>\n\t\t\t\t<\/div>\n\t\t\t\t\t<\/div>\n\t\t\t\t<\/div>\n\t\t<div class=\"elementor-element elementor-element-446c4a7 e-flex e-con-boxed e-con e-parent\" data-id=\"446c4a7\" data-element_type=\"container\" data-e-type=\"container\">\n\t\t\t\t\t<div class=\"e-con-inner\">\n\t\t\t\t<div class=\"elementor-element elementor-element-406e073 elementor-widget elementor-widget-text-editor\" data-id=\"406e073\" data-element_type=\"widget\" data-e-type=\"widget\" data-widget_type=\"text-editor.default\">\n\t\t\t\t<div class=\"elementor-widget-container\">\n\t\t\t\t\t\t\t\t\t<b><span data-contrast=\"none\">Tips:<\/span><\/b><span data-ccp-props=\"{}\">\u00a0<\/span>\n<ul>\n \t<li data-leveltext=\"\u25cf\" data-font=\"Helvetica Neue\" data-listid=\"1\" data-list-defn-props=\"{&quot;335551500&quot;:2039583,&quot;335552541&quot;:1,&quot;335559685&quot;:720,&quot;335559991&quot;:360,&quot;469769226&quot;:&quot;Helvetica Neue&quot;,&quot;469769242&quot;:[8226],&quot;469777803&quot;:&quot;left&quot;,&quot;469777804&quot;:&quot;\u25cf&quot;,&quot;469777815&quot;:&quot;multilevel&quot;}\" aria-setsize=\"-1\" data-aria-posinset=\"1\" data-aria-level=\"1\"><span data-contrast=\"none\">F\u00f6r mer information om vandringsleder i Norge, bes\u00f6k Visitnorway.se eller DNT.no.<\/span><span data-ccp-props=\"{&quot;335559738&quot;:120}\">\u00a0<\/span><\/li>\n \t<li data-leveltext=\"\u25cf\" data-font=\"Helvetica Neue\" data-listid=\"1\" data-list-defn-props=\"{&quot;335551500&quot;:2039583,&quot;335552541&quot;:1,&quot;335559685&quot;:720,&quot;335559991&quot;:360,&quot;469769226&quot;:&quot;Helvetica Neue&quot;,&quot;469769242&quot;:[8226],&quot;469777803&quot;:&quot;left&quot;,&quot;469777804&quot;:&quot;\u25cf&quot;,&quot;469777815&quot;:&quot;multilevel&quot;}\" aria-setsize=\"-1\" data-aria-posinset=\"1\" data-aria-level=\"1\"><span data-contrast=\"none\">Du kan ocks\u00e5 hyra en guide eller delta i en organiserad vandringstur.<\/span><span data-ccp-props=\"{}\">\u00a0<\/span><\/li>\n \t<li>Gl\u00f6m inte att ta med dig kameran och n\u00e5got gott till fikapausen!<\/li>\n<\/ul>\t\t\t\t\t\t\t\t<\/div>\n\t\t\t\t<\/div>\n\t\t\t\t\t<\/div>\n\t\t\t\t<\/div>\n\t\t<div class=\"elementor-element elementor-element-de52bcc e-flex e-con-boxed e-con e-parent\" data-id=\"de52bcc\" data-element_type=\"container\" data-e-type=\"container\">\n\t\t\t\t\t<div class=\"e-con-inner\">\n\t\t\t\t<div class=\"elementor-element elementor-element-62cad38 elementor-widget-divider--view-line elementor-widget elementor-widget-divider\" data-id=\"62cad38\" data-element_type=\"widget\" data-e-type=\"widget\" data-widget_type=\"divider.default\">\n\t\t\t\t<div class=\"elementor-widget-container\">\n\t\t\t\t\t\t\t<div class=\"elementor-divider\">\n\t\t\t<span class=\"elementor-divider-separator\">\n\t\t\t\t\t\t<\/span>\n\t\t<\/div>\n\t\t\t\t\t\t<\/div>\n\t\t\t\t<\/div>\n\t\t\t\t<div class=\"elementor-element elementor-element-8b7be48 elementor-widget elementor-widget-heading\" data-id=\"8b7be48\" data-element_type=\"widget\" data-e-type=\"widget\" data-widget_type=\"heading.default\">\n\t\t\t\t<div class=\"elementor-widget-container\">\n\t\t\t\t\t<h3 class=\"elementor-heading-title elementor-size-default\">1. Fr\u00e5gor<\/h3>\t\t\t\t<\/div>\n\t\t\t\t<\/div>\n\t\t\t\t<div class=\"elementor-element elementor-element-04a501c elementor-widget elementor-widget-text-editor\" data-id=\"04a501c\" data-element_type=\"widget\" data-e-type=\"widget\" data-widget_type=\"text-editor.default\">\n\t\t\t\t<div class=\"elementor-widget-container\">\n\t\t\t\t\t\t\t\t\t<ol><li>Varf\u00f6r \u00e4r &#8221;att g\u00e5 p\u00e5 tur&#8221; en s\u00e5 popul\u00e4r fritidsaktivitet i Norge?\u00a0<\/li><li>Vilka f\u00f6rdelar har &#8221;att g\u00e5 p\u00e5 tur&#8221;?<\/li><li>Vad \u00e4r det viktigt att t\u00e4nka p\u00e5 n\u00e4r man f\u00f6rbereder sig f\u00f6r en vandring i Norge?<\/li><\/ol><p>\u00a0<\/p><p><strong>Bonusfr\u00e5ga: <\/strong>Tycker du sj\u00e4lv om \u201datt g\u00e5 p\u00e5 tur\u201d? Skulle du vilja g\u00f6ra det i Norge? Varf\u00f6r\/varf\u00f6r inte?\u00a0<\/p>\t\t\t\t\t\t\t\t<\/div>\n\t\t\t\t<\/div>\n\t\t\t\t\t<\/div>\n\t\t\t\t<\/div>\n\t\t<div class=\"elementor-element elementor-element-f00475c e-flex e-con-boxed e-con e-parent\" data-id=\"f00475c\" data-element_type=\"container\" data-e-type=\"container\">\n\t\t\t\t\t<div class=\"e-con-inner\">\n\t\t\t\t<div class=\"elementor-element elementor-element-33227b8 elementor-widget elementor-widget-spacer\" data-id=\"33227b8\" data-element_type=\"widget\" data-e-type=\"widget\" data-widget_type=\"spacer.default\">\n\t\t\t\t<div class=\"elementor-widget-container\">\n\t\t\t\t\t\t\t<div class=\"elementor-spacer\">\n\t\t\t<div class=\"elementor-spacer-inner\"><\/div>\n\t\t<\/div>\n\t\t\t\t\t\t<\/div>\n\t\t\t\t<\/div>\n\t\t\t\t\t<\/div>\n\t\t\t\t<\/div>\n\t\t<div class=\"elementor-element elementor-element-4609e44 e-flex e-con-boxed e-con e-parent\" data-id=\"4609e44\" data-element_type=\"container\" data-e-type=\"container\">\n\t\t\t\t\t<div class=\"e-con-inner\">\n\t\t\t\t<div class=\"elementor-element elementor-element-7551be1 elementor-widget elementor-widget-heading\" data-id=\"7551be1\" data-element_type=\"widget\" data-e-type=\"widget\" data-widget_type=\"heading.default\">\n\t\t\t\t<div class=\"elementor-widget-container\">\n\t\t\t\t\t<h3 class=\"elementor-heading-title elementor-size-default\">2. Verb\u00f6vning<\/h3>\t\t\t\t<\/div>\n\t\t\t\t<\/div>\n\t\t\t\t\t<\/div>\n\t\t\t\t<\/div>\n\t\t<div class=\"elementor-element elementor-element-b948d5e e-flex e-con-boxed e-con e-parent\" data-id=\"b948d5e\" data-element_type=\"container\" data-e-type=\"container\">\n\t\t\t\t\t<div class=\"e-con-inner\">\n\t\t\t\t<div class=\"elementor-element elementor-element-32fad2e elementor-widget elementor-widget-toggle\" data-id=\"32fad2e\" data-element_type=\"widget\" data-e-type=\"widget\" data-widget_type=\"toggle.default\">\n\t\t\t\t<div class=\"elementor-widget-container\">\n\t\t\t\t\t\t\t<div class=\"elementor-toggle\">\n\t\t\t\t\t\t\t<div class=\"elementor-toggle-item\">\n\t\t\t\t\t<div id=\"elementor-tab-title-5341\" class=\"elementor-tab-title\" data-tab=\"1\" role=\"button\" aria-controls=\"elementor-tab-content-5341\" aria-expanded=\"false\">\n\t\t\t\t\t\t\t\t\t\t\t\t<span class=\"elementor-toggle-icon elementor-toggle-icon-left\" aria-hidden=\"true\">\n\t\t\t\t\t\t\t\t\t\t\t\t\t\t\t<span class=\"elementor-toggle-icon-closed\"><svg class=\"e-font-icon-svg e-fas-caret-right\" viewBox=\"0 0 192 512\" xmlns=\"http:\/\/www.w3.org\/2000\/svg\"><path d=\"M0 384.662V127.338c0-17.818 21.543-26.741 34.142-14.142l128.662 128.662c7.81 7.81 7.81 20.474 0 28.284L34.142 398.804C21.543 411.404 0 402.48 0 384.662z\"><\/path><\/svg><\/span>\n\t\t\t\t\t\t\t\t<span class=\"elementor-toggle-icon-opened\"><svg class=\"elementor-toggle-icon-opened e-font-icon-svg e-fas-caret-up\" viewBox=\"0 0 320 512\" xmlns=\"http:\/\/www.w3.org\/2000\/svg\"><path d=\"M288.662 352H31.338c-17.818 0-26.741-21.543-14.142-34.142l128.662-128.662c7.81-7.81 20.474-7.81 28.284 0l128.662 128.662c12.6 12.599 3.676 34.142-14.142 34.142z\"><\/path><\/svg><\/span>\n\t\t\t\t\t\t\t\t\t\t\t\t\t<\/span>\n\t\t\t\t\t\t\t\t\t\t\t\t<a class=\"elementor-toggle-title\" tabindex=\"0\">Fyll i tabellen. Skriv sedan n\u00e5gra meningar d\u00e4r du anv\u00e4nder dig av verb som ing\u00e5r i tabellen.<\/a>\n\t\t\t\t\t<\/div>\n\n\t\t\t\t\t<div id=\"elementor-tab-content-5341\" class=\"elementor-tab-content elementor-clearfix\" data-tab=\"1\" role=\"region\" aria-labelledby=\"elementor-tab-title-5341\"><iframe src=\"https:\/\/learningapps.org\/watch?v=p48q5g74n24\" style=\"border:0px;width:100%;height:500px\" allowfullscreen=\"true\" webkitallowfullscreen=\"true\" mozallowfullscreen=\"true\"><\/iframe><\/div>\n\t\t\t\t<\/div>\n\t\t\t\t\t\t\t\t<\/div>\n\t\t\t\t\t\t<\/div>\n\t\t\t\t<\/div>\n\t\t\t\t\t<\/div>\n\t\t\t\t<\/div>\n\t\t<div class=\"elementor-element elementor-element-9b15f99 e-flex e-con-boxed e-con e-parent\" data-id=\"9b15f99\" data-element_type=\"container\" data-e-type=\"container\">\n\t\t\t\t\t<div class=\"e-con-inner\">\n\t\t\t\t<div class=\"elementor-element elementor-element-55d6a5c elementor-widget elementor-widget-spacer\" data-id=\"55d6a5c\" data-element_type=\"widget\" data-e-type=\"widget\" data-widget_type=\"spacer.default\">\n\t\t\t\t<div class=\"elementor-widget-container\">\n\t\t\t\t\t\t\t<div class=\"elementor-spacer\">\n\t\t\t<div class=\"elementor-spacer-inner\"><\/div>\n\t\t<\/div>\n\t\t\t\t\t\t<\/div>\n\t\t\t\t<\/div>\n\t\t\t\t\t<\/div>\n\t\t\t\t<\/div>\n\t\t\t\t<\/div>\n\t\t","protected":false},"excerpt":{"rendered":"<p>Att g\u00e5 p\u00e5 tur i Norge &#8211; en magisk naturupplevelse Att vandra, eller &#8221;g\u00e5 p\u00e5 tur&#8221; som det heter p\u00e5 norska, \u00e4r en av de mest popul\u00e4ra fritidsaktiviteterna i Norge. Och det \u00e4r inte sv\u00e5rt att f\u00f6rst\u00e5 varf\u00f6r. Landets magnifika landskap, med fj\u00e4ll, fjordar, skogar och glaci\u00e4rer, erbjuder en o\u00e4ndlig variation av vandringsleder.\u00a0 Att g\u00e5 [&hellip;]<\/p>\n","protected":false},"author":2,"featured_media":0,"parent":0,"menu_order":0,"comment_status":"closed","ping_status":"closed","template":"elementor_header_footer","meta":{"footnotes":""},"class_list":["post-156","page","type-page","status-publish","hentry"],"_links":{"self":[{"href":"https:\/\/svenskanu.fi\/laromaterial\/navigerainorden\/wp-json\/wp\/v2\/pages\/156","targetHints":{"allow":["GET"]}}],"collection":[{"href":"https:\/\/svenskanu.fi\/laromaterial\/navigerainorden\/wp-json\/wp\/v2\/pages"}],"about":[{"href":"https:\/\/svenskanu.fi\/laromaterial\/navigerainorden\/wp-json\/wp\/v2\/types\/page"}],"author":[{"embeddable":true,"href":"https:\/\/svenskanu.fi\/laromaterial\/navigerainorden\/wp-json\/wp\/v2\/users\/2"}],"replies":[{"embeddable":true,"href":"https:\/\/svenskanu.fi\/laromaterial\/navigerainorden\/wp-json\/wp\/v2\/comments?post=156"}],"version-history":[{"count":76,"href":"https:\/\/svenskanu.fi\/laromaterial\/navigerainorden\/wp-json\/wp\/v2\/pages\/156\/revisions"}],"predecessor-version":[{"id":3150,"href":"https:\/\/svenskanu.fi\/laromaterial\/navigerainorden\/wp-json\/wp\/v2\/pages\/156\/revisions\/3150"}],"wp:attachment":[{"href":"https:\/\/svenskanu.fi\/laromaterial\/navigerainorden\/wp-json\/wp\/v2\/media?parent=156"}],"curies":[{"name":"wp","href":"https:\/\/api.w.org\/{rel}","templated":true}]}}