{"id":1765,"date":"2024-06-10T17:21:04","date_gmt":"2024-06-10T14:21:04","guid":{"rendered":"https:\/\/svenskanu.fi\/laromaterial\/navigerainorden\/?page_id=1765"},"modified":"2024-11-20T10:09:39","modified_gmt":"2024-11-20T08:09:39","slug":"gronlandsk-matkultur","status":"publish","type":"page","link":"https:\/\/svenskanu.fi\/laromaterial\/navigerainorden\/gronlandsk-matkultur\/","title":{"rendered":"Gr\u00f6nl\u00e4ndsk matkultur"},"content":{"rendered":"\t\t<div data-elementor-type=\"wp-page\" data-elementor-id=\"1765\" class=\"elementor elementor-1765\" data-elementor-post-type=\"page\">\n\t\t\t\t<div class=\"elementor-element elementor-element-c534183 e-con-full e-flex e-con e-parent\" data-id=\"c534183\" data-element_type=\"container\" data-e-type=\"container\">\n\t\t\t\t<div class=\"elementor-element elementor-element-1c09cea elementor-widget elementor-widget-image\" data-id=\"1c09cea\" data-element_type=\"widget\" data-e-type=\"widget\" data-widget_type=\"image.default\">\n\t\t\t\t<div class=\"elementor-widget-container\">\n\t\t\t\t\t\t\t\t\t\t\t\t\t\t\t<img decoding=\"async\" src=\"https:\/\/svenskanu.fi\/laromaterial\/navigerainorden\/wp-content\/uploads\/elementor\/thumbs\/Navigera-i-Norden-bannerbild-17-qpghke11hinqm8ym1t8p4qvmehptw8kl057gc3lj7s.png\" title=\"Navigera i Norden bannerbild (17)\" alt=\"Navigera i Norden bannerbild (17)\" loading=\"lazy\" \/>\t\t\t\t\t\t\t\t\t\t\t\t\t\t\t<\/div>\n\t\t\t\t<\/div>\n\t\t\t\t<\/div>\n\t\t<div class=\"elementor-element elementor-element-cdb8be3 e-flex e-con-boxed e-con e-parent\" data-id=\"cdb8be3\" data-element_type=\"container\" data-e-type=\"container\">\n\t\t\t\t\t<div class=\"e-con-inner\">\n\t\t\t\t<div class=\"elementor-element elementor-element-13fd495 elementor-widget elementor-widget-spacer\" data-id=\"13fd495\" data-element_type=\"widget\" data-e-type=\"widget\" data-widget_type=\"spacer.default\">\n\t\t\t\t<div class=\"elementor-widget-container\">\n\t\t\t\t\t\t\t<div class=\"elementor-spacer\">\n\t\t\t<div class=\"elementor-spacer-inner\"><\/div>\n\t\t<\/div>\n\t\t\t\t\t\t<\/div>\n\t\t\t\t<\/div>\n\t\t<div class=\"elementor-element elementor-element-1499e8f e-flex e-con-boxed e-con e-child\" data-id=\"1499e8f\" data-element_type=\"container\" data-e-type=\"container\">\n\t\t\t\t\t<div class=\"e-con-inner\">\n\t\t\t\t<div class=\"elementor-element elementor-element-76a9570 elementor-widget elementor-widget-heading\" data-id=\"76a9570\" data-element_type=\"widget\" data-e-type=\"widget\" data-widget_type=\"heading.default\">\n\t\t\t\t<div class=\"elementor-widget-container\">\n\t\t\t\t\t<h3 class=\"elementor-heading-title elementor-size-default\">Gr\u00f6nl\u00e4ndsk matkultur<\/h3>\t\t\t\t<\/div>\n\t\t\t\t<\/div>\n\t\t\t\t<div class=\"elementor-element elementor-element-b966c19 elementor-widget elementor-widget-spacer\" data-id=\"b966c19\" data-element_type=\"widget\" data-e-type=\"widget\" data-widget_type=\"spacer.default\">\n\t\t\t\t<div class=\"elementor-widget-container\">\n\t\t\t\t\t\t\t<div class=\"elementor-spacer\">\n\t\t\t<div class=\"elementor-spacer-inner\"><\/div>\n\t\t<\/div>\n\t\t\t\t\t\t<\/div>\n\t\t\t\t<\/div>\n\t\t\t\t\t<\/div>\n\t\t\t\t<\/div>\n\t\t\t\t\t<\/div>\n\t\t\t\t<\/div>\n\t\t<div class=\"elementor-element elementor-element-1b18192 e-flex e-con-boxed e-con e-parent\" data-id=\"1b18192\" data-element_type=\"container\" data-e-type=\"container\">\n\t\t\t\t\t<div class=\"e-con-inner\">\n\t\t\t\t<div class=\"elementor-element elementor-element-71aba49 elementor-widget elementor-widget-text-editor\" data-id=\"71aba49\" data-element_type=\"widget\" data-e-type=\"widget\" data-widget_type=\"text-editor.default\">\n\t\t\t\t<div class=\"elementor-widget-container\">\n\t\t\t\t\t\t\t\t\t<p>P\u00e5 grund av landets avl\u00e4gsna l\u00e4ge mellan Norra ishavet och Atlanten p\u00e5verkas gr\u00f6nl\u00e4ndsk matkultur starkt av den arktiska milj\u00f6n. Lokala r\u00e5varor s\u00e5som vilt och fisk \u00e4r viktiga k\u00e4llor till mat, eftersom importerade r\u00e5varor oftast \u00e4r sv\u00e5ra att f\u00e5 tag p\u00e5 i isolerade bos\u00e4ttningsomr\u00e5den. Matkulturen pr\u00e4glas ocks\u00e5 av matr\u00e4tter som h\u00e5ller sig l\u00e4nge, n\u00e5gonting som \u00e4r v\u00e4sentligt i ett land med arktiskt klimat och l\u00e5nga avst\u00e5nd mellan orter.<\/p>\t\t\t\t\t\t\t\t<\/div>\n\t\t\t\t<\/div>\n\t\t\t\t\t<\/div>\n\t\t\t\t<\/div>\n\t\t<div class=\"elementor-element elementor-element-dbee05b e-flex e-con-boxed e-con e-parent\" data-id=\"dbee05b\" data-element_type=\"container\" data-e-type=\"container\">\n\t\t\t\t\t<div class=\"e-con-inner\">\n\t\t<div class=\"elementor-element elementor-element-fff426d e-con-full e-flex e-con e-child\" data-id=\"fff426d\" data-element_type=\"container\" data-e-type=\"container\">\n\t\t\t\t<div class=\"elementor-element elementor-element-0942089 elementor-widget elementor-widget-text-editor\" data-id=\"0942089\" data-element_type=\"widget\" data-e-type=\"widget\" data-widget_type=\"text-editor.default\">\n\t\t\t\t<div class=\"elementor-widget-container\">\n\t\t\t\t\t\t\t\t\t<p>Fram till 80-talet bestod gr\u00f6nl\u00e4nningarnas diet f\u00f6r det mesta av djurprodukter, s\u00e5 som marina d\u00e4ggdjur, f\u00e5glar, fisk och skaldjur. Numera har importeringen \u00f6kat och matbutikerna, speciellt i huvudstaden Nuuk, erbjuder olika matprodukter som kompletterar de inhemska r\u00e5varorna. De importerade matprodukterna \u00e4r dock oftast dyra och inte alltid tillg\u00e4ngliga, och d\u00e4rf\u00f6r har gr\u00f6nl\u00e4nningarna l\u00e4rt sig att ta vara p\u00e5 all mat som naturen erbjuder. Jakts\u00e4songen \u00e4r alltid p\u00e5 g\u00e5ng och allt som f\u00e5ngas \u00e4ts eller konserveras noga.<\/p>\t\t\t\t\t\t\t\t<\/div>\n\t\t\t\t<\/div>\n\t\t\t\t<div class=\"elementor-element elementor-element-7f492ad elementor-widget elementor-widget-text-editor\" data-id=\"7f492ad\" data-element_type=\"widget\" data-e-type=\"widget\" data-widget_type=\"text-editor.default\">\n\t\t\t\t<div class=\"elementor-widget-container\">\n\t\t\t\t\t\t\t\t\t<p>K\u00f6ttsoppan <em>suaasat<\/em>, gjord av s\u00e4l och ibland \u00e4ven av val, ren eller sj\u00f6f\u00e5glar, anses ofta vara Gr\u00f6nlands inofficiella nationalr\u00e4tt. En annan traditionell r\u00e4tt \u00e4r <em>mattak<\/em>, som tillagas av det yttersta hudlagret och sp\u00e4ck fr\u00e5n valar och som \u00e4ts r\u00e5. Och om du blir bjuden p\u00e5 en traditionell gr\u00f6nl\u00e4ndsk <em>kaffemik<\/em>, allts\u00e5 fika, blir du kanske \u00e4ven bjuden p\u00e5 <em>Kalaallit Kaagiat, <\/em>en traditionell gr\u00f6nl\u00e4ndsk kaka med russin.<\/p>\t\t\t\t\t\t\t\t<\/div>\n\t\t\t\t<\/div>\n\t\t\t\t<\/div>\n\t\t<div class=\"elementor-element elementor-element-0a7b165 e-con-full e-flex e-con e-child\" data-id=\"0a7b165\" data-element_type=\"container\" data-e-type=\"container\">\n\t\t\t\t<div class=\"elementor-element elementor-element-737ddc2 elementor-widget elementor-widget-image\" data-id=\"737ddc2\" data-element_type=\"widget\" data-e-type=\"widget\" data-widget_type=\"image.default\">\n\t\t\t\t<div class=\"elementor-widget-container\">\n\t\t\t\t\t\t\t\t\t\t\t\t\t\t\t<img decoding=\"async\" src=\"https:\/\/svenskanu.fi\/laromaterial\/navigerainorden\/wp-content\/uploads\/elementor\/thumbs\/Mattak-och-torkad-torsk_Malene-Olesen-Jensen-qpjux3ebmjbda6odkvg99rtr87us9xm6f55n3cvll4.png\" title=\"Mattak och torkad torsk_Malene Olesen Jensen\" alt=\"Mattak och torkad torsk_Malene Olesen Jensen\" loading=\"lazy\" \/>\t\t\t\t\t\t\t\t\t\t\t\t\t\t\t<\/div>\n\t\t\t\t<\/div>\n\t\t\t\t<div class=\"elementor-element elementor-element-c5274b8 elementor-widget elementor-widget-text-editor\" data-id=\"c5274b8\" data-element_type=\"widget\" data-e-type=\"widget\" data-widget_type=\"text-editor.default\">\n\t\t\t\t<div class=\"elementor-widget-container\">\n\t\t\t\t\t\t\t\t\t<p>Mattak och torskad torsk<br \/>Bild: Malene Olesen Jensen<\/p>\t\t\t\t\t\t\t\t<\/div>\n\t\t\t\t<\/div>\n\t\t\t\t<div class=\"elementor-element elementor-element-42b87eb elementor-widget elementor-widget-image\" data-id=\"42b87eb\" data-element_type=\"widget\" data-e-type=\"widget\" data-widget_type=\"image.default\">\n\t\t\t\t<div class=\"elementor-widget-container\">\n\t\t\t\t\t\t\t\t\t\t\t\t\t\t\t<img decoding=\"async\" src=\"https:\/\/svenskanu.fi\/laromaterial\/navigerainorden\/wp-content\/uploads\/elementor\/thumbs\/Salkott-och-speck_Malene-Olesen-Jensen-qpjup2tvybp4xf1or6g88kheezces0ghfnfkrpon20.png\" title=\"S\u00e4lk\u00f6tt och speck_Malene Olesen Jensen\" alt=\"S\u00e4lk\u00f6tt och speck_Malene Olesen Jensen\" loading=\"lazy\" \/>\t\t\t\t\t\t\t\t\t\t\t\t\t\t\t<\/div>\n\t\t\t\t<\/div>\n\t\t\t\t<div class=\"elementor-element elementor-element-7158858 elementor-widget elementor-widget-text-editor\" data-id=\"7158858\" data-element_type=\"widget\" data-e-type=\"widget\" data-widget_type=\"text-editor.default\">\n\t\t\t\t<div class=\"elementor-widget-container\">\n\t\t\t\t\t\t\t\t\t<p>S\u00e4lk\u00f6tt och speck som steks p\u00e5 en sten<br \/>Bild: Malene Olesen Jensen<\/p>\t\t\t\t\t\t\t\t<\/div>\n\t\t\t\t<\/div>\n\t\t\t\t<\/div>\n\t\t\t\t\t<\/div>\n\t\t\t\t<\/div>\n\t\t<div class=\"elementor-element elementor-element-b0892cd e-flex e-con-boxed e-con e-parent\" data-id=\"b0892cd\" data-element_type=\"container\" data-e-type=\"container\">\n\t\t\t\t\t<div class=\"e-con-inner\">\n\t\t\t\t<div class=\"elementor-element elementor-element-f044496 elementor-widget elementor-widget-heading\" data-id=\"f044496\" data-element_type=\"widget\" data-e-type=\"widget\" data-widget_type=\"heading.default\">\n\t\t\t\t<div class=\"elementor-widget-container\">\n\t\t\t\t\t<h3 class=\"elementor-heading-title elementor-size-default\">Traditionella matr\u00e4tter<\/h3>\t\t\t\t<\/div>\n\t\t\t\t<\/div>\n\t\t\t\t\t<\/div>\n\t\t\t\t<\/div>\n\t\t<div class=\"elementor-element elementor-element-3f8ff87 e-flex e-con-boxed e-con e-parent\" data-id=\"3f8ff87\" data-element_type=\"container\" data-e-type=\"container\">\n\t\t\t\t\t<div class=\"e-con-inner\">\n\t\t\t\t<div class=\"elementor-element elementor-element-0e8d29c elementor-widget elementor-widget-text-editor\" data-id=\"0e8d29c\" data-element_type=\"widget\" data-e-type=\"widget\" data-widget_type=\"text-editor.default\">\n\t\t\t\t<div class=\"elementor-widget-container\">\n\t\t\t\t\t\t\t\t\t<ul><li>Suasaat<\/li><li>Mattak<\/li><li>Panertut \u2013 torkad fisk<\/li><li>Kuisat \u2013 torsk som serveras p\u00e5 stenar<\/li><\/ul>\t\t\t\t\t\t\t\t<\/div>\n\t\t\t\t<\/div>\n\t\t\t\t<div class=\"elementor-element elementor-element-529b579 elementor-widget elementor-widget-spacer\" data-id=\"529b579\" data-element_type=\"widget\" data-e-type=\"widget\" data-widget_type=\"spacer.default\">\n\t\t\t\t<div class=\"elementor-widget-container\">\n\t\t\t\t\t\t\t<div class=\"elementor-spacer\">\n\t\t\t<div class=\"elementor-spacer-inner\"><\/div>\n\t\t<\/div>\n\t\t\t\t\t\t<\/div>\n\t\t\t\t<\/div>\n\t\t\t\t<div class=\"elementor-element elementor-element-277c510 elementor-widget elementor-widget-heading\" data-id=\"277c510\" data-element_type=\"widget\" data-e-type=\"widget\" data-widget_type=\"heading.default\">\n\t\t\t\t<div class=\"elementor-widget-container\">\n\t\t\t\t\t<h3 class=\"elementor-heading-title elementor-size-default\">Testa laga sj\u00e4lv!<\/h3>\t\t\t\t<\/div>\n\t\t\t\t<\/div>\n\t\t\t\t<div class=\"elementor-element elementor-element-2e407b0 elementor-widget elementor-widget-text-editor\" data-id=\"2e407b0\" data-element_type=\"widget\" data-e-type=\"widget\" data-widget_type=\"text-editor.default\">\n\t\t\t\t<div class=\"elementor-widget-container\">\n\t\t\t\t\t\t\t\t\t<p><span class=\"TextRun SCXW173631490 BCX0\" lang=\"SV-SE\" xml:lang=\"SV-SE\" data-contrast=\"auto\"><span class=\"NormalTextRun SCXW173631490 BCX0\">Recept: <span style=\"color: #0000ff;\"><a style=\"color: #0000ff;\" href=\"https:\/\/ourfamilyfoodadventures.com\/wp-content\/uploads\/2012\/04\/kalaallit-kaagiat.pdf\" target=\"_blank\" rel=\"noopener\">Kalaallit Kaagiat<\/a> <\/span>(p\u00e5 engelska)<\/span><\/span><\/p>\t\t\t\t\t\t\t\t<\/div>\n\t\t\t\t<\/div>\n\t\t\t\t\t<\/div>\n\t\t\t\t<\/div>\n\t\t<div class=\"elementor-element elementor-element-affd623 e-flex e-con-boxed e-con e-parent\" data-id=\"affd623\" data-element_type=\"container\" data-e-type=\"container\">\n\t\t\t\t\t<div class=\"e-con-inner\">\n\t\t\t\t<div class=\"elementor-element elementor-element-aecdf28 elementor-widget elementor-widget-spacer\" data-id=\"aecdf28\" data-element_type=\"widget\" data-e-type=\"widget\" data-widget_type=\"spacer.default\">\n\t\t\t\t<div class=\"elementor-widget-container\">\n\t\t\t\t\t\t\t<div class=\"elementor-spacer\">\n\t\t\t<div class=\"elementor-spacer-inner\"><\/div>\n\t\t<\/div>\n\t\t\t\t\t\t<\/div>\n\t\t\t\t<\/div>\n\t\t\t\t\t<\/div>\n\t\t\t\t<\/div>\n\t\t\t\t<\/div>\n\t\t","protected":false},"excerpt":{"rendered":"<p>Gr\u00f6nl\u00e4ndsk matkultur P\u00e5 grund av landets avl\u00e4gsna l\u00e4ge mellan Norra ishavet och Atlanten p\u00e5verkas gr\u00f6nl\u00e4ndsk matkultur starkt av den arktiska milj\u00f6n. Lokala r\u00e5varor s\u00e5som vilt och fisk \u00e4r viktiga k\u00e4llor till mat, eftersom importerade r\u00e5varor oftast \u00e4r sv\u00e5ra att f\u00e5 tag p\u00e5 i isolerade bos\u00e4ttningsomr\u00e5den. Matkulturen pr\u00e4glas ocks\u00e5 av matr\u00e4tter som h\u00e5ller sig l\u00e4nge, n\u00e5gonting [&hellip;]<\/p>\n","protected":false},"author":2,"featured_media":0,"parent":0,"menu_order":0,"comment_status":"closed","ping_status":"closed","template":"elementor_header_footer","meta":{"footnotes":""},"class_list":["post-1765","page","type-page","status-publish","hentry"],"_links":{"self":[{"href":"https:\/\/svenskanu.fi\/laromaterial\/navigerainorden\/wp-json\/wp\/v2\/pages\/1765","targetHints":{"allow":["GET"]}}],"collection":[{"href":"https:\/\/svenskanu.fi\/laromaterial\/navigerainorden\/wp-json\/wp\/v2\/pages"}],"about":[{"href":"https:\/\/svenskanu.fi\/laromaterial\/navigerainorden\/wp-json\/wp\/v2\/types\/page"}],"author":[{"embeddable":true,"href":"https:\/\/svenskanu.fi\/laromaterial\/navigerainorden\/wp-json\/wp\/v2\/users\/2"}],"replies":[{"embeddable":true,"href":"https:\/\/svenskanu.fi\/laromaterial\/navigerainorden\/wp-json\/wp\/v2\/comments?post=1765"}],"version-history":[{"count":43,"href":"https:\/\/svenskanu.fi\/laromaterial\/navigerainorden\/wp-json\/wp\/v2\/pages\/1765\/revisions"}],"predecessor-version":[{"id":3162,"href":"https:\/\/svenskanu.fi\/laromaterial\/navigerainorden\/wp-json\/wp\/v2\/pages\/1765\/revisions\/3162"}],"wp:attachment":[{"href":"https:\/\/svenskanu.fi\/laromaterial\/navigerainorden\/wp-json\/wp\/v2\/media?parent=1765"}],"curies":[{"name":"wp","href":"https:\/\/api.w.org\/{rel}","templated":true}]}}