{"id":192,"date":"2024-04-23T10:16:59","date_gmt":"2024-04-23T07:16:59","guid":{"rendered":"https:\/\/svenskanu.fi\/laromaterial\/navigerainorden\/?page_id=192"},"modified":"2024-11-20T10:06:41","modified_gmt":"2024-11-20T08:06:41","slug":"intervju-med-en-14-arig-dansk-fotbollstjej","status":"publish","type":"page","link":"https:\/\/svenskanu.fi\/laromaterial\/navigerainorden\/intervju-med-en-14-arig-dansk-fotbollstjej\/","title":{"rendered":"Intervju med en 14-\u00e5rig dansk fotbollstjej"},"content":{"rendered":"\t\t<div data-elementor-type=\"wp-page\" data-elementor-id=\"192\" class=\"elementor elementor-192\" data-elementor-post-type=\"page\">\n\t\t\t\t<div class=\"elementor-element elementor-element-0a9430a e-con-full e-flex e-con e-parent\" data-id=\"0a9430a\" data-element_type=\"container\" data-e-type=\"container\">\n\t\t\t\t<div class=\"elementor-element elementor-element-eb368f9 elementor-widget elementor-widget-image\" data-id=\"eb368f9\" data-element_type=\"widget\" data-e-type=\"widget\" data-widget_type=\"image.default\">\n\t\t\t\t<div class=\"elementor-widget-container\">\n\t\t\t\t\t\t\t\t\t\t\t\t\t\t\t<img decoding=\"async\" src=\"https:\/\/svenskanu.fi\/laromaterial\/navigerainorden\/wp-content\/uploads\/elementor\/thumbs\/9_5-qn9ogrp7s2p0uqncc4mjlbbr8r6tef8lzrdaet3m2w.png\" title=\"9_5\" alt=\"9_5\" loading=\"lazy\" \/>\t\t\t\t\t\t\t\t\t\t\t\t\t\t\t<\/div>\n\t\t\t\t<\/div>\n\t\t\t\t<\/div>\n\t\t<div class=\"elementor-element elementor-element-589ae59 e-flex e-con-boxed e-con e-parent\" data-id=\"589ae59\" data-element_type=\"container\" data-e-type=\"container\">\n\t\t\t\t\t<div class=\"e-con-inner\">\n\t\t<div class=\"elementor-element elementor-element-275802e e-flex e-con-boxed e-con e-child\" data-id=\"275802e\" data-element_type=\"container\" data-e-type=\"container\">\n\t\t\t\t\t<div class=\"e-con-inner\">\n\t\t\t\t<div class=\"elementor-element elementor-element-a4b807d elementor-widget elementor-widget-spacer\" data-id=\"a4b807d\" data-element_type=\"widget\" data-e-type=\"widget\" data-widget_type=\"spacer.default\">\n\t\t\t\t<div class=\"elementor-widget-container\">\n\t\t\t\t\t\t\t<div class=\"elementor-spacer\">\n\t\t\t<div class=\"elementor-spacer-inner\"><\/div>\n\t\t<\/div>\n\t\t\t\t\t\t<\/div>\n\t\t\t\t<\/div>\n\t\t\t\t\t<\/div>\n\t\t\t\t<\/div>\n\t\t\t\t<div class=\"elementor-element elementor-element-214f709 elementor-widget elementor-widget-heading\" data-id=\"214f709\" data-element_type=\"widget\" data-e-type=\"widget\" data-widget_type=\"heading.default\">\n\t\t\t\t<div class=\"elementor-widget-container\">\n\t\t\t\t\t<h3 class=\"elementor-heading-title elementor-size-default\">Intervju med en 14-\u00e5rig dansk fotbollstjej <\/h3>\t\t\t\t<\/div>\n\t\t\t\t<\/div>\n\t\t\t\t\t<\/div>\n\t\t\t\t<\/div>\n\t\t<div class=\"elementor-element elementor-element-81acac6 e-flex e-con-boxed e-con e-parent\" data-id=\"81acac6\" data-element_type=\"container\" data-e-type=\"container\">\n\t\t\t\t\t<div class=\"e-con-inner\">\n\t\t<div class=\"elementor-element elementor-element-f6a3263 e-flex e-con-boxed e-con e-child\" data-id=\"f6a3263\" data-element_type=\"container\" data-e-type=\"container\">\n\t\t\t\t\t<div class=\"e-con-inner\">\n\t\t\t\t<div class=\"elementor-element elementor-element-8d1b16c elementor-widget elementor-widget-text-editor\" data-id=\"8d1b16c\" data-element_type=\"widget\" data-e-type=\"widget\" data-widget_type=\"text-editor.default\">\n\t\t\t\t<div class=\"elementor-widget-container\">\n\t\t\t\t\t\t\t\t\t<p><strong><span class=\"TextRun SCXW36083349 BCX0\" lang=\"FI\" xml:lang=\"FI\" data-contrast=\"none\"><span class=\"NormalTextRun SCXW36083349 BCX0\">Intervjuaren:<\/span><\/span><\/strong><span class=\"TextRun SCXW36083349 BCX0\" lang=\"FI\" xml:lang=\"FI\" data-contrast=\"none\"><span class=\"NormalTextRun SCXW36083349 BCX0\"> Hej Sofia, tack f\u00f6r att du \u00e4r h\u00e4r idag! Ber\u00e4tta lite om dig sj\u00e4lv och ditt fotbollsintresse.<\/span><\/span><\/p>\t\t\t\t\t\t\t\t<\/div>\n\t\t\t\t<\/div>\n\t\t\t\t<div class=\"elementor-element elementor-element-7a21648 elementor-widget elementor-widget-text-editor\" data-id=\"7a21648\" data-element_type=\"widget\" data-e-type=\"widget\" data-widget_type=\"text-editor.default\">\n\t\t\t\t<div class=\"elementor-widget-container\">\n\t\t\t\t\t\t\t\t\t<p><strong><span class=\"TextRun SCXW24357419 BCX0\" lang=\"FI\" xml:lang=\"FI\" data-contrast=\"none\"><span class=\"NormalTextRun SCXW24357419 BCX0\">Sofia:<\/span><\/span><\/strong><span class=\"TextRun SCXW24357419 BCX0\" lang=\"FI\" xml:lang=\"FI\" data-contrast=\"none\"><span class=\"NormalTextRun SCXW24357419 BCX0\"> Hej! Jag heter Sofia och jag \u00e4r 14 \u00e5r gammal. Jag bor i K\u00f6penhamn och g\u00e5r i 8:e klass. Jag har spelat fotboll sedan jag var sju \u00e5r och det \u00e4r min absoluta favoritsyssels\u00e4ttning p\u00e5 fritiden. Jag spelar mittf\u00e4ltare i Hvidovre IF och \u00e4lskar att dribbla och passa bollen.<\/span><\/span><span class=\"EOP SCXW24357419 BCX0\" data-ccp-props=\"{}\">\u00a0<\/span><\/p>\t\t\t\t\t\t\t\t<\/div>\n\t\t\t\t<\/div>\n\t\t\t\t<div class=\"elementor-element elementor-element-24dc39b elementor-widget elementor-widget-text-editor\" data-id=\"24dc39b\" data-element_type=\"widget\" data-e-type=\"widget\" data-widget_type=\"text-editor.default\">\n\t\t\t\t<div class=\"elementor-widget-container\">\n\t\t\t\t\t\t\t\t\t<p><strong><span class=\"TextRun SCXW118222165 BCX0\" lang=\"FI\" xml:lang=\"FI\" data-contrast=\"none\"><span class=\"NormalTextRun SCXW118222165 BCX0\">Intervjuaren:<\/span><\/span><\/strong><span class=\"TextRun SCXW118222165 BCX0\" lang=\"FI\" xml:lang=\"FI\" data-contrast=\"none\"><span class=\"NormalTextRun SCXW118222165 BCX0\"> Vad \u00e4r det b\u00e4sta med att spela fotboll?<\/span><\/span><span class=\"EOP SCXW118222165 BCX0\" data-ccp-props=\"{}\">\u00a0<\/span><\/p>\t\t\t\t\t\t\t\t<\/div>\n\t\t\t\t<\/div>\n\t\t\t\t<div class=\"elementor-element elementor-element-d636828 elementor-widget elementor-widget-text-editor\" data-id=\"d636828\" data-element_type=\"widget\" data-e-type=\"widget\" data-widget_type=\"text-editor.default\">\n\t\t\t\t<div class=\"elementor-widget-container\">\n\t\t\t\t\t\t\t\t\t<p><strong><span class=\"TextRun SCXW1657737 BCX0\" lang=\"FI\" xml:lang=\"FI\" data-contrast=\"none\"><span class=\"NormalTextRun SCXW1657737 BCX0\">Sofia:<\/span><\/span><\/strong><span class=\"TextRun SCXW1657737 BCX0\" lang=\"FI\" xml:lang=\"FI\" data-contrast=\"none\"><span class=\"NormalTextRun SCXW1657737 BCX0\"> Det b\u00e4sta \u00e4r att vara en del av ett lag och att f\u00e5 spela med mina kompisar. Vi har en h\u00e4rlig gemenskap i laget och det \u00e4r alltid roligt att tr\u00e4na och spela matcher tillsammans. Jag \u00e4lskar ocks\u00e5 k\u00e4nslan av att vinna en match och att g\u00f6ra m\u00e5l.<\/span><\/span><span class=\"EOP SCXW1657737 BCX0\" data-ccp-props=\"{}\">\u00a0<\/span><\/p>\t\t\t\t\t\t\t\t<\/div>\n\t\t\t\t<\/div>\n\t\t\t\t\t<\/div>\n\t\t\t\t<\/div>\n\t\t\t\t\t<\/div>\n\t\t\t\t<\/div>\n\t\t<div class=\"elementor-element elementor-element-e96af84 e-flex e-con-boxed e-con e-parent\" data-id=\"e96af84\" data-element_type=\"container\" data-e-type=\"container\">\n\t\t\t\t\t<div class=\"e-con-inner\">\n\t\t<div class=\"elementor-element elementor-element-335ed18 e-con-full e-flex e-con e-child\" data-id=\"335ed18\" data-element_type=\"container\" data-e-type=\"container\">\n\t\t\t\t<div class=\"elementor-element elementor-element-75eb632 elementor-widget elementor-widget-text-editor\" data-id=\"75eb632\" data-element_type=\"widget\" data-e-type=\"widget\" data-widget_type=\"text-editor.default\">\n\t\t\t\t<div class=\"elementor-widget-container\">\n\t\t\t\t\t\t\t\t\t<p><strong><span class=\"TextRun SCXW21449795 BCX0\" lang=\"FI\" xml:lang=\"FI\" data-contrast=\"none\"><span class=\"NormalTextRun SCXW21449795 BCX0\">Intervjuaren:<\/span><\/span><\/strong><span class=\"TextRun SCXW21449795 BCX0\" lang=\"FI\" xml:lang=\"FI\" data-contrast=\"none\"><span class=\"NormalTextRun SCXW21449795 BCX0\"> Vad \u00e4r det s\u00e4msta med att spela fotboll?<\/span><\/span><\/p>\t\t\t\t\t\t\t\t<\/div>\n\t\t\t\t<\/div>\n\t\t\t\t<div class=\"elementor-element elementor-element-3a420ca elementor-widget elementor-widget-text-editor\" data-id=\"3a420ca\" data-element_type=\"widget\" data-e-type=\"widget\" data-widget_type=\"text-editor.default\">\n\t\t\t\t<div class=\"elementor-widget-container\">\n\t\t\t\t\t\t\t\t\t<p><strong><span class=\"TextRun SCXW13649037 BCX0\" lang=\"FI\" xml:lang=\"FI\" data-contrast=\"none\"><span class=\"NormalTextRun SCXW13649037 BCX0\">Sofia:<\/span><\/span><\/strong><span class=\"TextRun SCXW13649037 BCX0\" lang=\"FI\" xml:lang=\"FI\" data-contrast=\"none\"><span class=\"NormalTextRun SCXW13649037 BCX0\"> Det s\u00e4msta \u00e4r att det ibland kan vara ganska tufft och att man kan bli skadad. Jag fick till exempel en fraktur i foten en g\u00e5ng under en tr\u00e4ning. Det var en jobbig period, men jag fick bra hj\u00e4lp av sjukgymnasten och kunde b\u00f6rja spela igen efter tre m\u00e5nader.<\/span><\/span><span class=\"EOP SCXW13649037 BCX0\" data-ccp-props=\"{}\">\u00a0<\/span><\/p>\t\t\t\t\t\t\t\t<\/div>\n\t\t\t\t<\/div>\n\t\t\t\t<div class=\"elementor-element elementor-element-4f96b35 elementor-widget elementor-widget-text-editor\" data-id=\"4f96b35\" data-element_type=\"widget\" data-e-type=\"widget\" data-widget_type=\"text-editor.default\">\n\t\t\t\t<div class=\"elementor-widget-container\">\n\t\t\t\t\t\t\t\t\t<p><strong><span class=\"TextRun SCXW10757441 BCX0\" lang=\"FI\" xml:lang=\"FI\" data-contrast=\"none\"><span class=\"NormalTextRun SCXW10757441 BCX0\">Intervjuaren:<\/span><\/span><\/strong><span class=\"TextRun SCXW10757441 BCX0\" lang=\"FI\" xml:lang=\"FI\" data-contrast=\"none\"><span class=\"NormalTextRun SCXW10757441 BCX0\"> Hur ser dansk fotboll ut i allm\u00e4nhet?<\/span><\/span><span class=\"EOP SCXW10757441 BCX0\" data-ccp-props=\"{}\">\u00a0<\/span><\/p>\t\t\t\t\t\t\t\t<\/div>\n\t\t\t\t<\/div>\n\t\t\t\t<div class=\"elementor-element elementor-element-179b4ea elementor-widget elementor-widget-text-editor\" data-id=\"179b4ea\" data-element_type=\"widget\" data-e-type=\"widget\" data-widget_type=\"text-editor.default\">\n\t\t\t\t<div class=\"elementor-widget-container\">\n\t\t\t\t\t\t\t\t\t<p><strong><span class=\"TextRun SCXW34939308 BCX0\" lang=\"FI\" xml:lang=\"FI\" data-contrast=\"none\"><span class=\"NormalTextRun SCXW34939308 BCX0\">Sofia:<\/span><\/span><\/strong><span class=\"TextRun SCXW34939308 BCX0\" lang=\"FI\" xml:lang=\"FI\" data-contrast=\"none\"><span class=\"NormalTextRun SCXW34939308 BCX0\"> Dansk fotboll \u00e4r ganska popul\u00e4r och det finns m\u00e5nga duktiga spelare i landet. Damlandslaget har vunnit silver i EM en g\u00e5ng och herrlandslaget har vunnit EM en g\u00e5ng. Det \u00e4r inspirerande att se hur bra de \u00e4r och det g\u00f6r att jag vill bli \u00e4nnu b\u00e4ttre sj\u00e4lv.<\/span><\/span><span class=\"EOP SCXW34939308 BCX0\" data-ccp-props=\"{}\">\u00a0<\/span><\/p>\t\t\t\t\t\t\t\t<\/div>\n\t\t\t\t<\/div>\n\t\t\t\t<div class=\"elementor-element elementor-element-d340516 elementor-widget elementor-widget-text-editor\" data-id=\"d340516\" data-element_type=\"widget\" data-e-type=\"widget\" data-widget_type=\"text-editor.default\">\n\t\t\t\t<div class=\"elementor-widget-container\">\n\t\t\t\t\t\t\t\t\t<p><strong><span class=\"TextRun SCXW66687084 BCX0\" lang=\"FI\" xml:lang=\"FI\" data-contrast=\"none\"><span class=\"NormalTextRun SCXW66687084 BCX0\">Intervjuaren:<\/span><\/span><\/strong><span class=\"TextRun SCXW66687084 BCX0\" lang=\"FI\" xml:lang=\"FI\" data-contrast=\"none\"><span class=\"NormalTextRun SCXW66687084 BCX0\"> Vad har du f\u00f6r framtidsplaner med fotbollen?<\/span><\/span><span class=\"EOP SCXW66687084 BCX0\" data-ccp-props=\"{}\">\u00a0<\/span><\/p>\t\t\t\t\t\t\t\t<\/div>\n\t\t\t\t<\/div>\n\t\t\t\t<\/div>\n\t\t<div class=\"elementor-element elementor-element-2b136de e-con-full e-flex e-con e-child\" data-id=\"2b136de\" data-element_type=\"container\" data-e-type=\"container\">\n\t\t\t\t<div class=\"elementor-element elementor-element-80d5597 elementor-widget elementor-widget-image\" data-id=\"80d5597\" data-element_type=\"widget\" data-e-type=\"widget\" data-widget_type=\"image.default\">\n\t\t\t\t<div class=\"elementor-widget-container\">\n\t\t\t\t\t\t\t\t\t\t\t\t\t\t\t<img fetchpriority=\"high\" decoding=\"async\" width=\"2560\" height=\"2202\" src=\"https:\/\/svenskanu.fi\/laromaterial\/navigerainorden\/wp-content\/uploads\/2024\/04\/jeffrey-f-lin-r3V5-rfFErY-unsplash-scaled.jpg\" class=\"attachment-full size-full wp-image-216\" alt=\"\" srcset=\"https:\/\/svenskanu.fi\/laromaterial\/navigerainorden\/wp-content\/uploads\/2024\/04\/jeffrey-f-lin-r3V5-rfFErY-unsplash-scaled.jpg 2560w, https:\/\/svenskanu.fi\/laromaterial\/navigerainorden\/wp-content\/uploads\/2024\/04\/jeffrey-f-lin-r3V5-rfFErY-unsplash-300x258.jpg 300w, https:\/\/svenskanu.fi\/laromaterial\/navigerainorden\/wp-content\/uploads\/2024\/04\/jeffrey-f-lin-r3V5-rfFErY-unsplash-1024x881.jpg 1024w, https:\/\/svenskanu.fi\/laromaterial\/navigerainorden\/wp-content\/uploads\/2024\/04\/jeffrey-f-lin-r3V5-rfFErY-unsplash-768x661.jpg 768w, https:\/\/svenskanu.fi\/laromaterial\/navigerainorden\/wp-content\/uploads\/2024\/04\/jeffrey-f-lin-r3V5-rfFErY-unsplash-1536x1321.jpg 1536w, https:\/\/svenskanu.fi\/laromaterial\/navigerainorden\/wp-content\/uploads\/2024\/04\/jeffrey-f-lin-r3V5-rfFErY-unsplash-2048x1762.jpg 2048w\" sizes=\"(max-width: 2560px) 100vw, 2560px\" \/>\t\t\t\t\t\t\t\t\t\t\t\t\t\t\t<\/div>\n\t\t\t\t<\/div>\n\t\t\t\t<\/div>\n\t\t\t\t\t<\/div>\n\t\t\t\t<\/div>\n\t\t<div class=\"elementor-element elementor-element-757f4a4 e-flex e-con-boxed e-con e-parent\" data-id=\"757f4a4\" data-element_type=\"container\" data-e-type=\"container\">\n\t\t\t\t\t<div class=\"e-con-inner\">\n\t\t\t\t<div class=\"elementor-element elementor-element-e3315a1 elementor-widget elementor-widget-text-editor\" data-id=\"e3315a1\" data-element_type=\"widget\" data-e-type=\"widget\" data-widget_type=\"text-editor.default\">\n\t\t\t\t<div class=\"elementor-widget-container\">\n\t\t\t\t\t\t\t\t\t<p><strong><span class=\"TextRun SCXW112742219 BCX0\" lang=\"FI\" xml:lang=\"FI\" data-contrast=\"none\"><span class=\"NormalTextRun SCXW112742219 BCX0\">Sofia:<\/span><\/span><\/strong><span class=\"TextRun SCXW112742219 BCX0\" lang=\"FI\" xml:lang=\"FI\" data-contrast=\"none\"><span class=\"NormalTextRun SCXW112742219 BCX0\"> Jag vill forts\u00e4tta spela fotboll s\u00e5 l\u00e4nge som m\u00f6jligt. Jag dr\u00f6mmer om att spela i den danska ligan en dag. Jag vet att det kr\u00e4vs h\u00e5rt arbete och engagemang, men jag \u00e4r beredd att g\u00f6ra det som kr\u00e4vs f\u00f6r att n\u00e5 mitt m\u00e5l.<\/span><\/span><span class=\"EOP SCXW112742219 BCX0\" data-ccp-props=\"{}\">\u00a0<\/span><\/p>\t\t\t\t\t\t\t\t<\/div>\n\t\t\t\t<\/div>\n\t\t\t\t<div class=\"elementor-element elementor-element-e548a5c elementor-widget elementor-widget-text-editor\" data-id=\"e548a5c\" data-element_type=\"widget\" data-e-type=\"widget\" data-widget_type=\"text-editor.default\">\n\t\t\t\t<div class=\"elementor-widget-container\">\n\t\t\t\t\t\t\t\t\t<p><b><span data-contrast=\"none\">Intervjuaren:<\/span><\/b><span data-contrast=\"none\"> Tack Sofia f\u00f6r att du tog dig tid att prata med mig!<\/span><span data-ccp-props=\"{}\">\u00a0<\/span><span data-ccp-props=\"{}\">\u00a0<\/span><\/p>\t\t\t\t\t\t\t\t<\/div>\n\t\t\t\t<\/div>\n\t\t\t\t<div class=\"elementor-element elementor-element-7adf580 elementor-widget elementor-widget-text-editor\" data-id=\"7adf580\" data-element_type=\"widget\" data-e-type=\"widget\" data-widget_type=\"text-editor.default\">\n\t\t\t\t<div class=\"elementor-widget-container\">\n\t\t\t\t\t\t\t\t\t<p><b><span data-contrast=\"none\">Sofia:<\/span><\/b><span data-contrast=\"none\"> Tack sj\u00e4lv!<\/span><span data-ccp-props=\"{}\">\u00a0<\/span><\/p>\t\t\t\t\t\t\t\t<\/div>\n\t\t\t\t<\/div>\n\t\t\t\t\t<\/div>\n\t\t\t\t<\/div>\n\t\t<div class=\"elementor-element elementor-element-a97c353 e-flex e-con-boxed e-con e-parent\" data-id=\"a97c353\" data-element_type=\"container\" data-e-type=\"container\">\n\t\t\t\t\t<div class=\"e-con-inner\">\n\t\t\t\t<div class=\"elementor-element elementor-element-0cc2eb9 elementor-widget-divider--view-line elementor-widget elementor-widget-divider\" data-id=\"0cc2eb9\" data-element_type=\"widget\" data-e-type=\"widget\" data-widget_type=\"divider.default\">\n\t\t\t\t<div class=\"elementor-widget-container\">\n\t\t\t\t\t\t\t<div class=\"elementor-divider\">\n\t\t\t<span class=\"elementor-divider-separator\">\n\t\t\t\t\t\t<\/span>\n\t\t<\/div>\n\t\t\t\t\t\t<\/div>\n\t\t\t\t<\/div>\n\t\t\t\t<div class=\"elementor-element elementor-element-c0e88be elementor-widget elementor-widget-heading\" data-id=\"c0e88be\" data-element_type=\"widget\" data-e-type=\"widget\" data-widget_type=\"heading.default\">\n\t\t\t\t<div class=\"elementor-widget-container\">\n\t\t\t\t\t<h3 class=\"elementor-heading-title elementor-size-default\">1. Fr\u00e5gor<\/h3>\t\t\t\t<\/div>\n\t\t\t\t<\/div>\n\t\t\t\t\t<\/div>\n\t\t\t\t<\/div>\n\t\t<div class=\"elementor-element elementor-element-61d41a0 e-flex e-con-boxed e-con e-parent\" data-id=\"61d41a0\" data-element_type=\"container\" data-e-type=\"container\">\n\t\t\t\t\t<div class=\"e-con-inner\">\n\t\t\t\t<div class=\"elementor-element elementor-element-2765283 elementor-widget elementor-widget-spacer\" data-id=\"2765283\" data-element_type=\"widget\" data-e-type=\"widget\" data-widget_type=\"spacer.default\">\n\t\t\t\t<div class=\"elementor-widget-container\">\n\t\t\t\t\t\t\t<div class=\"elementor-spacer\">\n\t\t\t<div class=\"elementor-spacer-inner\"><\/div>\n\t\t<\/div>\n\t\t\t\t\t\t<\/div>\n\t\t\t\t<\/div>\n\t\t\t\t<div class=\"elementor-element elementor-element-06e2cf3 elementor-widget elementor-widget-text-editor\" data-id=\"06e2cf3\" data-element_type=\"widget\" data-e-type=\"widget\" data-widget_type=\"text-editor.default\">\n\t\t\t\t<div class=\"elementor-widget-container\">\n\t\t\t\t\t\t\t\t\t<ol><li><span class=\"TextRun SCXW137088742 BCX0\" lang=\"FI\" xml:lang=\"FI\" data-contrast=\"none\"><span class=\"NormalTextRun SCXW137088742 BCX0\">Vilken position spelar Sofia?<\/span><\/span><b><br \/><\/b><\/li><li><span class=\"TextRun SCXW42374020 BCX0\" lang=\"FI\" xml:lang=\"FI\" data-contrast=\"none\"><span class=\"NormalTextRun SCXW42374020 BCX0\">Vad tycker hon om att g\u00f6ra i laget?<\/span><\/span><\/li><li><span class=\"TextRun SCXW83486145 BCX0\" lang=\"FI\" xml:lang=\"FI\" data-contrast=\"none\"><span class=\"NormalTextRun SCXW83486145 BCX0\">Vad tycker hon \u00e4r det b\u00e4sta med fotboll?<\/span><\/span><\/li><li><span class=\"TextRun SCXW200200221 BCX0\" lang=\"FI\" xml:lang=\"FI\" data-contrast=\"none\"><span class=\"NormalTextRun SCXW200200221 BCX0\">Vad tycker hon \u00e4r det s\u00e4msta med fotboll?<\/span><\/span><\/li><li><span class=\"TextRun SCXW205573939 BCX0\" lang=\"FI\" xml:lang=\"FI\" data-contrast=\"none\"><span class=\"NormalTextRun SCXW205573939 BCX0\">Vad tycker hon om dansk fotboll i allm\u00e4nhet?<\/span><\/span><\/li><li><span class=\"TextRun SCXW58208331 BCX0\" lang=\"FI\" xml:lang=\"FI\" data-contrast=\"none\"><span class=\"NormalTextRun SCXW58208331 BCX0\">Vilka \u00e4r hennes framtidsplaner med fotbollen?<\/span><\/span><\/li><\/ol>\t\t\t\t\t\t\t\t<\/div>\n\t\t\t\t<\/div>\n\t\t\t\t\t<\/div>\n\t\t\t\t<\/div>\n\t\t<div class=\"elementor-element elementor-element-4b62160 e-flex e-con-boxed e-con e-parent\" data-id=\"4b62160\" data-element_type=\"container\" data-e-type=\"container\">\n\t\t\t\t\t<div class=\"e-con-inner\">\n\t\t\t\t<div class=\"elementor-element elementor-element-a05eba2 elementor-widget elementor-widget-spacer\" data-id=\"a05eba2\" data-element_type=\"widget\" data-e-type=\"widget\" data-widget_type=\"spacer.default\">\n\t\t\t\t<div class=\"elementor-widget-container\">\n\t\t\t\t\t\t\t<div class=\"elementor-spacer\">\n\t\t\t<div class=\"elementor-spacer-inner\"><\/div>\n\t\t<\/div>\n\t\t\t\t\t\t<\/div>\n\t\t\t\t<\/div>\n\t\t\t\t\t<\/div>\n\t\t\t\t<\/div>\n\t\t<div class=\"elementor-element elementor-element-f25fbe4 e-flex e-con-boxed e-con e-parent\" data-id=\"f25fbe4\" data-element_type=\"container\" data-e-type=\"container\">\n\t\t\t\t\t<div class=\"e-con-inner\">\n\t\t\t\t<div class=\"elementor-element elementor-element-61f9bcd elementor-widget elementor-widget-heading\" data-id=\"61f9bcd\" data-element_type=\"widget\" data-e-type=\"widget\" data-widget_type=\"heading.default\">\n\t\t\t\t<div class=\"elementor-widget-container\">\n\t\t\t\t\t<h3 class=\"elementor-heading-title elementor-size-default\">2. Verb\u00f6vning<\/h3>\t\t\t\t<\/div>\n\t\t\t\t<\/div>\n\t\t\t\t<div class=\"elementor-element elementor-element-cbead38 elementor-widget elementor-widget-toggle\" data-id=\"cbead38\" data-element_type=\"widget\" data-e-type=\"widget\" data-widget_type=\"toggle.default\">\n\t\t\t\t<div class=\"elementor-widget-container\">\n\t\t\t\t\t\t\t<div class=\"elementor-toggle\">\n\t\t\t\t\t\t\t<div class=\"elementor-toggle-item\">\n\t\t\t\t\t<div id=\"elementor-tab-title-2131\" class=\"elementor-tab-title\" data-tab=\"1\" role=\"button\" aria-controls=\"elementor-tab-content-2131\" aria-expanded=\"false\">\n\t\t\t\t\t\t\t\t\t\t\t\t<span class=\"elementor-toggle-icon elementor-toggle-icon-left\" aria-hidden=\"true\">\n\t\t\t\t\t\t\t\t\t\t\t\t\t\t\t<span class=\"elementor-toggle-icon-closed\"><svg class=\"e-font-icon-svg e-fas-caret-right\" viewBox=\"0 0 192 512\" xmlns=\"http:\/\/www.w3.org\/2000\/svg\"><path d=\"M0 384.662V127.338c0-17.818 21.543-26.741 34.142-14.142l128.662 128.662c7.81 7.81 7.81 20.474 0 28.284L34.142 398.804C21.543 411.404 0 402.48 0 384.662z\"><\/path><\/svg><\/span>\n\t\t\t\t\t\t\t\t<span class=\"elementor-toggle-icon-opened\"><svg class=\"elementor-toggle-icon-opened e-font-icon-svg e-fas-caret-up\" viewBox=\"0 0 320 512\" xmlns=\"http:\/\/www.w3.org\/2000\/svg\"><path d=\"M288.662 352H31.338c-17.818 0-26.741-21.543-14.142-34.142l128.662-128.662c7.81-7.81 20.474-7.81 28.284 0l128.662 128.662c12.6 12.599 3.676 34.142-14.142 34.142z\"><\/path><\/svg><\/span>\n\t\t\t\t\t\t\t\t\t\t\t\t\t<\/span>\n\t\t\t\t\t\t\t\t\t\t\t\t<a class=\"elementor-toggle-title\" tabindex=\"0\">Fyll i tabellen. Skriv sedan n\u00e5gra meningar d\u00e4r du anv\u00e4nder dig av verb som ing\u00e5r i tabellen.<\/a>\n\t\t\t\t\t<\/div>\n\n\t\t\t\t\t<div id=\"elementor-tab-content-2131\" class=\"elementor-tab-content elementor-clearfix\" data-tab=\"1\" role=\"region\" aria-labelledby=\"elementor-tab-title-2131\"><iframe src=\"https:\/\/learningapps.org\/watch?v=pxhwz4xjj24\" style=\"border:0px;width:100%;height:500px\" allowfullscreen=\"true\" webkitallowfullscreen=\"true\" mozallowfullscreen=\"true\"><\/iframe><\/div>\n\t\t\t\t<\/div>\n\t\t\t\t\t\t\t\t<\/div>\n\t\t\t\t\t\t<\/div>\n\t\t\t\t<\/div>\n\t\t\t\t\t<\/div>\n\t\t\t\t<\/div>\n\t\t<div class=\"elementor-element elementor-element-2d5ce9c e-flex e-con-boxed e-con e-parent\" data-id=\"2d5ce9c\" data-element_type=\"container\" data-e-type=\"container\">\n\t\t\t\t\t<div class=\"e-con-inner\">\n\t\t\t\t<div class=\"elementor-element elementor-element-837525f elementor-widget elementor-widget-spacer\" data-id=\"837525f\" data-element_type=\"widget\" data-e-type=\"widget\" data-widget_type=\"spacer.default\">\n\t\t\t\t<div class=\"elementor-widget-container\">\n\t\t\t\t\t\t\t<div class=\"elementor-spacer\">\n\t\t\t<div class=\"elementor-spacer-inner\"><\/div>\n\t\t<\/div>\n\t\t\t\t\t\t<\/div>\n\t\t\t\t<\/div>\n\t\t\t\t\t<\/div>\n\t\t\t\t<\/div>\n\t\t\t\t<\/div>\n\t\t","protected":false},"excerpt":{"rendered":"<p>Intervju med en 14-\u00e5rig dansk fotbollstjej Intervjuaren: Hej Sofia, tack f\u00f6r att du \u00e4r h\u00e4r idag! Ber\u00e4tta lite om dig sj\u00e4lv och ditt fotbollsintresse. Sofia: Hej! Jag heter Sofia och jag \u00e4r 14 \u00e5r gammal. Jag bor i K\u00f6penhamn och g\u00e5r i 8:e klass. Jag har spelat fotboll sedan jag var sju \u00e5r och det [&hellip;]<\/p>\n","protected":false},"author":2,"featured_media":0,"parent":0,"menu_order":0,"comment_status":"closed","ping_status":"closed","template":"elementor_header_footer","meta":{"footnotes":""},"class_list":["post-192","page","type-page","status-publish","hentry"],"_links":{"self":[{"href":"https:\/\/svenskanu.fi\/laromaterial\/navigerainorden\/wp-json\/wp\/v2\/pages\/192","targetHints":{"allow":["GET"]}}],"collection":[{"href":"https:\/\/svenskanu.fi\/laromaterial\/navigerainorden\/wp-json\/wp\/v2\/pages"}],"about":[{"href":"https:\/\/svenskanu.fi\/laromaterial\/navigerainorden\/wp-json\/wp\/v2\/types\/page"}],"author":[{"embeddable":true,"href":"https:\/\/svenskanu.fi\/laromaterial\/navigerainorden\/wp-json\/wp\/v2\/users\/2"}],"replies":[{"embeddable":true,"href":"https:\/\/svenskanu.fi\/laromaterial\/navigerainorden\/wp-json\/wp\/v2\/comments?post=192"}],"version-history":[{"count":71,"href":"https:\/\/svenskanu.fi\/laromaterial\/navigerainorden\/wp-json\/wp\/v2\/pages\/192\/revisions"}],"predecessor-version":[{"id":3135,"href":"https:\/\/svenskanu.fi\/laromaterial\/navigerainorden\/wp-json\/wp\/v2\/pages\/192\/revisions\/3135"}],"wp:attachment":[{"href":"https:\/\/svenskanu.fi\/laromaterial\/navigerainorden\/wp-json\/wp\/v2\/media?parent=192"}],"curies":[{"name":"wp","href":"https:\/\/api.w.org\/{rel}","templated":true}]}}