{"id":2084,"date":"2024-06-13T09:35:43","date_gmt":"2024-06-13T06:35:43","guid":{"rendered":"https:\/\/svenskanu.fi\/laromaterial\/navigerainorden\/?page_id=2084"},"modified":"2024-11-20T10:09:25","modified_gmt":"2024-11-20T08:09:25","slug":"faroisk-matkultur","status":"publish","type":"page","link":"https:\/\/svenskanu.fi\/laromaterial\/navigerainorden\/faroisk-matkultur\/","title":{"rendered":"F\u00e4r\u00f6isk matkultur"},"content":{"rendered":"\t\t<div data-elementor-type=\"wp-page\" data-elementor-id=\"2084\" class=\"elementor elementor-2084\" data-elementor-post-type=\"page\">\n\t\t\t\t<div class=\"elementor-element elementor-element-822d785 e-con-full e-flex e-con e-parent\" data-id=\"822d785\" data-element_type=\"container\" data-e-type=\"container\">\n\t\t<div class=\"elementor-element elementor-element-88c9f41 e-con-full e-flex e-con e-child\" data-id=\"88c9f41\" data-element_type=\"container\" data-e-type=\"container\">\n\t\t\t\t<div class=\"elementor-element elementor-element-2b3a894 elementor-widget elementor-widget-image\" data-id=\"2b3a894\" data-element_type=\"widget\" data-e-type=\"widget\" data-widget_type=\"image.default\">\n\t\t\t\t<div class=\"elementor-widget-container\">\n\t\t\t\t\t\t\t\t\t\t\t\t\t\t\t<img decoding=\"async\" src=\"https:\/\/svenskanu.fi\/laromaterial\/navigerainorden\/wp-content\/uploads\/elementor\/thumbs\/Navigera-i-Norden-bannerbild-15-qpgejrsfqpyx0eqgav0p05m37l2wfdd7ejbjx0na88.png\" title=\"Navigera i Norden bannerbild (15)\" alt=\"Navigera i Norden bannerbild (15)\" loading=\"lazy\" \/>\t\t\t\t\t\t\t\t\t\t\t\t\t\t\t<\/div>\n\t\t\t\t<\/div>\n\t\t\t\t<\/div>\n\t\t\t\t<\/div>\n\t\t<div class=\"elementor-element elementor-element-e5d8287 e-flex e-con-boxed e-con e-parent\" data-id=\"e5d8287\" data-element_type=\"container\" data-e-type=\"container\">\n\t\t\t\t\t<div class=\"e-con-inner\">\n\t\t\t\t<div class=\"elementor-element elementor-element-7401446 elementor-widget elementor-widget-spacer\" data-id=\"7401446\" data-element_type=\"widget\" data-e-type=\"widget\" data-widget_type=\"spacer.default\">\n\t\t\t\t<div class=\"elementor-widget-container\">\n\t\t\t\t\t\t\t<div class=\"elementor-spacer\">\n\t\t\t<div class=\"elementor-spacer-inner\"><\/div>\n\t\t<\/div>\n\t\t\t\t\t\t<\/div>\n\t\t\t\t<\/div>\n\t\t\t\t\t<\/div>\n\t\t\t\t<\/div>\n\t\t<div class=\"elementor-element elementor-element-29bcc1f e-flex e-con-boxed e-con e-parent\" data-id=\"29bcc1f\" data-element_type=\"container\" data-e-type=\"container\">\n\t\t\t\t\t<div class=\"e-con-inner\">\n\t\t\t\t<div class=\"elementor-element elementor-element-05605dd elementor-widget elementor-widget-heading\" data-id=\"05605dd\" data-element_type=\"widget\" data-e-type=\"widget\" data-widget_type=\"heading.default\">\n\t\t\t\t<div class=\"elementor-widget-container\">\n\t\t\t\t\t<h3 class=\"elementor-heading-title elementor-size-default\">F\u00e4r\u00f6isk matkultur<\/h3>\t\t\t\t<\/div>\n\t\t\t\t<\/div>\n\t\t\t\t\t<\/div>\n\t\t\t\t<\/div>\n\t\t<div class=\"elementor-element elementor-element-ae75eed e-flex e-con-boxed e-con e-parent\" data-id=\"ae75eed\" data-element_type=\"container\" data-e-type=\"container\">\n\t\t\t\t\t<div class=\"e-con-inner\">\n\t\t\t\t<div class=\"elementor-element elementor-element-d8d71c0 elementor-widget elementor-widget-text-editor\" data-id=\"d8d71c0\" data-element_type=\"widget\" data-e-type=\"widget\" data-widget_type=\"text-editor.default\">\n\t\t\t\t<div class=\"elementor-widget-container\">\n\t\t\t\t\t\t\t\t\t<p>F\u00e4r\u00f6arna, \u00f6gruppen mitt p\u00e5 Atlanten, pr\u00e4glas av l\u00e5nga och h\u00e5rda vintrar och en kort sk\u00f6rdes\u00e4song. D\u00e4rf\u00f6r har matkulturen alltid f\u00e5tt intryck av den omgivande naturen och dess r\u00e5varor s\u00e5som fisk, skaldjur och sj\u00f6f\u00e5glar. F\u00e4r\u00f6arna \u00e4r ocks\u00e5 k\u00e4nda f\u00f6r sina f\u00e5r och deras k\u00f6tt \u00e4r en viktig ingrediens i m\u00e5nga traditionella f\u00e4r\u00f6iska matr\u00e4tter. Visste du att det faktiskt finns fler f\u00e5r \u00e4n inv\u00e5nare p\u00e5 F\u00e4r\u00f6arna?\u00a0 Det bor n\u00e4mligen bara 50 000 m\u00e4nniskor p\u00e5 F\u00e4r\u00f6arna medan det uppskattas att det finns ungef\u00e4r 70 000 f\u00e5r runt \u00f6gruppens vida betesmarker.<\/p>\t\t\t\t\t\t\t\t<\/div>\n\t\t\t\t<\/div>\n\t\t\t\t\t<\/div>\n\t\t\t\t<\/div>\n\t\t<div class=\"elementor-element elementor-element-275d7e4 e-flex e-con-boxed e-con e-parent\" data-id=\"275d7e4\" data-element_type=\"container\" data-e-type=\"container\">\n\t\t\t\t\t<div class=\"e-con-inner\">\n\t\t<div class=\"elementor-element elementor-element-64955e2 e-con-full e-flex e-con e-child\" data-id=\"64955e2\" data-element_type=\"container\" data-e-type=\"container\">\n\t\t\t\t<div class=\"elementor-element elementor-element-577c6bb elementor-widget elementor-widget-text-editor\" data-id=\"577c6bb\" data-element_type=\"widget\" data-e-type=\"widget\" data-widget_type=\"text-editor.default\">\n\t\t\t\t<div class=\"elementor-widget-container\">\n\t\t\t\t\t\t\t\t\t<p>Konserverade ingredienser \u00e4r typiska f\u00f6r f\u00e4r\u00f6isk matkultur. <em>R\u00e6stur fiskur, <\/em>lufttorkad fisk som torkas och fermenteras ute i F\u00e4r\u00f6arnas l\u00e4gliga klimat, \u00e4r en k\u00e4nd f\u00e4r\u00f6isk delikatess. Lufttorkat och fermenterat f\u00e5rk\u00f6tt, <em>skerpikj\u00f8t, <\/em>\u00e4r en annan lokal specialitet. K\u00f6ttet torkas i flera m\u00e5nader varefter den sk\u00e4rs i tunna skivor och \u00e4ts som p\u00e5l\u00e4gg p\u00e5 br\u00f6d.<\/p>\t\t\t\t\t\t\t\t<\/div>\n\t\t\t\t<\/div>\n\t\t\t\t<div class=\"elementor-element elementor-element-8da7fd4 elementor-widget elementor-widget-text-editor\" data-id=\"8da7fd4\" data-element_type=\"widget\" data-e-type=\"widget\" data-widget_type=\"text-editor.default\">\n\t\t\t\t<div class=\"elementor-widget-container\">\n\t\t\t\t\t\t\t\t\t<p>P\u00e5 grund av det h\u00e5rda klimatet p\u00e5 F\u00e4r\u00f6arna \u00e4r det bara n\u00e5gra f\u00e5 gr\u00f6nsaker som klarar sig p\u00e5 \u00f6gruppen. Vanliga odlingsv\u00e4xter \u00e4r rotv\u00e4xter som potatis, k\u00e5lrot, r\u00f6dbeta, mor\u00f6tter och rovor. \u00a0D\u00e4rtill har man f\u00f6rs\u00f6kt komplettera utbudet av f\u00e4rska gr\u00f6nsaker och k\u00f6ksv\u00e4xter med v\u00e4xthusodling men det h\u00e5rda klimatet g\u00f6r det utmanande.<\/p>\t\t\t\t\t\t\t\t<\/div>\n\t\t\t\t<\/div>\n\t\t\t\t<\/div>\n\t\t<div class=\"elementor-element elementor-element-dddec13 e-con-full e-flex e-con e-child\" data-id=\"dddec13\" data-element_type=\"container\" data-e-type=\"container\">\n\t\t\t\t<div class=\"elementor-element elementor-element-d052344 elementor-widget elementor-widget-image\" data-id=\"d052344\" data-element_type=\"widget\" data-e-type=\"widget\" data-widget_type=\"image.default\">\n\t\t\t\t<div class=\"elementor-widget-container\">\n\t\t\t\t\t\t\t\t\t\t\t\t\t\t\t<img fetchpriority=\"high\" decoding=\"async\" width=\"768\" height=\"512\" src=\"https:\/\/svenskanu.fi\/laromaterial\/navigerainorden\/wp-content\/uploads\/2024\/06\/1024px-Akrar.Suduroy.2-768x512.jpg\" class=\"attachment-medium_large size-medium_large wp-image-2092\" alt=\"\" srcset=\"https:\/\/svenskanu.fi\/laromaterial\/navigerainorden\/wp-content\/uploads\/2024\/06\/1024px-Akrar.Suduroy.2-768x512.jpg 768w, https:\/\/svenskanu.fi\/laromaterial\/navigerainorden\/wp-content\/uploads\/2024\/06\/1024px-Akrar.Suduroy.2-300x200.jpg 300w, https:\/\/svenskanu.fi\/laromaterial\/navigerainorden\/wp-content\/uploads\/2024\/06\/1024px-Akrar.Suduroy.2.jpg 1024w\" sizes=\"(max-width: 768px) 100vw, 768px\" \/>\t\t\t\t\t\t\t\t\t\t\t\t\t\t\t<\/div>\n\t\t\t\t<\/div>\n\t\t\t\t<div class=\"elementor-element elementor-element-5eaddbf elementor-widget elementor-widget-text-editor\" data-id=\"5eaddbf\" data-element_type=\"widget\" data-e-type=\"widget\" data-widget_type=\"text-editor.default\">\n\t\t\t\t<div class=\"elementor-widget-container\">\n\t\t\t\t\t\t\t\t\t<p>K\u00f6tt h\u00e4nger p\u00e5 tork. Bild: Wikimedia Commons, Erik Christensen<\/p>\t\t\t\t\t\t\t\t<\/div>\n\t\t\t\t<\/div>\n\t\t\t\t<\/div>\n\t\t\t\t\t<\/div>\n\t\t\t\t<\/div>\n\t\t<div class=\"elementor-element elementor-element-e821a9f e-flex e-con-boxed e-con e-parent\" data-id=\"e821a9f\" data-element_type=\"container\" data-e-type=\"container\">\n\t\t\t\t\t<div class=\"e-con-inner\">\n\t\t<div class=\"elementor-element elementor-element-2bf809a e-con-full e-flex e-con e-child\" data-id=\"2bf809a\" data-element_type=\"container\" data-e-type=\"container\">\n\t\t<div class=\"elementor-element elementor-element-c93e7de e-flex e-con-boxed e-con e-child\" data-id=\"c93e7de\" data-element_type=\"container\" data-e-type=\"container\">\n\t\t\t\t\t<div class=\"e-con-inner\">\n\t\t\t\t<div class=\"elementor-element elementor-element-23fe3b8 elementor-widget elementor-widget-spacer\" data-id=\"23fe3b8\" data-element_type=\"widget\" data-e-type=\"widget\" data-widget_type=\"spacer.default\">\n\t\t\t\t<div class=\"elementor-widget-container\">\n\t\t\t\t\t\t\t<div class=\"elementor-spacer\">\n\t\t\t<div class=\"elementor-spacer-inner\"><\/div>\n\t\t<\/div>\n\t\t\t\t\t\t<\/div>\n\t\t\t\t<\/div>\n\t\t\t\t<div class=\"elementor-element elementor-element-d15c2e7 elementor-widget elementor-widget-heading\" data-id=\"d15c2e7\" data-element_type=\"widget\" data-e-type=\"widget\" data-widget_type=\"heading.default\">\n\t\t\t\t<div class=\"elementor-widget-container\">\n\t\t\t\t\t<h3 class=\"elementor-heading-title elementor-size-default\">Traditionella matr\u00e4tter<\/h3>\t\t\t\t<\/div>\n\t\t\t\t<\/div>\n\t\t\t\t<div class=\"elementor-element elementor-element-afe22eb elementor-widget elementor-widget-text-editor\" data-id=\"afe22eb\" data-element_type=\"widget\" data-e-type=\"widget\" data-widget_type=\"text-editor.default\">\n\t\t\t\t<div class=\"elementor-widget-container\">\n\t\t\t\t\t\t\t\t\t<ul><li><p>Garnat\u00e1lg<\/p><\/li><li><p>Skerpikj\u00f8t<\/p><\/li><li><p>R\u00e6st<\/p><\/li><\/ul>\t\t\t\t\t\t\t\t<\/div>\n\t\t\t\t<\/div>\n\t\t\t\t<div class=\"elementor-element elementor-element-c896cb6 elementor-widget elementor-widget-spacer\" data-id=\"c896cb6\" data-element_type=\"widget\" data-e-type=\"widget\" data-widget_type=\"spacer.default\">\n\t\t\t\t<div class=\"elementor-widget-container\">\n\t\t\t\t\t\t\t<div class=\"elementor-spacer\">\n\t\t\t<div class=\"elementor-spacer-inner\"><\/div>\n\t\t<\/div>\n\t\t\t\t\t\t<\/div>\n\t\t\t\t<\/div>\n\t\t\t\t<div class=\"elementor-element elementor-element-52d3ee6 elementor-widget elementor-widget-heading\" data-id=\"52d3ee6\" data-element_type=\"widget\" data-e-type=\"widget\" data-widget_type=\"heading.default\">\n\t\t\t\t<div class=\"elementor-widget-container\">\n\t\t\t\t\t<h3 class=\"elementor-heading-title elementor-size-default\">Testa laga sj\u00e4lv!<\/h3>\t\t\t\t<\/div>\n\t\t\t\t<\/div>\n\t\t\t\t<div class=\"elementor-element elementor-element-37fe955 elementor-widget elementor-widget-text-editor\" data-id=\"37fe955\" data-element_type=\"widget\" data-e-type=\"widget\" data-widget_type=\"text-editor.default\">\n\t\t\t\t<div class=\"elementor-widget-container\">\n\t\t\t\t\t\t\t\t\t<p><span class=\"TextRun SCXW173631490 BCX0\" lang=\"SV-SE\" style=\"color: #000000;\" xml:lang=\"SV-SE\" data-contrast=\"auto\"><span class=\"NormalTextRun SCXW173631490 BCX0\">Recept: <span style=\"color: #0000ff;\"><a style=\"color: #0000ff;\" href=\"https:\/\/www.nordisklitteratur.org\/media\/237414\/sv_nordiska_recept.pdf\">F\u00e4r\u00f6isk \u00e4ppelkaka<\/a><\/span><\/span><\/span><\/p>\t\t\t\t\t\t\t\t<\/div>\n\t\t\t\t<\/div>\n\t\t\t\t\t<\/div>\n\t\t\t\t<\/div>\n\t\t\t\t<\/div>\n\t\t\t\t\t<\/div>\n\t\t\t\t<\/div>\n\t\t\t\t<\/div>\n\t\t","protected":false},"excerpt":{"rendered":"<p>F\u00e4r\u00f6isk matkultur F\u00e4r\u00f6arna, \u00f6gruppen mitt p\u00e5 Atlanten, pr\u00e4glas av l\u00e5nga och h\u00e5rda vintrar och en kort sk\u00f6rdes\u00e4song. D\u00e4rf\u00f6r har matkulturen alltid f\u00e5tt intryck av den omgivande naturen och dess r\u00e5varor s\u00e5som fisk, skaldjur och sj\u00f6f\u00e5glar. F\u00e4r\u00f6arna \u00e4r ocks\u00e5 k\u00e4nda f\u00f6r sina f\u00e5r och deras k\u00f6tt \u00e4r en viktig ingrediens i m\u00e5nga traditionella f\u00e4r\u00f6iska matr\u00e4tter. Visste [&hellip;]<\/p>\n","protected":false},"author":2,"featured_media":0,"parent":0,"menu_order":0,"comment_status":"closed","ping_status":"closed","template":"elementor_header_footer","meta":{"footnotes":""},"class_list":["post-2084","page","type-page","status-publish","hentry"],"_links":{"self":[{"href":"https:\/\/svenskanu.fi\/laromaterial\/navigerainorden\/wp-json\/wp\/v2\/pages\/2084","targetHints":{"allow":["GET"]}}],"collection":[{"href":"https:\/\/svenskanu.fi\/laromaterial\/navigerainorden\/wp-json\/wp\/v2\/pages"}],"about":[{"href":"https:\/\/svenskanu.fi\/laromaterial\/navigerainorden\/wp-json\/wp\/v2\/types\/page"}],"author":[{"embeddable":true,"href":"https:\/\/svenskanu.fi\/laromaterial\/navigerainorden\/wp-json\/wp\/v2\/users\/2"}],"replies":[{"embeddable":true,"href":"https:\/\/svenskanu.fi\/laromaterial\/navigerainorden\/wp-json\/wp\/v2\/comments?post=2084"}],"version-history":[{"count":40,"href":"https:\/\/svenskanu.fi\/laromaterial\/navigerainorden\/wp-json\/wp\/v2\/pages\/2084\/revisions"}],"predecessor-version":[{"id":3159,"href":"https:\/\/svenskanu.fi\/laromaterial\/navigerainorden\/wp-json\/wp\/v2\/pages\/2084\/revisions\/3159"}],"wp:attachment":[{"href":"https:\/\/svenskanu.fi\/laromaterial\/navigerainorden\/wp-json\/wp\/v2\/media?parent=2084"}],"curies":[{"name":"wp","href":"https:\/\/api.w.org\/{rel}","templated":true}]}}