{"id":230,"date":"2024-04-23T10:40:54","date_gmt":"2024-04-23T07:40:54","guid":{"rendered":"https:\/\/svenskanu.fi\/laromaterial\/navigerainorden\/?page_id=230"},"modified":"2024-11-20T10:08:01","modified_gmt":"2024-11-20T08:08:01","slug":"en-passion-for-bandy","status":"publish","type":"page","link":"https:\/\/svenskanu.fi\/laromaterial\/navigerainorden\/en-passion-for-bandy\/","title":{"rendered":"En passion f\u00f6r bandy"},"content":{"rendered":"\t\t<div data-elementor-type=\"wp-page\" data-elementor-id=\"230\" class=\"elementor elementor-230\" data-elementor-post-type=\"page\">\n\t\t\t\t<div class=\"elementor-element elementor-element-6cd9825 e-con-full e-flex e-con e-parent\" data-id=\"6cd9825\" data-element_type=\"container\" data-e-type=\"container\">\n\t\t\t\t<div class=\"elementor-element elementor-element-5f08f2e elementor-widget elementor-widget-image\" data-id=\"5f08f2e\" data-element_type=\"widget\" data-e-type=\"widget\" data-widget_type=\"image.default\">\n\t\t\t\t<div class=\"elementor-widget-container\">\n\t\t\t\t\t\t\t\t\t\t\t\t\t\t\t<img decoding=\"async\" src=\"https:\/\/svenskanu.fi\/laromaterial\/navigerainorden\/wp-content\/uploads\/elementor\/thumbs\/Navigera-i-Norden-bannerbild-20-qpllpdze039bkxyycqej7fwojq85mo8jen41u8prig.png\" title=\"Navigera i Norden bannerbild (20)\" alt=\"Navigera i Norden bannerbild (20)\" loading=\"lazy\" \/>\t\t\t\t\t\t\t\t\t\t\t\t\t\t\t<\/div>\n\t\t\t\t<\/div>\n\t\t\t\t<\/div>\n\t\t<div class=\"elementor-element elementor-element-aa8d813 e-flex e-con-boxed e-con e-parent\" data-id=\"aa8d813\" data-element_type=\"container\" data-e-type=\"container\">\n\t\t\t\t\t<div class=\"e-con-inner\">\n\t\t<div class=\"elementor-element elementor-element-eb0c59c e-flex e-con-boxed e-con e-child\" data-id=\"eb0c59c\" data-element_type=\"container\" data-e-type=\"container\">\n\t\t\t\t\t<div class=\"e-con-inner\">\n\t\t\t\t<div class=\"elementor-element elementor-element-192dd1c elementor-widget elementor-widget-spacer\" data-id=\"192dd1c\" data-element_type=\"widget\" data-e-type=\"widget\" data-widget_type=\"spacer.default\">\n\t\t\t\t<div class=\"elementor-widget-container\">\n\t\t\t\t\t\t\t<div class=\"elementor-spacer\">\n\t\t\t<div class=\"elementor-spacer-inner\"><\/div>\n\t\t<\/div>\n\t\t\t\t\t\t<\/div>\n\t\t\t\t<\/div>\n\t\t\t\t<div class=\"elementor-element elementor-element-a7c7332 elementor-widget elementor-widget-heading\" data-id=\"a7c7332\" data-element_type=\"widget\" data-e-type=\"widget\" data-widget_type=\"heading.default\">\n\t\t\t\t<div class=\"elementor-widget-container\">\n\t\t\t\t\t<h3 class=\"elementor-heading-title elementor-size-default\">En passion f\u00f6r bandy <\/h3>\t\t\t\t<\/div>\n\t\t\t\t<\/div>\n\t\t\t\t<div class=\"elementor-element elementor-element-3715785 elementor-widget elementor-widget-spacer\" data-id=\"3715785\" data-element_type=\"widget\" data-e-type=\"widget\" data-widget_type=\"spacer.default\">\n\t\t\t\t<div class=\"elementor-widget-container\">\n\t\t\t\t\t\t\t<div class=\"elementor-spacer\">\n\t\t\t<div class=\"elementor-spacer-inner\"><\/div>\n\t\t<\/div>\n\t\t\t\t\t\t<\/div>\n\t\t\t\t<\/div>\n\t\t\t\t\t<\/div>\n\t\t\t\t<\/div>\n\t\t\t\t\t<\/div>\n\t\t\t\t<\/div>\n\t\t<div class=\"elementor-element elementor-element-ae4f310 e-flex e-con-boxed e-con e-parent\" data-id=\"ae4f310\" data-element_type=\"container\" data-e-type=\"container\">\n\t\t\t\t\t<div class=\"e-con-inner\">\n\t\t\t\t<div class=\"elementor-element elementor-element-3e287f6 elementor-widget elementor-widget-text-editor\" data-id=\"3e287f6\" data-element_type=\"widget\" data-e-type=\"widget\" data-widget_type=\"text-editor.default\">\n\t\t\t\t<div class=\"elementor-widget-container\">\n\t\t\t\t\t\t\t\t\t<p><span data-contrast=\"none\">Isen glittrar i vintersolen och luften vibrerar av sp\u00e4nning. Det \u00e4r matchdag och pulsen stiger hos Erik, en 25-\u00e5rig bandyspelare fr\u00e5n V\u00e4ster\u00e5s. Han har spelat bandy sedan han var liten och bandy har alltid varit en stor del av hans liv.<\/span><span data-ccp-props=\"{}\">\u00a0<\/span><\/p><p><span data-contrast=\"none\">Redan som liten pojke sprang han runt p\u00e5 isen med sin klubba, fascinerad av den fartfyllda sporten. K\u00e4nslan av att glida fram p\u00e5 isen, passa bollen till en lagkamrat och g\u00f6ra m\u00e5l \u00e4r oslagbar. Bandy \u00e4r en sport som kr\u00e4ver b\u00e5de snabbhet, teknik och samarbete och detta \u00e4lskar Erik.<\/span><span data-ccp-props=\"{}\">\u00a0<\/span><\/p>\t\t\t\t\t\t\t\t<\/div>\n\t\t\t\t<\/div>\n\t\t\t\t\t<\/div>\n\t\t\t\t<\/div>\n\t\t<div class=\"elementor-element elementor-element-b298665 e-flex e-con-boxed e-con e-parent\" data-id=\"b298665\" data-element_type=\"container\" data-e-type=\"container\">\n\t\t\t\t\t<div class=\"e-con-inner\">\n\t\t<div class=\"elementor-element elementor-element-3294191 e-con-full e-flex e-con e-child\" data-id=\"3294191\" data-element_type=\"container\" data-e-type=\"container\">\n\t\t\t\t<div class=\"elementor-element elementor-element-33ebd50 elementor-widget elementor-widget-text-editor\" data-id=\"33ebd50\" data-element_type=\"widget\" data-e-type=\"widget\" data-widget_type=\"text-editor.default\">\n\t\t\t\t<div class=\"elementor-widget-container\">\n\t\t\t\t\t\t\t\t\t<p><span style=\"text-align: var(--text-align);\" data-contrast=\"none\">Varje vinter tillbringar Erik otaliga timmar p\u00e5 bandyplanen. Han tr\u00e4nar med sitt lag, V\u00e4ster\u00e5s SK, och deltar i matcher i division 2. Att t\u00e4vla och k\u00e4nna adrenalinet pumpa i kroppen \u00e4r en enorm kick. Men det \u00e4r inte bara t\u00e4vlingsmomentet som lockar Erik. Bandy ger honom ocks\u00e5 m\u00f6jlighet att umg\u00e5s med v\u00e4nner och lagkamrater och skapa minnen f\u00f6r livet. Han upplever att den unika gemenskapen som finns inom bandyn \u00e4r viktig. Bandy \u00e4r mer \u00e4n bara en hobby f\u00f6r Erik. Bandy \u00e4r en del av hans identitet och en sport som han kommer att \u00e4lska resten av sitt liv.<\/span><span style=\"text-align: var(--text-align);\" data-ccp-props=\"{}\">\u00a0<\/span><\/p>\t\t\t\t\t\t\t\t<\/div>\n\t\t\t\t<\/div>\n\t\t\t\t<div class=\"elementor-element elementor-element-87340dd elementor-widget elementor-widget-text-editor\" data-id=\"87340dd\" data-element_type=\"widget\" data-e-type=\"widget\" data-widget_type=\"text-editor.default\">\n\t\t\t\t<div class=\"elementor-widget-container\">\n\t\t\t\t\t\t\t\t\t<p><span data-contrast=\"none\">Sommartid \u00e4gnar Erik sig \u00e5t andra fritidsaktiviteter, men bandyn finns alltid i tankarna. Han f\u00f6ljer elitserien p\u00e5 tv, l\u00e4ser tidningar om bandy och dr\u00f6mmer om att en dag spela i den h\u00f6gsta divisionen.<\/span><span data-ccp-props=\"{}\">\u00a0<\/span><\/p>\t\t\t\t\t\t\t\t<\/div>\n\t\t\t\t<\/div>\n\t\t\t\t<\/div>\n\t\t<div class=\"elementor-element elementor-element-4745a38 e-con-full e-flex e-con e-child\" data-id=\"4745a38\" data-element_type=\"container\" data-e-type=\"container\">\n\t\t\t\t<div class=\"elementor-element elementor-element-f36b799 elementor-widget elementor-widget-image\" data-id=\"f36b799\" data-element_type=\"widget\" data-e-type=\"widget\" data-widget_type=\"image.default\">\n\t\t\t\t<div class=\"elementor-widget-container\">\n\t\t\t\t\t\t\t\t\t\t\t\t\t\t\t<img decoding=\"async\" src=\"https:\/\/svenskanu.fi\/laromaterial\/navigerainorden\/wp-content\/uploads\/elementor\/thumbs\/512px-Bandy_game_at_Zinkensdamms_IP-qplljhjctpjeipl8ygf9r4p7qjzdzaasrualh551o8.jpg\" title=\"512px-Bandy_game_at_Zinkensdamms_IP\" alt=\"512px-Bandy_game_at_Zinkensdamms_IP\" loading=\"lazy\" \/>\t\t\t\t\t\t\t\t\t\t\t\t\t\t\t<\/div>\n\t\t\t\t<\/div>\n\t\t\t\t<div class=\"elementor-element elementor-element-01b6824 elementor-widget elementor-widget-text-editor\" data-id=\"01b6824\" data-element_type=\"widget\" data-e-type=\"widget\" data-widget_type=\"text-editor.default\">\n\t\t\t\t<div class=\"elementor-widget-container\">\n\t\t\t\t\t\t\t\t\t<p><span class=\"TextRun SCXW264225746 BCX0\" lang=\"SV-SE\" xml:lang=\"SV-SE\" data-contrast=\"auto\"><span class=\"NormalTextRun SCXW264225746 BCX0\">Bild: Wikimedia Commons, Erik Lindvall<\/span><\/span><\/p>\t\t\t\t\t\t\t\t<\/div>\n\t\t\t\t<\/div>\n\t\t\t\t<\/div>\n\t\t\t\t\t<\/div>\n\t\t\t\t<\/div>\n\t\t<div class=\"elementor-element elementor-element-800e7b1 e-flex e-con-boxed e-con e-parent\" data-id=\"800e7b1\" data-element_type=\"container\" data-e-type=\"container\">\n\t\t\t\t\t<div class=\"e-con-inner\">\n\t\t\t\t<div class=\"elementor-element elementor-element-920d638 elementor-widget elementor-widget-text-editor\" data-id=\"920d638\" data-element_type=\"widget\" data-e-type=\"widget\" data-widget_type=\"text-editor.default\">\n\t\t\t\t<div class=\"elementor-widget-container\">\n\t\t\t\t\t\t\t\t\t<p><span data-contrast=\"none\">Det som Erik tycker att \u00e4r bra med bandy \u00e4r att den inte bara \u00e4r en svensk sport. Det \u00e4r en sport som finns i m\u00e5nga andra l\u00e4nder runt om i v\u00e4rlden, till exempel Finland, Norge, USA och Kanada. I Sverige \u00e4r bandyn en av de mest popul\u00e4ra vintersporterna och den har en l\u00e5ng och rik historia.<\/span><span data-ccp-props=\"{}\">\u00a0<\/span><\/p>\t\t\t\t\t\t\t\t<\/div>\n\t\t\t\t<\/div>\n\t\t\t\t\t<\/div>\n\t\t\t\t<\/div>\n\t\t<div class=\"elementor-element elementor-element-4402c3f e-flex e-con-boxed e-con e-parent\" data-id=\"4402c3f\" data-element_type=\"container\" data-e-type=\"container\">\n\t\t\t\t\t<div class=\"e-con-inner\">\n\t\t\t\t<div class=\"elementor-element elementor-element-c5dfe21 elementor-widget-divider--view-line elementor-widget elementor-widget-divider\" data-id=\"c5dfe21\" data-element_type=\"widget\" data-e-type=\"widget\" data-widget_type=\"divider.default\">\n\t\t\t\t<div class=\"elementor-widget-container\">\n\t\t\t\t\t\t\t<div class=\"elementor-divider\">\n\t\t\t<span class=\"elementor-divider-separator\">\n\t\t\t\t\t\t<\/span>\n\t\t<\/div>\n\t\t\t\t\t\t<\/div>\n\t\t\t\t<\/div>\n\t\t\t\t\t<\/div>\n\t\t\t\t<\/div>\n\t\t<div class=\"elementor-element elementor-element-00ef03e e-flex e-con-boxed e-con e-parent\" data-id=\"00ef03e\" data-element_type=\"container\" data-e-type=\"container\">\n\t\t\t\t\t<div class=\"e-con-inner\">\n\t\t\t\t<div class=\"elementor-element elementor-element-a3074f2 elementor-widget elementor-widget-heading\" data-id=\"a3074f2\" data-element_type=\"widget\" data-e-type=\"widget\" data-widget_type=\"heading.default\">\n\t\t\t\t<div class=\"elementor-widget-container\">\n\t\t\t\t\t<h3 class=\"elementor-heading-title elementor-size-default\">1. R\u00e4tt eller fel? <\/h3>\t\t\t\t<\/div>\n\t\t\t\t<\/div>\n\t\t\t\t<div class=\"elementor-element elementor-element-25e07f0 elementor-widget elementor-widget-text-editor\" data-id=\"25e07f0\" data-element_type=\"widget\" data-e-type=\"widget\" data-widget_type=\"text-editor.default\">\n\t\t\t\t<div class=\"elementor-widget-container\">\n\t\t\t\t\t\t\t\t\t<p>Korrigera genom att trycka p\u00e5 den bl\u00e5a knappen i h\u00f6gra h\u00f6rnet.<\/p>\t\t\t\t\t\t\t\t<\/div>\n\t\t\t\t<\/div>\n\t\t\t\t\t<\/div>\n\t\t\t\t<\/div>\n\t\t<div class=\"elementor-element elementor-element-3efb01d e-flex e-con-boxed e-con e-parent\" data-id=\"3efb01d\" data-element_type=\"container\" data-e-type=\"container\">\n\t\t\t\t\t<div class=\"e-con-inner\">\n\t\t\t\t<div class=\"elementor-element elementor-element-27006b1 elementor-widget elementor-widget-html\" data-id=\"27006b1\" data-element_type=\"widget\" data-e-type=\"widget\" data-widget_type=\"html.default\">\n\t\t\t\t<div class=\"elementor-widget-container\">\n\t\t\t\t\t<iframe src=\"https:\/\/learningapps.org\/watch?v=pg65rjpkk24\" style=\"border:0px;width:100%;height:500px\" allowfullscreen=\"true\" webkitallowfullscreen=\"true\" mozallowfullscreen=\"true\"><\/iframe>\t\t\t\t<\/div>\n\t\t\t\t<\/div>\n\t\t\t\t\t<\/div>\n\t\t\t\t<\/div>\n\t\t<div class=\"elementor-element elementor-element-cf09a60 e-flex e-con-boxed e-con e-parent\" data-id=\"cf09a60\" data-element_type=\"container\" data-e-type=\"container\">\n\t\t\t\t\t<div class=\"e-con-inner\">\n\t\t\t\t<div class=\"elementor-element elementor-element-ad9b0b6 elementor-widget elementor-widget-heading\" data-id=\"ad9b0b6\" data-element_type=\"widget\" data-e-type=\"widget\" data-widget_type=\"heading.default\">\n\t\t\t\t<div class=\"elementor-widget-container\">\n\t\t\t\t\t<h3 class=\"elementor-heading-title elementor-size-default\">2. Verb\u00f6vning<\/h3>\t\t\t\t<\/div>\n\t\t\t\t<\/div>\n\t\t\t\t\t<\/div>\n\t\t\t\t<\/div>\n\t\t<div class=\"elementor-element elementor-element-e4aaff3 e-flex e-con-boxed e-con e-parent\" data-id=\"e4aaff3\" data-element_type=\"container\" data-e-type=\"container\">\n\t\t\t\t\t<div class=\"e-con-inner\">\n\t\t\t\t<div class=\"elementor-element elementor-element-1350e3a elementor-widget elementor-widget-toggle\" data-id=\"1350e3a\" data-element_type=\"widget\" data-e-type=\"widget\" data-widget_type=\"toggle.default\">\n\t\t\t\t<div class=\"elementor-widget-container\">\n\t\t\t\t\t\t\t<div class=\"elementor-toggle\">\n\t\t\t\t\t\t\t<div class=\"elementor-toggle-item\">\n\t\t\t\t\t<div id=\"elementor-tab-title-2021\" class=\"elementor-tab-title\" data-tab=\"1\" role=\"button\" aria-controls=\"elementor-tab-content-2021\" aria-expanded=\"false\">\n\t\t\t\t\t\t\t\t\t\t\t\t<span class=\"elementor-toggle-icon elementor-toggle-icon-left\" aria-hidden=\"true\">\n\t\t\t\t\t\t\t\t\t\t\t\t\t\t\t<span class=\"elementor-toggle-icon-closed\"><svg class=\"e-font-icon-svg e-fas-caret-right\" viewBox=\"0 0 192 512\" xmlns=\"http:\/\/www.w3.org\/2000\/svg\"><path d=\"M0 384.662V127.338c0-17.818 21.543-26.741 34.142-14.142l128.662 128.662c7.81 7.81 7.81 20.474 0 28.284L34.142 398.804C21.543 411.404 0 402.48 0 384.662z\"><\/path><\/svg><\/span>\n\t\t\t\t\t\t\t\t<span class=\"elementor-toggle-icon-opened\"><svg class=\"elementor-toggle-icon-opened e-font-icon-svg e-fas-caret-up\" viewBox=\"0 0 320 512\" xmlns=\"http:\/\/www.w3.org\/2000\/svg\"><path d=\"M288.662 352H31.338c-17.818 0-26.741-21.543-14.142-34.142l128.662-128.662c7.81-7.81 20.474-7.81 28.284 0l128.662 128.662c12.6 12.599 3.676 34.142-14.142 34.142z\"><\/path><\/svg><\/span>\n\t\t\t\t\t\t\t\t\t\t\t\t\t<\/span>\n\t\t\t\t\t\t\t\t\t\t\t\t<a class=\"elementor-toggle-title\" tabindex=\"0\">Fyll i tabellen. Skriv sedan n\u00e5gra meningar d\u00e4r du anv\u00e4nder dig av verb som ing\u00e5r i tabellen.<\/a>\n\t\t\t\t\t<\/div>\n\n\t\t\t\t\t<div id=\"elementor-tab-content-2021\" class=\"elementor-tab-content elementor-clearfix\" data-tab=\"1\" role=\"region\" aria-labelledby=\"elementor-tab-title-2021\"><iframe src=\"https:\/\/learningapps.org\/watch?v=pocvnyh9c24\" style=\"border:0px;width:100%;height:500px\" allowfullscreen=\"true\" webkitallowfullscreen=\"true\" mozallowfullscreen=\"true\"><\/iframe><\/div>\n\t\t\t\t<\/div>\n\t\t\t\t\t\t\t\t<\/div>\n\t\t\t\t\t\t<\/div>\n\t\t\t\t<\/div>\n\t\t\t\t\t<\/div>\n\t\t\t\t<\/div>\n\t\t<div class=\"elementor-element elementor-element-c68179d e-flex e-con-boxed e-con e-parent\" data-id=\"c68179d\" data-element_type=\"container\" data-e-type=\"container\">\n\t\t\t\t\t<div class=\"e-con-inner\">\n\t\t\t\t<div class=\"elementor-element elementor-element-2d2e01c elementor-widget elementor-widget-spacer\" data-id=\"2d2e01c\" data-element_type=\"widget\" data-e-type=\"widget\" data-widget_type=\"spacer.default\">\n\t\t\t\t<div class=\"elementor-widget-container\">\n\t\t\t\t\t\t\t<div class=\"elementor-spacer\">\n\t\t\t<div class=\"elementor-spacer-inner\"><\/div>\n\t\t<\/div>\n\t\t\t\t\t\t<\/div>\n\t\t\t\t<\/div>\n\t\t\t\t\t<\/div>\n\t\t\t\t<\/div>\n\t\t\t\t<\/div>\n\t\t","protected":false},"excerpt":{"rendered":"<p>En passion f\u00f6r bandy Isen glittrar i vintersolen och luften vibrerar av sp\u00e4nning. Det \u00e4r matchdag och pulsen stiger hos Erik, en 25-\u00e5rig bandyspelare fr\u00e5n V\u00e4ster\u00e5s. Han har spelat bandy sedan han var liten och bandy har alltid varit en stor del av hans liv.\u00a0 Redan som liten pojke sprang han runt p\u00e5 isen med [&hellip;]<\/p>\n","protected":false},"author":2,"featured_media":0,"parent":0,"menu_order":0,"comment_status":"closed","ping_status":"closed","template":"elementor_header_footer","meta":{"footnotes":""},"class_list":["post-230","page","type-page","status-publish","hentry"],"_links":{"self":[{"href":"https:\/\/svenskanu.fi\/laromaterial\/navigerainorden\/wp-json\/wp\/v2\/pages\/230","targetHints":{"allow":["GET"]}}],"collection":[{"href":"https:\/\/svenskanu.fi\/laromaterial\/navigerainorden\/wp-json\/wp\/v2\/pages"}],"about":[{"href":"https:\/\/svenskanu.fi\/laromaterial\/navigerainorden\/wp-json\/wp\/v2\/types\/page"}],"author":[{"embeddable":true,"href":"https:\/\/svenskanu.fi\/laromaterial\/navigerainorden\/wp-json\/wp\/v2\/users\/2"}],"replies":[{"embeddable":true,"href":"https:\/\/svenskanu.fi\/laromaterial\/navigerainorden\/wp-json\/wp\/v2\/comments?post=230"}],"version-history":[{"count":49,"href":"https:\/\/svenskanu.fi\/laromaterial\/navigerainorden\/wp-json\/wp\/v2\/pages\/230\/revisions"}],"predecessor-version":[{"id":3153,"href":"https:\/\/svenskanu.fi\/laromaterial\/navigerainorden\/wp-json\/wp\/v2\/pages\/230\/revisions\/3153"}],"wp:attachment":[{"href":"https:\/\/svenskanu.fi\/laromaterial\/navigerainorden\/wp-json\/wp\/v2\/media?parent=230"}],"curies":[{"name":"wp","href":"https:\/\/api.w.org\/{rel}","templated":true}]}}