{"id":247,"date":"2024-04-23T11:41:55","date_gmt":"2024-04-23T08:41:55","guid":{"rendered":"https:\/\/svenskanu.fi\/laromaterial\/navigerainorden\/?page_id=247"},"modified":"2024-11-20T10:07:35","modified_gmt":"2024-11-20T08:07:35","slug":"handboll-och-ridning","status":"publish","type":"page","link":"https:\/\/svenskanu.fi\/laromaterial\/navigerainorden\/handboll-och-ridning\/","title":{"rendered":"Handboll och ridning"},"content":{"rendered":"\t\t<div data-elementor-type=\"wp-page\" data-elementor-id=\"247\" class=\"elementor elementor-247\" data-elementor-post-type=\"page\">\n\t\t\t\t<div class=\"elementor-element elementor-element-fb50212 e-con-full e-flex e-con e-parent\" data-id=\"fb50212\" data-element_type=\"container\" data-e-type=\"container\">\n\t\t\t\t<div class=\"elementor-element elementor-element-49e37d9 elementor-widget elementor-widget-image\" data-id=\"49e37d9\" data-element_type=\"widget\" data-e-type=\"widget\" data-widget_type=\"image.default\">\n\t\t\t\t<div class=\"elementor-widget-container\">\n\t\t\t\t\t\t\t\t\t\t\t\t\t\t\t<img decoding=\"async\" src=\"https:\/\/svenskanu.fi\/laromaterial\/navigerainorden\/wp-content\/uploads\/elementor\/thumbs\/11_4-qn9ohzvmpadi0ev665q0ci6f5v52g73ztu13yta3yg.png\" title=\"11_4\" alt=\"11_4\" loading=\"lazy\" \/>\t\t\t\t\t\t\t\t\t\t\t\t\t\t\t<\/div>\n\t\t\t\t<\/div>\n\t\t\t\t<\/div>\n\t\t<div class=\"elementor-element elementor-element-9d51f27 e-flex e-con-boxed e-con e-parent\" data-id=\"9d51f27\" data-element_type=\"container\" data-e-type=\"container\">\n\t\t\t\t\t<div class=\"e-con-inner\">\n\t\t\t\t<div class=\"elementor-element elementor-element-36901de elementor-widget elementor-widget-spacer\" data-id=\"36901de\" data-element_type=\"widget\" data-e-type=\"widget\" data-widget_type=\"spacer.default\">\n\t\t\t\t<div class=\"elementor-widget-container\">\n\t\t\t\t\t\t\t<div class=\"elementor-spacer\">\n\t\t\t<div class=\"elementor-spacer-inner\"><\/div>\n\t\t<\/div>\n\t\t\t\t\t\t<\/div>\n\t\t\t\t<\/div>\n\t\t\t\t<div class=\"elementor-element elementor-element-8f01a58 elementor-widget elementor-widget-heading\" data-id=\"8f01a58\" data-element_type=\"widget\" data-e-type=\"widget\" data-widget_type=\"heading.default\">\n\t\t\t\t<div class=\"elementor-widget-container\">\n\t\t\t\t\t<h3 class=\"elementor-heading-title elementor-size-default\">Regn, handbollsstj\u00e4rnan fr\u00e5n Islands hj\u00e4rta <\/h3>\t\t\t\t<\/div>\n\t\t\t\t<\/div>\n\t\t\t\t<div class=\"elementor-element elementor-element-b31f955 elementor-widget elementor-widget-spacer\" data-id=\"b31f955\" data-element_type=\"widget\" data-e-type=\"widget\" data-widget_type=\"spacer.default\">\n\t\t\t\t<div class=\"elementor-widget-container\">\n\t\t\t\t\t\t\t<div class=\"elementor-spacer\">\n\t\t\t<div class=\"elementor-spacer-inner\"><\/div>\n\t\t<\/div>\n\t\t\t\t\t\t<\/div>\n\t\t\t\t<\/div>\n\t\t\t\t\t<\/div>\n\t\t\t\t<\/div>\n\t\t<div class=\"elementor-element elementor-element-0a4081f e-flex e-con-boxed e-con e-parent\" data-id=\"0a4081f\" data-element_type=\"container\" data-e-type=\"container\">\n\t\t\t\t\t<div class=\"e-con-inner\">\n\t\t\t\t<div class=\"elementor-element elementor-element-2441bac elementor-widget elementor-widget-text-editor\" data-id=\"2441bac\" data-element_type=\"widget\" data-e-type=\"widget\" data-widget_type=\"text-editor.default\">\n\t\t\t\t<div class=\"elementor-widget-container\">\n\t\t\t\t\t\t\t\t\t<p><span data-contrast=\"none\">Regn \u00e4r en 15-\u00e5ring som lever och andas handboll. Hen \u00e4r hemifr\u00e5n en liten by p\u00e5 Island.\u00a0<\/span><span data-ccp-props=\"{}\">\u00a0<\/span><\/p><p><span data-contrast=\"none\">Sedan barnsben har hen spelat med Nor\u00f0urlj\u00f3s (Northern Lights) och hens talang lyser lika starkt som polarskenet p\u00e5 vintern. Idag \u00e4r det dags f\u00f6r en avg\u00f6rande match i Reykjavik. En seger skulle skicka dem till finalen i Islands nationalsport \u2013 handboll.<\/span><\/p><p><span data-contrast=\"none\">Nervositeten pirrar i magen n\u00e4r Regn kliver ut p\u00e5 planen. Luften vibrerar av sp\u00e4nning, publikens jubel ekar i hallen. Matchen mot Fjallbj\u00f6rgun (Mountain Bears) \u00e4r j\u00e4mn fr\u00e5n start. B\u00e5da lagen k\u00e4mpar h\u00e5rt, passningarna viner genom luften och bollen susar fram och tillbaka. Regn \u00e4r b\u00e5de snabb och smidig. Hen har en blick f\u00f6r spelet som f\u00e5 har och g\u00f6r m\u00e5l efter m\u00e5l med sin kraftfulla skottarm.<\/span><span data-ccp-props=\"{}\">\u00a0<\/span><\/p>\t\t\t\t\t\t\t\t<\/div>\n\t\t\t\t<\/div>\n\t\t\t\t\t<\/div>\n\t\t\t\t<\/div>\n\t\t<div class=\"elementor-element elementor-element-95a9aa5 e-flex e-con-boxed e-con e-parent\" data-id=\"95a9aa5\" data-element_type=\"container\" data-e-type=\"container\">\n\t\t\t\t\t<div class=\"e-con-inner\">\n\t\t<div class=\"elementor-element elementor-element-73c11d4 e-con-full e-flex e-con e-child\" data-id=\"73c11d4\" data-element_type=\"container\" data-e-type=\"container\">\n\t\t\t\t<div class=\"elementor-element elementor-element-162cc72 elementor-widget elementor-widget-text-editor\" data-id=\"162cc72\" data-element_type=\"widget\" data-e-type=\"widget\" data-widget_type=\"text-editor.default\">\n\t\t\t\t<div class=\"elementor-widget-container\">\n\t\t\t\t\t\t\t\t\t<p><span style=\"text-align: var(--text-align);\" data-contrast=\"none\">Slutet n\u00e4rmar sig, oavgjort p\u00e5 tavlan. Sp\u00e4nningen \u00e4r olidlig! Straffl\u00e4ggning avg\u00f6r. Tystnaden l\u00e4gger sig tungt \u00f6ver hallen. Varje straff \u00e4r avg\u00f6rande, varje skott en rysare. Regn kliver fram som sista spelare, andas djupt, fokuserar och skjuter. Bollen flyger i en perfekt b\u00e5ge och seglar in i m\u00e5l. Seger!<\/span><span style=\"text-align: var(--text-align);\" data-ccp-props=\"{}\">\u00a0<\/span><\/p><p><span data-contrast=\"none\">Jublet exploderar! Gl\u00e4djen lyser i Regns och lagkamraternas \u00f6gon. De har k\u00e4mpat h\u00e5rt och nu \u00e4r de p\u00e5 v\u00e4g till finalen i Islands nationalsport! <\/span>Regn vet att detta bara \u00e4r b\u00f6rjan p\u00e5 en lovande handbollskarri\u00e4r. Dr\u00f6mmen om landslaget och att bli proffs k\u00e4nns n\u00e4rmare \u00e4n n\u00e5gonsin.\u00a0<\/p>\t\t\t\t\t\t\t\t<\/div>\n\t\t\t\t<\/div>\n\t\t\t\t<\/div>\n\t\t<div class=\"elementor-element elementor-element-054779c e-con-full e-flex e-con e-child\" data-id=\"054779c\" data-element_type=\"container\" data-e-type=\"container\">\n\t\t\t\t<div class=\"elementor-element elementor-element-9faa77b elementor-widget elementor-widget-image\" data-id=\"9faa77b\" data-element_type=\"widget\" data-e-type=\"widget\" data-widget_type=\"image.default\">\n\t\t\t\t<div class=\"elementor-widget-container\">\n\t\t\t\t\t\t\t\t\t\t\t\t\t\t\t<img decoding=\"async\" src=\"https:\/\/svenskanu.fi\/laromaterial\/navigerainorden\/wp-content\/uploads\/elementor\/thumbs\/handboll-1-qn9ut9actfu4vzsx9o16ect73jo25wt9x2xn6nzqns.png\" title=\"handboll 1\" alt=\"handboll 1\" loading=\"lazy\" \/>\t\t\t\t\t\t\t\t\t\t\t\t\t\t\t<\/div>\n\t\t\t\t<\/div>\n\t\t\t\t<\/div>\n\t\t\t\t\t<\/div>\n\t\t\t\t<\/div>\n\t\t<div class=\"elementor-element elementor-element-35226db e-flex e-con-boxed e-con e-parent\" data-id=\"35226db\" data-element_type=\"container\" data-e-type=\"container\">\n\t\t\t\t\t<div class=\"e-con-inner\">\n\t\t\t\t<div class=\"elementor-element elementor-element-9ab1926 elementor-widget elementor-widget-heading\" data-id=\"9ab1926\" data-element_type=\"widget\" data-e-type=\"widget\" data-widget_type=\"heading.default\">\n\t\t\t\t<div class=\"elementor-widget-container\">\n\t\t\t\t\t<h3 class=\"elementor-heading-title elementor-size-default\">Fr\u00e5gor<\/h3>\t\t\t\t<\/div>\n\t\t\t\t<\/div>\n\t\t\t\t\t<\/div>\n\t\t\t\t<\/div>\n\t\t<div class=\"elementor-element elementor-element-ec29836 e-flex e-con-boxed e-con e-parent\" data-id=\"ec29836\" data-element_type=\"container\" data-e-type=\"container\">\n\t\t\t\t\t<div class=\"e-con-inner\">\n\t\t\t\t<div class=\"elementor-element elementor-element-b1e2654 elementor-widget elementor-widget-text-editor\" data-id=\"b1e2654\" data-element_type=\"widget\" data-e-type=\"widget\" data-widget_type=\"text-editor.default\">\n\t\t\t\t<div class=\"elementor-widget-container\">\n\t\t\t\t\t\t\t\t\t<ol><li>Hur gammal \u00e4r Regn?\u00a0<\/li><li>Vad \u00e4r Regn bra p\u00e5? \u00a0<\/li><li>Vad st\u00e5r det p\u00e5 tavlan i slutet av matchen?<\/li><li>Hur avg\u00f6rs matchen?\u00a0<\/li><li>Vad \u00e4r Regns dr\u00f6m?<\/li><\/ol>\t\t\t\t\t\t\t\t<\/div>\n\t\t\t\t<\/div>\n\t\t\t\t\t<\/div>\n\t\t\t\t<\/div>\n\t\t<div class=\"elementor-element elementor-element-9e0c3d1 e-flex e-con-boxed e-con e-parent\" data-id=\"9e0c3d1\" data-element_type=\"container\" data-e-type=\"container\">\n\t\t\t\t\t<div class=\"e-con-inner\">\n\t\t\t\t<div class=\"elementor-element elementor-element-82352e2 elementor-widget-divider--view-line elementor-widget elementor-widget-divider\" data-id=\"82352e2\" data-element_type=\"widget\" data-e-type=\"widget\" data-widget_type=\"divider.default\">\n\t\t\t\t<div class=\"elementor-widget-container\">\n\t\t\t\t\t\t\t<div class=\"elementor-divider\">\n\t\t\t<span class=\"elementor-divider-separator\">\n\t\t\t\t\t\t<\/span>\n\t\t<\/div>\n\t\t\t\t\t\t<\/div>\n\t\t\t\t<\/div>\n\t\t\t\t\t<\/div>\n\t\t\t\t<\/div>\n\t\t<div class=\"elementor-element elementor-element-a141a3a e-flex e-con-boxed e-con e-parent\" data-id=\"a141a3a\" data-element_type=\"container\" data-e-type=\"container\">\n\t\t\t\t\t<div class=\"e-con-inner\">\n\t\t\t\t<div class=\"elementor-element elementor-element-f0f2438 elementor-widget elementor-widget-spacer\" data-id=\"f0f2438\" data-element_type=\"widget\" data-e-type=\"widget\" data-widget_type=\"spacer.default\">\n\t\t\t\t<div class=\"elementor-widget-container\">\n\t\t\t\t\t\t\t<div class=\"elementor-spacer\">\n\t\t\t<div class=\"elementor-spacer-inner\"><\/div>\n\t\t<\/div>\n\t\t\t\t\t\t<\/div>\n\t\t\t\t<\/div>\n\t\t\t\t\t<\/div>\n\t\t\t\t<\/div>\n\t\t<div class=\"elementor-element elementor-element-911abfe e-flex e-con-boxed e-con e-parent\" data-id=\"911abfe\" data-element_type=\"container\" data-e-type=\"container\">\n\t\t\t\t\t<div class=\"e-con-inner\">\n\t\t\t\t<div class=\"elementor-element elementor-element-f99bf5f elementor-widget elementor-widget-heading\" data-id=\"f99bf5f\" data-element_type=\"widget\" data-e-type=\"widget\" data-widget_type=\"heading.default\">\n\t\t\t\t<div class=\"elementor-widget-container\">\n\t\t\t\t\t<h3 class=\"elementor-heading-title elementor-size-default\">Isl\u00e4ndsk ryttare <\/h3>\t\t\t\t<\/div>\n\t\t\t\t<\/div>\n\t\t\t\t\t<\/div>\n\t\t\t\t<\/div>\n\t\t<div class=\"elementor-element elementor-element-37cc20d e-flex e-con-boxed e-con e-parent\" data-id=\"37cc20d\" data-element_type=\"container\" data-e-type=\"container\">\n\t\t\t\t\t<div class=\"e-con-inner\">\n\t\t<div class=\"elementor-element elementor-element-dbcb6c5 e-con-full e-flex e-con e-child\" data-id=\"dbcb6c5\" data-element_type=\"container\" data-e-type=\"container\">\n\t\t\t\t<div class=\"elementor-element elementor-element-017b178 elementor-widget elementor-widget-text-editor\" data-id=\"017b178\" data-element_type=\"widget\" data-e-type=\"widget\" data-widget_type=\"text-editor.default\">\n\t\t\t\t<div class=\"elementor-widget-container\">\n\t\t\t\t\t\t\t\t\t<p><span data-contrast=\"none\">Hannes \u00e4r en 15-\u00e5rig isl\u00e4nning som \u00e4lskar att rida. Han och hans b\u00e4sta v\u00e4n Sigrid ger sig ut p\u00e5 en l\u00e5ng ridtur i bergen p\u00e5 sin fjording, Stormur.<\/span><span data-ccp-props=\"{}\">\u00a0<\/span><\/p><p><span data-contrast=\"none\">Islandsh\u00e4sten \u00e4r en unik ras, k\u00e4nd f\u00f6r sin robusta kropp. Den har ocks\u00e5 en speciell g\u00e5ngart som kallas f\u00f6r t\u00f6lt. Islandsh\u00e4starna \u00e4r intelligenta och lydiga vilket g\u00f6r dem perfekta f\u00f6r ridning i den isl\u00e4ndska naturen.<\/span><span data-ccp-props=\"{}\">\u00a0<\/span><\/p>\t\t\t\t\t\t\t\t<\/div>\n\t\t\t\t<\/div>\n\t\t\t\t<div class=\"elementor-element elementor-element-421b748 elementor-widget elementor-widget-text-editor\" data-id=\"421b748\" data-element_type=\"widget\" data-e-type=\"widget\" data-widget_type=\"text-editor.default\">\n\t\t\t\t<div class=\"elementor-widget-container\">\n\t\t\t\t\t\t\t\t\t<p><span data-contrast=\"none\">Hannes och Sigrid njuter av den friska luften och den vackra utsikten. De passerar sn\u00f6t\u00e4ckta skogar, isiga b\u00e4ckar och steniga raviner. P\u00e5 toppen av berget har de en fantastisk utsikt \u00f6ver det isl\u00e4ndska landskapet. De ser vulkanen Hekla i fj\u00e4rran, dess m\u00f6rka topp reser sig majest\u00e4tiskt mot den bl\u00e5 himlen.\u00a0<\/span><\/p>\t\t\t\t\t\t\t\t<\/div>\n\t\t\t\t<\/div>\n\t\t\t\t<\/div>\n\t\t<div class=\"elementor-element elementor-element-05ac0bd e-con-full e-flex e-con e-child\" data-id=\"05ac0bd\" data-element_type=\"container\" data-e-type=\"container\">\n\t\t\t\t<div class=\"elementor-element elementor-element-9f7c722 elementor-widget elementor-widget-image\" data-id=\"9f7c722\" data-element_type=\"widget\" data-e-type=\"widget\" data-widget_type=\"image.default\">\n\t\t\t\t<div class=\"elementor-widget-container\">\n\t\t\t\t\t\t\t\t\t\t\t\t\t\t\t<img decoding=\"async\" src=\"https:\/\/svenskanu.fi\/laromaterial\/navigerainorden\/wp-content\/uploads\/elementor\/thumbs\/shawnanggg-EM0kI2YTnP0-unsplash-scaled-qn4jfbcz0m0wudtuoy9v4ibg5hbfkf7wb16fh5s1q0.jpg\" title=\"shawnanggg-EM0kI2YTnP0-unsplash\" alt=\"shawnanggg-EM0kI2YTnP0-unsplash\" loading=\"lazy\" \/>\t\t\t\t\t\t\t\t\t\t\t\t\t\t\t<\/div>\n\t\t\t\t<\/div>\n\t\t\t\t<\/div>\n\t\t\t\t\t<\/div>\n\t\t\t\t<\/div>\n\t\t<div class=\"elementor-element elementor-element-2a03511 e-flex e-con-boxed e-con e-parent\" data-id=\"2a03511\" data-element_type=\"container\" data-e-type=\"container\">\n\t\t\t\t\t<div class=\"e-con-inner\">\n\t\t<div class=\"elementor-element elementor-element-8094566 e-con-full e-flex e-con e-child\" data-id=\"8094566\" data-element_type=\"container\" data-e-type=\"container\">\n\t\t\t\t<div class=\"elementor-element elementor-element-f4950b6 elementor-widget elementor-widget-image\" data-id=\"f4950b6\" data-element_type=\"widget\" data-e-type=\"widget\" data-widget_type=\"image.default\">\n\t\t\t\t<div class=\"elementor-widget-container\">\n\t\t\t\t\t\t\t\t\t\t\t\t\t\t\t<img decoding=\"async\" src=\"https:\/\/svenskanu.fi\/laromaterial\/navigerainorden\/wp-content\/uploads\/elementor\/thumbs\/jenean-newcomb-GIhfywBwAUE-unsplash-scaled-qn4jazbtxtnm2j3ohtvobnjn8cnk4agpjokc32mvfk.jpg\" title=\"jenean-newcomb-GIhfywBwAUE-unsplash\" alt=\"jenean-newcomb-GIhfywBwAUE-unsplash\" loading=\"lazy\" \/>\t\t\t\t\t\t\t\t\t\t\t\t\t\t\t<\/div>\n\t\t\t\t<\/div>\n\t\t\t\t<\/div>\n\t\t<div class=\"elementor-element elementor-element-f67996b e-con-full e-flex e-con e-child\" data-id=\"f67996b\" data-element_type=\"container\" data-e-type=\"container\">\n\t\t\t\t<div class=\"elementor-element elementor-element-e3bf18e elementor-widget elementor-widget-text-editor\" data-id=\"e3bf18e\" data-element_type=\"widget\" data-e-type=\"widget\" data-widget_type=\"text-editor.default\">\n\t\t\t\t<div class=\"elementor-widget-container\">\n\t\t\t\t\t\t\t\t\t<p><span data-contrast=\"none\">De rider genom dalar t\u00e4ckta av mjuk mossa och genom lavaf\u00e4lt med stenar formade av vulkanisk aktivitet. De passerar en gejser som sprutar varmt vatten mot den kyliga luften och ser en flock vilda f\u00e5r som betar p\u00e5 en gr\u00e4sbevuxen \u00e4ng.<\/span><span data-ccp-props=\"{}\">\u00a0<\/span><\/p><p><span data-contrast=\"none\">Efter en l\u00e5ng dag \u00e5terv\u00e4nder de till g\u00e5rden, tr\u00f6tta men glada. Hannes tackar Stormur f\u00f6r en underbar tur. Att rida p\u00e5 Island \u00e4r en del av Hannes identitet och en of\u00f6rgl\u00f6mlig upplevelse.<\/span><span data-ccp-props=\"{}\">\u00a0<\/span><\/p>\t\t\t\t\t\t\t\t<\/div>\n\t\t\t\t<\/div>\n\t\t\t\t<\/div>\n\t\t\t\t\t<\/div>\n\t\t\t\t<\/div>\n\t\t<div class=\"elementor-element elementor-element-1351454 e-flex e-con-boxed e-con e-parent\" data-id=\"1351454\" data-element_type=\"container\" data-e-type=\"container\">\n\t\t\t\t\t<div class=\"e-con-inner\">\n\t\t\t\t<div class=\"elementor-element elementor-element-b440d01 elementor-widget-divider--view-line elementor-widget elementor-widget-divider\" data-id=\"b440d01\" data-element_type=\"widget\" data-e-type=\"widget\" data-widget_type=\"divider.default\">\n\t\t\t\t<div class=\"elementor-widget-container\">\n\t\t\t\t\t\t\t<div class=\"elementor-divider\">\n\t\t\t<span class=\"elementor-divider-separator\">\n\t\t\t\t\t\t<\/span>\n\t\t<\/div>\n\t\t\t\t\t\t<\/div>\n\t\t\t\t<\/div>\n\t\t\t\t\t<\/div>\n\t\t\t\t<\/div>\n\t\t<div class=\"elementor-element elementor-element-2661752 e-flex e-con-boxed e-con e-parent\" data-id=\"2661752\" data-element_type=\"container\" data-e-type=\"container\">\n\t\t\t\t\t<div class=\"e-con-inner\">\n\t\t\t\t<div class=\"elementor-element elementor-element-aeac586 elementor-widget elementor-widget-heading\" data-id=\"aeac586\" data-element_type=\"widget\" data-e-type=\"widget\" data-widget_type=\"heading.default\">\n\t\t\t\t<div class=\"elementor-widget-container\">\n\t\t\t\t\t<h3 class=\"elementor-heading-title elementor-size-default\">1. Fr\u00e5gor<\/h3>\t\t\t\t<\/div>\n\t\t\t\t<\/div>\n\t\t\t\t\t<\/div>\n\t\t\t\t<\/div>\n\t\t<div class=\"elementor-element elementor-element-97e2b04 e-flex e-con-boxed e-con e-parent\" data-id=\"97e2b04\" data-element_type=\"container\" data-e-type=\"container\">\n\t\t\t\t\t<div class=\"e-con-inner\">\n\t\t\t\t<div class=\"elementor-element elementor-element-783a022 elementor-widget elementor-widget-text-editor\" data-id=\"783a022\" data-element_type=\"widget\" data-e-type=\"widget\" data-widget_type=\"text-editor.default\">\n\t\t\t\t<div class=\"elementor-widget-container\">\n\t\t\t\t\t\t\t\t\t<ol><li>Vad \u00e4r det speciella med islandsh\u00e4star?<\/li><li>Vad ser Hannes och Sigrid p\u00e5 sin ridtur? \u00a0<\/li><li>Hur ser den isl\u00e4ndska naturen ut?\u00a0<\/li><\/ol>\t\t\t\t\t\t\t\t<\/div>\n\t\t\t\t<\/div>\n\t\t\t\t\t<\/div>\n\t\t\t\t<\/div>\n\t\t<div class=\"elementor-element elementor-element-4ab619b e-flex e-con-boxed e-con e-parent\" data-id=\"4ab619b\" data-element_type=\"container\" data-e-type=\"container\">\n\t\t\t\t\t<div class=\"e-con-inner\">\n\t\t\t\t<div class=\"elementor-element elementor-element-d38bc24 elementor-widget elementor-widget-spacer\" data-id=\"d38bc24\" data-element_type=\"widget\" data-e-type=\"widget\" data-widget_type=\"spacer.default\">\n\t\t\t\t<div class=\"elementor-widget-container\">\n\t\t\t\t\t\t\t<div class=\"elementor-spacer\">\n\t\t\t<div class=\"elementor-spacer-inner\"><\/div>\n\t\t<\/div>\n\t\t\t\t\t\t<\/div>\n\t\t\t\t<\/div>\n\t\t\t\t\t<\/div>\n\t\t\t\t<\/div>\n\t\t<div class=\"elementor-element elementor-element-84c5fc2 e-flex e-con-boxed e-con e-parent\" data-id=\"84c5fc2\" data-element_type=\"container\" data-e-type=\"container\">\n\t\t\t\t\t<div class=\"e-con-inner\">\n\t\t\t\t<div class=\"elementor-element elementor-element-c4e1c5a elementor-widget elementor-widget-heading\" data-id=\"c4e1c5a\" data-element_type=\"widget\" data-e-type=\"widget\" data-widget_type=\"heading.default\">\n\t\t\t\t<div class=\"elementor-widget-container\">\n\t\t\t\t\t<h3 class=\"elementor-heading-title elementor-size-default\">2. Verb\u00f6vning<\/h3>\t\t\t\t<\/div>\n\t\t\t\t<\/div>\n\t\t\t\t\t<\/div>\n\t\t\t\t<\/div>\n\t\t<div class=\"elementor-element elementor-element-995178b e-flex e-con-boxed e-con e-parent\" data-id=\"995178b\" data-element_type=\"container\" data-e-type=\"container\">\n\t\t\t\t\t<div class=\"e-con-inner\">\n\t\t\t\t<div class=\"elementor-element elementor-element-a7e74da elementor-widget elementor-widget-toggle\" data-id=\"a7e74da\" data-element_type=\"widget\" data-e-type=\"widget\" data-widget_type=\"toggle.default\">\n\t\t\t\t<div class=\"elementor-widget-container\">\n\t\t\t\t\t\t\t<div class=\"elementor-toggle\">\n\t\t\t\t\t\t\t<div class=\"elementor-toggle-item\">\n\t\t\t\t\t<div id=\"elementor-tab-title-1761\" class=\"elementor-tab-title\" data-tab=\"1\" role=\"button\" aria-controls=\"elementor-tab-content-1761\" aria-expanded=\"false\">\n\t\t\t\t\t\t\t\t\t\t\t\t<span class=\"elementor-toggle-icon elementor-toggle-icon-left\" aria-hidden=\"true\">\n\t\t\t\t\t\t\t\t\t\t\t\t\t\t\t<span class=\"elementor-toggle-icon-closed\"><svg class=\"e-font-icon-svg e-fas-caret-right\" viewBox=\"0 0 192 512\" xmlns=\"http:\/\/www.w3.org\/2000\/svg\"><path d=\"M0 384.662V127.338c0-17.818 21.543-26.741 34.142-14.142l128.662 128.662c7.81 7.81 7.81 20.474 0 28.284L34.142 398.804C21.543 411.404 0 402.48 0 384.662z\"><\/path><\/svg><\/span>\n\t\t\t\t\t\t\t\t<span class=\"elementor-toggle-icon-opened\"><svg class=\"elementor-toggle-icon-opened e-font-icon-svg e-fas-caret-up\" viewBox=\"0 0 320 512\" xmlns=\"http:\/\/www.w3.org\/2000\/svg\"><path d=\"M288.662 352H31.338c-17.818 0-26.741-21.543-14.142-34.142l128.662-128.662c7.81-7.81 20.474-7.81 28.284 0l128.662 128.662c12.6 12.599 3.676 34.142-14.142 34.142z\"><\/path><\/svg><\/span>\n\t\t\t\t\t\t\t\t\t\t\t\t\t<\/span>\n\t\t\t\t\t\t\t\t\t\t\t\t<a class=\"elementor-toggle-title\" tabindex=\"0\">Fyll i tabellen. Skriv sedan n\u00e5gra meningar d\u00e4r du anv\u00e4nder dig av verb som ing\u00e5r i tabellen.<\/a>\n\t\t\t\t\t<\/div>\n\n\t\t\t\t\t<div id=\"elementor-tab-content-1761\" class=\"elementor-tab-content elementor-clearfix\" data-tab=\"1\" role=\"region\" aria-labelledby=\"elementor-tab-title-1761\"><iframe src=\"https:\/\/learningapps.org\/watch?v=pbmap05ej24\" style=\"border:0px;width:100%;height:500px\" allowfullscreen=\"true\" webkitallowfullscreen=\"true\" mozallowfullscreen=\"true\"><\/iframe><\/div>\n\t\t\t\t<\/div>\n\t\t\t\t\t\t\t\t<\/div>\n\t\t\t\t\t\t<\/div>\n\t\t\t\t<\/div>\n\t\t\t\t\t<\/div>\n\t\t\t\t<\/div>\n\t\t<div class=\"elementor-element elementor-element-3299aa5 e-flex e-con-boxed e-con e-parent\" data-id=\"3299aa5\" data-element_type=\"container\" data-e-type=\"container\">\n\t\t\t\t\t<div class=\"e-con-inner\">\n\t\t\t\t<div class=\"elementor-element elementor-element-ff11105 elementor-widget elementor-widget-spacer\" data-id=\"ff11105\" data-element_type=\"widget\" data-e-type=\"widget\" data-widget_type=\"spacer.default\">\n\t\t\t\t<div class=\"elementor-widget-container\">\n\t\t\t\t\t\t\t<div class=\"elementor-spacer\">\n\t\t\t<div class=\"elementor-spacer-inner\"><\/div>\n\t\t<\/div>\n\t\t\t\t\t\t<\/div>\n\t\t\t\t<\/div>\n\t\t\t\t\t<\/div>\n\t\t\t\t<\/div>\n\t\t\t\t<\/div>\n\t\t","protected":false},"excerpt":{"rendered":"<p>Regn, handbollsstj\u00e4rnan fr\u00e5n Islands hj\u00e4rta Regn \u00e4r en 15-\u00e5ring som lever och andas handboll. Hen \u00e4r hemifr\u00e5n en liten by p\u00e5 Island.\u00a0\u00a0 Sedan barnsben har hen spelat med Nor\u00f0urlj\u00f3s (Northern Lights) och hens talang lyser lika starkt som polarskenet p\u00e5 vintern. Idag \u00e4r det dags f\u00f6r en avg\u00f6rande match i Reykjavik. En seger skulle skicka [&hellip;]<\/p>\n","protected":false},"author":2,"featured_media":0,"parent":0,"menu_order":0,"comment_status":"closed","ping_status":"closed","template":"elementor_header_footer","meta":{"footnotes":""},"class_list":["post-247","page","type-page","status-publish","hentry"],"_links":{"self":[{"href":"https:\/\/svenskanu.fi\/laromaterial\/navigerainorden\/wp-json\/wp\/v2\/pages\/247","targetHints":{"allow":["GET"]}}],"collection":[{"href":"https:\/\/svenskanu.fi\/laromaterial\/navigerainorden\/wp-json\/wp\/v2\/pages"}],"about":[{"href":"https:\/\/svenskanu.fi\/laromaterial\/navigerainorden\/wp-json\/wp\/v2\/types\/page"}],"author":[{"embeddable":true,"href":"https:\/\/svenskanu.fi\/laromaterial\/navigerainorden\/wp-json\/wp\/v2\/users\/2"}],"replies":[{"embeddable":true,"href":"https:\/\/svenskanu.fi\/laromaterial\/navigerainorden\/wp-json\/wp\/v2\/comments?post=247"}],"version-history":[{"count":61,"href":"https:\/\/svenskanu.fi\/laromaterial\/navigerainorden\/wp-json\/wp\/v2\/pages\/247\/revisions"}],"predecessor-version":[{"id":3147,"href":"https:\/\/svenskanu.fi\/laromaterial\/navigerainorden\/wp-json\/wp\/v2\/pages\/247\/revisions\/3147"}],"wp:attachment":[{"href":"https:\/\/svenskanu.fi\/laromaterial\/navigerainorden\/wp-json\/wp\/v2\/media?parent=247"}],"curies":[{"name":"wp","href":"https:\/\/api.w.org\/{rel}","templated":true}]}}