{"id":292,"date":"2024-04-23T13:05:44","date_gmt":"2024-04-23T10:05:44","guid":{"rendered":"https:\/\/svenskanu.fi\/laromaterial\/navigerainorden\/?page_id=292"},"modified":"2024-11-20T10:06:52","modified_gmt":"2024-11-20T08:06:52","slug":"fritidsaktiviteter-pa-faroarna","status":"publish","type":"page","link":"https:\/\/svenskanu.fi\/laromaterial\/navigerainorden\/fritidsaktiviteter-pa-faroarna\/","title":{"rendered":"Fritidsaktiviteter p\u00e5 F\u00e4r\u00f6arna"},"content":{"rendered":"\t\t<div data-elementor-type=\"wp-page\" data-elementor-id=\"292\" class=\"elementor elementor-292\" data-elementor-post-type=\"page\">\n\t\t\t\t<div class=\"elementor-element elementor-element-8a46f51 e-con-full e-flex e-con e-parent\" data-id=\"8a46f51\" data-element_type=\"container\" data-e-type=\"container\">\n\t\t\t\t<div class=\"elementor-element elementor-element-9515f8c elementor-widget elementor-widget-image\" data-id=\"9515f8c\" data-element_type=\"widget\" data-e-type=\"widget\" data-widget_type=\"image.default\">\n\t\t\t\t<div class=\"elementor-widget-container\">\n\t\t\t\t\t\t\t\t\t\t\t\t\t\t\t<img decoding=\"async\" src=\"https:\/\/svenskanu.fi\/laromaterial\/navigerainorden\/wp-content\/uploads\/elementor\/thumbs\/13_1-qn9ojqutf6rpmaboyey0hkaayoinrx20ehqn4coqdk.png\" title=\"13_1\" alt=\"13_1\" loading=\"lazy\" \/>\t\t\t\t\t\t\t\t\t\t\t\t\t\t\t<\/div>\n\t\t\t\t<\/div>\n\t\t\t\t<\/div>\n\t\t<div class=\"elementor-element elementor-element-50be333 e-flex e-con-boxed e-con e-parent\" data-id=\"50be333\" data-element_type=\"container\" data-e-type=\"container\">\n\t\t\t\t\t<div class=\"e-con-inner\">\n\t\t<div class=\"elementor-element elementor-element-afe3bb1 e-flex e-con-boxed e-con e-child\" data-id=\"afe3bb1\" data-element_type=\"container\" data-e-type=\"container\">\n\t\t\t\t\t<div class=\"e-con-inner\">\n\t\t\t\t<div class=\"elementor-element elementor-element-797f474 elementor-widget elementor-widget-spacer\" data-id=\"797f474\" data-element_type=\"widget\" data-e-type=\"widget\" data-widget_type=\"spacer.default\">\n\t\t\t\t<div class=\"elementor-widget-container\">\n\t\t\t\t\t\t\t<div class=\"elementor-spacer\">\n\t\t\t<div class=\"elementor-spacer-inner\"><\/div>\n\t\t<\/div>\n\t\t\t\t\t\t<\/div>\n\t\t\t\t<\/div>\n\t\t\t\t<div class=\"elementor-element elementor-element-a7d5b4e elementor-widget elementor-widget-heading\" data-id=\"a7d5b4e\" data-element_type=\"widget\" data-e-type=\"widget\" data-widget_type=\"heading.default\">\n\t\t\t\t<div class=\"elementor-widget-container\">\n\t\t\t\t\t<h2 class=\"elementor-heading-title elementor-size-default\">Fritidsaktiviteter p\u00e5 F\u00e4r\u00f6arna: Natur, kultur och gemenskap <\/h2>\t\t\t\t<\/div>\n\t\t\t\t<\/div>\n\t\t\t\t\t<\/div>\n\t\t\t\t<\/div>\n\t\t\t\t\t<\/div>\n\t\t\t\t<\/div>\n\t\t<div class=\"elementor-element elementor-element-3afad7c e-flex e-con-boxed e-con e-parent\" data-id=\"3afad7c\" data-element_type=\"container\" data-e-type=\"container\">\n\t\t\t\t\t<div class=\"e-con-inner\">\n\t\t\t\t<div class=\"elementor-element elementor-element-8d30321 elementor-widget elementor-widget-spacer\" data-id=\"8d30321\" data-element_type=\"widget\" data-e-type=\"widget\" data-widget_type=\"spacer.default\">\n\t\t\t\t<div class=\"elementor-widget-container\">\n\t\t\t\t\t\t\t<div class=\"elementor-spacer\">\n\t\t\t<div class=\"elementor-spacer-inner\"><\/div>\n\t\t<\/div>\n\t\t\t\t\t\t<\/div>\n\t\t\t\t<\/div>\n\t\t\t\t<div class=\"elementor-element elementor-element-3fce464 elementor-widget elementor-widget-text-editor\" data-id=\"3fce464\" data-element_type=\"widget\" data-e-type=\"widget\" data-widget_type=\"text-editor.default\">\n\t\t\t\t<div class=\"elementor-widget-container\">\n\t\t\t\t\t\t\t\t\t<p><span class=\"TextRun SCXW199459188 BCX0\" lang=\"FI\" xml:lang=\"FI\" data-contrast=\"none\"><span class=\"NormalTextRun SCXW199459188 BCX0\">F\u00e4r\u00f6arna \u00e4r en arkipelag i Nordatlanten. F\u00e4r\u00f6arna erbjuder en unik blandning av naturupplevelser, kultur och gemenskap. Ut\u00f6ver den magnifika naturen med branta klippor, vattenfall och gr\u00f6na dalar finns ett stort utbud av fritidsaktiviteter f\u00f6r alla smaker.<\/span><\/span><\/p>\t\t\t\t\t\t\t\t<\/div>\n\t\t\t\t<\/div>\n\t\t\t\t\t<\/div>\n\t\t\t\t<\/div>\n\t\t<div class=\"elementor-element elementor-element-6253e8f e-flex e-con-boxed e-con e-parent\" data-id=\"6253e8f\" data-element_type=\"container\" data-e-type=\"container\">\n\t\t\t\t\t<div class=\"e-con-inner\">\n\t\t<div class=\"elementor-element elementor-element-d287591 e-con-full e-flex e-con e-child\" data-id=\"d287591\" data-element_type=\"container\" data-e-type=\"container\">\n\t\t\t\t<div class=\"elementor-element elementor-element-d5ea8de elementor-widget elementor-widget-text-editor\" data-id=\"d5ea8de\" data-element_type=\"widget\" data-e-type=\"widget\" data-widget_type=\"text-editor.default\">\n\t\t\t\t<div class=\"elementor-widget-container\">\n\t\t\t\t\t\t\t\t\t<p><b><span data-contrast=\"none\">Aktiviteter f\u00f6r natur\u00e4lskare<\/span><\/b><\/p><ul><li data-leveltext=\"\u25cf\" data-font=\"Helvetica Neue\" data-listid=\"2\" data-list-defn-props=\"{&quot;335551500&quot;:2039583,&quot;335552541&quot;:1,&quot;335559685&quot;:720,&quot;335559991&quot;:360,&quot;469769226&quot;:&quot;Helvetica Neue&quot;,&quot;469769242&quot;:[8226],&quot;469777803&quot;:&quot;left&quot;,&quot;469777804&quot;:&quot;\u25cf&quot;,&quot;469777815&quot;:&quot;multilevel&quot;}\" aria-setsize=\"-1\" data-aria-posinset=\"1\" data-aria-level=\"1\"><span data-contrast=\"none\">Vandring: F\u00e4r\u00f6arna har ett v\u00e4lutbyggt n\u00e4t av vandringsleder f\u00f6r alla niv\u00e5er, fr\u00e5n enkla kustpromenader till utmanande bergsbestigningar.<\/span><span data-ccp-props=\"{&quot;335559738&quot;:120}\">\u00a0<\/span><\/li><li data-leveltext=\"\u25cf\" data-font=\"Helvetica Neue\" data-listid=\"2\" data-list-defn-props=\"{&quot;335551500&quot;:2039583,&quot;335552541&quot;:1,&quot;335559685&quot;:720,&quot;335559991&quot;:360,&quot;469769226&quot;:&quot;Helvetica Neue&quot;,&quot;469769242&quot;:[8226],&quot;469777803&quot;:&quot;left&quot;,&quot;469777804&quot;:&quot;\u25cf&quot;,&quot;469777815&quot;:&quot;multilevel&quot;}\" aria-setsize=\"-1\" data-aria-posinset=\"2\" data-aria-level=\"1\"><span data-contrast=\"none\">F\u00e5gelsk\u00e5dning: \u00d6ver 200 f\u00e5gelarter (till exempel lunnef\u00e5glar) som kan observeras i sin naturliga milj\u00f6.<\/span><span data-ccp-props=\"{}\">\u00a0<\/span><\/li><li data-leveltext=\"\u25cf\" data-font=\"Helvetica Neue\" data-listid=\"2\" data-list-defn-props=\"{&quot;335551500&quot;:2039583,&quot;335552541&quot;:1,&quot;335559685&quot;:720,&quot;335559991&quot;:360,&quot;469769226&quot;:&quot;Helvetica Neue&quot;,&quot;469769242&quot;:[8226],&quot;469777803&quot;:&quot;left&quot;,&quot;469777804&quot;:&quot;\u25cf&quot;,&quot;469777815&quot;:&quot;multilevel&quot;}\" aria-setsize=\"-1\" data-aria-posinset=\"3\" data-aria-level=\"1\"><span data-contrast=\"none\">Valsk\u00e5dning: B\u00e5tturer ger m\u00f6jlighet att se kn\u00f6lvalar, vikvalar och delfiner p\u00e5 n\u00e4ra h\u00e5ll.<\/span><span data-ccp-props=\"{}\">\u00a0<\/span><\/li><li data-leveltext=\"\u25cf\" data-font=\"Helvetica Neue\" data-listid=\"2\" data-list-defn-props=\"{&quot;335551500&quot;:2039583,&quot;335552541&quot;:1,&quot;335559685&quot;:720,&quot;335559991&quot;:360,&quot;469769226&quot;:&quot;Helvetica Neue&quot;,&quot;469769242&quot;:[8226],&quot;469777803&quot;:&quot;left&quot;,&quot;469777804&quot;:&quot;\u25cf&quot;,&quot;469777815&quot;:&quot;multilevel&quot;}\" aria-setsize=\"-1\" data-aria-posinset=\"4\" data-aria-level=\"1\"><span data-contrast=\"none\">B\u00e5tturer: Uppt\u00e4ck grottor, vikar och pittoreska byar fr\u00e5n havets perspektiv.<\/span><span data-ccp-props=\"{}\">\u00a0<\/span><\/li><li data-leveltext=\"\u25cf\" data-font=\"Helvetica Neue\" data-listid=\"2\" data-list-defn-props=\"{&quot;335551500&quot;:2039583,&quot;335552541&quot;:1,&quot;335559685&quot;:720,&quot;335559991&quot;:360,&quot;469769226&quot;:&quot;Helvetica Neue&quot;,&quot;469769242&quot;:[8226],&quot;469777803&quot;:&quot;left&quot;,&quot;469777804&quot;:&quot;\u25cf&quot;,&quot;469777815&quot;:&quot;multilevel&quot;}\" aria-setsize=\"-1\" data-aria-posinset=\"5\" data-aria-level=\"1\"><span data-contrast=\"none\">Fiske: Hyr en b\u00e5t eller anlita en fiskeguide och f\u00e5nga lax, \u00f6ring, torsk och andra fiskarter.<\/span><span data-ccp-props=\"{}\">\u00a0<\/span><\/li><li data-leveltext=\"\u25cf\" data-font=\"Helvetica Neue\" data-listid=\"2\" data-list-defn-props=\"{&quot;335551500&quot;:2039583,&quot;335552541&quot;:1,&quot;335559685&quot;:720,&quot;335559991&quot;:360,&quot;469769226&quot;:&quot;Helvetica Neue&quot;,&quot;469769242&quot;:[8226],&quot;469777803&quot;:&quot;left&quot;,&quot;469777804&quot;:&quot;\u25cf&quot;,&quot;469777815&quot;:&quot;multilevel&quot;}\" aria-setsize=\"-1\" data-aria-posinset=\"6\" data-aria-level=\"1\"><span data-contrast=\"none\">Cykling: Utforska \u00f6arna p\u00e5 cykelv\u00e4gar och njut av den vackra landsbygden.<\/span><span data-ccp-props=\"{&quot;335559739&quot;:120}\">\u00a0<\/span><\/li><\/ul>\t\t\t\t\t\t\t\t<\/div>\n\t\t\t\t<\/div>\n\t\t\t\t<\/div>\n\t\t<div class=\"elementor-element elementor-element-2ad1a73 e-con-full e-flex e-con e-child\" data-id=\"2ad1a73\" data-element_type=\"container\" data-e-type=\"container\">\n\t\t\t\t<div class=\"elementor-element elementor-element-b635e19 elementor-widget elementor-widget-spacer\" data-id=\"b635e19\" data-element_type=\"widget\" data-e-type=\"widget\" data-widget_type=\"spacer.default\">\n\t\t\t\t<div class=\"elementor-widget-container\">\n\t\t\t\t\t\t\t<div class=\"elementor-spacer\">\n\t\t\t<div class=\"elementor-spacer-inner\"><\/div>\n\t\t<\/div>\n\t\t\t\t\t\t<\/div>\n\t\t\t\t<\/div>\n\t\t\t\t<div class=\"elementor-element elementor-element-82edfd2 elementor-widget elementor-widget-image\" data-id=\"82edfd2\" data-element_type=\"widget\" data-e-type=\"widget\" data-widget_type=\"image.default\">\n\t\t\t\t<div class=\"elementor-widget-container\">\n\t\t\t\t\t\t\t\t\t\t\t\t\t\t\t<img decoding=\"async\" src=\"https:\/\/svenskanu.fi\/laromaterial\/navigerainorden\/wp-content\/uploads\/elementor\/thumbs\/jessica-pamp-oQh-oVVqIeQ-unsplash-scaled-qn4mn27il6h0hrp9thf0nsttiktkenpzvx5vws5tiw.jpg\" title=\"jessica-pamp-oQh-oVVqIeQ-unsplash\" alt=\"jessica-pamp-oQh-oVVqIeQ-unsplash\" loading=\"lazy\" \/>\t\t\t\t\t\t\t\t\t\t\t\t\t\t\t<\/div>\n\t\t\t\t<\/div>\n\t\t\t\t<\/div>\n\t\t\t\t\t<\/div>\n\t\t\t\t<\/div>\n\t\t<div class=\"elementor-element elementor-element-ca2d9b4 e-flex e-con-boxed e-con e-parent\" data-id=\"ca2d9b4\" data-element_type=\"container\" data-e-type=\"container\">\n\t\t\t\t\t<div class=\"e-con-inner\">\n\t\t<div class=\"elementor-element elementor-element-5ebff73 e-con-full e-flex e-con e-child\" data-id=\"5ebff73\" data-element_type=\"container\" data-e-type=\"container\">\n\t\t\t\t<div class=\"elementor-element elementor-element-c8b2ad5 elementor-widget elementor-widget-image\" data-id=\"c8b2ad5\" data-element_type=\"widget\" data-e-type=\"widget\" data-widget_type=\"image.default\">\n\t\t\t\t<div class=\"elementor-widget-container\">\n\t\t\t\t\t\t\t\t\t\t\t\t\t\t\t<img decoding=\"async\" src=\"https:\/\/svenskanu.fi\/laromaterial\/navigerainorden\/wp-content\/uploads\/elementor\/thumbs\/freysteinn-g-jonsson-9-6onr9FV68-unsplash-scaled-qn4n49n5p00z0spicf65syikzi0gb713x32v64ndmg.jpg\" title=\"freysteinn-g-jonsson-9-6onr9FV68-unsplash\" alt=\"freysteinn-g-jonsson-9-6onr9FV68-unsplash\" loading=\"lazy\" \/>\t\t\t\t\t\t\t\t\t\t\t\t\t\t\t<\/div>\n\t\t\t\t<\/div>\n\t\t\t\t<\/div>\n\t\t<div class=\"elementor-element elementor-element-32d3794 e-con-full e-flex e-con e-child\" data-id=\"32d3794\" data-element_type=\"container\" data-e-type=\"container\">\n\t\t\t\t<div class=\"elementor-element elementor-element-3571511 elementor-widget elementor-widget-text-editor\" data-id=\"3571511\" data-element_type=\"widget\" data-e-type=\"widget\" data-widget_type=\"text-editor.default\">\n\t\t\t\t<div class=\"elementor-widget-container\">\n\t\t\t\t\t\t\t\t\t<p><b><span data-contrast=\"none\">Kulturella upplevelser<\/span><\/b><\/p><ul><li data-leveltext=\"\u25cf\" data-font=\"Helvetica Neue\" data-listid=\"1\" data-list-defn-props=\"{&quot;335551500&quot;:2039583,&quot;335552541&quot;:1,&quot;335559685&quot;:720,&quot;335559991&quot;:360,&quot;469769226&quot;:&quot;Helvetica Neue&quot;,&quot;469769242&quot;:[8226],&quot;469777803&quot;:&quot;left&quot;,&quot;469777804&quot;:&quot;\u25cf&quot;,&quot;469777815&quot;:&quot;multilevel&quot;}\" aria-setsize=\"-1\" data-aria-posinset=\"7\" data-aria-level=\"1\"><span data-contrast=\"none\">Hantverk: Uppt\u00e4ck lokala hantverksbutiker och k\u00f6p unika souvenirer som stickade tr\u00f6jor, smycken och keramik.<\/span><span data-ccp-props=\"{&quot;335559738&quot;:120}\">\u00a0<\/span><\/li><li data-leveltext=\"\u25cf\" data-font=\"Helvetica Neue\" data-listid=\"1\" data-list-defn-props=\"{&quot;335551500&quot;:2039583,&quot;335552541&quot;:1,&quot;335559685&quot;:720,&quot;335559991&quot;:360,&quot;469769226&quot;:&quot;Helvetica Neue&quot;,&quot;469769242&quot;:[8226],&quot;469777803&quot;:&quot;left&quot;,&quot;469777804&quot;:&quot;\u25cf&quot;,&quot;469777815&quot;:&quot;multilevel&quot;}\" aria-setsize=\"-1\" data-aria-posinset=\"8\" data-aria-level=\"1\"><span data-contrast=\"none\">Museer: L\u00e4r dig mer om F\u00e4r\u00f6arnas historia och kultur p\u00e5 intressanta museer.<\/span><span data-ccp-props=\"{}\">\u00a0<\/span><\/li><li data-leveltext=\"\u25cf\" data-font=\"Helvetica Neue\" data-listid=\"1\" data-list-defn-props=\"{&quot;335551500&quot;:2039583,&quot;335552541&quot;:1,&quot;335559685&quot;:720,&quot;335559991&quot;:360,&quot;469769226&quot;:&quot;Helvetica Neue&quot;,&quot;469769242&quot;:[8226],&quot;469777803&quot;:&quot;left&quot;,&quot;469777804&quot;:&quot;\u25cf&quot;,&quot;469777815&quot;:&quot;multilevel&quot;}\" aria-setsize=\"-1\" data-aria-posinset=\"9\" data-aria-level=\"1\"><span data-contrast=\"none\">Musik: Upplev traditionell f\u00e4r\u00f6isk musik p\u00e5 konserter och evenemang.<\/span><span data-ccp-props=\"{}\">\u00a0<\/span><\/li><li data-leveltext=\"\u25cf\" data-font=\"Helvetica Neue\" data-listid=\"1\" data-list-defn-props=\"{&quot;335551500&quot;:2039583,&quot;335552541&quot;:1,&quot;335559685&quot;:720,&quot;335559991&quot;:360,&quot;469769226&quot;:&quot;Helvetica Neue&quot;,&quot;469769242&quot;:[8226],&quot;469777803&quot;:&quot;left&quot;,&quot;469777804&quot;:&quot;\u25cf&quot;,&quot;469777815&quot;:&quot;multilevel&quot;}\" aria-setsize=\"-1\" data-aria-posinset=\"10\" data-aria-level=\"1\"><span data-contrast=\"none\">Festivaler: Delta i f\u00e4rgstarka festivaler som \u00d3lavs\u00f8ka och J\u00f3ans\u00f8ka.<\/span><span data-ccp-props=\"{&quot;335559739&quot;:120}\">\u00a0<\/span><\/li><\/ul>\t\t\t\t\t\t\t\t<\/div>\n\t\t\t\t<\/div>\n\t\t\t\t<\/div>\n\t\t\t\t\t<\/div>\n\t\t\t\t<\/div>\n\t\t<div class=\"elementor-element elementor-element-911ec09 e-flex e-con-boxed e-con e-parent\" data-id=\"911ec09\" data-element_type=\"container\" data-e-type=\"container\">\n\t\t\t\t\t<div class=\"e-con-inner\">\n\t\t\t\t<div class=\"elementor-element elementor-element-1f22077 elementor-widget elementor-widget-text-editor\" data-id=\"1f22077\" data-element_type=\"widget\" data-e-type=\"widget\" data-widget_type=\"text-editor.default\">\n\t\t\t\t<div class=\"elementor-widget-container\">\n\t\t\t\t\t\t\t\t\t<p><b><span data-contrast=\"none\">Folkdans<\/span><\/b><\/p><p><span data-contrast=\"none\">Kvaddans \u00e4r F\u00e4r\u00f6arnas unika folkdans. Den \u00e4r en viktig del av den f\u00e4r\u00f6iska kulturen och identiteten. Den dansas till gemensam s\u00e5ng utan ackompanjemang, med s\u00e5nger kallade Kvad eller medeltida ballader. En f\u00f6rs\u00e5ngare leder s\u00e5ng och dans, och de \u00f6vriga deltagarna st\u00e4mmer in i omkv\u00e4det.<\/span><span data-ccp-props=\"{}\">\u00a0<\/span><\/p><p><span data-contrast=\"none\">Kvaddansens dansstil \u00e4r enkel och repetitiv, med en b\u00f6ljande r\u00f6relse i en ring. Dansarna r\u00f6r sig i sidled med sm\u00e5 steg, med armarna h\u00f6jda och handflatorna v\u00e4nda mot varandra. R\u00f6relserna \u00e4r graci\u00f6sa och eleganta, och fokus ligger p\u00e5 rytmen och samh\u00f6righeten i gruppen.<\/span><span data-ccp-props=\"{}\">\u00a0<\/span><\/p><p><span data-contrast=\"none\">Att delta i Kvaddans \u00e4r ett utm\u00e4rkt s\u00e4tt att l\u00e4ra sig mer om f\u00e4r\u00f6isk kultur och historia.<\/span><\/p>\t\t\t\t\t\t\t\t<\/div>\n\t\t\t\t<\/div>\n\t\t\t\t\t<\/div>\n\t\t\t\t<\/div>\n\t\t<div class=\"elementor-element elementor-element-9646a43 e-flex e-con-boxed e-con e-parent\" data-id=\"9646a43\" data-element_type=\"container\" data-e-type=\"container\">\n\t\t\t\t\t<div class=\"e-con-inner\">\n\t\t\t\t<div class=\"elementor-element elementor-element-832db58 elementor-widget elementor-widget-text-editor\" data-id=\"832db58\" data-element_type=\"widget\" data-e-type=\"widget\" data-widget_type=\"text-editor.default\">\n\t\t\t\t<div class=\"elementor-widget-container\">\n\t\t\t\t\t\t\t\t\t<p><b><span data-contrast=\"none\">F\u00e4r\u00f6arna erbjuder en unik kombination av fritidsaktiviteter och kultur. Oavsett om du \u00e4r natur\u00e4lskare,\u00a0 kulturintresserad eller bara vill ha en trevlig semester, har F\u00e4r\u00f6arna n\u00e5got f\u00f6r dig.<\/span><\/b><span data-ccp-props=\"{}\">\u00a0<\/span><\/p>\t\t\t\t\t\t\t\t<\/div>\n\t\t\t\t<\/div>\n\t\t\t\t\t<\/div>\n\t\t\t\t<\/div>\n\t\t<div class=\"elementor-element elementor-element-908f7d4 e-flex e-con-boxed e-con e-parent\" data-id=\"908f7d4\" data-element_type=\"container\" data-e-type=\"container\">\n\t\t\t\t\t<div class=\"e-con-inner\">\n\t\t\t\t<div class=\"elementor-element elementor-element-d17cfa9 elementor-widget-divider--view-line elementor-widget elementor-widget-divider\" data-id=\"d17cfa9\" data-element_type=\"widget\" data-e-type=\"widget\" data-widget_type=\"divider.default\">\n\t\t\t\t<div class=\"elementor-widget-container\">\n\t\t\t\t\t\t\t<div class=\"elementor-divider\">\n\t\t\t<span class=\"elementor-divider-separator\">\n\t\t\t\t\t\t<\/span>\n\t\t<\/div>\n\t\t\t\t\t\t<\/div>\n\t\t\t\t<\/div>\n\t\t\t\t\t<\/div>\n\t\t\t\t<\/div>\n\t\t<div class=\"elementor-element elementor-element-8a82df3 e-flex e-con-boxed e-con e-parent\" data-id=\"8a82df3\" data-element_type=\"container\" data-e-type=\"container\">\n\t\t\t\t\t<div class=\"e-con-inner\">\n\t\t\t\t<div class=\"elementor-element elementor-element-708aeb3 elementor-widget elementor-widget-heading\" data-id=\"708aeb3\" data-element_type=\"widget\" data-e-type=\"widget\" data-widget_type=\"heading.default\">\n\t\t\t\t<div class=\"elementor-widget-container\">\n\t\t\t\t\t<h3 class=\"elementor-heading-title elementor-size-default\">1. R\u00e4tt eller fel? <\/h3>\t\t\t\t<\/div>\n\t\t\t\t<\/div>\n\t\t\t\t<div class=\"elementor-element elementor-element-b881afa elementor-widget elementor-widget-text-editor\" data-id=\"b881afa\" data-element_type=\"widget\" data-e-type=\"widget\" data-widget_type=\"text-editor.default\">\n\t\t\t\t<div class=\"elementor-widget-container\">\n\t\t\t\t\t\t\t\t\t<p>Korrigera genom att trycka p\u00e5 den bl\u00e5a knappen i h\u00f6gra h\u00f6rnet.<\/p>\t\t\t\t\t\t\t\t<\/div>\n\t\t\t\t<\/div>\n\t\t\t\t\t<\/div>\n\t\t\t\t<\/div>\n\t\t<div class=\"elementor-element elementor-element-d1820b6 e-flex e-con-boxed e-con e-parent\" data-id=\"d1820b6\" data-element_type=\"container\" data-e-type=\"container\">\n\t\t\t\t\t<div class=\"e-con-inner\">\n\t\t\t\t<div class=\"elementor-element elementor-element-43fd714 elementor-widget elementor-widget-html\" data-id=\"43fd714\" data-element_type=\"widget\" data-e-type=\"widget\" data-widget_type=\"html.default\">\n\t\t\t\t<div class=\"elementor-widget-container\">\n\t\t\t\t\t<iframe src=\"https:\/\/learningapps.org\/watch?v=p4wo2g82a24\" style=\"border:0px;width:100%;height:550px\" allowfullscreen=\"true\" webkitallowfullscreen=\"true\" mozallowfullscreen=\"true\"><\/iframe>\t\t\t\t<\/div>\n\t\t\t\t<\/div>\n\t\t\t\t\t<\/div>\n\t\t\t\t<\/div>\n\t\t<div class=\"elementor-element elementor-element-516a813 e-flex e-con-boxed e-con e-parent\" data-id=\"516a813\" data-element_type=\"container\" data-e-type=\"container\">\n\t\t\t\t\t<div class=\"e-con-inner\">\n\t\t\t\t<div class=\"elementor-element elementor-element-b60e064 elementor-widget elementor-widget-heading\" data-id=\"b60e064\" data-element_type=\"widget\" data-e-type=\"widget\" data-widget_type=\"heading.default\">\n\t\t\t\t<div class=\"elementor-widget-container\">\n\t\t\t\t\t<h3 class=\"elementor-heading-title elementor-size-default\">Verb\u00f6vning<\/h3>\t\t\t\t<\/div>\n\t\t\t\t<\/div>\n\t\t\t\t\t<\/div>\n\t\t\t\t<\/div>\n\t\t<div class=\"elementor-element elementor-element-373e5e8 e-flex e-con-boxed e-con e-parent\" data-id=\"373e5e8\" data-element_type=\"container\" data-e-type=\"container\">\n\t\t\t\t\t<div class=\"e-con-inner\">\n\t\t\t\t<div class=\"elementor-element elementor-element-5994961 elementor-widget elementor-widget-toggle\" data-id=\"5994961\" data-element_type=\"widget\" data-e-type=\"widget\" data-widget_type=\"toggle.default\">\n\t\t\t\t<div class=\"elementor-widget-container\">\n\t\t\t\t\t\t\t<div class=\"elementor-toggle\">\n\t\t\t\t\t\t\t<div class=\"elementor-toggle-item\">\n\t\t\t\t\t<div id=\"elementor-tab-title-9391\" class=\"elementor-tab-title\" data-tab=\"1\" role=\"button\" aria-controls=\"elementor-tab-content-9391\" aria-expanded=\"false\">\n\t\t\t\t\t\t\t\t\t\t\t\t<span class=\"elementor-toggle-icon elementor-toggle-icon-left\" aria-hidden=\"true\">\n\t\t\t\t\t\t\t\t\t\t\t\t\t\t\t<span class=\"elementor-toggle-icon-closed\"><svg class=\"e-font-icon-svg e-fas-caret-right\" viewBox=\"0 0 192 512\" xmlns=\"http:\/\/www.w3.org\/2000\/svg\"><path d=\"M0 384.662V127.338c0-17.818 21.543-26.741 34.142-14.142l128.662 128.662c7.81 7.81 7.81 20.474 0 28.284L34.142 398.804C21.543 411.404 0 402.48 0 384.662z\"><\/path><\/svg><\/span>\n\t\t\t\t\t\t\t\t<span class=\"elementor-toggle-icon-opened\"><svg class=\"elementor-toggle-icon-opened e-font-icon-svg e-fas-caret-up\" viewBox=\"0 0 320 512\" xmlns=\"http:\/\/www.w3.org\/2000\/svg\"><path d=\"M288.662 352H31.338c-17.818 0-26.741-21.543-14.142-34.142l128.662-128.662c7.81-7.81 20.474-7.81 28.284 0l128.662 128.662c12.6 12.599 3.676 34.142-14.142 34.142z\"><\/path><\/svg><\/span>\n\t\t\t\t\t\t\t\t\t\t\t\t\t<\/span>\n\t\t\t\t\t\t\t\t\t\t\t\t<a class=\"elementor-toggle-title\" tabindex=\"0\">Fyll i tabellen<\/a>\n\t\t\t\t\t<\/div>\n\n\t\t\t\t\t<div id=\"elementor-tab-content-9391\" class=\"elementor-tab-content elementor-clearfix\" data-tab=\"1\" role=\"region\" aria-labelledby=\"elementor-tab-title-9391\"><iframe src=\"https:\/\/learningapps.org\/watch?v=poz1qc52324\" style=\"border:0px;width:100%;height:500px\" allowfullscreen=\"true\" webkitallowfullscreen=\"true\" mozallowfullscreen=\"true\"><\/iframe><\/div>\n\t\t\t\t<\/div>\n\t\t\t\t\t\t\t\t<\/div>\n\t\t\t\t\t\t<\/div>\n\t\t\t\t<\/div>\n\t\t\t\t\t<\/div>\n\t\t\t\t<\/div>\n\t\t<div class=\"elementor-element elementor-element-e3b1ba7 e-flex e-con-boxed e-con e-parent\" data-id=\"e3b1ba7\" data-element_type=\"container\" data-e-type=\"container\">\n\t\t\t\t\t<div class=\"e-con-inner\">\n\t\t\t\t<div class=\"elementor-element elementor-element-1910cad elementor-widget elementor-widget-spacer\" data-id=\"1910cad\" data-element_type=\"widget\" data-e-type=\"widget\" data-widget_type=\"spacer.default\">\n\t\t\t\t<div class=\"elementor-widget-container\">\n\t\t\t\t\t\t\t<div class=\"elementor-spacer\">\n\t\t\t<div class=\"elementor-spacer-inner\"><\/div>\n\t\t<\/div>\n\t\t\t\t\t\t<\/div>\n\t\t\t\t<\/div>\n\t\t\t\t\t<\/div>\n\t\t\t\t<\/div>\n\t\t\t\t<\/div>\n\t\t","protected":false},"excerpt":{"rendered":"<p>Fritidsaktiviteter p\u00e5 F\u00e4r\u00f6arna: Natur, kultur och gemenskap F\u00e4r\u00f6arna \u00e4r en arkipelag i Nordatlanten. F\u00e4r\u00f6arna erbjuder en unik blandning av naturupplevelser, kultur och gemenskap. Ut\u00f6ver den magnifika naturen med branta klippor, vattenfall och gr\u00f6na dalar finns ett stort utbud av fritidsaktiviteter f\u00f6r alla smaker. Aktiviteter f\u00f6r natur\u00e4lskare Vandring: F\u00e4r\u00f6arna har ett v\u00e4lutbyggt n\u00e4t av vandringsleder f\u00f6r [&hellip;]<\/p>\n","protected":false},"author":2,"featured_media":0,"parent":0,"menu_order":0,"comment_status":"closed","ping_status":"closed","template":"elementor_header_footer","meta":{"footnotes":""},"class_list":["post-292","page","type-page","status-publish","hentry"],"_links":{"self":[{"href":"https:\/\/svenskanu.fi\/laromaterial\/navigerainorden\/wp-json\/wp\/v2\/pages\/292","targetHints":{"allow":["GET"]}}],"collection":[{"href":"https:\/\/svenskanu.fi\/laromaterial\/navigerainorden\/wp-json\/wp\/v2\/pages"}],"about":[{"href":"https:\/\/svenskanu.fi\/laromaterial\/navigerainorden\/wp-json\/wp\/v2\/types\/page"}],"author":[{"embeddable":true,"href":"https:\/\/svenskanu.fi\/laromaterial\/navigerainorden\/wp-json\/wp\/v2\/users\/2"}],"replies":[{"embeddable":true,"href":"https:\/\/svenskanu.fi\/laromaterial\/navigerainorden\/wp-json\/wp\/v2\/comments?post=292"}],"version-history":[{"count":53,"href":"https:\/\/svenskanu.fi\/laromaterial\/navigerainorden\/wp-json\/wp\/v2\/pages\/292\/revisions"}],"predecessor-version":[{"id":3138,"href":"https:\/\/svenskanu.fi\/laromaterial\/navigerainorden\/wp-json\/wp\/v2\/pages\/292\/revisions\/3138"}],"wp:attachment":[{"href":"https:\/\/svenskanu.fi\/laromaterial\/navigerainorden\/wp-json\/wp\/v2\/media?parent=292"}],"curies":[{"name":"wp","href":"https:\/\/api.w.org\/{rel}","templated":true}]}}