{"id":497,"date":"2024-04-25T10:01:30","date_gmt":"2024-04-25T07:01:30","guid":{"rendered":"https:\/\/svenskanu.fi\/laromaterial\/navigerainorden\/?page_id=497"},"modified":"2024-11-20T10:14:19","modified_gmt":"2024-11-20T08:14:19","slug":"ragnar-kjartasson","status":"publish","type":"page","link":"https:\/\/svenskanu.fi\/laromaterial\/navigerainorden\/ragnar-kjartasson\/","title":{"rendered":"Ragnar Kjartasson"},"content":{"rendered":"\t\t<div data-elementor-type=\"wp-page\" data-elementor-id=\"497\" class=\"elementor elementor-497\" data-elementor-post-type=\"page\">\n\t\t\t\t<div class=\"elementor-element elementor-element-4c6eedc e-con-full e-flex e-con e-parent\" data-id=\"4c6eedc\" data-element_type=\"container\" data-e-type=\"container\">\n\t\t\t\t<div class=\"elementor-element elementor-element-3fd5bab elementor-widget elementor-widget-image\" data-id=\"3fd5bab\" data-element_type=\"widget\" data-e-type=\"widget\" data-widget_type=\"image.default\">\n\t\t\t\t<div class=\"elementor-widget-container\">\n\t\t\t\t\t\t\t\t\t\t\t\t\t\t\t<img decoding=\"async\" src=\"https:\/\/svenskanu.fi\/laromaterial\/navigerainorden\/wp-content\/uploads\/elementor\/thumbs\/2_42-qn9l7tm3h4lqdaiq82sjvbq6jxlsq3yuwxdhwghy88.png\" title=\"2_42\" alt=\"2_42\" loading=\"lazy\" \/>\t\t\t\t\t\t\t\t\t\t\t\t\t\t\t<\/div>\n\t\t\t\t<\/div>\n\t\t\t\t<div class=\"elementor-element elementor-element-54664d3 elementor-widget elementor-widget-spacer\" data-id=\"54664d3\" data-element_type=\"widget\" data-e-type=\"widget\" data-widget_type=\"spacer.default\">\n\t\t\t\t<div class=\"elementor-widget-container\">\n\t\t\t\t\t\t\t<div class=\"elementor-spacer\">\n\t\t\t<div class=\"elementor-spacer-inner\"><\/div>\n\t\t<\/div>\n\t\t\t\t\t\t<\/div>\n\t\t\t\t<\/div>\n\t\t\t\t<\/div>\n\t\t<div class=\"elementor-element elementor-element-26b8ac6 e-flex e-con-boxed e-con e-parent\" data-id=\"26b8ac6\" data-element_type=\"container\" data-e-type=\"container\">\n\t\t\t\t\t<div class=\"e-con-inner\">\n\t\t\t\t<div class=\"elementor-element elementor-element-08bdf38 elementor-widget elementor-widget-heading\" data-id=\"08bdf38\" data-element_type=\"widget\" data-e-type=\"widget\" data-widget_type=\"heading.default\">\n\t\t\t\t<div class=\"elementor-widget-container\">\n\t\t\t\t\t<h2 class=\"elementor-heading-title elementor-size-default\">Ragnar Kjartasson <\/h2>\t\t\t\t<\/div>\n\t\t\t\t<\/div>\n\t\t\t\t\t<\/div>\n\t\t\t\t<\/div>\n\t\t<div class=\"elementor-element elementor-element-7310a3b e-flex e-con-boxed e-con e-parent\" data-id=\"7310a3b\" data-element_type=\"container\" data-e-type=\"container\">\n\t\t\t\t\t<div class=\"e-con-inner\">\n\t\t<div class=\"elementor-element elementor-element-3f01f97 e-con-full e-flex e-con e-child\" data-id=\"3f01f97\" data-element_type=\"container\" data-e-type=\"container\">\n\t\t\t\t<div class=\"elementor-element elementor-element-5541594 elementor-widget elementor-widget-text-editor\" data-id=\"5541594\" data-element_type=\"widget\" data-e-type=\"widget\" data-widget_type=\"text-editor.default\">\n\t\t\t\t<div class=\"elementor-widget-container\">\n\t\t\t\t\t\t\t\t\t<p><span class=\"TextRun SCXW81092532 BCX0\" lang=\"SV-FI\" xml:lang=\"SV-FI\" data-contrast=\"auto\"><span class=\"NormalTextRun SCXW81092532 BCX0\">Isl\u00e4nningen Ragnar <\/span><span class=\"NormalTextRun SpellingErrorV2Themed SCXW81092532 BCX0\">Kjartansson (<span class=\"TextRun SCXW244054283 BCX0\" lang=\"SV-FI\" xml:lang=\"SV-FI\" data-contrast=\"auto\"><span class=\"NormalTextRun SCXW244054283 BCX0\">f\u00f6dd 1976 i Reykjavik, Island)<\/span><\/span> <\/span><span class=\"NormalTextRun SCXW81092532 BCX0\">\u00a0\u00e4r en av landets mest betydande nutidskonstn\u00e4rer<\/span><span class=\"NormalTextRun SCXW81092532 BCX0\">. Hans <\/span><span class=\"NormalTextRun SCXW81092532 BCX0\">inspirationsk\u00e4lla \u00e4r den isl\u00e4ndska naturen och kulturen.<\/span><\/span><span class=\"EOP SCXW81092532 BCX0\" data-ccp-props=\"{}\">\u00a0<\/span><\/p>\t\t\t\t\t\t\t\t<\/div>\n\t\t\t\t<\/div>\n\t\t\t\t<div class=\"elementor-element elementor-element-f149d37 elementor-widget elementor-widget-text-editor\" data-id=\"f149d37\" data-element_type=\"widget\" data-e-type=\"widget\" data-widget_type=\"text-editor.default\">\n\t\t\t\t<div class=\"elementor-widget-container\">\n\t\t\t\t\t\t\t\t\t<p style=\"text-align: left;\"><span data-contrast=\"auto\">Centrala teman f\u00f6r Ragnar Kjartanssons konst \u00e4r den nordiska identiteten, melankoli och pop-kultur. Kjartansson har utexaminerats fr\u00e5n Islands konstakademi och han har studerat vid Kungliga Akademin i Stockholm. Han \u00e4r ocks\u00e5 k\u00e4nd som medlem i det isl\u00e4ndska rockbandet Trabant.<\/span><span data-ccp-props=\"{&quot;134233117&quot;:false,&quot;134233118&quot;:true,&quot;201341983&quot;:0,&quot;335557856&quot;:16777215,&quot;335559738&quot;:0,&quot;335559740&quot;:240}\">\u00a0<\/span><\/p><p style=\"text-align: left;\"><span data-contrast=\"auto\">Till hans senaste utst\u00e4llningar h\u00f6r: The Metropolitan Museum of Art (New York), i8 Gallery (Reykjavik), Faurschou Foundation (Beijing), Barbican (London), Art Institute of Chicago, Museum of Contemporary Art (Detroit), Mus\u00e9e d\u2019art contemporain de Montr\u00e9al och Palais de Tokyo (Paris). \u00c5r 2009 representerade han Island p\u00e5 Venedigbiennalen. Kjartansson var mottagare av Finlands st\u00f6rsta bildkonstpris\u202f<\/span><span data-contrast=\"auto\">Ars Fennica<\/span><span data-contrast=\"auto\">\u202f\u00e5r 2019.<\/span><span data-ccp-props=\"{&quot;134233117&quot;:false,&quot;134233118&quot;:true,&quot;201341983&quot;:0,&quot;335557856&quot;:16777215,&quot;335559738&quot;:0,&quot;335559740&quot;:240}\">\u00a0<\/span><\/p>\t\t\t\t\t\t\t\t<\/div>\n\t\t\t\t<\/div>\n\t\t\t\t<\/div>\n\t\t<div class=\"elementor-element elementor-element-a7352bd e-con-full e-flex e-con e-child\" data-id=\"a7352bd\" data-element_type=\"container\" data-e-type=\"container\">\n\t\t\t\t<div class=\"elementor-element elementor-element-1cdae80 elementor-widget elementor-widget-image\" data-id=\"1cdae80\" data-element_type=\"widget\" data-e-type=\"widget\" data-widget_type=\"image.default\">\n\t\t\t\t<div class=\"elementor-widget-container\">\n\t\t\t\t\t\t\t\t\t\t\t\t\t\t\t<img decoding=\"async\" src=\"https:\/\/svenskanu.fi\/laromaterial\/navigerainorden\/wp-content\/uploads\/elementor\/thumbs\/512px-Raggi_med_apa-qphpgzid2r7w0p5f4s231ctfwh7btoeh44w5z0uvew.jpg\" title=\"512px-Raggi_med_apa\" alt=\"512px-Raggi_med_apa\" loading=\"lazy\" \/>\t\t\t\t\t\t\t\t\t\t\t\t\t\t\t<\/div>\n\t\t\t\t<\/div>\n\t\t\t\t<div class=\"elementor-element elementor-element-465ed88 elementor-widget elementor-widget-text-editor\" data-id=\"465ed88\" data-element_type=\"widget\" data-e-type=\"widget\" data-widget_type=\"text-editor.default\">\n\t\t\t\t<div class=\"elementor-widget-container\">\n\t\t\t\t\t\t\t\t\t<p>Ragnar Kjartasson Bild: Wikimedia Commons, Eva L\u00edn i8<\/p>\t\t\t\t\t\t\t\t<\/div>\n\t\t\t\t<\/div>\n\t\t\t\t<\/div>\n\t\t\t\t\t<\/div>\n\t\t\t\t<\/div>\n\t\t<div class=\"elementor-element elementor-element-ac31528 e-flex e-con-boxed e-con e-parent\" data-id=\"ac31528\" data-element_type=\"container\" data-e-type=\"container\">\n\t\t\t\t\t<div class=\"e-con-inner\">\n\t\t\t\t<div class=\"elementor-element elementor-element-f5db5ae elementor-widget elementor-widget-text-editor\" data-id=\"f5db5ae\" data-element_type=\"widget\" data-e-type=\"widget\" data-widget_type=\"text-editor.default\">\n\t\t\t\t<div class=\"elementor-widget-container\">\n\t\t\t\t\t\t\t\t\t<p><span data-contrast=\"auto\">Ragnar Kjartansson b\u00f6rjade sin karri\u00e4r med teater, performans och m\u00e5leri. Nu r\u00f6r han sig fritt mellan olika konstformer, han g\u00f6r musik till skulptur, m\u00e5lar performativt och omvandlar film till tavlor. I sin konst analyserar han v\u00e5r vardag.<\/span><span data-ccp-props=\"{}\">\u00a0<\/span><\/p>\t\t\t\t\t\t\t\t<\/div>\n\t\t\t\t<\/div>\n\t\t\t\t<div class=\"elementor-element elementor-element-17cc321 elementor-widget elementor-widget-text-editor\" data-id=\"17cc321\" data-element_type=\"widget\" data-e-type=\"widget\" data-widget_type=\"text-editor.default\">\n\t\t\t\t<div class=\"elementor-widget-container\">\n\t\t\t\t\t\t\t\t\t<p><span data-contrast=\"auto\">Kjartanssons arbeten \u00e5terspeglar konsten i dess alla former. N\u00e4r vi skapar och njuter av musik, teater, film, litteratur och visuell konst h\u00f6js hum\u00f6ret samtidigt som vi unders\u00f6ker v\u00e5r m\u00e4nsklighet.\u00a0<\/span><span data-ccp-props=\"{&quot;134233117&quot;:false,&quot;134233118&quot;:true,&quot;201341983&quot;:0,&quot;335557856&quot;:16777215,&quot;335559738&quot;:0,&quot;335559740&quot;:240}\">\u00a0<\/span><\/p><p><span data-contrast=\"auto\">Ragnar Kjartanssons arbeten visar hur vi hela tiden konstruerar v\u00e5r verklighet \u2013 och samtidigt p\u00e5minner det lekfulla s\u00e4ttet oss om det roliga och skojiga som vi f\u00e5r av konsten.<\/span><span data-ccp-props=\"{&quot;134233117&quot;:false,&quot;134233118&quot;:true,&quot;201341983&quot;:0,&quot;335557856&quot;:16777215,&quot;335559738&quot;:0,&quot;335559740&quot;:240}\">\u00a0<\/span><\/p><p><span data-contrast=\"auto\">Tidningen The Guardian har utn\u00e4mnt The Visitors av den isl\u00e4ndska artisten Ragnar Kjartansson till 20-hundratalets b\u00e4sta konstverk!<\/span><span data-ccp-props=\"{&quot;134233117&quot;:false,&quot;134233118&quot;:true,&quot;201341983&quot;:0,&quot;335557856&quot;:16777215,&quot;335559738&quot;:0,&quot;335559740&quot;:240}\">\u00a0<\/span><\/p>\t\t\t\t\t\t\t\t<\/div>\n\t\t\t\t<\/div>\n\t\t\t\t\t<\/div>\n\t\t\t\t<\/div>\n\t\t<div class=\"elementor-element elementor-element-e90b5e2 e-flex e-con-boxed e-con e-parent\" data-id=\"e90b5e2\" data-element_type=\"container\" data-e-type=\"container\">\n\t\t\t\t\t<div class=\"e-con-inner\">\n\t\t<div class=\"elementor-element elementor-element-5d90954 e-con-full e-flex e-con e-child\" data-id=\"5d90954\" data-element_type=\"container\" data-e-type=\"container\">\n\t\t\t\t<\/div>\n\t\t<div class=\"elementor-element elementor-element-8e2fc87 e-con-full e-flex e-con e-child\" data-id=\"8e2fc87\" data-element_type=\"container\" data-e-type=\"container\">\n\t\t\t\t<div class=\"elementor-element elementor-element-212d685 elementor-widget elementor-widget-video\" data-id=\"212d685\" data-element_type=\"widget\" data-e-type=\"widget\" data-settings=\"{&quot;youtube_url&quot;:&quot;https:\\\/\\\/youtu.be\\\/Igof7jUIaaE?feature=shared&quot;,&quot;video_type&quot;:&quot;youtube&quot;,&quot;controls&quot;:&quot;yes&quot;}\" data-widget_type=\"video.default\">\n\t\t\t\t<div class=\"elementor-widget-container\">\n\t\t\t\t\t\t\t<div class=\"elementor-wrapper elementor-open-inline\">\n\t\t\t<div class=\"elementor-video\"><\/div>\t\t<\/div>\n\t\t\t\t\t\t<\/div>\n\t\t\t\t<\/div>\n\t\t\t\t<\/div>\n\t\t<div class=\"elementor-element elementor-element-7925215 e-con-full e-flex e-con e-child\" data-id=\"7925215\" data-element_type=\"container\" data-e-type=\"container\">\n\t\t\t\t<\/div>\n\t\t\t\t\t<\/div>\n\t\t\t\t<\/div>\n\t\t<div class=\"elementor-element elementor-element-7f77ea4 e-flex e-con-boxed e-con e-parent\" data-id=\"7f77ea4\" data-element_type=\"container\" data-e-type=\"container\">\n\t\t\t\t\t<div class=\"e-con-inner\">\n\t\t\t\t<div class=\"elementor-element elementor-element-6e328cb elementor-widget-divider--view-line elementor-widget elementor-widget-divider\" data-id=\"6e328cb\" data-element_type=\"widget\" data-e-type=\"widget\" data-widget_type=\"divider.default\">\n\t\t\t\t<div class=\"elementor-widget-container\">\n\t\t\t\t\t\t\t<div class=\"elementor-divider\">\n\t\t\t<span class=\"elementor-divider-separator\">\n\t\t\t\t\t\t<\/span>\n\t\t<\/div>\n\t\t\t\t\t\t<\/div>\n\t\t\t\t<\/div>\n\t\t\t\t\t<\/div>\n\t\t\t\t<\/div>\n\t\t<div class=\"elementor-element elementor-element-c6b17e1 e-flex e-con-boxed e-con e-parent\" data-id=\"c6b17e1\" data-element_type=\"container\" data-e-type=\"container\">\n\t\t\t\t\t<div class=\"e-con-inner\">\n\t\t\t\t<div class=\"elementor-element elementor-element-aabfaee elementor-widget elementor-widget-heading\" data-id=\"aabfaee\" data-element_type=\"widget\" data-e-type=\"widget\" data-widget_type=\"heading.default\">\n\t\t\t\t<div class=\"elementor-widget-container\">\n\t\t\t\t\t<h2 class=\"elementor-heading-title elementor-size-default\">Fr\u00e5gor<\/h2>\t\t\t\t<\/div>\n\t\t\t\t<\/div>\n\t\t\t\t\t<\/div>\n\t\t\t\t<\/div>\n\t\t<div class=\"elementor-element elementor-element-b5e9a13 e-flex e-con-boxed e-con e-parent\" data-id=\"b5e9a13\" data-element_type=\"container\" data-e-type=\"container\">\n\t\t\t\t\t<div class=\"e-con-inner\">\n\t\t<div class=\"elementor-element elementor-element-933dcea e-flex e-con-boxed e-con e-child\" data-id=\"933dcea\" data-element_type=\"container\" data-e-type=\"container\">\n\t\t\t\t\t<div class=\"e-con-inner\">\n\t\t\t\t<div class=\"elementor-element elementor-element-da0f667 elementor-icon-list--layout-traditional elementor-list-item-link-full_width elementor-widget elementor-widget-icon-list\" data-id=\"da0f667\" data-element_type=\"widget\" data-e-type=\"widget\" data-widget_type=\"icon-list.default\">\n\t\t\t\t<div class=\"elementor-widget-container\">\n\t\t\t\t\t\t\t<ul class=\"elementor-icon-list-items\">\n\t\t\t\t\t\t\t<li class=\"elementor-icon-list-item\">\n\t\t\t\t\t\t\t\t\t\t\t<span class=\"elementor-icon-list-icon\">\n\t\t\t\t\t\t\t<svg aria-hidden=\"true\" class=\"e-font-icon-svg e-far-star\" viewBox=\"0 0 576 512\" xmlns=\"http:\/\/www.w3.org\/2000\/svg\"><path d=\"M528.1 171.5L382 150.2 316.7 17.8c-11.7-23.6-45.6-23.9-57.4 0L194 150.2 47.9 171.5c-26.2 3.8-36.7 36.1-17.7 54.6l105.7 103-25 145.5c-4.5 26.3 23.2 46 46.4 33.7L288 439.6l130.7 68.7c23.2 12.2 50.9-7.4 46.4-33.7l-25-145.5 105.7-103c19-18.5 8.5-50.8-17.7-54.6zM388.6 312.3l23.7 138.4L288 385.4l-124.3 65.3 23.7-138.4-100.6-98 139-20.2 62.2-126 62.2 126 139 20.2-100.6 98z\"><\/path><\/svg>\t\t\t\t\t\t<\/span>\n\t\t\t\t\t\t\t\t\t\t<span class=\"elementor-icon-list-text\">Fr\u00e5n vilket land kommer Ragnar Kjartarsson? <\/span>\n\t\t\t\t\t\t\t\t\t<\/li>\n\t\t\t\t\t\t\t\t<li class=\"elementor-icon-list-item\">\n\t\t\t\t\t\t\t\t\t\t\t<span class=\"elementor-icon-list-icon\">\n\t\t\t\t\t\t\t<svg aria-hidden=\"true\" class=\"e-font-icon-svg e-far-star\" viewBox=\"0 0 576 512\" xmlns=\"http:\/\/www.w3.org\/2000\/svg\"><path d=\"M528.1 171.5L382 150.2 316.7 17.8c-11.7-23.6-45.6-23.9-57.4 0L194 150.2 47.9 171.5c-26.2 3.8-36.7 36.1-17.7 54.6l105.7 103-25 145.5c-4.5 26.3 23.2 46 46.4 33.7L288 439.6l130.7 68.7c23.2 12.2 50.9-7.4 46.4-33.7l-25-145.5 105.7-103c19-18.5 8.5-50.8-17.7-54.6zM388.6 312.3l23.7 138.4L288 385.4l-124.3 65.3 23.7-138.4-100.6-98 139-20.2 62.2-126 62.2 126 139 20.2-100.6 98z\"><\/path><\/svg>\t\t\t\t\t\t<\/span>\n\t\t\t\t\t\t\t\t\t\t<span class=\"elementor-icon-list-text\">Var har han studerat?<\/span>\n\t\t\t\t\t\t\t\t\t<\/li>\n\t\t\t\t\t\t\t\t<li class=\"elementor-icon-list-item\">\n\t\t\t\t\t\t\t\t\t\t\t<span class=\"elementor-icon-list-icon\">\n\t\t\t\t\t\t\t<svg aria-hidden=\"true\" class=\"e-font-icon-svg e-far-star\" viewBox=\"0 0 576 512\" xmlns=\"http:\/\/www.w3.org\/2000\/svg\"><path d=\"M528.1 171.5L382 150.2 316.7 17.8c-11.7-23.6-45.6-23.9-57.4 0L194 150.2 47.9 171.5c-26.2 3.8-36.7 36.1-17.7 54.6l105.7 103-25 145.5c-4.5 26.3 23.2 46 46.4 33.7L288 439.6l130.7 68.7c23.2 12.2 50.9-7.4 46.4-33.7l-25-145.5 105.7-103c19-18.5 8.5-50.8-17.7-54.6zM388.6 312.3l23.7 138.4L288 385.4l-124.3 65.3 23.7-138.4-100.6-98 139-20.2 62.2-126 62.2 126 139 20.2-100.6 98z\"><\/path><\/svg>\t\t\t\t\t\t<\/span>\n\t\t\t\t\t\t\t\t\t\t<span class=\"elementor-icon-list-text\">Vilket pris har han tilldelats i Finland? <\/span>\n\t\t\t\t\t\t\t\t\t<\/li>\n\t\t\t\t\t\t<\/ul>\n\t\t\t\t\t\t<\/div>\n\t\t\t\t<\/div>\n\t\t\t\t<div class=\"elementor-element elementor-element-1d91e8a elementor-icon-list--layout-traditional elementor-list-item-link-full_width elementor-widget elementor-widget-icon-list\" data-id=\"1d91e8a\" data-element_type=\"widget\" data-e-type=\"widget\" data-widget_type=\"icon-list.default\">\n\t\t\t\t<div class=\"elementor-widget-container\">\n\t\t\t\t\t\t\t<ul class=\"elementor-icon-list-items\">\n\t\t\t\t\t\t\t<li class=\"elementor-icon-list-item\">\n\t\t\t\t\t\t\t\t\t\t\t<span class=\"elementor-icon-list-icon\">\n\t\t\t\t\t\t\t<svg aria-hidden=\"true\" class=\"e-font-icon-svg e-fas-star-half-alt\" viewBox=\"0 0 536 512\" xmlns=\"http:\/\/www.w3.org\/2000\/svg\"><path d=\"M508.55 171.51L362.18 150.2 296.77 17.81C290.89 5.98 279.42 0 267.95 0c-11.4 0-22.79 5.9-28.69 17.81l-65.43 132.38-146.38 21.29c-26.25 3.8-36.77 36.09-17.74 54.59l105.89 103-25.06 145.48C86.98 495.33 103.57 512 122.15 512c4.93 0 10-1.17 14.87-3.75l130.95-68.68 130.94 68.7c4.86 2.55 9.92 3.71 14.83 3.71 18.6 0 35.22-16.61 31.66-37.4l-25.03-145.49 105.91-102.98c19.04-18.5 8.52-50.8-17.73-54.6zm-121.74 123.2l-18.12 17.62 4.28 24.88 19.52 113.45-102.13-53.59-22.38-11.74.03-317.19 51.03 103.29 11.18 22.63 25.01 3.64 114.23 16.63-82.65 80.38z\"><\/path><\/svg>\t\t\t\t\t\t<\/span>\n\t\t\t\t\t\t\t\t\t\t<span class=\"elementor-icon-list-text\">Varifr\u00e5n f\u00e5r han sin inspiration? (tv\u00e5 olika) <\/span>\n\t\t\t\t\t\t\t\t\t<\/li>\n\t\t\t\t\t\t\t\t<li class=\"elementor-icon-list-item\">\n\t\t\t\t\t\t\t\t\t\t\t<span class=\"elementor-icon-list-icon\">\n\t\t\t\t\t\t\t<svg aria-hidden=\"true\" class=\"e-font-icon-svg e-fas-star-half-alt\" viewBox=\"0 0 536 512\" xmlns=\"http:\/\/www.w3.org\/2000\/svg\"><path d=\"M508.55 171.51L362.18 150.2 296.77 17.81C290.89 5.98 279.42 0 267.95 0c-11.4 0-22.79 5.9-28.69 17.81l-65.43 132.38-146.38 21.29c-26.25 3.8-36.77 36.09-17.74 54.59l105.89 103-25.06 145.48C86.98 495.33 103.57 512 122.15 512c4.93 0 10-1.17 14.87-3.75l130.95-68.68 130.94 68.7c4.86 2.55 9.92 3.71 14.83 3.71 18.6 0 35.22-16.61 31.66-37.4l-25.03-145.49 105.91-102.98c19.04-18.5 8.52-50.8-17.73-54.6zm-121.74 123.2l-18.12 17.62 4.28 24.88 19.52 113.45-102.13-53.59-22.38-11.74.03-317.19 51.03 103.29 11.18 22.63 25.01 3.64 114.23 16.63-82.65 80.38z\"><\/path><\/svg>\t\t\t\t\t\t<\/span>\n\t\t\t\t\t\t\t\t\t\t<span class=\"elementor-icon-list-text\">Vilka medier anv\u00e4nder han i sin konst?<\/span>\n\t\t\t\t\t\t\t\t\t<\/li>\n\t\t\t\t\t\t<\/ul>\n\t\t\t\t\t\t<\/div>\n\t\t\t\t<\/div>\n\t\t\t\t<div class=\"elementor-element elementor-element-13bcc7a elementor-icon-list--layout-traditional elementor-list-item-link-full_width elementor-widget elementor-widget-icon-list\" data-id=\"13bcc7a\" data-element_type=\"widget\" data-e-type=\"widget\" data-widget_type=\"icon-list.default\">\n\t\t\t\t<div class=\"elementor-widget-container\">\n\t\t\t\t\t\t\t<ul class=\"elementor-icon-list-items\">\n\t\t\t\t\t\t\t<li class=\"elementor-icon-list-item\">\n\t\t\t\t\t\t\t\t\t\t\t<span class=\"elementor-icon-list-icon\">\n\t\t\t\t\t\t\t<svg aria-hidden=\"true\" class=\"e-font-icon-svg e-fas-star\" viewBox=\"0 0 576 512\" xmlns=\"http:\/\/www.w3.org\/2000\/svg\"><path d=\"M259.3 17.8L194 150.2 47.9 171.5c-26.2 3.8-36.7 36.1-17.7 54.6l105.7 103-25 145.5c-4.5 26.3 23.2 46 46.4 33.7L288 439.6l130.7 68.7c23.2 12.2 50.9-7.4 46.4-33.7l-25-145.5 105.7-103c19-18.5 8.5-50.8-17.7-54.6L382 150.2 316.7 17.8c-11.7-23.6-45.6-23.9-57.4 0z\"><\/path><\/svg>\t\t\t\t\t\t<\/span>\n\t\t\t\t\t\t\t\t\t\t<span class=\"elementor-icon-list-text\">Vad vill Ragnar Kjartansson f\u00f6rmedla med sin konst, tror du?<\/span>\n\t\t\t\t\t\t\t\t\t<\/li>\n\t\t\t\t\t\t<\/ul>\n\t\t\t\t\t\t<\/div>\n\t\t\t\t<\/div>\n\t\t\t\t\t<\/div>\n\t\t\t\t<\/div>\n\t\t\t\t\t<\/div>\n\t\t\t\t<\/div>\n\t\t<div class=\"elementor-element elementor-element-3ab9995 e-flex e-con-boxed e-con e-parent\" data-id=\"3ab9995\" data-element_type=\"container\" data-e-type=\"container\">\n\t\t\t\t\t<div class=\"e-con-inner\">\n\t\t\t\t<div class=\"elementor-element elementor-element-6ab6f0e elementor-widget elementor-widget-spacer\" data-id=\"6ab6f0e\" data-element_type=\"widget\" data-e-type=\"widget\" data-widget_type=\"spacer.default\">\n\t\t\t\t<div class=\"elementor-widget-container\">\n\t\t\t\t\t\t\t<div class=\"elementor-spacer\">\n\t\t\t<div class=\"elementor-spacer-inner\"><\/div>\n\t\t<\/div>\n\t\t\t\t\t\t<\/div>\n\t\t\t\t<\/div>\n\t\t\t\t\t<\/div>\n\t\t\t\t<\/div>\n\t\t\t\t<\/div>\n\t\t","protected":false},"excerpt":{"rendered":"<p>Ragnar Kjartasson Isl\u00e4nningen Ragnar Kjartansson (f\u00f6dd 1976 i Reykjavik, Island) \u00a0\u00e4r en av landets mest betydande nutidskonstn\u00e4rer. Hans inspirationsk\u00e4lla \u00e4r den isl\u00e4ndska naturen och kulturen.\u00a0 Centrala teman f\u00f6r Ragnar Kjartanssons konst \u00e4r den nordiska identiteten, melankoli och pop-kultur. Kjartansson har utexaminerats fr\u00e5n Islands konstakademi och han har studerat vid Kungliga Akademin i Stockholm. Han \u00e4r [&hellip;]<\/p>\n","protected":false},"author":2,"featured_media":0,"parent":0,"menu_order":0,"comment_status":"closed","ping_status":"closed","template":"elementor_header_footer","meta":{"footnotes":""},"class_list":["post-497","page","type-page","status-publish","hentry"],"_links":{"self":[{"href":"https:\/\/svenskanu.fi\/laromaterial\/navigerainorden\/wp-json\/wp\/v2\/pages\/497","targetHints":{"allow":["GET"]}}],"collection":[{"href":"https:\/\/svenskanu.fi\/laromaterial\/navigerainorden\/wp-json\/wp\/v2\/pages"}],"about":[{"href":"https:\/\/svenskanu.fi\/laromaterial\/navigerainorden\/wp-json\/wp\/v2\/types\/page"}],"author":[{"embeddable":true,"href":"https:\/\/svenskanu.fi\/laromaterial\/navigerainorden\/wp-json\/wp\/v2\/users\/2"}],"replies":[{"embeddable":true,"href":"https:\/\/svenskanu.fi\/laromaterial\/navigerainorden\/wp-json\/wp\/v2\/comments?post=497"}],"version-history":[{"count":37,"href":"https:\/\/svenskanu.fi\/laromaterial\/navigerainorden\/wp-json\/wp\/v2\/pages\/497\/revisions"}],"predecessor-version":[{"id":3192,"href":"https:\/\/svenskanu.fi\/laromaterial\/navigerainorden\/wp-json\/wp\/v2\/pages\/497\/revisions\/3192"}],"wp:attachment":[{"href":"https:\/\/svenskanu.fi\/laromaterial\/navigerainorden\/wp-json\/wp\/v2\/media?parent=497"}],"curies":[{"name":"wp","href":"https:\/\/api.w.org\/{rel}","templated":true}]}}