{"id":663,"date":"2024-04-26T10:20:41","date_gmt":"2024-04-26T07:20:41","guid":{"rendered":"https:\/\/svenskanu.fi\/laromaterial\/navigerainorden\/?page_id=663"},"modified":"2024-11-20T10:10:19","modified_gmt":"2024-11-20T08:10:19","slug":"matkultur-sverige","status":"publish","type":"page","link":"https:\/\/svenskanu.fi\/laromaterial\/navigerainorden\/matkultur-sverige\/","title":{"rendered":"Svensk matkultur"},"content":{"rendered":"\t\t<div data-elementor-type=\"wp-page\" data-elementor-id=\"663\" class=\"elementor elementor-663\" data-elementor-post-type=\"page\">\n\t\t\t\t<div class=\"elementor-element elementor-element-841ebcf e-con-full e-flex e-con e-parent\" data-id=\"841ebcf\" data-element_type=\"container\" data-e-type=\"container\">\n\t\t\t\t<div class=\"elementor-element elementor-element-a1f65d8 elementor-widget elementor-widget-image\" data-id=\"a1f65d8\" data-element_type=\"widget\" data-e-type=\"widget\" data-widget_type=\"image.default\">\n\t\t\t\t<div class=\"elementor-widget-container\">\n\t\t\t\t\t\t\t\t\t\t\t\t\t\t\t<img decoding=\"async\" src=\"https:\/\/svenskanu.fi\/laromaterial\/navigerainorden\/wp-content\/uploads\/elementor\/thumbs\/Navigera-i-Norden-bannerbild-1-qn9o3sjffexikjhx40oyo37o095e4uq0jj4ywac9zc.png\" title=\"Navigera i Norden bannerbild (1)\" alt=\"Navigera i Norden bannerbild (1)\" loading=\"lazy\" \/>\t\t\t\t\t\t\t\t\t\t\t\t\t\t\t<\/div>\n\t\t\t\t<\/div>\n\t\t\t\t<\/div>\n\t\t<div class=\"elementor-element elementor-element-7c24425 e-flex e-con-boxed e-con e-parent\" data-id=\"7c24425\" data-element_type=\"container\" data-e-type=\"container\">\n\t\t\t\t\t<div class=\"e-con-inner\">\n\t\t\t\t<div class=\"elementor-element elementor-element-6171369 elementor-widget elementor-widget-spacer\" data-id=\"6171369\" data-element_type=\"widget\" data-e-type=\"widget\" data-widget_type=\"spacer.default\">\n\t\t\t\t<div class=\"elementor-widget-container\">\n\t\t\t\t\t\t\t<div class=\"elementor-spacer\">\n\t\t\t<div class=\"elementor-spacer-inner\"><\/div>\n\t\t<\/div>\n\t\t\t\t\t\t<\/div>\n\t\t\t\t<\/div>\n\t\t\t\t<div class=\"elementor-element elementor-element-7a1729e elementor-widget elementor-widget-heading\" data-id=\"7a1729e\" data-element_type=\"widget\" data-e-type=\"widget\" data-widget_type=\"heading.default\">\n\t\t\t\t<div class=\"elementor-widget-container\">\n\t\t\t\t\t<h3 class=\"elementor-heading-title elementor-size-default\">Svensk matkultur<\/h3>\t\t\t\t<\/div>\n\t\t\t\t<\/div>\n\t\t\t\t<div class=\"elementor-element elementor-element-f8a0a57 elementor-widget elementor-widget-text-editor\" data-id=\"f8a0a57\" data-element_type=\"widget\" data-e-type=\"widget\" data-widget_type=\"text-editor.default\">\n\t\t\t\t<div class=\"elementor-widget-container\">\n\t\t\t\t\t\t\t\t\t<p><span class=\"TextRun SCXW218648830 BCX0\" lang=\"SV-SE\" xml:lang=\"SV-SE\" data-contrast=\"auto\"><span class=\"NormalTextRun SCXW218648830 BCX0\">De flesta t\u00e4nker <\/span><span class=\"NormalTextRun SCXW218648830 BCX0\">kanske<\/span><span class=\"NormalTextRun SCXW218648830 BCX0\"> p\u00e5 svenska k\u00f6ttbullar n\u00e4r det talas om svensk mat. K\u00f6ttbullar med potatismos<\/span><span class=\"NormalTextRun SCXW218648830 BCX0\"> som <\/span><span class=\"NormalTextRun SCXW218648830 BCX0\">traditionellt <\/span><span class=\"NormalTextRun SCXW218648830 BCX0\">toppas <\/span><span class=\"NormalTextRun SCXW218648830 BCX0\">me<\/span><span class=\"NormalTextRun SCXW218648830 BCX0\">d<\/span><span class=\"NormalTextRun SCXW218648830 BCX0\"> inhemsk lingonsylt och pressgurka \u00e4r <\/span><span class=\"NormalTextRun SCXW218648830 BCX0\">definitivt <\/span><span class=\"NormalTextRun SCXW218648830 BCX0\">en matr\u00e4tt som h\u00f6r starkt till den svenska husmanskosten<\/span><span class=\"NormalTextRun SCXW218648830 BCX0\">. <\/span><span class=\"NormalTextRun SCXW218648830 BCX0\">Sverige \u00e4r <\/span><span class=\"NormalTextRun SCXW218648830 BCX0\">\u00e4nd\u00e5 <\/span><span class=\"NormalTextRun SCXW218648830 BCX0\">ett avl\u00e5ngt land oc<\/span><span class=\"NormalTextRun SCXW218648830 BCX0\">h s<\/span><span class=\"NormalTextRun SCXW218648830 BCX0\">vensk matkultur \u00e4r ett vitt begrepp som inneh\u00e5ller en m\u00e4ngd olika matr\u00e4tter och lokala delikatesser<\/span><span class=\"NormalTextRun SCXW218648830 BCX0\">.\u00a0<\/span><\/span><span class=\"EOP SCXW218648830 BCX0\" data-ccp-props=\"{&quot;201341983&quot;:0,&quot;335559740&quot;:360}\">\u00a0<\/span><\/p>\t\t\t\t\t\t\t\t<\/div>\n\t\t\t\t<\/div>\n\t\t\t\t\t<\/div>\n\t\t\t\t<\/div>\n\t\t<div class=\"elementor-element elementor-element-356e460 e-flex e-con-boxed e-con e-parent\" data-id=\"356e460\" data-element_type=\"container\" data-e-type=\"container\">\n\t\t\t\t\t<div class=\"e-con-inner\">\n\t\t<div class=\"elementor-element elementor-element-2161069 e-con-full e-flex e-con e-child\" data-id=\"2161069\" data-element_type=\"container\" data-e-type=\"container\">\n\t\t\t\t<div class=\"elementor-element elementor-element-f3df77e elementor-widget elementor-widget-text-editor\" data-id=\"f3df77e\" data-element_type=\"widget\" data-e-type=\"widget\" data-widget_type=\"text-editor.default\">\n\t\t\t\t<div class=\"elementor-widget-container\">\n\t\t\t\t\t\t\t\t\t<p><span class=\"TextRun SCXW159692926 BCX0\" lang=\"SV-SE\" xml:lang=\"SV-SE\" data-contrast=\"auto\"><span class=\"NormalTextRun SCXW159692926 BCX0\">Den nordligaste delen av <\/span><span class=\"NormalTextRun SCXW159692926 BCX0\">Sverige<\/span><span class=\"NormalTextRun SCXW159692926 BCX0\">, Norrland,<\/span><span class=\"NormalTextRun SCXW159692926 BCX0\"> \u00e4r<\/span><span class=\"NormalTextRun SCXW159692926 BCX0\"> k\u00e4nt<\/span><span class=\"NormalTextRun SCXW159692926 BCX0\"> f\u00f6r sin traditionella Pitepalt, runda <\/span><span class=\"NormalTextRun SCXW159692926 BCX0\">bollar gjorda av mj\u00f6l och potatis fyllda med fl\u00e4sk<\/span><span class=\"NormalTextRun SCXW159692926 BCX0\">, samt<\/span><span class=\"NormalTextRun SCXW159692926 BCX0\"> f\u00f6r V\u00e4sterbottenost som kommer fr\u00e5n ett litet mejeri i Burtr\u00e4sk. Ocks\u00e5 b\u00e4r s\u00e5som hjortron och lingon f\u00f6rknippas ofta starkast med Norrland \u00e4ven om de v\u00e4xer i n\u00e4stan hela Sverige.<\/span><\/span><span class=\"EOP SCXW159692926 BCX0\" data-ccp-props=\"{&quot;201341983&quot;:0,&quot;335559740&quot;:360}\">\u00a0<\/span><\/p>\t\t\t\t\t\t\t\t<\/div>\n\t\t\t\t<\/div>\n\t\t\t\t<div class=\"elementor-element elementor-element-bda83e8 elementor-widget elementor-widget-text-editor\" data-id=\"bda83e8\" data-element_type=\"widget\" data-e-type=\"widget\" data-widget_type=\"text-editor.default\">\n\t\t\t\t<div class=\"elementor-widget-container\">\n\t\t\t\t\t\t\t\t\t<p><span class=\"TextRun SCXW205244723 BCX0\" lang=\"SV-SE\" xml:lang=\"SV-SE\" data-contrast=\"auto\"><span class=\"NormalTextRun SCXW205244723 BCX0\">I mellersta delen av Sverige, som kallas f\u00f6r Svealand, ligger Falun som \u00e4r k\u00e4nd f\u00f6r falukorv<\/span><span class=\"NormalTextRun SCXW205244723 BCX0\">.<\/span><span class=\"NormalTextRun SCXW205244723 BCX0\"> Falukorven best\u00e5r av n\u00f6t- och fl\u00e4skk\u00f6tt, och den kan kokas, stekas, ugnsgratineras eller grillas. Vanliga matr\u00e4tter med falukorv \u00e4r olika slags gryt<\/span><span class=\"NormalTextRun SCXW205244723 BCX0\">o<\/span><span class=\"NormalTextRun SCXW205244723 BCX0\">r, korv Stroganoff och korvburgare som typiskt serveras i skolor och daghem.<\/span><\/span><span class=\"EOP SCXW205244723 BCX0\" data-ccp-props=\"{&quot;201341983&quot;:0,&quot;335559740&quot;:360}\">\u00a0<\/span><\/p>\t\t\t\t\t\t\t\t<\/div>\n\t\t\t\t<\/div>\n\t\t\t\t<\/div>\n\t\t<div class=\"elementor-element elementor-element-5d2fce4 e-con-full e-flex e-con e-child\" data-id=\"5d2fce4\" data-element_type=\"container\" data-e-type=\"container\">\n\t\t\t\t<div class=\"elementor-element elementor-element-f754883 elementor-widget elementor-widget-image\" data-id=\"f754883\" data-element_type=\"widget\" data-e-type=\"widget\" data-widget_type=\"image.default\">\n\t\t\t\t<div class=\"elementor-widget-container\">\n\t\t\t\t\t\t\t\t\t\t\t\t\t\t\t<img fetchpriority=\"high\" decoding=\"async\" width=\"800\" height=\"600\" src=\"https:\/\/svenskanu.fi\/laromaterial\/navigerainorden\/wp-content\/uploads\/2024\/04\/Pitepalt.png\" class=\"attachment-large size-large wp-image-725\" alt=\"\" srcset=\"https:\/\/svenskanu.fi\/laromaterial\/navigerainorden\/wp-content\/uploads\/2024\/04\/Pitepalt.png 1024w, https:\/\/svenskanu.fi\/laromaterial\/navigerainorden\/wp-content\/uploads\/2024\/04\/Pitepalt-300x225.png 300w, https:\/\/svenskanu.fi\/laromaterial\/navigerainorden\/wp-content\/uploads\/2024\/04\/Pitepalt-768x576.png 768w\" sizes=\"(max-width: 800px) 100vw, 800px\" \/>\t\t\t\t\t\t\t\t\t\t\t\t\t\t\t<\/div>\n\t\t\t\t<\/div>\n\t\t\t\t<div class=\"elementor-element elementor-element-600d157 elementor-widget elementor-widget-text-editor\" data-id=\"600d157\" data-element_type=\"widget\" data-e-type=\"widget\" data-widget_type=\"text-editor.default\">\n\t\t\t\t<div class=\"elementor-widget-container\">\n\t\t\t\t\t\t\t\t\t<p>Pitepalt<\/p>\t\t\t\t\t\t\t\t<\/div>\n\t\t\t\t<\/div>\n\t\t\t\t<\/div>\n\t\t\t\t\t<\/div>\n\t\t\t\t<\/div>\n\t\t<div class=\"elementor-element elementor-element-7f1a05e e-flex e-con-boxed e-con e-parent\" data-id=\"7f1a05e\" data-element_type=\"container\" data-e-type=\"container\">\n\t\t\t\t\t<div class=\"e-con-inner\">\n\t\t\t\t<div class=\"elementor-element elementor-element-1a43f64 elementor-widget elementor-widget-text-editor\" data-id=\"1a43f64\" data-element_type=\"widget\" data-e-type=\"widget\" data-widget_type=\"text-editor.default\">\n\t\t\t\t<div class=\"elementor-widget-container\">\n\t\t\t\t\t\t\t\t\t<p><span class=\"TextRun SCXW195814464 BCX0\" lang=\"SV-SE\" xml:lang=\"SV-SE\" data-contrast=\"auto\"><span class=\"NormalTextRun SCXW195814464 BCX0\">P\u00e5 Sveriges v\u00e4stkust<\/span> <span class=\"NormalTextRun SCXW195814464 BCX0\">\u00e4r fisk- och skaldjursr\u00e4tter popul\u00e4ra p\u00e5 tallriken. Den svenska klassikern r\u00e4kmacka f\u00f6rknippas starkt<\/span> <span class=\"NormalTextRun SCXW195814464 BCX0\">med Sveriges n\u00e4st st\u00f6rsta stad G\u00f6teborg som ligger vid v\u00e4s<\/span><span class=\"NormalTextRun SCXW195814464 BCX0\">t<\/span><span class=\"NormalTextRun SCXW195814464 BCX0\">kusten<\/span><span class=\"NormalTextRun SCXW195814464 BCX0\">. E<\/span><span class=\"NormalTextRun SCXW195814464 BCX0\">n av de mest <\/span><span class=\"NormalTextRun SCXW195814464 BCX0\">\u00e4lskade<\/span><span class=\"NormalTextRun SCXW195814464 BCX0\"> traditionella svenska festerna \u00e4r kr\u00e4ftskiva<\/span><span class=\"NormalTextRun SCXW195814464 BCX0\">.<\/span><span class=\"NormalTextRun SCXW195814464 BCX0\"> Familjer och v\u00e4nner samlas till kr\u00e4ftskivor <\/span><span class=\"NormalTextRun SCXW195814464 BCX0\">runtom i hela landet i samband med kr\u00e4ftfiskes\u00e4songen under sensommaren och tidiga h\u00f6sten.\u00a0<\/span><\/span><span class=\"EOP SCXW195814464 BCX0\" data-ccp-props=\"{&quot;201341983&quot;:0,&quot;335559740&quot;:360}\">\u00a0<\/span><\/p>\t\t\t\t\t\t\t\t<\/div>\n\t\t\t\t<\/div>\n\t\t\t\t\t<\/div>\n\t\t\t\t<\/div>\n\t\t<div class=\"elementor-element elementor-element-f68fe44 e-flex e-con-boxed e-con e-parent\" data-id=\"f68fe44\" data-element_type=\"container\" data-e-type=\"container\">\n\t\t\t\t\t<div class=\"e-con-inner\">\n\t\t<div class=\"elementor-element elementor-element-9f7cf97 e-con-full e-flex e-con e-child\" data-id=\"9f7cf97\" data-element_type=\"container\" data-e-type=\"container\">\n\t\t\t\t<div class=\"elementor-element elementor-element-0c32640 elementor-widget elementor-widget-image\" data-id=\"0c32640\" data-element_type=\"widget\" data-e-type=\"widget\" data-widget_type=\"image.default\">\n\t\t\t\t<div class=\"elementor-widget-container\">\n\t\t\t\t\t\t\t\t\t\t\t\t\t\t\t<img decoding=\"async\" width=\"800\" height=\"600\" src=\"https:\/\/svenskanu.fi\/laromaterial\/navigerainorden\/wp-content\/uploads\/2024\/04\/surstromming.png\" class=\"attachment-large size-large wp-image-726\" alt=\"\" srcset=\"https:\/\/svenskanu.fi\/laromaterial\/navigerainorden\/wp-content\/uploads\/2024\/04\/surstromming.png 1024w, https:\/\/svenskanu.fi\/laromaterial\/navigerainorden\/wp-content\/uploads\/2024\/04\/surstromming-300x225.png 300w, https:\/\/svenskanu.fi\/laromaterial\/navigerainorden\/wp-content\/uploads\/2024\/04\/surstromming-768x576.png 768w\" sizes=\"(max-width: 800px) 100vw, 800px\" \/>\t\t\t\t\t\t\t\t\t\t\t\t\t\t\t<\/div>\n\t\t\t\t<\/div>\n\t\t\t\t<div class=\"elementor-element elementor-element-9bac0bc elementor-widget elementor-widget-text-editor\" data-id=\"9bac0bc\" data-element_type=\"widget\" data-e-type=\"widget\" data-widget_type=\"text-editor.default\">\n\t\t\t\t<div class=\"elementor-widget-container\">\n\t\t\t\t\t\t\t\t\t<p>Surstr\u00f6mming<\/p>\t\t\t\t\t\t\t\t<\/div>\n\t\t\t\t<\/div>\n\t\t\t\t<\/div>\n\t\t<div class=\"elementor-element elementor-element-02594ed e-con-full e-flex e-con e-child\" data-id=\"02594ed\" data-element_type=\"container\" data-e-type=\"container\">\n\t\t\t\t<div class=\"elementor-element elementor-element-ec74d42 elementor-widget elementor-widget-text-editor\" data-id=\"ec74d42\" data-element_type=\"widget\" data-e-type=\"widget\" data-widget_type=\"text-editor.default\">\n\t\t\t\t<div class=\"elementor-widget-container\">\n\t\t\t\t\t\t\t\t\t<p><span class=\"TextRun SCXW78144099 BCX0\" lang=\"SV-SE\" xml:lang=\"SV-SE\" data-contrast=\"auto\"><span class=\"NormalTextRun SCXW78144099 BCX0\">Sk\u00e5ne i s\u00f6dra Sverige \u00e4r k\u00e4nt f\u00f6r sin <\/span><span class=\"NormalTextRun SCXW78144099 BCX0\">\u00e4ggakaka<\/span><span class=\"NormalTextRun SCXW78144099 BCX0\">, en pannkaksliknande r\u00e4tt som ofta serveras med stekt fl\u00e4sk eller bacon<\/span><span class=\"NormalTextRun SCXW78144099 BCX0\">. En<\/span><span class=\"NormalTextRun SCXW78144099 BCX0\"> annan<\/span><span class=\"NormalTextRun SCXW78144099 BCX0\"> sk\u00e5nsk tradition \u00e4r g\u00e5samiddag som hyllar helgonet Sankt Martin. I menyn ing\u00e5r svartsoppa av g\u00e5sblod till f\u00f6rr\u00e4tt, stekt g\u00e5s med potatis till varmr\u00e4tt, och <\/span><span class=\"NormalTextRun SCXW78144099 BCX0\">\u00e4ppelkaka som <\/span><span class=\"NormalTextRun SCXW78144099 BCX0\">en klassisk sk\u00e5nsk dessert.<\/span><\/span><span class=\"EOP SCXW78144099 BCX0\" data-ccp-props=\"{&quot;201341983&quot;:0,&quot;335559740&quot;:360}\">\u00a0<\/span><\/p>\t\t\t\t\t\t\t\t<\/div>\n\t\t\t\t<\/div>\n\t\t\t\t<div class=\"elementor-element elementor-element-3a4a64d elementor-widget elementor-widget-text-editor\" data-id=\"3a4a64d\" data-element_type=\"widget\" data-e-type=\"widget\" data-widget_type=\"text-editor.default\">\n\t\t\t\t<div class=\"elementor-widget-container\">\n\t\t\t\t\t\t\t\t\t<p><span class=\"TextRun SCXW29545660 BCX0\" lang=\"SV-SE\" xml:lang=\"SV-SE\" data-contrast=\"auto\"><span class=\"NormalTextRun SCXW29545660 BCX0\">Den svenska kulinariska traditionen som kanske mest delar \u00e5sikter \u00e4r surstr\u00f6mming. Surstr\u00f6mming \u00e4r str\u00f6mming som konserverats genom j\u00e4sning. M\u00e5nga tycker att den luktar v\u00e4ldigt illa medan andra ser den som en delikatess som inte g\u00e5r att motst\u00e5.<\/span><\/span><\/p>\t\t\t\t\t\t\t\t<\/div>\n\t\t\t\t<\/div>\n\t\t\t\t<\/div>\n\t\t\t\t\t<\/div>\n\t\t\t\t<\/div>\n\t\t<div class=\"elementor-element elementor-element-7c84e98 e-flex e-con-boxed e-con e-parent\" data-id=\"7c84e98\" data-element_type=\"container\" data-e-type=\"container\">\n\t\t\t\t\t<div class=\"e-con-inner\">\n\t\t\t\t<div class=\"elementor-element elementor-element-a9c510b elementor-widget elementor-widget-spacer\" data-id=\"a9c510b\" data-element_type=\"widget\" data-e-type=\"widget\" data-widget_type=\"spacer.default\">\n\t\t\t\t<div class=\"elementor-widget-container\">\n\t\t\t\t\t\t\t<div class=\"elementor-spacer\">\n\t\t\t<div class=\"elementor-spacer-inner\"><\/div>\n\t\t<\/div>\n\t\t\t\t\t\t<\/div>\n\t\t\t\t<\/div>\n\t\t\t\t<div class=\"elementor-element elementor-element-e0401b0 elementor-widget elementor-widget-heading\" data-id=\"e0401b0\" data-element_type=\"widget\" data-e-type=\"widget\" data-widget_type=\"heading.default\">\n\t\t\t\t<div class=\"elementor-widget-container\">\n\t\t\t\t\t<h3 class=\"elementor-heading-title elementor-size-default\">Traditionella matr\u00e4tter<\/h3>\t\t\t\t<\/div>\n\t\t\t\t<\/div>\n\t\t\t\t\t<\/div>\n\t\t\t\t<\/div>\n\t\t<div class=\"elementor-element elementor-element-f8bb9b1 e-flex e-con-boxed e-con e-parent\" data-id=\"f8bb9b1\" data-element_type=\"container\" data-e-type=\"container\">\n\t\t\t\t\t<div class=\"e-con-inner\">\n\t\t\t\t<div class=\"elementor-element elementor-element-f3801d4 elementor-widget elementor-widget-text-editor\" data-id=\"f3801d4\" data-element_type=\"widget\" data-e-type=\"widget\" data-widget_type=\"text-editor.default\">\n\t\t\t\t<div class=\"elementor-widget-container\">\n\t\t\t\t\t\t\t\t\t<ul><li><span class=\"TextRun SCXW225949695 BCX0\" lang=\"SV-SE\" xml:lang=\"SV-SE\" data-contrast=\"auto\"><span class=\"NormalTextRun SCXW225949695 BCX0\">K\u00f6ttbullar<\/span><\/span><\/li><li><span class=\"NormalTextRun SCXW225949695 BCX0\">Sm\u00e5l\u00e4ndsk <\/span><span class=\"NormalTextRun SCXW225949695 BCX0\">\u00e4ggkaka<\/span><\/li><li><span class=\"TextRun SCXW225949695 BCX0\" lang=\"SV-SE\" xml:lang=\"SV-SE\" data-contrast=\"auto\"><span class=\"NormalTextRun SCXW225949695 BCX0\">Pitepalt<\/span><\/span><\/li><li><span class=\"TextRun SCXW225949695 BCX0\" lang=\"SV-SE\" xml:lang=\"SV-SE\" data-contrast=\"auto\"><span class=\"NormalTextRun SCXW225949695 BCX0\">Raggmunk med fl\u00e4sk<\/span><\/span><\/li><li><span class=\"TextRun SCXW225949695 BCX0\" lang=\"SV-SE\" xml:lang=\"SV-SE\" data-contrast=\"auto\"><span class=\"NormalTextRun SCXW225949695 BCX0\">Gubbr\u00f6ra<\/span><\/span><span class=\"EOP SCXW225949695 BCX0\" data-ccp-props=\"{&quot;201341983&quot;:0,&quot;335559740&quot;:360}\">\u00a0<\/span><\/li><\/ul>\t\t\t\t\t\t\t\t<\/div>\n\t\t\t\t<\/div>\n\t\t\t\t<div class=\"elementor-element elementor-element-fba3bf5 elementor-widget elementor-widget-spacer\" data-id=\"fba3bf5\" data-element_type=\"widget\" data-e-type=\"widget\" data-widget_type=\"spacer.default\">\n\t\t\t\t<div class=\"elementor-widget-container\">\n\t\t\t\t\t\t\t<div class=\"elementor-spacer\">\n\t\t\t<div class=\"elementor-spacer-inner\"><\/div>\n\t\t<\/div>\n\t\t\t\t\t\t<\/div>\n\t\t\t\t<\/div>\n\t\t\t\t<div class=\"elementor-element elementor-element-cb19211 elementor-widget elementor-widget-heading\" data-id=\"cb19211\" data-element_type=\"widget\" data-e-type=\"widget\" data-widget_type=\"heading.default\">\n\t\t\t\t<div class=\"elementor-widget-container\">\n\t\t\t\t\t<h3 class=\"elementor-heading-title elementor-size-default\">Testa laga sj\u00e4lv!<\/h3>\t\t\t\t<\/div>\n\t\t\t\t<\/div>\n\t\t\t\t<div class=\"elementor-element elementor-element-07f7ee6 elementor-widget elementor-widget-text-editor\" data-id=\"07f7ee6\" data-element_type=\"widget\" data-e-type=\"widget\" data-widget_type=\"text-editor.default\">\n\t\t\t\t<div class=\"elementor-widget-container\">\n\t\t\t\t\t\t\t\t\t<p>Recept: <span style=\"color: #3366ff;\"><a style=\"color: #3366ff;\" href=\"https:\/\/www.arla.se\/recept\/kanelbullar\/\" target=\"_blank\" rel=\"noopener\">kanelbullar<\/a><\/span><\/p>\t\t\t\t\t\t\t\t<\/div>\n\t\t\t\t<\/div>\n\t\t\t\t<div class=\"elementor-element elementor-element-7418bb7 elementor-widget elementor-widget-spacer\" data-id=\"7418bb7\" data-element_type=\"widget\" data-e-type=\"widget\" data-widget_type=\"spacer.default\">\n\t\t\t\t<div class=\"elementor-widget-container\">\n\t\t\t\t\t\t\t<div class=\"elementor-spacer\">\n\t\t\t<div class=\"elementor-spacer-inner\"><\/div>\n\t\t<\/div>\n\t\t\t\t\t\t<\/div>\n\t\t\t\t<\/div>\n\t\t\t\t\t<\/div>\n\t\t\t\t<\/div>\n\t\t\t\t<\/div>\n\t\t","protected":false},"excerpt":{"rendered":"<p>Svensk matkultur De flesta t\u00e4nker kanske p\u00e5 svenska k\u00f6ttbullar n\u00e4r det talas om svensk mat. K\u00f6ttbullar med potatismos som traditionellt toppas med inhemsk lingonsylt och pressgurka \u00e4r definitivt en matr\u00e4tt som h\u00f6r starkt till den svenska husmanskosten. Sverige \u00e4r \u00e4nd\u00e5 ett avl\u00e5ngt land och svensk matkultur \u00e4r ett vitt begrepp som inneh\u00e5ller en m\u00e4ngd olika [&hellip;]<\/p>\n","protected":false},"author":2,"featured_media":0,"parent":0,"menu_order":0,"comment_status":"closed","ping_status":"closed","template":"elementor_header_footer","meta":{"footnotes":""},"class_list":["post-663","page","type-page","status-publish","hentry"],"_links":{"self":[{"href":"https:\/\/svenskanu.fi\/laromaterial\/navigerainorden\/wp-json\/wp\/v2\/pages\/663","targetHints":{"allow":["GET"]}}],"collection":[{"href":"https:\/\/svenskanu.fi\/laromaterial\/navigerainorden\/wp-json\/wp\/v2\/pages"}],"about":[{"href":"https:\/\/svenskanu.fi\/laromaterial\/navigerainorden\/wp-json\/wp\/v2\/types\/page"}],"author":[{"embeddable":true,"href":"https:\/\/svenskanu.fi\/laromaterial\/navigerainorden\/wp-json\/wp\/v2\/users\/2"}],"replies":[{"embeddable":true,"href":"https:\/\/svenskanu.fi\/laromaterial\/navigerainorden\/wp-json\/wp\/v2\/comments?post=663"}],"version-history":[{"count":47,"href":"https:\/\/svenskanu.fi\/laromaterial\/navigerainorden\/wp-json\/wp\/v2\/pages\/663\/revisions"}],"predecessor-version":[{"id":3171,"href":"https:\/\/svenskanu.fi\/laromaterial\/navigerainorden\/wp-json\/wp\/v2\/pages\/663\/revisions\/3171"}],"wp:attachment":[{"href":"https:\/\/svenskanu.fi\/laromaterial\/navigerainorden\/wp-json\/wp\/v2\/media?parent=663"}],"curies":[{"name":"wp","href":"https:\/\/api.w.org\/{rel}","templated":true}]}}