{"id":774,"date":"2024-04-26T13:37:29","date_gmt":"2024-04-26T10:37:29","guid":{"rendered":"https:\/\/svenskanu.fi\/laromaterial\/navigerainorden\/?page_id=774"},"modified":"2024-11-20T10:09:51","modified_gmt":"2024-11-20T08:09:51","slug":"islandsk-matkultur","status":"publish","type":"page","link":"https:\/\/svenskanu.fi\/laromaterial\/navigerainorden\/islandsk-matkultur\/","title":{"rendered":"Isl\u00e4ndsk matkultur"},"content":{"rendered":"\t\t<div data-elementor-type=\"wp-page\" data-elementor-id=\"774\" class=\"elementor elementor-774\" data-elementor-post-type=\"page\">\n\t\t\t\t<div class=\"elementor-element elementor-element-ee0be18 e-con-full e-flex e-con e-parent\" data-id=\"ee0be18\" data-element_type=\"container\" data-e-type=\"container\">\n\t\t\t\t<div class=\"elementor-element elementor-element-fa867ba elementor-widget elementor-widget-image\" data-id=\"fa867ba\" data-element_type=\"widget\" data-e-type=\"widget\" data-widget_type=\"image.default\">\n\t\t\t\t<div class=\"elementor-widget-container\">\n\t\t\t\t\t\t\t\t\t\t\t\t\t\t\t<img decoding=\"async\" src=\"https:\/\/svenskanu.fi\/laromaterial\/navigerainorden\/wp-content\/uploads\/elementor\/thumbs\/Navigera-i-Norden-bannerbild-19-qpl7gsnv0lk48ajfj5urgsjef8q80ta4xjnoa0qop4.png\" title=\"Navigera i Norden bannerbild (19)\" alt=\"Navigera i Norden bannerbild (19)\" loading=\"lazy\" \/>\t\t\t\t\t\t\t\t\t\t\t\t\t\t\t<\/div>\n\t\t\t\t<\/div>\n\t\t\t\t<\/div>\n\t\t<div class=\"elementor-element elementor-element-b8001b0 e-flex e-con-boxed e-con e-parent\" data-id=\"b8001b0\" data-element_type=\"container\" data-e-type=\"container\">\n\t\t\t\t\t<div class=\"e-con-inner\">\n\t\t<div class=\"elementor-element elementor-element-8025686 e-flex e-con-boxed e-con e-child\" data-id=\"8025686\" data-element_type=\"container\" data-e-type=\"container\">\n\t\t\t\t\t<div class=\"e-con-inner\">\n\t\t\t\t<div class=\"elementor-element elementor-element-b26e75a elementor-widget elementor-widget-spacer\" data-id=\"b26e75a\" data-element_type=\"widget\" data-e-type=\"widget\" data-widget_type=\"spacer.default\">\n\t\t\t\t<div class=\"elementor-widget-container\">\n\t\t\t\t\t\t\t<div class=\"elementor-spacer\">\n\t\t\t<div class=\"elementor-spacer-inner\"><\/div>\n\t\t<\/div>\n\t\t\t\t\t\t<\/div>\n\t\t\t\t<\/div>\n\t\t\t\t<div class=\"elementor-element elementor-element-ff6a374 elementor-widget elementor-widget-heading\" data-id=\"ff6a374\" data-element_type=\"widget\" data-e-type=\"widget\" data-widget_type=\"heading.default\">\n\t\t\t\t<div class=\"elementor-widget-container\">\n\t\t\t\t\t<h3 class=\"elementor-heading-title elementor-size-default\">Isl\u00e4ndsk matkultur<\/h3>\t\t\t\t<\/div>\n\t\t\t\t<\/div>\n\t\t\t\t<div class=\"elementor-element elementor-element-30d6fc3 elementor-widget elementor-widget-spacer\" data-id=\"30d6fc3\" data-element_type=\"widget\" data-e-type=\"widget\" data-widget_type=\"spacer.default\">\n\t\t\t\t<div class=\"elementor-widget-container\">\n\t\t\t\t\t\t\t<div class=\"elementor-spacer\">\n\t\t\t<div class=\"elementor-spacer-inner\"><\/div>\n\t\t<\/div>\n\t\t\t\t\t\t<\/div>\n\t\t\t\t<\/div>\n\t\t\t\t\t<\/div>\n\t\t\t\t<\/div>\n\t\t\t\t\t<\/div>\n\t\t\t\t<\/div>\n\t\t<div class=\"elementor-element elementor-element-1701189 e-flex e-con-boxed e-con e-parent\" data-id=\"1701189\" data-element_type=\"container\" data-e-type=\"container\">\n\t\t\t\t\t<div class=\"e-con-inner\">\n\t\t<div class=\"elementor-element elementor-element-b24f409 e-con-full e-flex e-con e-child\" data-id=\"b24f409\" data-element_type=\"container\" data-e-type=\"container\">\n\t\t\t\t<div class=\"elementor-element elementor-element-150f64b elementor-widget elementor-widget-text-editor\" data-id=\"150f64b\" data-element_type=\"widget\" data-e-type=\"widget\" data-widget_type=\"text-editor.default\">\n\t\t\t\t<div class=\"elementor-widget-container\">\n\t\t\t\t\t\t\t\t\t<p><span lang=\"SV-SE\" xml:lang=\"SV-SE\" data-contrast=\"auto\">Eftersom Island \u00e4r en \u00f6 \u00e4r det kanske inte \u00f6verraskande att fisk \u00e4r en viktig r\u00e5vara i det isl\u00e4ndska k\u00f6ket. I till\u00e4gg till havets sk\u00f6rd best\u00e5r husmanskosten av k\u00f6tt, oftast lamm, mejeriprodukter och potatis. P\u00e5 grund av det kyliga klimatet och den korta sk\u00f6rdetiden har isl\u00e4nningarna ocks\u00e5 varit bra p\u00e5 att f\u00f6rvara maten. Fisken har till exempel lufttorkats till <\/span><span lang=\"SV-SE\" xml:lang=\"SV-SE\" data-contrast=\"auto\">har\u00f0fiskur <\/span><span lang=\"SV-SE\" xml:lang=\"SV-SE\" data-contrast=\"auto\">och avnjutits som mellanm\u00e5l med en klick sm\u00f6r. En annan specialitet \u00e4r hajk\u00f6tt som har fermenterats och torkats till <\/span><span lang=\"SV-SE\" xml:lang=\"SV-SE\" data-contrast=\"auto\">h\u00e1karl<\/span><span lang=\"SV-SE\" xml:lang=\"SV-SE\" data-contrast=\"auto\">. Numera tar man vara p\u00e5 den geotermiska energin p\u00e5 \u00f6n som anv\u00e4nds i v\u00e4xthus som producerar \u00f6rter, gr\u00f6nsaker och frukter till isl\u00e4nningarnas matbord \u00e5ret runt.<\/span><span data-ccp-props=\"{&quot;201341983&quot;:0,&quot;335559740&quot;:360}\">\u00a0<\/span><\/p>\t\t\t\t\t\t\t\t<\/div>\n\t\t\t\t<\/div>\n\t\t\t\t<div class=\"elementor-element elementor-element-2f16deb elementor-widget elementor-widget-text-editor\" data-id=\"2f16deb\" data-element_type=\"widget\" data-e-type=\"widget\" data-widget_type=\"text-editor.default\">\n\t\t\t\t<div class=\"elementor-widget-container\">\n\t\t\t\t\t\t\t\t\t<p><span class=\"TextRun SCXW32061850 BCX0\" lang=\"SV-SE\" xml:lang=\"SV-SE\" data-contrast=\"auto\"><span class=\"NormalTextRun SCXW32061850 BCX0\">Och hur skulle man kunna tala om isl\u00e4ndsk mat <\/span><span class=\"NormalTextRun SCXW32061850 BCX0\">utan att<\/span><span class=\"NormalTextRun SCXW32061850 BCX0\"> n\u00e4mn<\/span><span class=\"NormalTextRun SCXW32061850 BCX0\">a<\/span><span class=\"NormalTextRun SCXW32061850 BCX0\"> f\u00e5r? Det uppskattas n\u00e4mligen att det finns omkring <\/span><span class=\"NormalTextRun SCXW32061850 BCX0\">800\u202f000 f\u00e5r p\u00e5 I<\/span><span class=\"NormalTextRun SCXW32061850 BCX0\">sland, det vill s\u00e4ga mer \u00e4n dubbelt s\u00e5 mycket som det finns inv\u00e5nare! F\u00e5ren betar fritt i den isl\u00e4ndska naturen och <\/span><span class=\"NormalTextRun SCXW32061850 BCX0\">lammk\u00f6ttet<\/span><span class=\"NormalTextRun SCXW32061850 BCX0\"> anv\u00e4nds till olika traditionella matr\u00e4tter, s\u00e5som k\u00f6ttsoppa, <\/span><\/span><span class=\"TextRun SCXW32061850 BCX0\" lang=\"SV-SE\" xml:lang=\"SV-SE\" data-contrast=\"auto\"><span class=\"NormalTextRun SCXW32061850 BCX0\">hangikj\u00f6t<\/span> <\/span><span class=\"TextRun SCXW32061850 BCX0\" lang=\"SV-SE\" xml:lang=\"SV-SE\" data-contrast=\"auto\"><span class=\"NormalTextRun SCXW32061850 BCX0\">(r\u00f6kt lammk\u00f6tt), <\/span><\/span><span class=\"TextRun SCXW32061850 BCX0\" lang=\"SV-SE\" xml:lang=\"SV-SE\" data-contrast=\"auto\"><span class=\"NormalTextRun SCXW32061850 BCX0\">svi\u00f0<\/span><\/span><span class=\"TextRun SCXW32061850 BCX0\" lang=\"SV-SE\" xml:lang=\"SV-SE\" data-contrast=\"auto\"><span class=\"NormalTextRun SCXW32061850 BCX0\"> (r\u00f6kt f\u00e5rhuvud) och <\/span><\/span><span class=\"TextRun SCXW32061850 BCX0\" lang=\"SV-SE\" xml:lang=\"SV-SE\" data-contrast=\"auto\"><span class=\"NormalTextRun SCXW32061850 BCX0\">hr\u00fatspungar<\/span><\/span><span class=\"TextRun SCXW32061850 BCX0\" lang=\"SV-SE\" xml:lang=\"SV-SE\" data-contrast=\"auto\"><span class=\"NormalTextRun SCXW32061850 BCX0\">\u202f<\/span><\/span><span class=\"TextRun SCXW32061850 BCX0\" lang=\"SV-SE\" xml:lang=\"SV-SE\" data-contrast=\"auto\"><span class=\"NormalTextRun SCXW32061850 BCX0\">som \u00e4r kokade och mj\u00f6lksyrade f\u00e5rtestiklar.<\/span><\/span><span class=\"EOP SCXW32061850 BCX0\" data-ccp-props=\"{&quot;201341983&quot;:0,&quot;335559740&quot;:360}\">\u00a0<\/span><\/p>\t\t\t\t\t\t\t\t<\/div>\n\t\t\t\t<\/div>\n\t\t\t\t<\/div>\n\t\t<div class=\"elementor-element elementor-element-ed3b716 e-con-full e-flex e-con e-child\" data-id=\"ed3b716\" data-element_type=\"container\" data-e-type=\"container\">\n\t\t\t\t<div class=\"elementor-element elementor-element-f5f051e elementor-widget elementor-widget-image\" data-id=\"f5f051e\" data-element_type=\"widget\" data-e-type=\"widget\" data-widget_type=\"image.default\">\n\t\t\t\t<div class=\"elementor-widget-container\">\n\t\t\t\t\t\t\t\t\t\t\t\t\t\t\t<img decoding=\"async\" src=\"https:\/\/svenskanu.fi\/laromaterial\/navigerainorden\/wp-content\/uploads\/elementor\/thumbs\/hardfiskur-qn9wberlbz83j10bndvmixiv8vwas2ielrv0g0sxag.png\" title=\"hardfiskur\" alt=\"hardfiskur\" loading=\"lazy\" \/>\t\t\t\t\t\t\t\t\t\t\t\t\t\t\t<\/div>\n\t\t\t\t<\/div>\n\t\t\t\t<div class=\"elementor-element elementor-element-84d883e elementor-widget elementor-widget-text-editor\" data-id=\"84d883e\" data-element_type=\"widget\" data-e-type=\"widget\" data-widget_type=\"text-editor.default\">\n\t\t\t\t<div class=\"elementor-widget-container\">\n\t\t\t\t\t\t\t\t\t<p>Torkad fisk (har\u00f0fiskur)<\/p>\t\t\t\t\t\t\t\t<\/div>\n\t\t\t\t<\/div>\n\t\t\t\t<\/div>\n\t\t\t\t\t<\/div>\n\t\t\t\t<\/div>\n\t\t<div class=\"elementor-element elementor-element-a6f060c e-flex e-con-boxed e-con e-parent\" data-id=\"a6f060c\" data-element_type=\"container\" data-e-type=\"container\">\n\t\t\t\t\t<div class=\"e-con-inner\">\n\t\t<div class=\"elementor-element elementor-element-726a7ca e-con-full e-flex e-con e-child\" data-id=\"726a7ca\" data-element_type=\"container\" data-e-type=\"container\">\n\t\t\t\t<div class=\"elementor-element elementor-element-44cf99f elementor-widget elementor-widget-image\" data-id=\"44cf99f\" data-element_type=\"widget\" data-e-type=\"widget\" data-widget_type=\"image.default\">\n\t\t\t\t<div class=\"elementor-widget-container\">\n\t\t\t\t\t\t\t\t\t\t\t\t\t\t\t<img fetchpriority=\"high\" decoding=\"async\" width=\"800\" height=\"600\" src=\"https:\/\/svenskanu.fi\/laromaterial\/navigerainorden\/wp-content\/uploads\/2024\/04\/skyr.png\" class=\"attachment-large size-large wp-image-817\" alt=\"\" srcset=\"https:\/\/svenskanu.fi\/laromaterial\/navigerainorden\/wp-content\/uploads\/2024\/04\/skyr.png 1024w, https:\/\/svenskanu.fi\/laromaterial\/navigerainorden\/wp-content\/uploads\/2024\/04\/skyr-300x225.png 300w, https:\/\/svenskanu.fi\/laromaterial\/navigerainorden\/wp-content\/uploads\/2024\/04\/skyr-768x576.png 768w\" sizes=\"(max-width: 800px) 100vw, 800px\" \/>\t\t\t\t\t\t\t\t\t\t\t\t\t\t\t<\/div>\n\t\t\t\t<\/div>\n\t\t\t\t<div class=\"elementor-element elementor-element-a123f39 elementor-widget elementor-widget-text-editor\" data-id=\"a123f39\" data-element_type=\"widget\" data-e-type=\"widget\" data-widget_type=\"text-editor.default\">\n\t\t\t\t<div class=\"elementor-widget-container\">\n\t\t\t\t\t\t\t\t\t<p>Sk\u00fdr<\/p>\t\t\t\t\t\t\t\t<\/div>\n\t\t\t\t<\/div>\n\t\t\t\t<\/div>\n\t\t<div class=\"elementor-element elementor-element-8fee22b e-con-full e-flex e-con e-child\" data-id=\"8fee22b\" data-element_type=\"container\" data-e-type=\"container\">\n\t\t\t\t<div class=\"elementor-element elementor-element-cb991c0 elementor-widget elementor-widget-text-editor\" data-id=\"cb991c0\" data-element_type=\"widget\" data-e-type=\"widget\" data-widget_type=\"text-editor.default\">\n\t\t\t\t<div class=\"elementor-widget-container\">\n\t\t\t\t\t\t\t\t\t<p><span class=\"TextRun SCXW168610995 BCX0\" lang=\"SV-SE\" xml:lang=\"SV-SE\" data-contrast=\"auto\"><span class=\"NormalTextRun SCXW168610995 BCX0\">En <\/span><span class=\"NormalTextRun SCXW168610995 BCX0\">isl\u00e4ndsk matprodukt som landet \u00e4r speciellt k\u00e4nd f\u00f6r \u00e4r <\/span><span class=\"NormalTextRun SCXW168610995 BCX0\">sk\u00fdr<\/span><span class=\"NormalTextRun SCXW168610995 BCX0\">. <\/span><span class=\"NormalTextRun SCXW168610995 BCX0\">Sk\u00fdr<\/span><span class=\"NormalTextRun SCXW168610995 BCX0\"> \u00e4r en proteinrik mj\u00f6lkprodukt som liknar kvarg och yoghurt och som finns att k\u00f6pa i flera olika smaker. <\/span><span class=\"NormalTextRun SCXW168610995 BCX0\">Sk\u00fdr<\/span><span class=\"NormalTextRun SCXW168610995 BCX0\"> \u00e4r ett popul\u00e4rt mellanm\u00e5l p\u00e5 Island och den har vunnit m\u00e4nniskornas hj\u00e4rtan ocks\u00e5 utomlands.<\/span><\/span><span class=\"EOP SCXW168610995 BCX0\" data-ccp-props=\"{&quot;201341983&quot;:0,&quot;335559740&quot;:360}\">\u00a0<\/span><\/p>\t\t\t\t\t\t\t\t<\/div>\n\t\t\t\t<\/div>\n\t\t\t\t<div class=\"elementor-element elementor-element-b2284c0 elementor-widget elementor-widget-text-editor\" data-id=\"b2284c0\" data-element_type=\"widget\" data-e-type=\"widget\" data-widget_type=\"text-editor.default\">\n\t\t\t\t<div class=\"elementor-widget-container\">\n\t\t\t\t\t\t\t\t\t<p><span class=\"TextRun SCXW179644858 BCX0\" lang=\"SV-SE\" xml:lang=\"SV-SE\" data-contrast=\"auto\"><span class=\"NormalTextRun SCXW179644858 BCX0\">Popul\u00e4ra bakverk och desserter p\u00e5 Island \u00e4r <\/span><\/span><span class=\"TextRun SCXW179644858 BCX0\" lang=\"SV-SE\" xml:lang=\"SV-SE\" data-contrast=\"auto\"><span class=\"NormalTextRun SCXW179644858 BCX0\">sn\u00fa\u00f0ur<\/span><\/span><span class=\"TextRun SCXW179644858 BCX0\" lang=\"SV-SE\" xml:lang=\"SV-SE\" data-contrast=\"auto\"><span class=\"NormalTextRun SCXW179644858 BCX0\">, isl\u00e4ndska bullar med <\/span><span class=\"NormalTextRun SCXW179644858 BCX0\">chokladglasyr<\/span><span class=\"NormalTextRun SCXW179644858 BCX0\"> och <\/span><span class=\"NormalTextRun SCXW179644858 BCX0\">kleinur<\/span><span class=\"NormalTextRun SCXW179644858 BCX0\">, isl\u00e4ndska munkar, som ocks\u00e5 \u00e4ts i Danmark och Norge. <\/span><\/span><span class=\"TextRun SCXW179644858 BCX0\" lang=\"SV-SE\" xml:lang=\"SV-SE\" data-contrast=\"auto\"><span class=\"NormalTextRun SCXW179644858 BCX0\">Rj\u00f3mabollur<\/span><\/span><span class=\"TextRun SCXW179644858 BCX0\" lang=\"SV-SE\" xml:lang=\"SV-SE\" data-contrast=\"auto\"><span class=\"NormalTextRun SCXW179644858 BCX0\">, en sorts isl\u00e4ndsk fastlagsbulle med gr\u00e4dde, sylt och <\/span><span class=\"NormalTextRun SCXW179644858 BCX0\">chokladglasyr<\/span><span class=\"NormalTextRun SCXW179644858 BCX0\"> \u00e4r ocks\u00e5 ett m\u00e5ste p\u00e5 <\/span><\/span><span class=\"TextRun SCXW179644858 BCX0\" lang=\"SV-SE\" xml:lang=\"SV-SE\" data-contrast=\"auto\"><span class=\"NormalTextRun SCXW179644858 BCX0\">bolludagur<\/span><\/span><span class=\"TextRun SCXW179644858 BCX0\" lang=\"SV-SE\" xml:lang=\"SV-SE\" data-contrast=\"auto\"><span class=\"NormalTextRun SCXW179644858 BCX0\"> i februari.<\/span><\/span><span class=\"EOP SCXW179644858 BCX0\" data-ccp-props=\"{&quot;201341983&quot;:0,&quot;335559740&quot;:360}\">\u00a0<\/span><\/p>\t\t\t\t\t\t\t\t<\/div>\n\t\t\t\t<\/div>\n\t\t\t\t<\/div>\n\t\t\t\t\t<\/div>\n\t\t\t\t<\/div>\n\t\t<div class=\"elementor-element elementor-element-06976ae e-flex e-con-boxed e-con e-parent\" data-id=\"06976ae\" data-element_type=\"container\" data-e-type=\"container\">\n\t\t\t\t\t<div class=\"e-con-inner\">\n\t\t<div class=\"elementor-element elementor-element-b96ab23 e-flex e-con-boxed e-con e-child\" data-id=\"b96ab23\" data-element_type=\"container\" data-e-type=\"container\">\n\t\t\t\t\t<div class=\"e-con-inner\">\n\t\t\t\t<div class=\"elementor-element elementor-element-3f77a64 elementor-widget elementor-widget-spacer\" data-id=\"3f77a64\" data-element_type=\"widget\" data-e-type=\"widget\" data-widget_type=\"spacer.default\">\n\t\t\t\t<div class=\"elementor-widget-container\">\n\t\t\t\t\t\t\t<div class=\"elementor-spacer\">\n\t\t\t<div class=\"elementor-spacer-inner\"><\/div>\n\t\t<\/div>\n\t\t\t\t\t\t<\/div>\n\t\t\t\t<\/div>\n\t\t\t\t<div class=\"elementor-element elementor-element-a2066c4 elementor-widget elementor-widget-heading\" data-id=\"a2066c4\" data-element_type=\"widget\" data-e-type=\"widget\" data-widget_type=\"heading.default\">\n\t\t\t\t<div class=\"elementor-widget-container\">\n\t\t\t\t\t<h3 class=\"elementor-heading-title elementor-size-default\">Traditionella matr\u00e4tter<\/h3>\t\t\t\t<\/div>\n\t\t\t\t<\/div>\n\t\t\t\t\t<\/div>\n\t\t\t\t<\/div>\n\t\t\t\t\t<\/div>\n\t\t\t\t<\/div>\n\t\t<div class=\"elementor-element elementor-element-c8bdfca e-flex e-con-boxed e-con e-parent\" data-id=\"c8bdfca\" data-element_type=\"container\" data-e-type=\"container\">\n\t\t\t\t\t<div class=\"e-con-inner\">\n\t\t\t\t<div class=\"elementor-element elementor-element-0ec1f18 elementor-widget elementor-widget-spacer\" data-id=\"0ec1f18\" data-element_type=\"widget\" data-e-type=\"widget\" data-widget_type=\"spacer.default\">\n\t\t\t\t<div class=\"elementor-widget-container\">\n\t\t\t\t\t\t\t<div class=\"elementor-spacer\">\n\t\t\t<div class=\"elementor-spacer-inner\"><\/div>\n\t\t<\/div>\n\t\t\t\t\t\t<\/div>\n\t\t\t\t<\/div>\n\t\t\t\t<div class=\"elementor-element elementor-element-abd1c81 elementor-widget elementor-widget-text-editor\" data-id=\"abd1c81\" data-element_type=\"widget\" data-e-type=\"widget\" data-widget_type=\"text-editor.default\">\n\t\t\t\t<div class=\"elementor-widget-container\">\n\t\t\t\t\t\t\t\t\t<ul><li>Plokkfiskur \u2013 fiskgrat\u00e4ng<\/li><li>Pylsur \u2013 isl\u00e4ndsk varm korv<\/li><li>Kj\u00f6tsupa \u2013 k\u00f6ttsoppa av lamm<\/li><li>R\u00fagbrau\u00f0 \u2013 isl\u00e4ndskt r\u00e5gbr\u00f6d<\/li><li>Hummer<\/li><li>Kleinur<\/li><li>Kj\u00f6tsupa (kj\u00f6ttsoppa)<\/li><li>Skyrkaka\u00a0<\/li><li>P\u00f6nnuk\u00f6kur (pannkakor)<\/li><li>Sn\u00fa\u00f0ur (isl\u00e4ndska kanelbullar)<\/li><\/ul>\t\t\t\t\t\t\t\t<\/div>\n\t\t\t\t<\/div>\n\t\t\t\t<div class=\"elementor-element elementor-element-5f6b10c elementor-widget elementor-widget-heading\" data-id=\"5f6b10c\" data-element_type=\"widget\" data-e-type=\"widget\" data-widget_type=\"heading.default\">\n\t\t\t\t<div class=\"elementor-widget-container\">\n\t\t\t\t\t<h3 class=\"elementor-heading-title elementor-size-default\">Testa laga sj\u00e4lv!<\/h3>\t\t\t\t<\/div>\n\t\t\t\t<\/div>\n\t\t\t\t<div class=\"elementor-element elementor-element-efd3347 elementor-widget elementor-widget-text-editor\" data-id=\"efd3347\" data-element_type=\"widget\" data-e-type=\"widget\" data-widget_type=\"text-editor.default\">\n\t\t\t\t<div class=\"elementor-widget-container\">\n\t\t\t\t\t\t\t\t\t<p><span class=\"TextRun SCXW189417506 BCX0\" lang=\"SV-SE\" xml:lang=\"SV-SE\" data-contrast=\"auto\"><span class=\"NormalTextRun SCXW189417506 BCX0\">Recept: <\/span><a href=\"https:\/\/www.icelandfoodcentre.com\/skyrterta-skyr-cake\/\" target=\"_blank\" rel=\"noopener\"><span class=\"NormalTextRun SCXW189417506 BCX0\" style=\"color: #0000ff;\">Skyrkaka<\/span><\/a><\/span><span class=\"EOP SCXW189417506 BCX0\" style=\"color: #000000;\" data-ccp-props=\"{}\"> (p\u00e5 engelska)<\/span><\/p>\t\t\t\t\t\t\t\t<\/div>\n\t\t\t\t<\/div>\n\t\t\t\t<div class=\"elementor-element elementor-element-8d8ac55 elementor-widget elementor-widget-spacer\" data-id=\"8d8ac55\" data-element_type=\"widget\" data-e-type=\"widget\" data-widget_type=\"spacer.default\">\n\t\t\t\t<div class=\"elementor-widget-container\">\n\t\t\t\t\t\t\t<div class=\"elementor-spacer\">\n\t\t\t<div class=\"elementor-spacer-inner\"><\/div>\n\t\t<\/div>\n\t\t\t\t\t\t<\/div>\n\t\t\t\t<\/div>\n\t\t\t\t\t<\/div>\n\t\t\t\t<\/div>\n\t\t\t\t<\/div>\n\t\t","protected":false},"excerpt":{"rendered":"<p>Isl\u00e4ndsk matkultur Eftersom Island \u00e4r en \u00f6 \u00e4r det kanske inte \u00f6verraskande att fisk \u00e4r en viktig r\u00e5vara i det isl\u00e4ndska k\u00f6ket. I till\u00e4gg till havets sk\u00f6rd best\u00e5r husmanskosten av k\u00f6tt, oftast lamm, mejeriprodukter och potatis. P\u00e5 grund av det kyliga klimatet och den korta sk\u00f6rdetiden har isl\u00e4nningarna ocks\u00e5 varit bra p\u00e5 att f\u00f6rvara maten. [&hellip;]<\/p>\n","protected":false},"author":2,"featured_media":0,"parent":0,"menu_order":0,"comment_status":"closed","ping_status":"closed","template":"elementor_header_footer","meta":{"footnotes":""},"class_list":["post-774","page","type-page","status-publish","hentry"],"_links":{"self":[{"href":"https:\/\/svenskanu.fi\/laromaterial\/navigerainorden\/wp-json\/wp\/v2\/pages\/774","targetHints":{"allow":["GET"]}}],"collection":[{"href":"https:\/\/svenskanu.fi\/laromaterial\/navigerainorden\/wp-json\/wp\/v2\/pages"}],"about":[{"href":"https:\/\/svenskanu.fi\/laromaterial\/navigerainorden\/wp-json\/wp\/v2\/types\/page"}],"author":[{"embeddable":true,"href":"https:\/\/svenskanu.fi\/laromaterial\/navigerainorden\/wp-json\/wp\/v2\/users\/2"}],"replies":[{"embeddable":true,"href":"https:\/\/svenskanu.fi\/laromaterial\/navigerainorden\/wp-json\/wp\/v2\/comments?post=774"}],"version-history":[{"count":37,"href":"https:\/\/svenskanu.fi\/laromaterial\/navigerainorden\/wp-json\/wp\/v2\/pages\/774\/revisions"}],"predecessor-version":[{"id":3165,"href":"https:\/\/svenskanu.fi\/laromaterial\/navigerainorden\/wp-json\/wp\/v2\/pages\/774\/revisions\/3165"}],"wp:attachment":[{"href":"https:\/\/svenskanu.fi\/laromaterial\/navigerainorden\/wp-json\/wp\/v2\/media?parent=774"}],"curies":[{"name":"wp","href":"https:\/\/api.w.org\/{rel}","templated":true}]}}