{"id":30,"date":"2024-08-12T13:42:03","date_gmt":"2024-08-12T10:42:03","guid":{"rendered":"https:\/\/svenskanu.fi\/laromaterial\/norden-i-ett-notskal\/?page_id=30"},"modified":"2026-04-01T15:17:44","modified_gmt":"2026-04-01T12:17:44","slug":"uppgifter","status":"publish","type":"page","link":"https:\/\/svenskanu.fi\/laromaterial\/norden-i-ett-notskal\/uppgifter\/","title":{"rendered":"Uppgifter"},"content":{"rendered":"\t\t<div data-elementor-type=\"wp-page\" data-elementor-id=\"30\" class=\"elementor elementor-30\" data-elementor-post-type=\"page\">\n\t\t\t\t<div class=\"elementor-element elementor-element-3ed83ec e-flex e-con-boxed e-con e-parent\" data-id=\"3ed83ec\" data-element_type=\"container\" data-e-type=\"container\">\n\t\t\t\t\t<div class=\"e-con-inner\">\n\t\t\t\t<div class=\"elementor-element elementor-element-b9e3993 elementor-widget elementor-widget-spacer\" data-id=\"b9e3993\" data-element_type=\"widget\" data-e-type=\"widget\" data-widget_type=\"spacer.default\">\n\t\t\t\t<div class=\"elementor-widget-container\">\n\t\t\t\t\t\t\t<div class=\"elementor-spacer\">\n\t\t\t<div class=\"elementor-spacer-inner\"><\/div>\n\t\t<\/div>\n\t\t\t\t\t\t<\/div>\n\t\t\t\t<\/div>\n\t\t\t\t<div class=\"elementor-element elementor-element-7e2bae6 elementor-widget elementor-widget-image\" data-id=\"7e2bae6\" data-element_type=\"widget\" data-e-type=\"widget\" data-widget_type=\"image.default\">\n\t\t\t\t<div class=\"elementor-widget-container\">\n\t\t\t\t\t\t\t\t\t\t\t\t\t\t\t<img decoding=\"async\" src=\"https:\/\/svenskanu.fi\/laromaterial\/norden-i-ett-notskal\/wp-content\/uploads\/elementor\/thumbs\/shutterstock_425100892-scaled-e1740576647180-r22rb0n3uo8pkavwj7j8jw00v61vtbv6axabg1drig.jpg\" title=\"shutterstock_425100892\" alt=\"shutterstock_425100892\" loading=\"lazy\" \/>\t\t\t\t\t\t\t\t\t\t\t\t\t\t\t<\/div>\n\t\t\t\t<\/div>\n\t\t\t\t<div class=\"elementor-element elementor-element-f0ab92d elementor-widget elementor-widget-spacer\" data-id=\"f0ab92d\" data-element_type=\"widget\" data-e-type=\"widget\" data-widget_type=\"spacer.default\">\n\t\t\t\t<div class=\"elementor-widget-container\">\n\t\t\t\t\t\t\t<div class=\"elementor-spacer\">\n\t\t\t<div class=\"elementor-spacer-inner\"><\/div>\n\t\t<\/div>\n\t\t\t\t\t\t<\/div>\n\t\t\t\t<\/div>\n\t\t\t\t<div class=\"elementor-element elementor-element-8211e3f elementor-widget elementor-widget-heading\" data-id=\"8211e3f\" data-element_type=\"widget\" data-e-type=\"widget\" data-widget_type=\"heading.default\">\n\t\t\t\t<div class=\"elementor-widget-container\">\n\t\t\t\t\t<h2 class=\"elementor-heading-title elementor-size-default\">Uppgifter<\/h2>\t\t\t\t<\/div>\n\t\t\t\t<\/div>\n\t\t\t\t\t<\/div>\n\t\t\t\t<\/div>\n\t\t<div class=\"elementor-element elementor-element-148efea e-flex e-con-boxed e-con e-parent\" data-id=\"148efea\" data-element_type=\"container\" data-e-type=\"container\">\n\t\t\t\t\t<div class=\"e-con-inner\">\n\t\t\t\t<div class=\"elementor-element elementor-element-2956033 elementor-widget elementor-widget-spacer\" data-id=\"2956033\" data-element_type=\"widget\" data-e-type=\"widget\" data-widget_type=\"spacer.default\">\n\t\t\t\t<div class=\"elementor-widget-container\">\n\t\t\t\t\t\t\t<div class=\"elementor-spacer\">\n\t\t\t<div class=\"elementor-spacer-inner\"><\/div>\n\t\t<\/div>\n\t\t\t\t\t\t<\/div>\n\t\t\t\t<\/div>\n\t\t\t\t<div class=\"elementor-element elementor-element-78893fe elementor-widget elementor-widget-text-editor\" data-id=\"78893fe\" data-element_type=\"widget\" data-e-type=\"widget\" data-widget_type=\"text-editor.default\">\n\t\t\t\t<div class=\"elementor-widget-container\">\n\t\t\t\t\t\t\t\t\t<ul><li>Skriv ut texterna som en l\u00e4sf\u00f6rst\u00e5else\u00f6vning<ul><li><a href=\"https:\/\/svenskanu.fi\/laromaterial\/norden-i-ett-notskal\/wp-content\/uploads\/2025\/04\/Text-Danmark.pdf\" target=\"_blank\" rel=\"noopener\">Danmark<\/a><\/li><li><a href=\"https:\/\/svenskanu.fi\/laromaterial\/norden-i-ett-notskal\/wp-content\/uploads\/2025\/04\/Text-Faroarna.pdf\" target=\"_blank\" rel=\"noopener\">F\u00e4r\u00f6arna<\/a><\/li><li><a href=\"https:\/\/svenskanu.fi\/laromaterial\/norden-i-ett-notskal\/wp-content\/uploads\/2025\/04\/Text-Gronland.pdf\" target=\"_blank\" rel=\"noopener\">Gr\u00f6nland<\/a><\/li><li><a href=\"https:\/\/svenskanu.fi\/laromaterial\/norden-i-ett-notskal\/wp-content\/uploads\/2025\/04\/Text-Finland.pdf\" target=\"_blank\" rel=\"noopener\">Finland<\/a><\/li><li><a href=\"https:\/\/svenskanu.fi\/laromaterial\/norden-i-ett-notskal\/wp-content\/uploads\/2025\/04\/Text-Aland.pdf\" target=\"_blank\" rel=\"noopener\">\u00c5land<\/a><\/li><li><a href=\"https:\/\/svenskanu.fi\/laromaterial\/norden-i-ett-notskal\/wp-content\/uploads\/2025\/04\/Text-Island.pdf\" target=\"_blank\" rel=\"noopener\">Island<\/a><\/li><li><a href=\"https:\/\/svenskanu.fi\/laromaterial\/norden-i-ett-notskal\/wp-content\/uploads\/2025\/04\/Text-Norge.pdf\" target=\"_blank\" rel=\"noopener\">Norge<\/a><\/li><li><a href=\"https:\/\/svenskanu.fi\/laromaterial\/norden-i-ett-notskal\/wp-content\/uploads\/2025\/04\/Text-Svalbard.pdf\" target=\"_blank\" rel=\"noopener\">Svalbard<\/a><\/li><li><a href=\"https:\/\/svenskanu.fi\/laromaterial\/norden-i-ett-notskal\/wp-content\/uploads\/2025\/04\/Text-Sverige.pdf\" target=\"_blank\" rel=\"noopener\">Sverige<\/a><\/li><\/ul><\/li><\/ul>\t\t\t\t\t\t\t\t<\/div>\n\t\t\t\t<\/div>\n\t\t\t\t<div class=\"elementor-element elementor-element-1cf2217 elementor-widget elementor-widget-text-editor\" data-id=\"1cf2217\" data-element_type=\"widget\" data-e-type=\"widget\" data-widget_type=\"text-editor.default\">\n\t\t\t\t<div class=\"elementor-widget-container\">\n\t\t\t\t\t\t\t\t\t<ul><li>Min resa i Norden:<ul><li>Planera en resa till ett Nordiskt land. <a href=\"https:\/\/svenskanu.fi\/laromaterial\/norden-i-ett-notskal\/wp-content\/uploads\/2025\/03\/Reseplan-Norden-i-ett-notskal-2.pdf\">Ladda ner en f\u00e4rdig mall.<\/a><\/li><li>Skriv ett meddelande och bjud in en kompis p\u00e5 en resa! <a href=\"https:\/\/svenskanu.fi\/laromaterial\/norden-i-ett-notskal\/wp-content\/uploads\/2025\/03\/Skriv-ett-meddelande.pdf\">Ladda ner en f\u00e4rdig mall.<\/a><\/li><\/ul><\/li><\/ul>\t\t\t\t\t\t\t\t<\/div>\n\t\t\t\t<\/div>\n\t\t\t\t<div class=\"elementor-element elementor-element-c41e819 elementor-widget elementor-widget-text-editor\" data-id=\"c41e819\" data-element_type=\"widget\" data-e-type=\"widget\" data-widget_type=\"text-editor.default\">\n\t\t\t\t<div class=\"elementor-widget-container\">\n\t\t\t\t\t\t\t\t\t<ul><li>Fr\u00e5gesport om Norden<ul><li><a href=\"https:\/\/svenskanu.fi\/laromaterial\/norden-i-ett-notskal\/wp-content\/uploads\/2025\/03\/Norden-spel-Norden-i-ett-notskal.pdf\">Skriv ut fr\u00e5gesporten. <\/a>H\u00e4ng fr\u00e5gorna p\u00e5 klassrummets v\u00e4ggar, l\u00e5t eleverna g\u00e5 runt i klassrummet och svara p\u00e5 fr\u00e5gorna i sm\u00e5 grupper.\u00a0<\/li><li><a href=\"https:\/\/7aqbefef1xr.typeform.com\/to\/sL0PwjhM\" target=\"_blank\" rel=\"noopener\">G\u00f6r fr\u00e5gesporten digitalt.<\/a>\u00a0<\/li><\/ul><\/li><\/ul>\t\t\t\t\t\t\t\t<\/div>\n\t\t\t\t<\/div>\n\t\t\t\t<div class=\"elementor-element elementor-element-ee311ab elementor-widget elementor-widget-text-editor\" data-id=\"ee311ab\" data-element_type=\"widget\" data-e-type=\"widget\" data-widget_type=\"text-editor.default\">\n\t\t\t\t<div class=\"elementor-widget-container\">\n\t\t\t\t\t\t\t\t\t<ul><li>Testa ert ordf\u00f6rr\u00e5d med <a href=\"https:\/\/svenskanu.fi\/laromaterial\/norden-i-ett-notskal\/wp-content\/uploads\/2026\/01\/Kategorileken_Upptack-Norden.pdf\">kategorileken<\/a>. <span class=\"a_GcMg font-feature-liga-off font-feature-clig-off font-feature-calt-off text-decoration-none text-strikethrough-none\">Eleverna f\u00e5r en tabell med kategorier som ska fyllas med ord som har med Norden att g\u00f6ra.<\/span>\u00a0<\/li><\/ul>\t\t\t\t\t\t\t\t<\/div>\n\t\t\t\t<\/div>\n\t\t\t\t<div class=\"elementor-element elementor-element-41198fa elementor-widget elementor-widget-text-editor\" data-id=\"41198fa\" data-element_type=\"widget\" data-e-type=\"widget\" data-widget_type=\"text-editor.default\">\n\t\t\t\t<div class=\"elementor-widget-container\">\n\t\t\t\t\t\t\t\t\t<ul><li>Vad vet du om Norden? <a href=\"https:\/\/svenskanu.fi\/laromaterial\/norden-i-ett-notskal\/wp-content\/uploads\/2025\/03\/Norden-i-ett-notskal_bildkort_Norden.pdf\">Ladda ner f\u00e4rdiga kort<\/a> och sortera dem enligt r\u00e4tt land. R\u00e4tta svaren hittar du p\u00e5 andra sidan av kortet. Med l\u00e4ngre hunna elever kan man ocks\u00e5 anv\u00e4nda korten f\u00f6r att spela Alias.<\/li><\/ul>\t\t\t\t\t\t\t\t<\/div>\n\t\t\t\t<\/div>\n\t\t\t\t<div class=\"elementor-element elementor-element-1e008f7 elementor-widget elementor-widget-text-editor\" data-id=\"1e008f7\" data-element_type=\"widget\" data-e-type=\"widget\" data-widget_type=\"text-editor.default\">\n\t\t\t\t<div class=\"elementor-widget-container\">\n\t\t\t\t\t\t\t\t\t<ul><li>Bekanta dig med Nordisk musik med hj\u00e4lp av materialet <a href=\"https:\/\/svenskanu.fi\/laromaterial\/musiksaininorden\/\" target=\"_blank\" rel=\"noopener\">Musik s\u00e5 in i Norden<\/a><\/li><\/ul>\t\t\t\t\t\t\t\t<\/div>\n\t\t\t\t<\/div>\n\t\t\t\t<div class=\"elementor-element elementor-element-6e4d288 elementor-widget elementor-widget-text-editor\" data-id=\"6e4d288\" data-element_type=\"widget\" data-e-type=\"widget\" data-widget_type=\"text-editor.default\">\n\t\t\t\t<div class=\"elementor-widget-container\">\n\t\t\t\t\t\t\t\t\t<ul><li>Nordiska flaggor<ul><li><a href=\"http:\/\/svenskanufi.test.cchosting.fi\/laromaterial\/wp-content\/uploads\/2017\/09\/Svenska-nu-Nordiska-flaggor.pdf\">Skriv ut alla de nordiska flaggorna<\/a><\/li><li>Skriv ut botten p\u00e5 flaggorna f\u00f6r f\u00e4rgl\u00e4ggning:<ul><li><a href=\"https:\/\/svenskanu.fi\/laromaterial\/wp-content\/uploads\/2021\/02\/Flaggor-print-IS-NO-FO.pdf\">Norges, Islands och F\u00e4r\u00f6arnas flagga<\/a><\/li><li><a href=\"https:\/\/svenskanu.fi\/laromaterial\/wp-content\/uploads\/2021\/02\/Flaggor-print-FIN-SVE-DK.pdf\">Finlands, Sveriges och Danmarks flagga<\/a><\/li><\/ul><\/li><\/ul><\/li><\/ul>\t\t\t\t\t\t\t\t<\/div>\n\t\t\t\t<\/div>\n\t\t\t\t<div class=\"elementor-element elementor-element-e701ea7 elementor-widget elementor-widget-text-editor\" data-id=\"e701ea7\" data-element_type=\"widget\" data-e-type=\"widget\" data-widget_type=\"text-editor.default\">\n\t\t\t\t<div class=\"elementor-widget-container\">\n\t\t\t\t\t\t\t\t\t<ul><li>Skriv ut <a href=\"https:\/\/svenskanu.fi\/laromaterial\/wp-content\/uploads\/2023\/09\/Svenska_nu_Karta_Norden.pdf\">en karta \u00f6ver Norden<\/a><\/li><\/ul>\t\t\t\t\t\t\t\t<\/div>\n\t\t\t\t<\/div>\n\t\t\t\t<div class=\"elementor-element elementor-element-ff2ef1f elementor-widget elementor-widget-text-editor\" data-id=\"ff2ef1f\" data-element_type=\"widget\" data-e-type=\"widget\" data-widget_type=\"text-editor.default\">\n\t\t\t\t<div class=\"elementor-widget-container\">\n\t\t\t\t\t\t\t\t\t<ul><li>Ladda ner <a href=\"https:\/\/svenskanu.fi\/laromaterial\/norden-i-ett-notskal\/wp-content\/uploads\/2026\/01\/Norden_flaggor_farglagg.pdf\">f\u00e4rgl\u00e4ggningsbilder om de nordiska l\u00e4nderna<\/a><\/li><\/ul>\t\t\t\t\t\t\t\t<\/div>\n\t\t\t\t<\/div>\n\t\t\t\t\t<\/div>\n\t\t\t\t<\/div>\n\t\t<div class=\"elementor-element elementor-element-d57d64d e-flex e-con-boxed e-con e-parent\" data-id=\"d57d64d\" data-element_type=\"container\" data-e-type=\"container\">\n\t\t\t\t\t<div class=\"e-con-inner\">\n\t\t\t\t<div class=\"elementor-element elementor-element-091729c elementor-widget elementor-widget-spacer\" data-id=\"091729c\" data-element_type=\"widget\" data-e-type=\"widget\" data-widget_type=\"spacer.default\">\n\t\t\t\t<div class=\"elementor-widget-container\">\n\t\t\t\t\t\t\t<div class=\"elementor-spacer\">\n\t\t\t<div class=\"elementor-spacer-inner\"><\/div>\n\t\t<\/div>\n\t\t\t\t\t\t<\/div>\n\t\t\t\t<\/div>\n\t\t\t\t\t<\/div>\n\t\t\t\t<\/div>\n\t\t\t\t<\/div>\n\t\t","protected":false},"excerpt":{"rendered":"<p>Uppgifter Skriv ut texterna som en l\u00e4sf\u00f6rst\u00e5else\u00f6vning Danmark F\u00e4r\u00f6arna Gr\u00f6nland Finland \u00c5land Island Norge Svalbard Sverige Min resa i Norden: Planera en resa till ett Nordiskt land. Ladda ner en f\u00e4rdig mall. Skriv ett meddelande och bjud in en kompis p\u00e5 en resa! Ladda ner en f\u00e4rdig mall. Fr\u00e5gesport om Norden Skriv ut fr\u00e5gesporten. H\u00e4ng [&hellip;]<\/p>\n","protected":false},"author":1,"featured_media":0,"parent":0,"menu_order":0,"comment_status":"closed","ping_status":"closed","template":"elementor_header_footer","meta":{"footnotes":""},"class_list":["post-30","page","type-page","status-publish","hentry"],"yoast_head":"<!-- This site is optimized with the Yoast SEO plugin v24.7 - https:\/\/yoast.com\/wordpress\/plugins\/seo\/ -->\n<title>Uppgifter - Norden i ett n\u00f6tskal<\/title>\n<meta name=\"robots\" content=\"index, follow, max-snippet:-1, max-image-preview:large, max-video-preview:-1\" \/>\n<link rel=\"canonical\" href=\"https:\/\/svenskanu.fi\/laromaterial\/norden-i-ett-notskal\/uppgifter\/\" \/>\n<meta property=\"og:locale\" content=\"fi_FI\" \/>\n<meta property=\"og:type\" content=\"article\" \/>\n<meta property=\"og:title\" content=\"Uppgifter - Norden i ett n\u00f6tskal\" \/>\n<meta property=\"og:description\" content=\"Uppgifter Skriv ut texterna som en l\u00e4sf\u00f6rst\u00e5else\u00f6vning Danmark F\u00e4r\u00f6arna Gr\u00f6nland Finland \u00c5land Island Norge Svalbard Sverige Min resa i Norden: Planera en resa till ett Nordiskt land. Ladda ner en f\u00e4rdig mall. Skriv ett meddelande och bjud in en kompis p\u00e5 en resa! Ladda ner en f\u00e4rdig mall. Fr\u00e5gesport om Norden Skriv ut fr\u00e5gesporten. H\u00e4ng [&hellip;]\" \/>\n<meta property=\"og:url\" content=\"https:\/\/svenskanu.fi\/laromaterial\/norden-i-ett-notskal\/uppgifter\/\" \/>\n<meta property=\"og:site_name\" content=\"Norden i ett n\u00f6tskal\" \/>\n<meta property=\"article:modified_time\" content=\"2026-04-01T12:17:44+00:00\" \/>\n<meta property=\"og:image\" content=\"https:\/\/svenskanu.fi\/laromaterial\/norden-i-ett-notskal\/wp-content\/uploads\/elementor\/thumbs\/shutterstock_425100892-scaled-e1740576647180-r22rb0n3uo8pkavwj7j8jw00v61vtbv6axabg1drig.jpg\" \/>\n<meta name=\"twitter:card\" content=\"summary_large_image\" \/>\n<meta name=\"twitter:label1\" content=\"Arvioitu lukuaika\" \/>\n\t<meta name=\"twitter:data1\" content=\"2 minuuttia\" \/>\n<script type=\"application\/ld+json\" class=\"yoast-schema-graph\">{\"@context\":\"https:\/\/schema.org\",\"@graph\":[{\"@type\":\"WebPage\",\"@id\":\"https:\/\/svenskanu.fi\/laromaterial\/norden-i-ett-notskal\/uppgifter\/\",\"url\":\"https:\/\/svenskanu.fi\/laromaterial\/norden-i-ett-notskal\/uppgifter\/\",\"name\":\"Uppgifter - Norden i ett n\u00f6tskal\",\"isPartOf\":{\"@id\":\"https:\/\/svenskanu.fi\/laromaterial\/norden-i-ett-notskal\/#website\"},\"primaryImageOfPage\":{\"@id\":\"https:\/\/svenskanu.fi\/laromaterial\/norden-i-ett-notskal\/uppgifter\/#primaryimage\"},\"image\":{\"@id\":\"https:\/\/svenskanu.fi\/laromaterial\/norden-i-ett-notskal\/uppgifter\/#primaryimage\"},\"thumbnailUrl\":\"https:\/\/svenskanu.fi\/laromaterial\/norden-i-ett-notskal\/wp-content\/uploads\/elementor\/thumbs\/shutterstock_425100892-scaled-e1740576647180-r22rb0n3uo8pkavwj7j8jw00v61vtbv6axabg1drig.jpg\",\"datePublished\":\"2024-08-12T10:42:03+00:00\",\"dateModified\":\"2026-04-01T12:17:44+00:00\",\"breadcrumb\":{\"@id\":\"https:\/\/svenskanu.fi\/laromaterial\/norden-i-ett-notskal\/uppgifter\/#breadcrumb\"},\"inLanguage\":\"fi\",\"potentialAction\":[{\"@type\":\"ReadAction\",\"target\":[\"https:\/\/svenskanu.fi\/laromaterial\/norden-i-ett-notskal\/uppgifter\/\"]}]},{\"@type\":\"ImageObject\",\"inLanguage\":\"fi\",\"@id\":\"https:\/\/svenskanu.fi\/laromaterial\/norden-i-ett-notskal\/uppgifter\/#primaryimage\",\"url\":\"https:\/\/svenskanu.fi\/laromaterial\/norden-i-ett-notskal\/wp-content\/uploads\/elementor\/thumbs\/shutterstock_425100892-scaled-e1740576647180-r22rb0n3uo8pkavwj7j8jw00v61vtbv6axabg1drig.jpg\",\"contentUrl\":\"https:\/\/svenskanu.fi\/laromaterial\/norden-i-ett-notskal\/wp-content\/uploads\/elementor\/thumbs\/shutterstock_425100892-scaled-e1740576647180-r22rb0n3uo8pkavwj7j8jw00v61vtbv6axabg1drig.jpg\"},{\"@type\":\"BreadcrumbList\",\"@id\":\"https:\/\/svenskanu.fi\/laromaterial\/norden-i-ett-notskal\/uppgifter\/#breadcrumb\",\"itemListElement\":[{\"@type\":\"ListItem\",\"position\":1,\"name\":\"Etusivu\",\"item\":\"https:\/\/svenskanu.fi\/laromaterial\/norden-i-ett-notskal\/\"},{\"@type\":\"ListItem\",\"position\":2,\"name\":\"Uppgifter\"}]},{\"@type\":\"WebSite\",\"@id\":\"https:\/\/svenskanu.fi\/laromaterial\/norden-i-ett-notskal\/#website\",\"url\":\"https:\/\/svenskanu.fi\/laromaterial\/norden-i-ett-notskal\/\",\"name\":\"Norden i ett n\u00f6tskal\",\"description\":\"Norden i ett n\u00f6tskal \u00e4r ett l\u00e4romaterial som introducerar v\u00e5ra grannar i Norden.\",\"publisher\":{\"@id\":\"https:\/\/svenskanu.fi\/laromaterial\/norden-i-ett-notskal\/#organization\"},\"potentialAction\":[{\"@type\":\"SearchAction\",\"target\":{\"@type\":\"EntryPoint\",\"urlTemplate\":\"https:\/\/svenskanu.fi\/laromaterial\/norden-i-ett-notskal\/?s={search_term_string}\"},\"query-input\":{\"@type\":\"PropertyValueSpecification\",\"valueRequired\":true,\"valueName\":\"search_term_string\"}}],\"inLanguage\":\"fi\"},{\"@type\":\"Organization\",\"@id\":\"https:\/\/svenskanu.fi\/laromaterial\/norden-i-ett-notskal\/#organization\",\"name\":\"Norden i ett n\u00f6tskal\",\"url\":\"https:\/\/svenskanu.fi\/laromaterial\/norden-i-ett-notskal\/\",\"logo\":{\"@type\":\"ImageObject\",\"inLanguage\":\"fi\",\"@id\":\"https:\/\/svenskanu.fi\/laromaterial\/norden-i-ett-notskal\/#\/schema\/logo\/image\/\",\"url\":\"https:\/\/svenskanu.fi\/laromaterial\/norden-i-ett-notskal\/wp-content\/uploads\/2024\/08\/Norden-i-ett-notskal-rektangel.png\",\"contentUrl\":\"https:\/\/svenskanu.fi\/laromaterial\/norden-i-ett-notskal\/wp-content\/uploads\/2024\/08\/Norden-i-ett-notskal-rektangel.png\",\"width\":500,\"height\":200,\"caption\":\"Norden i ett n\u00f6tskal\"},\"image\":{\"@id\":\"https:\/\/svenskanu.fi\/laromaterial\/norden-i-ett-notskal\/#\/schema\/logo\/image\/\"}}]}<\/script>\n<!-- \/ Yoast SEO plugin. -->","yoast_head_json":{"title":"Uppgifter - Norden i ett n\u00f6tskal","robots":{"index":"index","follow":"follow","max-snippet":"max-snippet:-1","max-image-preview":"max-image-preview:large","max-video-preview":"max-video-preview:-1"},"canonical":"https:\/\/svenskanu.fi\/laromaterial\/norden-i-ett-notskal\/uppgifter\/","og_locale":"fi_FI","og_type":"article","og_title":"Uppgifter - Norden i ett n\u00f6tskal","og_description":"Uppgifter Skriv ut texterna som en l\u00e4sf\u00f6rst\u00e5else\u00f6vning Danmark F\u00e4r\u00f6arna Gr\u00f6nland Finland \u00c5land Island Norge Svalbard Sverige Min resa i Norden: Planera en resa till ett Nordiskt land. Ladda ner en f\u00e4rdig mall. Skriv ett meddelande och bjud in en kompis p\u00e5 en resa! Ladda ner en f\u00e4rdig mall. Fr\u00e5gesport om Norden Skriv ut fr\u00e5gesporten. H\u00e4ng [&hellip;]","og_url":"https:\/\/svenskanu.fi\/laromaterial\/norden-i-ett-notskal\/uppgifter\/","og_site_name":"Norden i ett n\u00f6tskal","article_modified_time":"2026-04-01T12:17:44+00:00","og_image":[{"url":"https:\/\/svenskanu.fi\/laromaterial\/norden-i-ett-notskal\/wp-content\/uploads\/elementor\/thumbs\/shutterstock_425100892-scaled-e1740576647180-r22rb0n3uo8pkavwj7j8jw00v61vtbv6axabg1drig.jpg","type":"","width":"","height":""}],"twitter_card":"summary_large_image","twitter_misc":{"Arvioitu lukuaika":"2 minuuttia"},"schema":{"@context":"https:\/\/schema.org","@graph":[{"@type":"WebPage","@id":"https:\/\/svenskanu.fi\/laromaterial\/norden-i-ett-notskal\/uppgifter\/","url":"https:\/\/svenskanu.fi\/laromaterial\/norden-i-ett-notskal\/uppgifter\/","name":"Uppgifter - Norden i ett n\u00f6tskal","isPartOf":{"@id":"https:\/\/svenskanu.fi\/laromaterial\/norden-i-ett-notskal\/#website"},"primaryImageOfPage":{"@id":"https:\/\/svenskanu.fi\/laromaterial\/norden-i-ett-notskal\/uppgifter\/#primaryimage"},"image":{"@id":"https:\/\/svenskanu.fi\/laromaterial\/norden-i-ett-notskal\/uppgifter\/#primaryimage"},"thumbnailUrl":"https:\/\/svenskanu.fi\/laromaterial\/norden-i-ett-notskal\/wp-content\/uploads\/elementor\/thumbs\/shutterstock_425100892-scaled-e1740576647180-r22rb0n3uo8pkavwj7j8jw00v61vtbv6axabg1drig.jpg","datePublished":"2024-08-12T10:42:03+00:00","dateModified":"2026-04-01T12:17:44+00:00","breadcrumb":{"@id":"https:\/\/svenskanu.fi\/laromaterial\/norden-i-ett-notskal\/uppgifter\/#breadcrumb"},"inLanguage":"fi","potentialAction":[{"@type":"ReadAction","target":["https:\/\/svenskanu.fi\/laromaterial\/norden-i-ett-notskal\/uppgifter\/"]}]},{"@type":"ImageObject","inLanguage":"fi","@id":"https:\/\/svenskanu.fi\/laromaterial\/norden-i-ett-notskal\/uppgifter\/#primaryimage","url":"https:\/\/svenskanu.fi\/laromaterial\/norden-i-ett-notskal\/wp-content\/uploads\/elementor\/thumbs\/shutterstock_425100892-scaled-e1740576647180-r22rb0n3uo8pkavwj7j8jw00v61vtbv6axabg1drig.jpg","contentUrl":"https:\/\/svenskanu.fi\/laromaterial\/norden-i-ett-notskal\/wp-content\/uploads\/elementor\/thumbs\/shutterstock_425100892-scaled-e1740576647180-r22rb0n3uo8pkavwj7j8jw00v61vtbv6axabg1drig.jpg"},{"@type":"BreadcrumbList","@id":"https:\/\/svenskanu.fi\/laromaterial\/norden-i-ett-notskal\/uppgifter\/#breadcrumb","itemListElement":[{"@type":"ListItem","position":1,"name":"Etusivu","item":"https:\/\/svenskanu.fi\/laromaterial\/norden-i-ett-notskal\/"},{"@type":"ListItem","position":2,"name":"Uppgifter"}]},{"@type":"WebSite","@id":"https:\/\/svenskanu.fi\/laromaterial\/norden-i-ett-notskal\/#website","url":"https:\/\/svenskanu.fi\/laromaterial\/norden-i-ett-notskal\/","name":"Norden i ett n\u00f6tskal","description":"Norden i ett n\u00f6tskal \u00e4r ett l\u00e4romaterial som introducerar v\u00e5ra grannar i Norden.","publisher":{"@id":"https:\/\/svenskanu.fi\/laromaterial\/norden-i-ett-notskal\/#organization"},"potentialAction":[{"@type":"SearchAction","target":{"@type":"EntryPoint","urlTemplate":"https:\/\/svenskanu.fi\/laromaterial\/norden-i-ett-notskal\/?s={search_term_string}"},"query-input":{"@type":"PropertyValueSpecification","valueRequired":true,"valueName":"search_term_string"}}],"inLanguage":"fi"},{"@type":"Organization","@id":"https:\/\/svenskanu.fi\/laromaterial\/norden-i-ett-notskal\/#organization","name":"Norden i ett n\u00f6tskal","url":"https:\/\/svenskanu.fi\/laromaterial\/norden-i-ett-notskal\/","logo":{"@type":"ImageObject","inLanguage":"fi","@id":"https:\/\/svenskanu.fi\/laromaterial\/norden-i-ett-notskal\/#\/schema\/logo\/image\/","url":"https:\/\/svenskanu.fi\/laromaterial\/norden-i-ett-notskal\/wp-content\/uploads\/2024\/08\/Norden-i-ett-notskal-rektangel.png","contentUrl":"https:\/\/svenskanu.fi\/laromaterial\/norden-i-ett-notskal\/wp-content\/uploads\/2024\/08\/Norden-i-ett-notskal-rektangel.png","width":500,"height":200,"caption":"Norden i ett n\u00f6tskal"},"image":{"@id":"https:\/\/svenskanu.fi\/laromaterial\/norden-i-ett-notskal\/#\/schema\/logo\/image\/"}}]}},"_links":{"self":[{"href":"https:\/\/svenskanu.fi\/laromaterial\/norden-i-ett-notskal\/wp-json\/wp\/v2\/pages\/30","targetHints":{"allow":["GET"]}}],"collection":[{"href":"https:\/\/svenskanu.fi\/laromaterial\/norden-i-ett-notskal\/wp-json\/wp\/v2\/pages"}],"about":[{"href":"https:\/\/svenskanu.fi\/laromaterial\/norden-i-ett-notskal\/wp-json\/wp\/v2\/types\/page"}],"author":[{"embeddable":true,"href":"https:\/\/svenskanu.fi\/laromaterial\/norden-i-ett-notskal\/wp-json\/wp\/v2\/users\/1"}],"replies":[{"embeddable":true,"href":"https:\/\/svenskanu.fi\/laromaterial\/norden-i-ett-notskal\/wp-json\/wp\/v2\/comments?post=30"}],"version-history":[{"count":114,"href":"https:\/\/svenskanu.fi\/laromaterial\/norden-i-ett-notskal\/wp-json\/wp\/v2\/pages\/30\/revisions"}],"predecessor-version":[{"id":1558,"href":"https:\/\/svenskanu.fi\/laromaterial\/norden-i-ett-notskal\/wp-json\/wp\/v2\/pages\/30\/revisions\/1558"}],"wp:attachment":[{"href":"https:\/\/svenskanu.fi\/laromaterial\/norden-i-ett-notskal\/wp-json\/wp\/v2\/media?parent=30"}],"curies":[{"name":"wp","href":"https:\/\/api.w.org\/{rel}","templated":true}]}}