{"id":68,"date":"2018-04-26T09:58:45","date_gmt":"2018-04-26T09:58:45","guid":{"rendered":"http:\/\/sprakberikande.svenskanu.fi\/?page_id=68"},"modified":"2018-10-26T06:53:41","modified_gmt":"2018-10-26T06:53:41","slug":"familjen-ar-bast","status":"publish","type":"page","link":"https:\/\/svenskanu.fi\/laromaterial\/sprakberikadundervisning\/familjen-ar-bast\/","title":{"rendered":"Familjen \u00e4r b\u00e4st!"},"content":{"rendered":"<section class=\"wpb-content-wrapper\"><p>[vc_row css_animation=&#8221;&#8221; row_type=&#8221;row&#8221; use_row_as_full_screen_section=&#8221;no&#8221; type=&#8221;grid&#8221; angled_section=&#8221;no&#8221; text_align=&#8221;left&#8221; background_image_as_pattern=&#8221;without_pattern&#8221; z_index=&#8221;&#8221; css=&#8221;.vc_custom_1523447031643{padding-top: 100px !important;padding-bottom: 32px !important;}&#8221;][vc_column][vc_column_text]<\/p>\n<h2>Introduktion och ordf\u00f6rr\u00e5d<\/h2>\n<p>[\/vc_column_text][vc_empty_space][vc_column_text]Nu ska eleverna l\u00e4ra sig sl\u00e4ktord och personpronomen s\u00e5 att de kan ber\u00e4tta om sig sj\u00e4lv och sin familj.[\/vc_column_text][vc_empty_space][vc_single_image image=&#8221;133&#8243; img_size=&#8221;full&#8221; qode_css_animation=&#8221;&#8221;][\/vc_column][\/vc_row][vc_row css_animation=&#8221;&#8221; row_type=&#8221;row&#8221; use_row_as_full_screen_section=&#8221;no&#8221; type=&#8221;grid&#8221; angled_section=&#8221;no&#8221; text_align=&#8221;left&#8221; background_image_as_pattern=&#8221;without_pattern&#8221; z_index=&#8221;&#8221;][vc_column]<div class=\"qode-accordion-holder clearfix qode-accordion qode-initial \">\n\t<h4 class=\"clearfix qode-title-holder\">\n<span class=\"qode-tab-title\">\n\t    <span class=\"qode-tab-title-inner\">\n        Tips p\u00e5 lektionsaktiviteter    <\/span>\n<\/span>\n<span class=\"qode-accordion-mark\">\n    <span class=\"qode-accordion-mark-icon\">\n        <span class=\"icon_plus\"><\/span>\n        <span class=\"icon_minus-06\"><\/span>\n    <\/span>\n<\/span>\n<\/h4>\n<div  class=\"qode-accordion-content \" >\n    <div class=\"qode-accordion-content-inner\">\n        [qode_elements_holder number_of_columns=&#8221;one_column&#8221;][qode_elements_holder_item advanced_animations=&#8221;no&#8221;][vc_column_text]<span style=\"color: #00aeef;\"><strong>a) Inled med att prata om Kungafamiljen<\/strong><\/span><br \/>\nFr\u00e5ga eleverna vad de vet om den svenska Kungafamiljen. Visa bilder eller n\u00e5gon film om Kungafamiljen, det finns t.ex. flera roliga parodier p\u00e5 <a href=\"https:\/\/www.youtube.com\">Youtube<\/a>. Kom ih\u00e5g att eleverna inte beh\u00f6ver f\u00f6rst\u00e5 allt och att ni kan diskutera efter\u00e5t vad som h\u00e4nde p\u00e5 videon.[\/vc_column_text][\/qode_elements_holder_item][\/qode_elements_holder][vc_empty_space][qode_elements_holder number_of_columns=&#8221;one_column&#8221;][qode_elements_holder_item advanced_animations=&#8221;no&#8221;][vc_column_text]<span style=\"color: #00aeef;\"><strong>b) Sl\u00e4ktord<\/strong><\/span><br \/>\nG\u00e5 igenom sl\u00e4ktord och diskutera skillnader mellan svenska och finska sl\u00e4ktord. Ni kan ocks\u00e5 tala om personpronomen i svenskan i samband med sl\u00e4ktorden (jag, du, han, hon, hen, den, det, vi, ni, de).<\/p>\n<p>&nbsp;<\/p>\n<p><span style=\"color: #00aeef;\">LEK: Klappramsa<\/span> \u2013 Eleverna st\u00e5r i en ring och l\u00e4gger sin h\u00f6gra hand (handflatan upp\u00e5t) p\u00e5 handen av kompisens till h\u00f6ger och v\u00e4nstra hand under kompisens till v\u00e4nster, klappen g\u00e5r runt i ringen n\u00e4r man sjunger.<\/p>\n<p>&nbsp;<\/p>\n<p style=\"text-align: center;\">Min far han for till hugg-hugg-hugg<br \/>\nF\u00f6r att l\u00e4ra sig om hugg-hugg-hugg<br \/>\nOch n\u00e4r han kom till hugg-hugg-hugg<br \/>\nS\u00e5 fanns d\u00e4r bara hugg-hugg-hugg<br \/>\n(vid hugg-hugg-hugg, hugger alla sig i n\u00e4sta persons arm med handen tre g\u00e5nger)<\/p>\n<p>&nbsp;<\/p>\n<p>&nbsp;<\/p>\n<p style=\"text-align: center;\">Min mor hon for till tjingelingeling<br \/>\nF\u00f6r att l\u00e4ra sig om tjingelingeling<br \/>\nOch n\u00e4r hon kom till tjingelingeling<br \/>\nS\u00e5 fanns d\u00e4r bara tjingelingeling<br \/>\n(vid tjingelingeling g\u00f6r alla en \u201dsnurrig i huvet-tecknet\u201d med fingret)<\/p>\n<p>&nbsp;<\/p>\n<p>&nbsp;<\/p>\n<p style=\"text-align: center;\">Min syster for till tjobappado<br \/>\nF\u00f6r att l\u00e4ra sig om tjobappado<br \/>\nOch n\u00e4r hon kom till tjobappado<br \/>\nS\u00e5 fanns d\u00e4r bara tjobappado<br \/>\n(vid tjobappado twistar alla och viftar lite med rumpan )<\/p>\n<p>&nbsp;<\/p>\n<p>&nbsp;<\/p>\n<p style=\"text-align: center;\">Min bror han for till Fan-to-men<br \/>\nF\u00f6r att l\u00e4ra sig om Fan-to-men<br \/>\nOch n\u00e4r han kom till Fan-to-men<br \/>\nS\u00e5 fanns d\u00e4r bara Fan-to-men<br \/>\n(vid Fan-to-men l\u00e4gger alla en hand i taget p\u00e5 vardera axeln s\u00e5 att armarna \u00e4r i kors, p\u00e5 \u201dmen\u201d tar man bort dom igen)<\/p>\n<p>&nbsp;<\/p>\n<p>&nbsp;<\/p>\n<p style=\"text-align: center;\">Familjen for till hugg-hugg-hugg (hugg armen)<br \/>\nF\u00f6r att l\u00e4ra sig om tjingelingeling (\u201dsnurrig i huvudet\u201d)<br \/>\nOch n\u00e4r de kom till tjobappado (twista och dansa)<br \/>\nS\u00e5 fanns d\u00e4r bara Fan-to-men! (l\u00e4gga armarna i kors)<\/p>\n<p>[\/vc_column_text][\/qode_elements_holder_item][\/qode_elements_holder][vc_empty_space][qode_elements_holder number_of_columns=&#8221;one_column&#8221;][qode_elements_holder_item advanced_animations=&#8221;no&#8221;][vc_column_text]<span style=\"color: #00aeef;\"><strong>c) Sl\u00e4kttr\u00e4d<\/strong><\/span><br \/>\nUpprepa sl\u00e4ktord genom att l\u00e4gga medlemmar i Kungafamiljen i ett sl\u00e4kttr\u00e4d. Anv\u00e4nd t.ex. PowerPoint eller Prezi f\u00f6r att g\u00f6ra en slideshow som har ett sl\u00e4kttr\u00e4d som bas och l\u00e4gg till bilder p\u00e5 olika medlemmar i Kungafamiljen. F\u00f6rklara samtidigt hur de \u00e4r sl\u00e4kt med varandra. B\u00f6rja med att ha Kungen och Drottningen i mitten av allt: Det h\u00e4r \u00e4r Kung Carl Gustaf och hans fru Drottning Silvia. De har tre barn; tv\u00e5 d\u00f6ttrar, Kronprinsessan Victoria och Prinsessan Madeleine, och en son, Prins Carl Philip&#8230;<\/p>\n<p>&nbsp;<\/p>\n<p>L\u00e5t eleverna g\u00f6ra sitt eget <em><strong><a href=\"http:\/\/svenskanu.fi\/laromaterial\/sprakberikadundervisning\/wp-content\/uploads\/2018\/05\/Del3_1_Sl%C3%A4kttr%C3%A4d.pdf\">sl\u00e4kttr\u00e4d<\/a><\/strong><\/em> (*), antingen om sin familj eller en p\u00e5hittad familj. Eleverna presenterar sina sl\u00e4kttr\u00e4d enligt l\u00e4rarens exempel: \u201dDet h\u00e4r \u00e4r min mor. Hon heter\u2026 Jag har en bror, tv\u00e5 systrar\u2026\u201d Man beh\u00f6ver inte g\u00e5 igenom allt i sl\u00e4ktr\u00e4den men se till att alla ber\u00e4ttar minst ett par saker.[\/vc_column_text][\/qode_elements_holder_item][\/qode_elements_holder]    <\/div>\n<\/div><h4 class=\"clearfix qode-title-holder\">\n<span class=\"qode-tab-title\">\n\t    <span class=\"qode-tab-title-inner\">\n        Kultur    <\/span>\n<\/span>\n<span class=\"qode-accordion-mark\">\n    <span class=\"qode-accordion-mark-icon\">\n        <span class=\"icon_plus\"><\/span>\n        <span class=\"icon_minus-06\"><\/span>\n    <\/span>\n<\/span>\n<\/h4>\n<div  class=\"qode-accordion-content \" >\n    <div class=\"qode-accordion-content-inner\">\n        [qode_elements_holder number_of_columns=&#8221;one_column&#8221;][qode_elements_holder_item advanced_animations=&#8221;no&#8221;][vc_column_text]Kungafamiljen<\/p>\n<p>&nbsp;<\/p>\n<p>Vad vet eleverna om Kungafamiljen? Vilka \u00e4r de som tillh\u00f6r familjen? Hurdana arbetsuppgifter har Kungen och Drottningen? Vad \u00e4r skillnaden mellan Finlands och Sveriges regeringsform? Skulle eleverna hellre ha en kung eller en president?[\/vc_column_text][\/qode_elements_holder_item][\/qode_elements_holder]    <\/div>\n<\/div><h4 class=\"clearfix qode-title-holder\">\n<span class=\"qode-tab-title\">\n\t    <span class=\"qode-tab-title-inner\">\n        Keskustelunaiheita    <\/span>\n<\/span>\n<span class=\"qode-accordion-mark\">\n    <span class=\"qode-accordion-mark-icon\">\n        <span class=\"icon_plus\"><\/span>\n        <span class=\"icon_minus-06\"><\/span>\n    <\/span>\n<\/span>\n<\/h4>\n<div  class=\"qode-accordion-content \" >\n    <div class=\"qode-accordion-content-inner\">\n        [qode_elements_holder number_of_columns=&#8221;one_column&#8221;][qode_elements_holder_item advanced_animations=&#8221;no&#8221;][vc_column_text]Ruotsalaisten sukulaissanat ilmoittavat usein suoraan kenest\u00e4 kyse, esim. farmor, mormor, moster (\u201dmorsyster\u201d). Mit\u00e4 nimityst\u00e4 oppilaat k\u00e4ytt\u00e4v\u00e4t isovanhemmistaan ja vanhemmistaan? Esimerkkej\u00e4 ruotsiksi: mamma, pappa, morsan, farsan, fammo, mommo (mummu suomeksi).<\/p>\n<p>&nbsp;<\/p>\n<p>Ruotsin kieless\u00e4 k\u00e4ytet\u00e4\u00e4n eri persoonapronomineja kuvaamaan, onko kyseess\u00e4 mies (han) vai nainen (hon). Mit\u00e4 hyvi\u00e4 ja huonoja puolia persoonapronominien k\u00e4ytt\u00e4misell\u00e4 on? Olisiko oppilaiden mielest\u00e4 parempi k\u00e4ytt\u00e4\u00e4 ainoastaan sukupuolineutraalia hen -pronominia? Miksi tai miksi ei? My\u00f6s muista kielist\u00e4 l\u00f6ytyy eri persoonapronomineja miehille ja naisille, n\u00e4it\u00e4kin voidaan vertailla.<\/p>\n<p>&nbsp;<\/p>\n<p>Miksi ruotsin kieless\u00e4 on eri sukuisia sanoja? Etsi netist\u00e4 esimerkiksi <span style=\"color: #00aeef;\"><a href=\"http:\/\/spraktidningen.se\/artiklar\/2012\/05\/da-slog-klockan-ordens-kon\">Spr\u00e5ktidningen-lehden artikkeli D\u00e5 slog klockan f\u00f6r ordens k\u00f6n<\/a>.<\/span>[\/vc_column_text][\/qode_elements_holder_item][\/qode_elements_holder]    <\/div>\n<\/div><h4 class=\"clearfix qode-title-holder\">\n<span class=\"qode-tab-title\">\n\t    <span class=\"qode-tab-title-inner\">\n        Integraatio muihin oppiaineisiin    <\/span>\n<\/span>\n<span class=\"qode-accordion-mark\">\n    <span class=\"qode-accordion-mark-icon\">\n        <span class=\"icon_plus\"><\/span>\n        <span class=\"icon_minus-06\"><\/span>\n    <\/span>\n<\/span>\n<\/h4>\n<div  class=\"qode-accordion-content \" >\n    <div class=\"qode-accordion-content-inner\">\n        [qode_elements_holder number_of_columns=&#8221;one_column&#8221;][qode_elements_holder_item advanced_animations=&#8221;no&#8221;][vc_column_text]Muidenkin kielten oppitunneilla voidaan keskustella sanojen suvusta, esimerkiksi ranskassa ja espanjassa on my\u00f6s feminiinisi\u00e4 ja maskuliinisia sanoja. Niiss\u00e4 kieliss\u00e4, joissa ei ole feminiinisi\u00e4 ja maskuliinisia sanoja, voidaan verrata, miten artikkelin k\u00e4ytt\u00f6 m\u00e4\u00e4r\u00e4ytyy (esim. englannin a ja an).<\/p>\n<p>&nbsp;<\/p>\n<p>Historiassa voidaan opiskella Suomen ja Ruotsin yhteisest\u00e4 historiasta, esimerkiksi miten Suomi on ollut osa Ruotsin valtakuntaa ja mit\u00e4 se on tarkoittanut maallemme. Lis\u00e4ksi voidaan puhua siit\u00e4, miten Ruotsiin on syntynyt monarkia hallitusmuodoksi, kun taas Suomi on tasavalta. Aihetta k\u00e4sittelee esimerkiksi ruotsinkielinen \u201dSvenska tiden \u2013 Ruotsin aikaan\u201d-n\u00e4yttely oppimateriaaleineen, joka on tilattavissa koululle Svenska nu-verkoston kotisivulta.[\/vc_column_text][\/qode_elements_holder_item][\/qode_elements_holder]    <\/div>\n<\/div><h4 class=\"clearfix qode-title-holder\">\n<span class=\"qode-tab-title\">\n\t    <span class=\"qode-tab-title-inner\">\n        Kopieringsunderlag    <\/span>\n<\/span>\n<span class=\"qode-accordion-mark\">\n    <span class=\"qode-accordion-mark-icon\">\n        <span class=\"icon_plus\"><\/span>\n        <span class=\"icon_minus-06\"><\/span>\n    <\/span>\n<\/span>\n<\/h4>\n<div  class=\"qode-accordion-content \" >\n    <div class=\"qode-accordion-content-inner\">\n        [vc_column_text]<\/p>\n<ul>\n<li><a href=\"\/laromaterial\/sprakberikadundervisning\/wp-content\/uploads\/2018\/05\/Del3_1_Sl\u00e4kttr\u00e4d.pdf\" target=\"_blank\" rel=\"noopener\">Sl\u00e4kttr\u00e4d (PDF)<\/a><\/li>\n<\/ul>\n<p>Pratbubblor:<\/p>\n<ul>\n<li><a href=\"http:\/\/svenskanu.fi\/laromaterial\/sprakberikadundervisning\/wp-content\/uploads\/2018\/10\/Familj.pdf\">Familj (PDF)<\/a><\/li>\n<\/ul>\n<p>[\/vc_column_text]    <\/div>\n<\/div><\/div>[vc_empty_space][qode_elements_holder number_of_columns=&#8221;one_column&#8221;][qode_elements_holder_item advanced_animations=&#8221;no&#8221;][vc_single_image image=&#8221;32&#8243; img_size=&#8221;full&#8221; alignment=&#8221;center&#8221; qode_css_animation=&#8221;&#8221;][\/qode_elements_holder_item][\/qode_elements_holder][qode_elements_holder number_of_columns=&#8221;one_column&#8221;][qode_elements_holder_item advanced_animations=&#8221;no&#8221;][vc_column_text]<\/p>\n<p style=\"text-align: center;\"><span style=\"color: #00aeef;\">Med st\u00f6d av Underst\u00f6dsstiftelsen f\u00f6r Arbetets V\u00e4nner Huvudf\u00f6reningen sr och Svenska litteraturs\u00e4llskapet i Finland.<\/span><\/p>\n<p>[\/vc_column_text][\/qode_elements_holder_item][\/qode_elements_holder][\/vc_column][\/vc_row][vc_row css_animation=&#8221;&#8221; row_type=&#8221;row&#8221; use_row_as_full_screen_section=&#8221;no&#8221; type=&#8221;full_width&#8221; angled_section=&#8221;no&#8221; text_align=&#8221;left&#8221; background_image_as_pattern=&#8221;without_pattern&#8221;][vc_column][vc_empty_space height=&#8221;100px&#8221;][\/vc_column][\/vc_row]<\/p>\n<\/section>","protected":false},"excerpt":{"rendered":"<p>[vc_row css_animation=&#8221;&#8221; row_type=&#8221;row&#8221; use_row_as_full_screen_section=&#8221;no&#8221; type=&#8221;grid&#8221; angled_section=&#8221;no&#8221; text_align=&#8221;left&#8221; background_image_as_pattern=&#8221;without_pattern&#8221; z_index=&#8221;&#8221; css=&#8221;.vc_custom_1523447031643{padding-top: 100px !important;padding-bottom: 32px !important;}&#8221;][vc_column][vc_column_text] Introduktion och ordf\u00f6rr\u00e5d [\/vc_column_text][vc_empty_space][vc_column_text]Nu ska eleverna l\u00e4ra sig sl\u00e4ktord och personpronomen s\u00e5 att de kan ber\u00e4tta om sig sj\u00e4lv och sin familj.[\/vc_column_text][vc_empty_space][vc_single_image image=&#8221;133&#8243; img_size=&#8221;full&#8221; qode_css_animation=&#8221;&#8221;][\/vc_column][\/vc_row][vc_row css_animation=&#8221;&#8221; row_type=&#8221;row&#8221; use_row_as_full_screen_section=&#8221;no&#8221; type=&#8221;grid&#8221; angled_section=&#8221;no&#8221; text_align=&#8221;left&#8221;&#8230;<\/p>\n","protected":false},"author":1,"featured_media":0,"parent":0,"menu_order":0,"comment_status":"closed","ping_status":"closed","template":"full_width.php","meta":[],"_links":{"self":[{"href":"https:\/\/svenskanu.fi\/laromaterial\/sprakberikadundervisning\/wp-json\/wp\/v2\/pages\/68"}],"collection":[{"href":"https:\/\/svenskanu.fi\/laromaterial\/sprakberikadundervisning\/wp-json\/wp\/v2\/pages"}],"about":[{"href":"https:\/\/svenskanu.fi\/laromaterial\/sprakberikadundervisning\/wp-json\/wp\/v2\/types\/page"}],"author":[{"embeddable":true,"href":"https:\/\/svenskanu.fi\/laromaterial\/sprakberikadundervisning\/wp-json\/wp\/v2\/users\/1"}],"replies":[{"embeddable":true,"href":"https:\/\/svenskanu.fi\/laromaterial\/sprakberikadundervisning\/wp-json\/wp\/v2\/comments?post=68"}],"version-history":[{"count":6,"href":"https:\/\/svenskanu.fi\/laromaterial\/sprakberikadundervisning\/wp-json\/wp\/v2\/pages\/68\/revisions"}],"predecessor-version":[{"id":422,"href":"https:\/\/svenskanu.fi\/laromaterial\/sprakberikadundervisning\/wp-json\/wp\/v2\/pages\/68\/revisions\/422"}],"wp:attachment":[{"href":"https:\/\/svenskanu.fi\/laromaterial\/sprakberikadundervisning\/wp-json\/wp\/v2\/media?parent=68"}],"curies":[{"name":"wp","href":"https:\/\/api.w.org\/{rel}","templated":true}]}}