{"id":69,"date":"2018-04-26T09:58:53","date_gmt":"2018-04-26T09:58:53","guid":{"rendered":"http:\/\/sprakberikande.svenskanu.fi\/?page_id=69"},"modified":"2018-10-26T06:55:26","modified_gmt":"2018-10-26T06:55:26","slug":"alla-farger-pa-regnbagen","status":"publish","type":"page","link":"https:\/\/svenskanu.fi\/laromaterial\/sprakberikadundervisning\/alla-farger-pa-regnbagen\/","title":{"rendered":"Alla f\u00e4rger p\u00e5 regnb\u00e5gen"},"content":{"rendered":"<section class=\"wpb-content-wrapper\"><p>[vc_row css_animation=&#8221;&#8221; row_type=&#8221;row&#8221; use_row_as_full_screen_section=&#8221;no&#8221; type=&#8221;grid&#8221; angled_section=&#8221;no&#8221; text_align=&#8221;left&#8221; background_image_as_pattern=&#8221;without_pattern&#8221; z_index=&#8221;&#8221; css=&#8221;.vc_custom_1523447031643{padding-top: 100px !important;padding-bottom: 32px !important;}&#8221;][vc_column][vc_column_text]<\/p>\n<h2>Introduktion och ordf\u00f6rr\u00e5d<\/h2>\n<p>[\/vc_column_text][vc_empty_space][vc_column_text]Eleverna l\u00e4r sig grundf\u00e4rgerna p\u00e5 svenska. D\u00e4rtill kan eleverna repetera r\u00e4kneorden om de l\u00e4rt sig dem redan tidigare.[\/vc_column_text][vc_empty_space][vc_single_image image=&#8221;137&#8243; img_size=&#8221;full&#8221; qode_css_animation=&#8221;&#8221;][\/vc_column][\/vc_row][vc_row css_animation=&#8221;&#8221; row_type=&#8221;row&#8221; use_row_as_full_screen_section=&#8221;no&#8221; type=&#8221;grid&#8221; angled_section=&#8221;no&#8221; text_align=&#8221;left&#8221; background_image_as_pattern=&#8221;without_pattern&#8221; z_index=&#8221;&#8221;][vc_column]<div class=\"qode-accordion-holder clearfix qode-accordion qode-initial \">\n\t<h4 class=\"clearfix qode-title-holder\">\n<span class=\"qode-tab-title\">\n\t    <span class=\"qode-tab-title-inner\">\n        Nyttiga l\u00e4nkar    <\/span>\n<\/span>\n<span class=\"qode-accordion-mark\">\n    <span class=\"qode-accordion-mark-icon\">\n        <span class=\"icon_plus\"><\/span>\n        <span class=\"icon_minus-06\"><\/span>\n    <\/span>\n<\/span>\n<\/h4>\n<div  class=\"qode-accordion-content \" >\n    <div class=\"qode-accordion-content-inner\">\n        [qode_elements_holder number_of_columns=&#8221;one_column&#8221;][qode_elements_holder_item advanced_animations=&#8221;no&#8221;][vc_column_text]<\/p>\n<ul>\n<li><a href=\"http:\/\/www.varldensflaggor.se\/farglagg-flaggor.html\">F\u00e4rgl\u00e4gg flaggor<\/a><\/li>\n<li><a href=\"http:\/\/svenskanu.fi\/laromaterial\/harjoitukset\/flaggor\/\">De nordiska flaggorna<\/a><\/li>\n<\/ul>\n<p>&nbsp;<\/p>\n<p><strong>Material om Norden:<\/strong><\/p>\n<ul>\n<li><a href=\"http:\/\/nordeniskolen.org\">Undervisningsportalen Norden i skolen<\/a> inneh\u00e5ller m\u00e5ngsidigt material om Norden och nordiska spr\u00e5k.<\/li>\n<li><a href=\"http:\/\/www.pohjola-norden.fi\/sv\/skolor\/undervisningsmaterial\/sprak_och_litteratur\/\">Pohjola-Nordens material f\u00f6r skolorna<\/a><\/li>\n<li><a href=\"http:\/\/www.pohjola-norden.fi\/sv\/skolor\/lankar\/\">Pohjola-Nordens nordiska l\u00e4nksamling<\/a><\/li>\n<li><a href=\"http:\/\/svenskanu.fi\/laromaterial\/musiksaininorden\/\">Musik s\u00e5 in i Norden<\/a> &#8211; undervisningsmaterial som presenterar nordisk musik<\/li>\n<li><a href=\"http:\/\/svenskanu.fi\/laromaterial\/nordiskalandskap\">Nordiska landskap<\/a> &#8211; undervisningsmaterial som presenterar nordiska omr\u00e5den<\/li>\n<\/ul>\n<p>[\/vc_column_text][\/qode_elements_holder_item][\/qode_elements_holder]    <\/div>\n<\/div><h4 class=\"clearfix qode-title-holder\">\n<span class=\"qode-tab-title\">\n\t    <span class=\"qode-tab-title-inner\">\n        Tips p\u00e5 lektionsaktiviteter    <\/span>\n<\/span>\n<span class=\"qode-accordion-mark\">\n    <span class=\"qode-accordion-mark-icon\">\n        <span class=\"icon_plus\"><\/span>\n        <span class=\"icon_minus-06\"><\/span>\n    <\/span>\n<\/span>\n<\/h4>\n<div  class=\"qode-accordion-content \" >\n    <div class=\"qode-accordion-content-inner\">\n        [qode_elements_holder number_of_columns=&#8221;two_columns&#8221;][qode_elements_holder_item advanced_animations=&#8221;no&#8221;][vc_column_text]<span style=\"color: #00aeef;\"><strong>a) Inled lektionen med att g\u00e5 igenom f\u00e4rgerna<\/strong><\/span><br \/>\nKom ih\u00e5g att visualisera. Anv\u00e4nd t.ex. f\u00e4rgglada papper som har namnet p\u00e5 f\u00e4rgen i sig eller g\u00f6r en Kahoot om f\u00e4rgerna. Du kan \u00e4ven p\u00e5peka likheter mellan svenskan och engelskan: bl\u00e5 \u2013 blue, r\u00f6d \u2013 red, gr\u00f6n \u2013 green\u2026<\/p>\n<p>&nbsp;<\/p>\n<p>Eleverna kan diskutera parvis om sina favoritf\u00e4rger.[\/vc_column_text][\/qode_elements_holder_item][qode_elements_holder_item advanced_animations=&#8221;no&#8221;][vc_single_image image=&#8221;138&#8243; img_size=&#8221;full&#8221; qode_css_animation=&#8221;&#8221;][\/qode_elements_holder_item][\/qode_elements_holder][vc_empty_space][qode_elements_holder number_of_columns=&#8221;one_column&#8221;][qode_elements_holder_item advanced_animations=&#8221;no&#8221;][vc_column_text]<span style=\"color: #00aeef;\"><strong>b) \u00d6va f\u00e4rgerna genom lek<\/strong><\/span><br \/>\nLEK: Vilken f\u00e4rg? \u2013 L\u00e4raren visar olika f\u00e4rger och skriver namnet p\u00e5 f\u00e4rgen p\u00e5 tavlan. D\u00e4refter blandas orden och f\u00e4rgerna s\u00e5 att eleverna f\u00e5r f\u00f6rs\u00f6ka komma ih\u00e5g vilka som h\u00f6r ihop. Eleverna kan jobba parvis eller i sm\u00e5 grupper. Oftast gillar eleverna \u00e4ven att t\u00e4vla s\u00e5 ni kan ha en rolig hastighetst\u00e4vling h\u00e4r. De som snabbast parar ihop orden och f\u00e4rgerna vinner t\u00e4vlingen.<\/p>\n<p>&nbsp;<\/p>\n<p><span style=\"color: #00aeef;\">LEK: F\u00e4rgv\u00e4ggen<\/span> \u2013 En av eleverna st\u00e4ller sig vid v\u00e4ggen med ryggen mot de andra vilka i sin tur st\u00e5r p\u00e5 andra sidan av klassrummet. Ni kan anv\u00e4nda olika slags r\u00e4kneramsor f\u00f6r att komma \u00f6verens om vem som b\u00f6rjar med att st\u00e5 mot v\u00e4ggen. Den som st\u00e5r vid v\u00e4ggen s\u00e4- ger en f\u00e4rg och ett antal steg, t.ex. \u201dbl\u00e5, fyra steg\u201d. D\u00e5 f\u00e5r alla med bl\u00e5tt i sina kl\u00e4der ta fyra steg fram\u00e5t. Leken forts\u00e4tter \u00e4nda tills n\u00e5gon \u00e4r s\u00e5 n\u00e4ra v\u00e4ggen att hen kan r\u00f6ra vid v\u00e4ggen. Den som hinner f\u00f6rst till v\u00e4ggen f\u00e5r ge instruktioner p\u00e5 n\u00e4sta rund.<\/p>\n<p>&nbsp;<\/p>\n<p><span style=\"color: #00aeef;\">LEK: Kungen befaller<\/span> \u2013 L\u00e4raren ger instruktionerna: \u201dDen som har bl\u00e5tt\/gult\/gr\u00f6nt\/svart p\u00e5 sig\u2026, klappar h\u00e4nderna\/ hoppar\/vinkar\/stampar med f\u00f6tterna\u2026\u201d Kom ih\u00e5g att visa hur man klappar, hoppar, vinkar osv. Det \u00e4r roligt att sluta med en f\u00e4rg som de flesta har p\u00e5 sig (svart\/vit) och med uppmaningen \u201dKrama kompisen!\u201d<\/p>\n<p>&nbsp;<\/p>\n<p><span style=\"color: #00aeef;\">LEK: F\u00e4rgs\u00e5nger<\/span> \u2013 Lyssna p\u00e5 olika s\u00e5nger som inneh\u00e5ller f\u00e4rger. L\u00e4raren spelar en bit av en l\u00e5t i taget och eleverna f\u00e5r visa till exempel med en f\u00e4rgpenna vilken f\u00e4rg de h\u00f6r i l\u00e5ten. Om det inte finns l\u00e5tar som har f\u00e4rger i texten, kan l\u00e4raren fr\u00e5ga vilken f\u00e4rg eleverna t\u00e4nker p\u00e5 n\u00e4r de lyssnar p\u00e5 olika l\u00e5tar, t.ex. k\u00e4rlek \u2013 r\u00f6d, sol \u2013 gul, sommar \u2013 gr\u00f6n.[\/vc_column_text][\/qode_elements_holder_item][\/qode_elements_holder][vc_empty_space][qode_elements_holder number_of_columns=&#8221;one_column&#8221;][qode_elements_holder_item advanced_animations=&#8221;no&#8221;][vc_column_text]<span style=\"color: #00aeef;\"><strong>c) F\u00e4rgl\u00e4gg bilden<\/strong><\/span><br \/>\nL\u00e4raren delar ut f\u00e4rgpennor och<em><strong> <a href=\"http:\/\/svenskanu.fi\/laromaterial\/sprakberikadundervisning\/wp-content\/uploads\/2018\/05\/Del4_1_F%C3%A4rgl%C3%A4gg-bilden.pdf\">bilden<\/a> <\/strong> <\/em>(*) som eleverna kommer att f\u00e4rgl\u00e4gga. D\u00e4refter ger l\u00e4raren instruktioner om vilken f\u00e4rg och vilket nummer som h\u00f6r ihop: \u201dNummer ett gr\u00f6n, nummer tv\u00e5 r\u00f6d\u2026\u201d L\u00e4raren kan ocks\u00e5 fr\u00e5ga eleverna: \u201dMaija, vilken f\u00e4rg ska vi ha p\u00e5 nummer tv\u00e5?\u201d Eleverna kan j\u00e4mf\u00f6ra sina bilder med varandra.<\/p>\n<p>&nbsp;<\/p>\n<p><span style=\"color: #00aeef;\"><strong>d) F\u00e4rgl\u00e4gg flaggor!<\/strong><\/span><\/p>\n<p>Skriv ut bilder p\u00e5 olika flaggor s\u00e5 att eleverna f\u00e5r f\u00e4rgl\u00e4gga dem hur de vill. H\u00e4r kan eleverna anv\u00e4nda fantasi!<\/p>\n<ul>\n<li><a href=\"http:\/\/www.varldensflaggor.se\/farglagg-flaggor.html\">Ladda ner flaggorna h\u00e4r<\/a>.<\/li>\n<\/ul>\n<p>L\u00e4raren kan skriva ut n\u00e5gra mer k\u00e4nda flaggor men det \u00e4r roligt att \u00e4ven kolla p\u00e5 s\u00e5dana flaggor som man kanske inte k\u00e4nner till. Till slut kan eleverna diskutera och f\u00f6rs\u00f6ka gissa vilka l\u00e4nders flaggor de var. L\u00e4raren kan ocks\u00e5 visa hurdana f\u00e4rger de riktiga flaggorna har.<\/p>\n<ul>\n<li><a href=\"http:\/\/svenskanu.fi\/laromaterial\/harjoitukset\/flaggor\">De nordiska flaggorna kan laddas ner h\u00e4r<\/a>.<\/li>\n<\/ul>\n<p>Om ni har tid kan eleverna designa sina egna flaggor.[\/vc_column_text][\/qode_elements_holder_item][\/qode_elements_holder]    <\/div>\n<\/div><h4 class=\"clearfix qode-title-holder\">\n<span class=\"qode-tab-title\">\n\t    <span class=\"qode-tab-title-inner\">\n        Kultur    <\/span>\n<\/span>\n<span class=\"qode-accordion-mark\">\n    <span class=\"qode-accordion-mark-icon\">\n        <span class=\"icon_plus\"><\/span>\n        <span class=\"icon_minus-06\"><\/span>\n    <\/span>\n<\/span>\n<\/h4>\n<div  class=\"qode-accordion-content \" >\n    <div class=\"qode-accordion-content-inner\">\n        [qode_elements_holder number_of_columns=&#8221;one_column&#8221;][qode_elements_holder_item advanced_animations=&#8221;no&#8221;][vc_column_text]Nordiska spr\u00e5k och Norden<\/p>\n<p>&nbsp;<\/p>\n<p>Ber\u00e4tta eleverna om nordiska spr\u00e5k. N\u00e4r man kan svenska \u00e4r det l\u00e4tt att f\u00f6rst\u00e5 ocks\u00e5 de andra nordiska spr\u00e5ken. Lyssna p\u00e5 n\u00e5gra exempel p\u00e5 olika nordiska spr\u00e5k, kolla t.ex. <a href=\"http:\/\/www.pohjola-norden.fi\/sv\/skolor\/undervisningsmaterial\/sprak_och_litteratur\/\">Pohjola-Nordens L\u00e4r k\u00e4nna Norden-materialet<\/a>.<\/p>\n<p>&nbsp;<\/p>\n<p>Vilka \u00e4r de nordiska l\u00e4nderna? Vad har dessa l\u00e4nder f\u00f6r gemensamt och hurdana skillnader finns det mellan l\u00e4nderna? Hur skiljer Finland fr\u00e5n de andra nordiska l\u00e4nderna?[\/vc_column_text][\/qode_elements_holder_item][\/qode_elements_holder]    <\/div>\n<\/div><h4 class=\"clearfix qode-title-holder\">\n<span class=\"qode-tab-title\">\n\t    <span class=\"qode-tab-title-inner\">\n        Keskustelunaiheita    <\/span>\n<\/span>\n<span class=\"qode-accordion-mark\">\n    <span class=\"qode-accordion-mark-icon\">\n        <span class=\"icon_plus\"><\/span>\n        <span class=\"icon_minus-06\"><\/span>\n    <\/span>\n<\/span>\n<\/h4>\n<div  class=\"qode-accordion-content \" >\n    <div class=\"qode-accordion-content-inner\">\n        [qode_elements_holder number_of_columns=&#8221;one_column&#8221;][qode_elements_holder_item advanced_animations=&#8221;no&#8221;][vc_column_text]Pohjoismaiset kielet: Millaisia yht\u00e4l\u00e4isyyksi\u00e4 ja eroja on ruotsin, norjan ja tanskan kieliss\u00e4? Vertailkaa esimerkiksi miten v\u00e4rit kirjoitetaan norjaksi ja tanskaksi. Miksi suomen kieli on niin erilainen verrattuna muihin pohjoismaisiin kieliin? Ent\u00e4 miksi islannin kieli eroaa merkitt\u00e4v\u00e4sti ruotsista, norjasta ja tanskasta? Mit\u00e4 erikoisuuksia pohjoismaisista kirjaimista l\u00f6ytyy?[\/vc_column_text][\/qode_elements_holder_item][\/qode_elements_holder]    <\/div>\n<\/div><h4 class=\"clearfix qode-title-holder\">\n<span class=\"qode-tab-title\">\n\t    <span class=\"qode-tab-title-inner\">\n        Integraatio muihin oppiaineisiin    <\/span>\n<\/span>\n<span class=\"qode-accordion-mark\">\n    <span class=\"qode-accordion-mark-icon\">\n        <span class=\"icon_plus\"><\/span>\n        <span class=\"icon_minus-06\"><\/span>\n    <\/span>\n<\/span>\n<\/h4>\n<div  class=\"qode-accordion-content \" >\n    <div class=\"qode-accordion-content-inner\">\n        [qode_elements_holder number_of_columns=&#8221;one_column&#8221;][qode_elements_holder_item advanced_animations=&#8221;no&#8221;][vc_column_text]Kuvaamataidossa voidaan k\u00e4yd\u00e4 v\u00e4rioppia l\u00e4pi ruotsiksi: Vilken f\u00e4rg f\u00e5r man n\u00e4r man blandar bl\u00e5tt och gult? Vad \u00e4r de varma och de kalla f\u00e4rgerna? Vad \u00e4r de motsatta f\u00e4rgerna? Hurdana andra f\u00e4rger finns det ut\u00f6ver grundf\u00e4rger? Pastellf\u00e4rger? Neonf\u00e4rger?<\/p>\n<p>&nbsp;<\/p>\n<p>My\u00f6s muihin oppiaineisiin on helppo liitt\u00e4\u00e4 v\u00e4rej\u00e4 mukaan. Esimerkiksi eri maiden lipuista keskustellessa voidaan k\u00e4yd\u00e4 l\u00e4pi v\u00e4rej\u00e4 ruotsiksi (Vilka f\u00e4rger har Finlands flagga? Hur ser Sveriges flagga ut? Vilka flaggor har bl\u00e5tt, vitt och r\u00f6tt p\u00e5 sig?).<\/p>\n<p>&nbsp;<\/p>\n<p>Kotitaloudessa vihanneksista\/hedelmist\u00e4\/ruuista ja niiden v\u00e4reist\u00e4 voidaan keskustella ruotsiksi: Vilken f\u00e4rg har moroten\/\u00e4pplet\/apelsinen\u2026? Vilka frukter \u00e4r r\u00f6da? Hur f\u00e5r man svart pasta? Den f\u00e4rgas med bl\u00e4ckfiskens bl\u00e4ck. Om n\u00e5gon mat skulle ha en konstig f\u00e4rg (t.ex. bl\u00e5a k\u00f6ttbullar) skulle eleverna \u00e4ta den? Varf\u00f6r\/Varf\u00f6r inte? Kan f\u00e4rgerna ber\u00e4tta n\u00e5gonting om maten, t.ex. om den \u00e4r f\u00e4rskt eller inte?[\/vc_column_text][\/qode_elements_holder_item][\/qode_elements_holder]    <\/div>\n<\/div><h4 class=\"clearfix qode-title-holder\">\n<span class=\"qode-tab-title\">\n\t    <span class=\"qode-tab-title-inner\">\n        Kopieringsunderlag    <\/span>\n<\/span>\n<span class=\"qode-accordion-mark\">\n    <span class=\"qode-accordion-mark-icon\">\n        <span class=\"icon_plus\"><\/span>\n        <span class=\"icon_minus-06\"><\/span>\n    <\/span>\n<\/span>\n<\/h4>\n<div  class=\"qode-accordion-content \" >\n    <div class=\"qode-accordion-content-inner\">\n        [vc_column_text]<\/p>\n<ul>\n<li><a href=\"\/laromaterial\/sprakberikadundervisning\/wp-content\/uploads\/2018\/05\/Del4_1_F\u00e4rgl\u00e4gg-bilden.pdf\" target=\"_blank\" rel=\"noopener\">F\u00e4rgl\u00e4gg bilden (PDF)<\/a><\/li>\n<\/ul>\n<p>Pratbubblor:<\/p>\n<ul>\n<li><a href=\"http:\/\/svenskanu.fi\/laromaterial\/sprakberikadundervisning\/wp-content\/uploads\/2018\/10\/F\u00e4rger.pdf\">F\u00e4rger (PDF)<\/a><\/li>\n<\/ul>\n<p>[\/vc_column_text]    <\/div>\n<\/div><\/div>[vc_empty_space][qode_elements_holder number_of_columns=&#8221;one_column&#8221;][qode_elements_holder_item advanced_animations=&#8221;no&#8221;][vc_single_image image=&#8221;32&#8243; img_size=&#8221;full&#8221; alignment=&#8221;center&#8221; qode_css_animation=&#8221;&#8221;][\/qode_elements_holder_item][\/qode_elements_holder][qode_elements_holder number_of_columns=&#8221;one_column&#8221;][qode_elements_holder_item advanced_animations=&#8221;no&#8221;][vc_column_text]<\/p>\n<p style=\"text-align: center;\"><span style=\"color: #00aeef;\">Med st\u00f6d av Underst\u00f6dsstiftelsen f\u00f6r Arbetets V\u00e4nner Huvudf\u00f6reningen sr och Svenska litteraturs\u00e4llskapet i Finland.<\/span><\/p>\n<p>[\/vc_column_text][\/qode_elements_holder_item][\/qode_elements_holder][\/vc_column][\/vc_row][vc_row css_animation=&#8221;&#8221; row_type=&#8221;row&#8221; use_row_as_full_screen_section=&#8221;no&#8221; type=&#8221;full_width&#8221; angled_section=&#8221;no&#8221; text_align=&#8221;left&#8221; background_image_as_pattern=&#8221;without_pattern&#8221;][vc_column][vc_empty_space height=&#8221;100px&#8221;][\/vc_column][\/vc_row]<\/p>\n<\/section>","protected":false},"excerpt":{"rendered":"<p>[vc_row css_animation=&#8221;&#8221; row_type=&#8221;row&#8221; use_row_as_full_screen_section=&#8221;no&#8221; type=&#8221;grid&#8221; angled_section=&#8221;no&#8221; text_align=&#8221;left&#8221; background_image_as_pattern=&#8221;without_pattern&#8221; z_index=&#8221;&#8221; css=&#8221;.vc_custom_1523447031643{padding-top: 100px !important;padding-bottom: 32px !important;}&#8221;][vc_column][vc_column_text] Introduktion och ordf\u00f6rr\u00e5d [\/vc_column_text][vc_empty_space][vc_column_text]Eleverna l\u00e4r sig grundf\u00e4rgerna p\u00e5 svenska. D\u00e4rtill kan eleverna repetera r\u00e4kneorden om de l\u00e4rt sig dem redan tidigare.[\/vc_column_text][vc_empty_space][vc_single_image image=&#8221;137&#8243; img_size=&#8221;full&#8221; qode_css_animation=&#8221;&#8221;][\/vc_column][\/vc_row][vc_row css_animation=&#8221;&#8221; row_type=&#8221;row&#8221; use_row_as_full_screen_section=&#8221;no&#8221; type=&#8221;grid&#8221; angled_section=&#8221;no&#8221; text_align=&#8221;left&#8221; background_image_as_pattern=&#8221;without_pattern&#8221;&#8230;<\/p>\n","protected":false},"author":1,"featured_media":0,"parent":0,"menu_order":0,"comment_status":"closed","ping_status":"closed","template":"full_width.php","meta":[],"_links":{"self":[{"href":"https:\/\/svenskanu.fi\/laromaterial\/sprakberikadundervisning\/wp-json\/wp\/v2\/pages\/69"}],"collection":[{"href":"https:\/\/svenskanu.fi\/laromaterial\/sprakberikadundervisning\/wp-json\/wp\/v2\/pages"}],"about":[{"href":"https:\/\/svenskanu.fi\/laromaterial\/sprakberikadundervisning\/wp-json\/wp\/v2\/types\/page"}],"author":[{"embeddable":true,"href":"https:\/\/svenskanu.fi\/laromaterial\/sprakberikadundervisning\/wp-json\/wp\/v2\/users\/1"}],"replies":[{"embeddable":true,"href":"https:\/\/svenskanu.fi\/laromaterial\/sprakberikadundervisning\/wp-json\/wp\/v2\/comments?post=69"}],"version-history":[{"count":12,"href":"https:\/\/svenskanu.fi\/laromaterial\/sprakberikadundervisning\/wp-json\/wp\/v2\/pages\/69\/revisions"}],"predecessor-version":[{"id":423,"href":"https:\/\/svenskanu.fi\/laromaterial\/sprakberikadundervisning\/wp-json\/wp\/v2\/pages\/69\/revisions\/423"}],"wp:attachment":[{"href":"https:\/\/svenskanu.fi\/laromaterial\/sprakberikadundervisning\/wp-json\/wp\/v2\/media?parent=69"}],"curies":[{"name":"wp","href":"https:\/\/api.w.org\/{rel}","templated":true}]}}