{"id":70,"date":"2018-04-26T09:59:02","date_gmt":"2018-04-26T09:59:02","guid":{"rendered":"http:\/\/sprakberikande.svenskanu.fi\/?page_id=70"},"modified":"2018-10-26T07:01:19","modified_gmt":"2018-10-26T07:01:19","slug":"sa-har-bor-vi","status":"publish","type":"page","link":"https:\/\/svenskanu.fi\/laromaterial\/sprakberikadundervisning\/sa-har-bor-vi\/","title":{"rendered":"S\u00e5 h\u00e4r bor vi!"},"content":{"rendered":"<section class=\"wpb-content-wrapper\"><p>[vc_row css_animation=&#8221;&#8221; row_type=&#8221;row&#8221; use_row_as_full_screen_section=&#8221;no&#8221; type=&#8221;grid&#8221; angled_section=&#8221;no&#8221; text_align=&#8221;left&#8221; background_image_as_pattern=&#8221;without_pattern&#8221; z_index=&#8221;&#8221; css=&#8221;.vc_custom_1523447031643{padding-top: 100px !important;padding-bottom: 32px !important;}&#8221;][vc_column][vc_column_text]<\/p>\n<h2>Introduktion och ordf\u00f6rr\u00e5d<\/h2>\n<p>[\/vc_column_text][vc_empty_space][vc_column_text]Eleverna l\u00e4r sig orden f\u00f6r olika slags byggnader och boende och kan ber\u00e4tta hur de sj\u00e4lva bor.[\/vc_column_text][vc_empty_space][vc_single_image image=&#8221;195&#8243; img_size=&#8221;full&#8221; qode_css_animation=&#8221;&#8221;][\/vc_column][\/vc_row][vc_row css_animation=&#8221;&#8221; row_type=&#8221;row&#8221; use_row_as_full_screen_section=&#8221;no&#8221; type=&#8221;grid&#8221; angled_section=&#8221;no&#8221; text_align=&#8221;left&#8221; background_image_as_pattern=&#8221;without_pattern&#8221; z_index=&#8221;&#8221;][vc_column]<div class=\"qode-accordion-holder clearfix qode-accordion qode-initial \">\n\t<h4 class=\"clearfix qode-title-holder\">\n<span class=\"qode-tab-title\">\n\t    <span class=\"qode-tab-title-inner\">\n        Nyttiga l\u00e4nkar    <\/span>\n<\/span>\n<span class=\"qode-accordion-mark\">\n    <span class=\"qode-accordion-mark-icon\">\n        <span class=\"icon_plus\"><\/span>\n        <span class=\"icon_minus-06\"><\/span>\n    <\/span>\n<\/span>\n<\/h4>\n<div  class=\"qode-accordion-content \" >\n    <div class=\"qode-accordion-content-inner\">\n        [qode_elements_holder number_of_columns=&#8221;one_column&#8221;][qode_elements_holder_item advanced_animations=&#8221;no&#8221;][vc_column_text]<\/p>\n<ul>\n<li><a href=\"https:\/\/lexin.nada.kth.se\/lang\/bildteman\/9\/index.htm\">Bildlexikon &#8220;hus och l\u00e4genhet&#8221;<\/a>.<\/li>\n<\/ul>\n<p>[\/vc_column_text][\/qode_elements_holder_item][\/qode_elements_holder]    <\/div>\n<\/div><h4 class=\"clearfix qode-title-holder\">\n<span class=\"qode-tab-title\">\n\t    <span class=\"qode-tab-title-inner\">\n        Tips p\u00e5 lektionsaktiviteter    <\/span>\n<\/span>\n<span class=\"qode-accordion-mark\">\n    <span class=\"qode-accordion-mark-icon\">\n        <span class=\"icon_plus\"><\/span>\n        <span class=\"icon_minus-06\"><\/span>\n    <\/span>\n<\/span>\n<\/h4>\n<div  class=\"qode-accordion-content \" >\n    <div class=\"qode-accordion-content-inner\">\n        [qode_elements_holder number_of_columns=&#8221;two_columns&#8221;][qode_elements_holder_item advanced_animations=&#8221;no&#8221;][vc_column_text]<span style=\"color: #00aeef;\"><strong>a) Diskutera bost\u00e4der och boende<\/strong><\/span><br \/>\nHurdana bost\u00e4der finns det? Fr\u00e5ga eleverna p\u00e5 finska hurdana olika slags hus och bost\u00e4der det finns. Skriv upp de finska orden p\u00e5 tavlan och l\u00e4gg till de svenska orden. Ta upp ocks\u00e5 ord som eleverna inte kommer p\u00e5, t.ex. Vad kan en stuga \/ ett slott vara p\u00e5 finska? Ni kan forts\u00e4tta p\u00e5 samma s\u00e4tt och g\u00e5 igenom olika rum.[\/vc_column_text][\/qode_elements_holder_item][\/qode_elements_holder][vc_empty_space][qode_elements_holder number_of_columns=&#8221;one_column&#8221;][qode_elements_holder_item advanced_animations=&#8221;no&#8221;][vc_column_text]<span style=\"color: #00aeef;\"><strong>b) \u00d6va ordf\u00f6rr\u00e5det med spel<\/strong><\/span><br \/>\nSkapa en <a href=\"https:\/\/quizlet.com\/\">Quizlet<\/a> eller <a href=\"https:\/\/kahoot.com\">Kahoot<\/a> f\u00f6r att \u00f6va orden. Eleverna kan till exempel para ihop bilder p\u00e5 olika bost\u00e4der med motsvarande ord.[\/vc_column_text][\/qode_elements_holder_item][\/qode_elements_holder][vc_empty_space][qode_elements_holder number_of_columns=&#8221;one_column&#8221;][qode_elements_holder_item advanced_animations=&#8221;no&#8221;][vc_column_text]<span style=\"color: #00aeef;\"><strong>c) Filmen om Roserbergs slott<br \/>\n<\/strong><\/span>S\u00f6k filmen <a href=\"https:\/\/www.youtube.com\/watch?v=XDN2rdulU9w\">Rosersbergs slott \u2013 h\u00e4r har tiden st\u00e5tt stilla<\/a> p\u00e5 Youtube. Efter att ni sett filmen g\u00e5 igenom inneh\u00e5llet: Vem har bott i slottet? Hur gammalt \u00e4r slottet? Hurdana rum finns det i slottet? osv. Fr\u00e5ga om eleverna skulle vilja bo i ett slott. Varf\u00f6r eller varf\u00f6r inte?[\/vc_column_text][\/qode_elements_holder_item][\/qode_elements_holder][vc_empty_space][qode_elements_holder number_of_columns=&#8221;one_column&#8221;][qode_elements_holder_item advanced_animations=&#8221;no&#8221;][vc_column_text]<span style=\"color: #00aeef;\"><strong>d) Hurdant \u00e4r ditt dr\u00f6mhus eller ditt dr\u00f6mrum?<\/strong><\/span><\/p>\n<p>Eleverna g\u00f6r ett kollage \u00f6ver sitt dr\u00f6mhus eller dr\u00f6mrum. De kan s\u00f6ka bilder p\u00e5 n\u00e4tet, i tidningar eller t.ex. i <a href=\"https:\/\/www.ikea.com\/ms\/sv_SE\/kundservice\/kataloger_broschyrer.html\">IKEAs kataloger<\/a>. I samband med \u00f6vningen kan ni diskutera IKEA, speciellt om ni har m\u00f6jlighet att anv\u00e4nda IKEAs kataloger som material. Eleverna kan klippa och klistra kollagen p\u00e5 en kartong eller anv\u00e4nda n\u00e5gon applikation. Om det finns tid kan eleverna presentera sina dr\u00f6mhus i sm\u00e5 grupper.[\/vc_column_text][vc_single_image image=&#8221;196&#8243; img_size=&#8221;full&#8221; qode_css_animation=&#8221;&#8221;][\/qode_elements_holder_item][\/qode_elements_holder]    <\/div>\n<\/div><h4 class=\"clearfix qode-title-holder\">\n<span class=\"qode-tab-title\">\n\t    <span class=\"qode-tab-title-inner\">\n        Kultur    <\/span>\n<\/span>\n<span class=\"qode-accordion-mark\">\n    <span class=\"qode-accordion-mark-icon\">\n        <span class=\"icon_plus\"><\/span>\n        <span class=\"icon_minus-06\"><\/span>\n    <\/span>\n<\/span>\n<\/h4>\n<div  class=\"qode-accordion-content \" >\n    <div class=\"qode-accordion-content-inner\">\n        [qode_elements_holder number_of_columns=&#8221;one_column&#8221;][qode_elements_holder_item advanced_animations=&#8221;no&#8221;][vc_column_text]IKEA<br \/>\nDiskutera IKEA: Vem har grundat IKEA? N\u00e4r? Varifr\u00e5n kommer namnet? Har eleverna bes\u00f6kt IKEA? Vad f\u00f6r slags f\u00f6retag \u00e4r det fr\u00e5ga om? Ta reda p\u00e5 var v\u00e4rldens nordligaste Ikea ligger? Och var ligger deras st\u00f6rsta varuhus? I hur m\u00e5nga olika l\u00e4nder finns IKEA?[\/vc_column_text][\/qode_elements_holder_item][\/qode_elements_holder]    <\/div>\n<\/div><h4 class=\"clearfix qode-title-holder\">\n<span class=\"qode-tab-title\">\n\t    <span class=\"qode-tab-title-inner\">\n        Keskustelunaiheita    <\/span>\n<\/span>\n<span class=\"qode-accordion-mark\">\n    <span class=\"qode-accordion-mark-icon\">\n        <span class=\"icon_plus\"><\/span>\n        <span class=\"icon_minus-06\"><\/span>\n    <\/span>\n<\/span>\n<\/h4>\n<div  class=\"qode-accordion-content \" >\n    <div class=\"qode-accordion-content-inner\">\n        [qode_elements_holder number_of_columns=&#8221;one_column&#8221;][qode_elements_holder_item advanced_animations=&#8221;no&#8221;][vc_column_text]Voitte vertailla kuvia kodeista ja taloista eri maissa ja maanosissa. Miten eri maissa asutaan? Miksi eri maissa on erin\u00e4k\u00f6isi\u00e4 taloja? Ovatko oppilaat vierailleet ulkomaisissa kodeissa? Ovatko talot Suomessa ja Ruotsissa saman n\u00e4k\u00f6isi\u00e4? Onko asuminen Ruotsissa kalliimpaa vai halvempaa? Mit\u00e4 hyvi\u00e4 puolia on kerrostaloasumisessa? Ent\u00e4 omakotitalossa?[\/vc_column_text][\/qode_elements_holder_item][\/qode_elements_holder]    <\/div>\n<\/div><h4 class=\"clearfix qode-title-holder\">\n<span class=\"qode-tab-title\">\n\t    <span class=\"qode-tab-title-inner\">\n        Kopieringsunderlag    <\/span>\n<\/span>\n<span class=\"qode-accordion-mark\">\n    <span class=\"qode-accordion-mark-icon\">\n        <span class=\"icon_plus\"><\/span>\n        <span class=\"icon_minus-06\"><\/span>\n    <\/span>\n<\/span>\n<\/h4>\n<div  class=\"qode-accordion-content \" >\n    <div class=\"qode-accordion-content-inner\">\n        [vc_column_text]Pratbubblor:<\/p>\n<ul>\n<li><a href=\"http:\/\/svenskanu.fi\/laromaterial\/sprakberikadundervisning\/wp-content\/uploads\/2018\/10\/Boende.pdf\">Boende (PDF)<\/a><\/li>\n<\/ul>\n<p>[\/vc_column_text]    <\/div>\n<\/div><\/div>[vc_empty_space][qode_elements_holder number_of_columns=&#8221;one_column&#8221;][qode_elements_holder_item advanced_animations=&#8221;no&#8221;][vc_single_image image=&#8221;32&#8243; img_size=&#8221;full&#8221; alignment=&#8221;center&#8221; qode_css_animation=&#8221;&#8221;][\/qode_elements_holder_item][\/qode_elements_holder][qode_elements_holder number_of_columns=&#8221;one_column&#8221;][qode_elements_holder_item advanced_animations=&#8221;no&#8221;][vc_column_text]<\/p>\n<p style=\"text-align: center;\"><span style=\"color: #00aeef;\">Med st\u00f6d av Underst\u00f6dsstiftelsen f\u00f6r Arbetets V\u00e4nner Huvudf\u00f6reningen sr och Svenska litteraturs\u00e4llskapet i Finland.<\/span><\/p>\n<p>[\/vc_column_text][\/qode_elements_holder_item][\/qode_elements_holder][\/vc_column][\/vc_row][vc_row css_animation=&#8221;&#8221; row_type=&#8221;row&#8221; use_row_as_full_screen_section=&#8221;no&#8221; type=&#8221;full_width&#8221; angled_section=&#8221;no&#8221; text_align=&#8221;left&#8221; background_image_as_pattern=&#8221;without_pattern&#8221;][vc_column][vc_empty_space height=&#8221;100px&#8221;][\/vc_column][\/vc_row]<\/p>\n<\/section>","protected":false},"excerpt":{"rendered":"<p>[vc_row css_animation=&#8221;&#8221; row_type=&#8221;row&#8221; use_row_as_full_screen_section=&#8221;no&#8221; type=&#8221;grid&#8221; angled_section=&#8221;no&#8221; text_align=&#8221;left&#8221; background_image_as_pattern=&#8221;without_pattern&#8221; z_index=&#8221;&#8221; css=&#8221;.vc_custom_1523447031643{padding-top: 100px !important;padding-bottom: 32px !important;}&#8221;][vc_column][vc_column_text] Introduktion och ordf\u00f6rr\u00e5d [\/vc_column_text][vc_empty_space][vc_column_text]Eleverna l\u00e4r sig orden f\u00f6r olika slags byggnader och boende och kan ber\u00e4tta hur de sj\u00e4lva bor.[\/vc_column_text][vc_empty_space][vc_single_image image=&#8221;195&#8243; img_size=&#8221;full&#8221; qode_css_animation=&#8221;&#8221;][\/vc_column][\/vc_row][vc_row css_animation=&#8221;&#8221; row_type=&#8221;row&#8221; use_row_as_full_screen_section=&#8221;no&#8221; type=&#8221;grid&#8221; angled_section=&#8221;no&#8221; text_align=&#8221;left&#8221; background_image_as_pattern=&#8221;without_pattern&#8221; z_index=&#8221;&#8221;][vc_column][vc_empty_space][qode_elements_holder&#8230;<\/p>\n","protected":false},"author":1,"featured_media":0,"parent":0,"menu_order":0,"comment_status":"closed","ping_status":"closed","template":"full_width.php","meta":[],"_links":{"self":[{"href":"https:\/\/svenskanu.fi\/laromaterial\/sprakberikadundervisning\/wp-json\/wp\/v2\/pages\/70"}],"collection":[{"href":"https:\/\/svenskanu.fi\/laromaterial\/sprakberikadundervisning\/wp-json\/wp\/v2\/pages"}],"about":[{"href":"https:\/\/svenskanu.fi\/laromaterial\/sprakberikadundervisning\/wp-json\/wp\/v2\/types\/page"}],"author":[{"embeddable":true,"href":"https:\/\/svenskanu.fi\/laromaterial\/sprakberikadundervisning\/wp-json\/wp\/v2\/users\/1"}],"replies":[{"embeddable":true,"href":"https:\/\/svenskanu.fi\/laromaterial\/sprakberikadundervisning\/wp-json\/wp\/v2\/comments?post=70"}],"version-history":[{"count":4,"href":"https:\/\/svenskanu.fi\/laromaterial\/sprakberikadundervisning\/wp-json\/wp\/v2\/pages\/70\/revisions"}],"predecessor-version":[{"id":424,"href":"https:\/\/svenskanu.fi\/laromaterial\/sprakberikadundervisning\/wp-json\/wp\/v2\/pages\/70\/revisions\/424"}],"wp:attachment":[{"href":"https:\/\/svenskanu.fi\/laromaterial\/sprakberikadundervisning\/wp-json\/wp\/v2\/media?parent=70"}],"curies":[{"name":"wp","href":"https:\/\/api.w.org\/{rel}","templated":true}]}}