{"id":926,"date":"2020-06-12T11:34:00","date_gmt":"2020-06-12T11:34:00","guid":{"rendered":"https:\/\/svenskanu.fi\/laromaterial\/?page_id=926"},"modified":"2024-02-12T09:15:15","modified_gmt":"2024-02-12T09:15:15","slug":"veckans-tips","status":"publish","type":"page","link":"https:\/\/svenskanu.fi\/laromaterial\/veckans-tips\/","title":{"rendered":"Veckans tips"},"content":{"rendered":"\t\t<div data-elementor-type=\"wp-page\" data-elementor-id=\"926\" class=\"elementor elementor-926\" data-elementor-post-type=\"page\">\n\t\t\t\t\t\t<section class=\"elementor-section elementor-top-section elementor-element elementor-element-5e62629 elementor-section-height-min-height elementor-section-boxed elementor-section-height-default elementor-section-items-middle parallax_section_no qode_elementor_container_no\" data-id=\"5e62629\" data-element_type=\"section\" data-e-type=\"section\" data-settings=\"{&quot;background_background&quot;:&quot;gradient&quot;}\">\n\t\t\t\t\t\t\t<div class=\"elementor-background-overlay\"><\/div>\n\t\t\t\t\t\t\t<div class=\"elementor-container elementor-column-gap-default\">\n\t\t\t\t\t<div class=\"elementor-column elementor-col-100 elementor-top-column elementor-element elementor-element-da3e8bb\" data-id=\"da3e8bb\" data-element_type=\"column\" data-e-type=\"column\">\n\t\t\t<div class=\"elementor-widget-wrap elementor-element-populated\">\n\t\t\t\t\t\t<div class=\"elementor-element elementor-element-3c1d2f7 elementor-widget elementor-widget-spacer\" data-id=\"3c1d2f7\" data-element_type=\"widget\" data-e-type=\"widget\" data-widget_type=\"spacer.default\">\n\t\t\t\t<div class=\"elementor-widget-container\">\n\t\t\t\t\t\t\t<div class=\"elementor-spacer\">\n\t\t\t<div class=\"elementor-spacer-inner\"><\/div>\n\t\t<\/div>\n\t\t\t\t\t\t<\/div>\n\t\t\t\t<\/div>\n\t\t\t\t<div class=\"elementor-element elementor-element-de73352 elementor-widget elementor-widget-heading\" data-id=\"de73352\" data-element_type=\"widget\" data-e-type=\"widget\" data-widget_type=\"heading.default\">\n\t\t\t\t<div class=\"elementor-widget-container\">\n\t\t\t\t\t<h1 class=\"elementor-heading-title elementor-size-default\">Veckans tips<\/h1>\t\t\t\t<\/div>\n\t\t\t\t<\/div>\n\t\t\t\t\t<\/div>\n\t\t<\/div>\n\t\t\t\t\t<\/div>\n\t\t<\/section>\n\t\t\t\t<section class=\"elementor-section elementor-top-section elementor-element elementor-element-cb534f7 elementor-section-full_width elementor-section-height-default elementor-section-height-default parallax_section_no qode_elementor_container_no\" data-id=\"cb534f7\" data-element_type=\"section\" data-e-type=\"section\" data-settings=\"{&quot;background_background&quot;:&quot;classic&quot;}\">\n\t\t\t\t\t\t\t<div class=\"elementor-background-overlay\"><\/div>\n\t\t\t\t\t\t\t<div class=\"elementor-container elementor-column-gap-no\">\n\t\t\t\t\t<div class=\"elementor-column elementor-col-100 elementor-top-column elementor-element elementor-element-2f9de3e\" data-id=\"2f9de3e\" data-element_type=\"column\" data-e-type=\"column\">\n\t\t\t<div class=\"elementor-widget-wrap elementor-element-populated\">\n\t\t\t\t\t\t<section class=\"elementor-section elementor-inner-section elementor-element elementor-element-d36cdde elementor-section-boxed elementor-section-height-default elementor-section-height-default parallax_section_no qode_elementor_container_no\" data-id=\"d36cdde\" data-element_type=\"section\" data-e-type=\"section\">\n\t\t\t\t\t\t<div class=\"elementor-container elementor-column-gap-no\">\n\t\t\t\t\t<div class=\"elementor-column elementor-col-100 elementor-inner-column elementor-element elementor-element-c2bc9c3\" data-id=\"c2bc9c3\" data-element_type=\"column\" data-e-type=\"column\">\n\t\t\t<div class=\"elementor-widget-wrap elementor-element-populated\">\n\t\t\t\t\t\t<div class=\"elementor-element elementor-element-c2445ba nyheter_post2 elementor-widget elementor-widget-shortcode\" data-id=\"c2445ba\" data-element_type=\"widget\" data-e-type=\"widget\" data-widget_type=\"shortcode.default\">\n\t\t\t\t<div class=\"elementor-widget-container\">\n\t\t\t\t\t\t\t<div class=\"elementor-shortcode\"><div class=\"facetwp-template\" data-name=\"nyheter\"><div class=\"latest_post_holder boxes three_columns two_rows\">\n    <ul>\n\n\n        <li class=\"clearfix\">\n            <div class=\"boxes_image\">\n                                <a itemprop=\"url\" href=\"https:\/\/svenskanu.fi\/laromaterial\/veckans-tips-v-17-2026\/\"><img fetchpriority=\"high\" decoding=\"async\" width=\"539\" height=\"303\" src=\"https:\/\/svenskanu.fi\/laromaterial\/wp-content\/uploads\/2026\/04\/shutterstock_1781596841-\u2013-kopio-scaled.jpg\" class=\"attachment-latest_post_boxes size-latest_post_boxes wp-post-image\" alt=\"\" sizes=\"(max-width: 539px) 100vw, 539px\"><\/a>\n            <\/div>\n            <div class=\"latest_post\" style=\"'\" padding-left:0;=\"\" padding-right:0;=\"\" &#039;=\"\">\n                <div class=\"latest_post_text\">\n                    <div class=\"latest_post_inner\">\n                        <div class=\"latest_post_text_inner\">\n                     <span class=\"post_infos\">\n                                                                    <span class=\"date_hour_holder\">\n                                        <span itemprop=\"dateCreated\" class=\"date entry_date updated\">13.04.2026<\/span>\n                                    <\/span>\n                                                                                                \n                                \n                                                            <\/span>\n                            <h3 itemprop=\"name\" class=\"latest_post_title entry_title\"><a itemprop=\"url\" href=\"https:\/\/svenskanu.fi\/laromaterial\/veckans-tips-v-17-2026\/\">Veckans tips v.17\/2026<\/a><\/h3>\n                            <p class=\"excerpt\"><p>Snart firas Valborg! Uppm\u00e4rksamma h\u00f6gtiden med roliga uppgifter.<\/p>\n<\/p>\n       \n                        <\/div>\n                    <\/div>\n                <\/div>\n            <\/div>\n        <\/li>        <li class=\"clearfix\">\n            <div class=\"boxes_image\">\n                                <a itemprop=\"url\" href=\"https:\/\/svenskanu.fi\/laromaterial\/veckans-tips-v-16-2026\/\"><img decoding=\"async\" width=\"539\" height=\"303\" src=\"https:\/\/svenskanu.fi\/laromaterial\/wp-content\/uploads\/2021\/08\/Veckans-tips-\u00c5land-i-sikte.png\" class=\"attachment-latest_post_boxes size-latest_post_boxes wp-post-image\" alt=\"\" sizes=\"(max-width: 539px) 100vw, 539px\"><\/a>\n            <\/div>\n            <div class=\"latest_post\" style=\"'\" padding-left:0;=\"\" padding-right:0;=\"\" &#039;=\"\">\n                <div class=\"latest_post_text\">\n                    <div class=\"latest_post_inner\">\n                        <div class=\"latest_post_text_inner\">\n                     <span class=\"post_infos\">\n                                                                    <span class=\"date_hour_holder\">\n                                        <span itemprop=\"dateCreated\" class=\"date entry_date updated\">13.04.2026<\/span>\n                                    <\/span>\n                                                                                                \n                                \n                                                            <\/span>\n                            <h3 itemprop=\"name\" class=\"latest_post_title entry_title\"><a itemprop=\"url\" href=\"https:\/\/svenskanu.fi\/laromaterial\/veckans-tips-v-16-2026\/\">Veckans tips v.16\/2026<\/a><\/h3>\n                            <p class=\"excerpt\"><p>Behandla temat \u00d6stersj\u00f6n i er undervisning<\/p>\n<\/p>\n       \n                        <\/div>\n                    <\/div>\n                <\/div>\n            <\/div>\n        <\/li>        <li class=\"clearfix\">\n            <div class=\"boxes_image\">\n                                <a itemprop=\"url\" href=\"https:\/\/svenskanu.fi\/laromaterial\/veckans-tips-v-15-2026\/\"><img decoding=\"async\" width=\"539\" height=\"303\" src=\"https:\/\/svenskanu.fi\/laromaterial\/wp-content\/uploads\/2022\/02\/veckans-tips-ll-bladet.png\" class=\"attachment-latest_post_boxes size-latest_post_boxes wp-post-image\" alt=\"\" sizes=\"(max-width: 539px) 100vw, 539px\"><\/a>\n            <\/div>\n            <div class=\"latest_post\" style=\"'\" padding-left:0;=\"\" padding-right:0;=\"\" &#039;=\"\">\n                <div class=\"latest_post_text\">\n                    <div class=\"latest_post_inner\">\n                        <div class=\"latest_post_text_inner\">\n                     <span class=\"post_infos\">\n                                                                    <span class=\"date_hour_holder\">\n                                        <span itemprop=\"dateCreated\" class=\"date entry_date updated\">06.04.2026<\/span>\n                                    <\/span>\n                                                                                                \n                                \n                                                            <\/span>\n                            <h3 itemprop=\"name\" class=\"latest_post_title entry_title\"><a itemprop=\"url\" href=\"https:\/\/svenskanu.fi\/laromaterial\/veckans-tips-v-15-2026\/\">Veckans tips v.15\/2026<\/a><\/h3>\n                            <p class=\"excerpt\"><p>Svenska nu utarbetar veckovis olika slags \u00f6vningar till L\u00e4tta bladets artiklar.<\/p>\n<\/p>\n       \n                        <\/div>\n                    <\/div>\n                <\/div>\n            <\/div>\n        <\/li>        <li class=\"clearfix\">\n            <div class=\"boxes_image\">\n                                <a itemprop=\"url\" href=\"https:\/\/svenskanu.fi\/laromaterial\/veckans-tips-v-14-2026\/\"><img loading=\"lazy\" decoding=\"async\" width=\"539\" height=\"303\" src=\"https:\/\/svenskanu.fi\/laromaterial\/wp-content\/uploads\/2023\/11\/ales-nesetril-tSJ6HVplkko-unsplash-Cropped-scaled.jpg\" class=\"attachment-latest_post_boxes size-latest_post_boxes wp-post-image\" alt=\"\" sizes=\"(max-width: 539px) 100vw, 539px\"><\/a>\n            <\/div>\n            <div class=\"latest_post\" style=\"'\" padding-left:0;=\"\" padding-right:0;=\"\" &#039;=\"\">\n                <div class=\"latest_post_text\">\n                    <div class=\"latest_post_inner\">\n                        <div class=\"latest_post_text_inner\">\n                     <span class=\"post_infos\">\n                                                                    <span class=\"date_hour_holder\">\n                                        <span itemprop=\"dateCreated\" class=\"date entry_date updated\">30.03.2026<\/span>\n                                    <\/span>\n                                                                                                \n                                \n                                                            <\/span>\n                            <h3 itemprop=\"name\" class=\"latest_post_title entry_title\"><a itemprop=\"url\" href=\"https:\/\/svenskanu.fi\/laromaterial\/veckans-tips-v-14-2026\/\">Veckans tips v.14\/2026<\/a><\/h3>\n                            <p class=\"excerpt\"><p>\u00d6va h\u00f6rf\u00f6rst\u00e5else med hj\u00e4lp av Svenska nus l\u00e4romaterial!<\/p>\n<\/p>\n       \n                        <\/div>\n                    <\/div>\n                <\/div>\n            <\/div>\n        <\/li>        <li class=\"clearfix\">\n            <div class=\"boxes_image\">\n                                <a itemprop=\"url\" href=\"https:\/\/svenskanu.fi\/laromaterial\/veckans-tips-v-13-2026\/\"><img loading=\"lazy\" decoding=\"async\" width=\"539\" height=\"303\" src=\"https:\/\/svenskanu.fi\/laromaterial\/wp-content\/uploads\/2023\/04\/veckans-tips-14-2023-scaled.jpg\" class=\"attachment-latest_post_boxes size-latest_post_boxes wp-post-image\" alt=\"\" sizes=\"(max-width: 539px) 100vw, 539px\"><\/a>\n            <\/div>\n            <div class=\"latest_post\" style=\"'\" padding-left:0;=\"\" padding-right:0;=\"\" &#039;=\"\">\n                <div class=\"latest_post_text\">\n                    <div class=\"latest_post_inner\">\n                        <div class=\"latest_post_text_inner\">\n                     <span class=\"post_infos\">\n                                                                    <span class=\"date_hour_holder\">\n                                        <span itemprop=\"dateCreated\" class=\"date entry_date updated\">23.03.2026<\/span>\n                                    <\/span>\n                                                                                                \n                                \n                                                            <\/span>\n                            <h3 itemprop=\"name\" class=\"latest_post_title entry_title\"><a itemprop=\"url\" href=\"https:\/\/svenskanu.fi\/laromaterial\/veckans-tips-v-13-2026\/\">Veckans tips v.13\/2026<\/a><\/h3>\n                            <p class=\"excerpt\"><p>Tips p\u00e5 uppgifter med p\u00e5sken som tema!<\/p>\n<\/p>\n       \n                        <\/div>\n                    <\/div>\n                <\/div>\n            <\/div>\n        <\/li>        <li class=\"clearfix\">\n            <div class=\"boxes_image\">\n                                <a itemprop=\"url\" href=\"https:\/\/svenskanu.fi\/laromaterial\/veckans-tips-v-12-2026\/\"><img loading=\"lazy\" decoding=\"async\" width=\"539\" height=\"303\" src=\"https:\/\/svenskanu.fi\/laromaterial\/wp-content\/uploads\/2026\/03\/banner_index_2560x1260_1.jpg\" class=\"attachment-latest_post_boxes size-latest_post_boxes wp-post-image\" alt=\"\" sizes=\"(max-width: 539px) 100vw, 539px\"><\/a>\n            <\/div>\n            <div class=\"latest_post\" style=\"'\" padding-left:0;=\"\" padding-right:0;=\"\" &#039;=\"\">\n                <div class=\"latest_post_text\">\n                    <div class=\"latest_post_inner\">\n                        <div class=\"latest_post_text_inner\">\n                     <span class=\"post_infos\">\n                                                                    <span class=\"date_hour_holder\">\n                                        <span itemprop=\"dateCreated\" class=\"date entry_date updated\">16.03.2026<\/span>\n                                    <\/span>\n                                                                                                \n                                \n                                                            <\/span>\n                            <h3 itemprop=\"name\" class=\"latest_post_title entry_title\"><a itemprop=\"url\" href=\"https:\/\/svenskanu.fi\/laromaterial\/veckans-tips-v-12-2026\/\">Veckans tips v.12\/2026<\/a><\/h3>\n                            <p class=\"excerpt\"><p>Fira Minna Canthdagen och j\u00e4mst\u00e4lldhetsdagen<\/p>\n<\/p>\n       \n                        <\/div>\n                    <\/div>\n                <\/div>\n            <\/div>\n        <\/li>    <!--fwp-loop-->\n\n\n        <\/ul>\n<\/div><\/div>\n<\/div>\n\t\t\t\t\t\t<\/div>\n\t\t\t\t<\/div>\n\t\t\t\t<div class=\"elementor-element elementor-element-cbb94b9 load_more_button elementor-widget elementor-widget-shortcode\" data-id=\"cbb94b9\" data-element_type=\"widget\" data-e-type=\"widget\" data-widget_type=\"shortcode.default\">\n\t\t\t\t<div class=\"elementor-widget-container\">\n\t\t\t\t\t\t\t<div class=\"elementor-shortcode\"><div class=\"facetwp-facet facetwp-facet-load_more facetwp-type-pager\" data-name=\"load_more\" data-type=\"pager\"><\/div><\/div>\n\t\t\t\t\t\t<\/div>\n\t\t\t\t<\/div>\n\t\t\t\t<div class=\"elementor-element elementor-element-03211c1 elementor-widget elementor-widget-spacer\" data-id=\"03211c1\" data-element_type=\"widget\" data-e-type=\"widget\" data-widget_type=\"spacer.default\">\n\t\t\t\t<div class=\"elementor-widget-container\">\n\t\t\t\t\t\t\t<div class=\"elementor-spacer\">\n\t\t\t<div class=\"elementor-spacer-inner\"><\/div>\n\t\t<\/div>\n\t\t\t\t\t\t<\/div>\n\t\t\t\t<\/div>\n\t\t\t\t\t<\/div>\n\t\t<\/div>\n\t\t\t\t\t<\/div>\n\t\t<\/section>\n\t\t\t\t\t<\/div>\n\t\t<\/div>\n\t\t\t\t\t<\/div>\n\t\t<\/section>\n\t\t\t\t<\/div>\n\t\t","protected":false},"excerpt":{"rendered":"<p>Veckans tips<\/p>\n","protected":false},"author":1,"featured_media":0,"parent":0,"menu_order":0,"comment_status":"closed","ping_status":"closed","template":"elementor_header_footer","meta":{"footnotes":""},"class_list":["post-926","page","type-page","status-publish","hentry"],"yoast_head":"<!-- This site is optimized with the Yoast SEO plugin v27.4 - https:\/\/yoast.com\/product\/yoast-seo-wordpress\/ -->\n<title>Veckans tips - Plugga nu<\/title>\n<meta name=\"robots\" content=\"index, follow, max-snippet:-1, max-image-preview:large, max-video-preview:-1\" \/>\n<link rel=\"canonical\" href=\"https:\/\/svenskanu.fi\/laromaterial\/veckans-tips\/\" \/>\n<meta property=\"og:locale\" content=\"en_US\" \/>\n<meta property=\"og:type\" content=\"article\" \/>\n<meta property=\"og:title\" content=\"Veckans tips - Plugga nu\" \/>\n<meta property=\"og:description\" content=\"Veckans tips\" \/>\n<meta property=\"og:url\" content=\"https:\/\/svenskanu.fi\/laromaterial\/veckans-tips\/\" \/>\n<meta property=\"og:site_name\" content=\"Plugga nu\" \/>\n<meta property=\"article:modified_time\" content=\"2024-02-12T09:15:15+00:00\" \/>\n<meta name=\"twitter:card\" content=\"summary_large_image\" \/>\n<meta name=\"twitter:label1\" content=\"Est. reading time\" \/>\n\t<meta name=\"twitter:data1\" content=\"1 minute\" \/>\n<script type=\"application\/ld+json\" class=\"yoast-schema-graph\">{\"@context\":\"https:\\\/\\\/schema.org\",\"@graph\":[{\"@type\":\"WebPage\",\"@id\":\"https:\\\/\\\/svenskanu.fi\\\/laromaterial\\\/veckans-tips\\\/\",\"url\":\"https:\\\/\\\/svenskanu.fi\\\/laromaterial\\\/veckans-tips\\\/\",\"name\":\"Veckans tips - Plugga nu\",\"isPartOf\":{\"@id\":\"https:\\\/\\\/svenskanu.fi\\\/laromaterial\\\/#website\"},\"datePublished\":\"2020-06-12T11:34:00+00:00\",\"dateModified\":\"2024-02-12T09:15:15+00:00\",\"breadcrumb\":{\"@id\":\"https:\\\/\\\/svenskanu.fi\\\/laromaterial\\\/veckans-tips\\\/#breadcrumb\"},\"inLanguage\":\"en-US\",\"potentialAction\":[{\"@type\":\"ReadAction\",\"target\":[\"https:\\\/\\\/svenskanu.fi\\\/laromaterial\\\/veckans-tips\\\/\"]}]},{\"@type\":\"BreadcrumbList\",\"@id\":\"https:\\\/\\\/svenskanu.fi\\\/laromaterial\\\/veckans-tips\\\/#breadcrumb\",\"itemListElement\":[{\"@type\":\"ListItem\",\"position\":1,\"name\":\"Home\",\"item\":\"https:\\\/\\\/svenskanu.fi\\\/laromaterial\\\/\"},{\"@type\":\"ListItem\",\"position\":2,\"name\":\"Veckans tips\"}]},{\"@type\":\"WebSite\",\"@id\":\"https:\\\/\\\/svenskanu.fi\\\/laromaterial\\\/#website\",\"url\":\"https:\\\/\\\/svenskanu.fi\\\/laromaterial\\\/\",\"name\":\"Plugga nu\",\"description\":\"svenskanu\",\"potentialAction\":[{\"@type\":\"SearchAction\",\"target\":{\"@type\":\"EntryPoint\",\"urlTemplate\":\"https:\\\/\\\/svenskanu.fi\\\/laromaterial\\\/?s={search_term_string}\"},\"query-input\":{\"@type\":\"PropertyValueSpecification\",\"valueRequired\":true,\"valueName\":\"search_term_string\"}}],\"inLanguage\":\"en-US\"}]}<\/script>\n<!-- \/ Yoast SEO plugin. -->","yoast_head_json":{"title":"Veckans tips - Plugga nu","robots":{"index":"index","follow":"follow","max-snippet":"max-snippet:-1","max-image-preview":"max-image-preview:large","max-video-preview":"max-video-preview:-1"},"canonical":"https:\/\/svenskanu.fi\/laromaterial\/veckans-tips\/","og_locale":"en_US","og_type":"article","og_title":"Veckans tips - Plugga nu","og_description":"Veckans tips","og_url":"https:\/\/svenskanu.fi\/laromaterial\/veckans-tips\/","og_site_name":"Plugga nu","article_modified_time":"2024-02-12T09:15:15+00:00","twitter_card":"summary_large_image","twitter_misc":{"Est. reading time":"1 minute"},"schema":{"@context":"https:\/\/schema.org","@graph":[{"@type":"WebPage","@id":"https:\/\/svenskanu.fi\/laromaterial\/veckans-tips\/","url":"https:\/\/svenskanu.fi\/laromaterial\/veckans-tips\/","name":"Veckans tips - Plugga nu","isPartOf":{"@id":"https:\/\/svenskanu.fi\/laromaterial\/#website"},"datePublished":"2020-06-12T11:34:00+00:00","dateModified":"2024-02-12T09:15:15+00:00","breadcrumb":{"@id":"https:\/\/svenskanu.fi\/laromaterial\/veckans-tips\/#breadcrumb"},"inLanguage":"en-US","potentialAction":[{"@type":"ReadAction","target":["https:\/\/svenskanu.fi\/laromaterial\/veckans-tips\/"]}]},{"@type":"BreadcrumbList","@id":"https:\/\/svenskanu.fi\/laromaterial\/veckans-tips\/#breadcrumb","itemListElement":[{"@type":"ListItem","position":1,"name":"Home","item":"https:\/\/svenskanu.fi\/laromaterial\/"},{"@type":"ListItem","position":2,"name":"Veckans tips"}]},{"@type":"WebSite","@id":"https:\/\/svenskanu.fi\/laromaterial\/#website","url":"https:\/\/svenskanu.fi\/laromaterial\/","name":"Plugga nu","description":"svenskanu","potentialAction":[{"@type":"SearchAction","target":{"@type":"EntryPoint","urlTemplate":"https:\/\/svenskanu.fi\/laromaterial\/?s={search_term_string}"},"query-input":{"@type":"PropertyValueSpecification","valueRequired":true,"valueName":"search_term_string"}}],"inLanguage":"en-US"}]}},"_links":{"self":[{"href":"https:\/\/svenskanu.fi\/laromaterial\/wp-json\/wp\/v2\/pages\/926","targetHints":{"allow":["GET"]}}],"collection":[{"href":"https:\/\/svenskanu.fi\/laromaterial\/wp-json\/wp\/v2\/pages"}],"about":[{"href":"https:\/\/svenskanu.fi\/laromaterial\/wp-json\/wp\/v2\/types\/page"}],"author":[{"embeddable":true,"href":"https:\/\/svenskanu.fi\/laromaterial\/wp-json\/wp\/v2\/users\/1"}],"replies":[{"embeddable":true,"href":"https:\/\/svenskanu.fi\/laromaterial\/wp-json\/wp\/v2\/comments?post=926"}],"version-history":[{"count":11,"href":"https:\/\/svenskanu.fi\/laromaterial\/wp-json\/wp\/v2\/pages\/926\/revisions"}],"predecessor-version":[{"id":8732,"href":"https:\/\/svenskanu.fi\/laromaterial\/wp-json\/wp\/v2\/pages\/926\/revisions\/8732"}],"wp:attachment":[{"href":"https:\/\/svenskanu.fi\/laromaterial\/wp-json\/wp\/v2\/media?parent=926"}],"curies":[{"name":"wp","href":"https:\/\/api.w.org\/{rel}","templated":true}]}}